{"id":26437,"date":"2023-04-02T09:51:29","date_gmt":"2023-04-02T07:51:29","guid":{"rendered":"http:\/\/engind.es\/?page_id=26437"},"modified":"2023-11-23T10:59:05","modified_gmt":"2023-11-23T08:59:05","slug":"pressupost","status":"publish","type":"page","link":"https:\/\/engind.es\/ca\/presupuesto\/","title":{"rendered":"Pressupost"},"content":{"rendered":"[et_pb_section admin_label=\u00bbsection\u00bb]\n\t\t\t[et_pb_row admin_label=\u00bbrow\u00bb]\n\t\t\t\t[et_pb_column type=\u00bb4_4&#8243;][et_pb_text admin_label=\u00bbText\u00bb]\n<p>Si necesita una cotizaci\u00f3n para un proyecto o servicio, puede completar el formulario a continuaci\u00f3n para recibir una estimaci\u00f3n personalizada.<\/p>\n\n\n\n<p>Por favor, complete el formulario con la mayor cantidad de detalles posible para que podamos entender sus necesidades y proporcionarle un presupuesto preciso. Incluya su nombre y direcci\u00f3n de correo electr\u00f3nico para que podamos ponernos en contacto con usted.<\/p>\n\n\n\n<p>Una vez que hayamos recibido su solicitud, nos pondremos en contacto con usted dentro de los pr\u00f3ximos 2 d\u00edas h\u00e1biles. Si necesita una cotizaci\u00f3n urgente, por favor ind\u00edquelo en el formulario y haremos todo lo posible para responder lo antes posible.<\/p>\n\n\n\n<p>Tenga en cuenta que el presupuesto proporcionado es solo una estimaci\u00f3n y puede cambiar dependiendo de las necesidades espec\u00edficas de su proyecto. Si tiene preguntas adicionales o necesita m\u00e1s informaci\u00f3n sobre nuestros servicios de ingenier\u00eda, no dude en ponerse en contacto con nosotros en cualquier momento.<\/p>\n\n\n\n<p><\/p>\n\n\n\n\n\n<div style=\"height:100px\" aria-hidden=\"true\" class=\"wp-block-spacer\"><\/div>\n[\/et_pb_text][\/et_pb_column]\n\t\t\t[\/et_pb_row]\n\t\t[\/et_pb_section]","protected":false},"excerpt":{"rendered":"<p>Si necesita una cotizaci\u00f3n para un proyecto o servicio, puede completar el formulario a continuaci\u00f3n para recibir una estimaci\u00f3n personalizada. Por favor, complete el formulario con la mayor cantidad de detalles posible para que podamos entender sus necesidades y proporcionarle un presupuesto preciso. Incluya su nombre y direcci\u00f3n de correo electr\u00f3nico para que podamos ponernos [&hellip;]<\/p>\n","protected":false},"author":1,"featured_media":0,"parent":0,"menu_order":0,"comment_status":"closed","ping_status":"closed","template":"","meta":{"_et_pb_use_builder":"on","_et_pb_old_content":"<!-- wp:paragraph -->\n<p>Si necesita una cotizaci\u00f3n para un proyecto o servicio, puede completar el formulario a continuaci\u00f3n para recibir una estimaci\u00f3n personalizada.<\/p>\n<!-- \/wp:paragraph -->\n\n<!-- wp:paragraph -->\n<p>Por favor, complete el formulario con la mayor cantidad de detalles posible para que podamos entender sus necesidades y proporcionarle un presupuesto preciso. Incluya su nombre y direcci\u00f3n de correo electr\u00f3nico para que podamos ponernos en contacto con usted.<\/p>\n<!-- \/wp:paragraph -->\n\n<!-- wp:paragraph -->\n<p>Una vez que hayamos recibido su solicitud, nos pondremos en contacto con usted dentro de los pr\u00f3ximos 2 d\u00edas h\u00e1biles. Si necesita una cotizaci\u00f3n urgente, por favor ind\u00edquelo en el formulario y haremos todo lo posible para responder lo antes posible.<\/p>\n<!-- \/wp:paragraph -->\n\n<!-- wp:paragraph -->\n<p>Tenga en cuenta que el presupuesto proporcionado es solo una estimaci\u00f3n y puede cambiar dependiendo de las necesidades espec\u00edficas de su proyecto. Si tiene preguntas adicionales o necesita m\u00e1s informaci\u00f3n sobre nuestros servicios de ingenier\u00eda, no dude en ponerse en contacto con nosotros en cualquier momento.<\/p>\n<!-- \/wp:paragraph -->\n\n<!-- wp:paragraph -->\n<p><\/p>\n<!-- \/wp:paragraph -->\n\n<!-- wp:wpforms\/form-selector {\"clientId\":\"c137dde6-db34-4075-b8b3-29b2cdf9b380\",\"formId\":\"26439\",\"copyPasteValue\":\"{u0022displayTitleu0022:false,u0022displayDescu0022:false,u0022fieldSizeu0022:u0022mediumu0022,u0022fieldBorderRadiusu0022:u00223pxu0022,u0022fieldBackgroundColoru0022:u0022#ffffffu0022,u0022fieldBorderColoru0022:u0022rgba( 0, 0, 0, 0.25 )u0022,u0022fieldTextColoru0022:u0022rgba( 0, 0, 0, 0.7 )u0022,u0022labelSizeu0022:u0022mediumu0022,u0022labelColoru0022:u0022rgba( 0, 0, 0, 0.85 )u0022,u0022labelSublabelColoru0022:u0022rgba( 0, 0, 0, 0.55 )u0022,u0022labelErrorColoru0022:u0022#d63637u0022,u0022buttonSizeu0022:u0022mediumu0022,u0022buttonBorderRadiusu0022:u00223pxu0022,u0022buttonBackgroundColoru0022:u0022#066aabu0022,u0022buttonTextColoru0022:u0022#ffffffu0022}\"} \/-->\n\n<!-- wp:spacer -->\n<div style=\"height:100px\" aria-hidden=\"true\" class=\"wp-block-spacer\"><\/div>\n<!-- \/wp:spacer -->","_et_gb_content_width":"1080","pgc_sgb_lightbox_settings":"","footnotes":""},"categories":[],"class_list":["post-26437","page","type-page","status-publish","hentry"],"_links":{"self":[{"href":"https:\/\/engind.es\/ca\/wp-json\/wp\/v2\/pages\/26437","targetHints":{"allow":["GET"]}}],"collection":[{"href":"https:\/\/engind.es\/ca\/wp-json\/wp\/v2\/pages"}],"about":[{"href":"https:\/\/engind.es\/ca\/wp-json\/wp\/v2\/types\/page"}],"author":[{"embeddable":true,"href":"https:\/\/engind.es\/ca\/wp-json\/wp\/v2\/users\/1"}],"replies":[{"embeddable":true,"href":"https:\/\/engind.es\/ca\/wp-json\/wp\/v2\/comments?post=26437"}],"version-history":[{"count":4,"href":"https:\/\/engind.es\/ca\/wp-json\/wp\/v2\/pages\/26437\/revisions"}],"predecessor-version":[{"id":27641,"href":"https:\/\/engind.es\/ca\/wp-json\/wp\/v2\/pages\/26437\/revisions\/27641"}],"wp:attachment":[{"href":"https:\/\/engind.es\/ca\/wp-json\/wp\/v2\/media?parent=26437"}],"wp:term":[{"taxonomy":"category","embeddable":true,"href":"https:\/\/engind.es\/ca\/wp-json\/wp\/v2\/categories?post=26437"}],"curies":[{"name":"wp","href":"https:\/\/api.w.org\/{rel}","templated":true}]}}