{"id":27038,"date":"2023-06-05T18:03:10","date_gmt":"2023-06-05T16:03:10","guid":{"rendered":"http:\/\/engind.es\/?page_id=27038"},"modified":"2025-11-05T09:56:07","modified_gmt":"2025-11-05T07:56:07","slug":"enginyeria-per-la-industria-paperera","status":"publish","type":"page","link":"https:\/\/engind.es\/ca\/sectores-industriales\/industria\/ingenieria-para-la-industria-papelera\/","title":{"rendered":"Ind\u00fastria paperera"},"content":{"rendered":"\n[et_pb_section fb_built=\u00bb1&#8243; admin_label=\u00bbFAQ\u00bb _builder_version=\u00bb4.16&#8243; background_color=\u00bb#f7f7f7&#8243; global_colors_info=\u00bb{}\u00bb][et_pb_row column_structure=\u00bb1_3,2_3&#8243; _builder_version=\u00bb4.16&#8243; global_colors_info=\u00bb{}\u00bb][et_pb_column type=\u00bb1_3&#8243; _builder_version=\u00bb4.16&#8243; custom_padding=\u00bb|||\u00bb global_colors_info=\u00bb{}\u00bb custom_padding__hover=\u00bb|||\u00bb][et_pb_text _builder_version=\u00bb4.21.0&#8243; text_font=\u00bb||||||||\u00bb header_font=\u00bb||||||||\u00bb header_2_font=\u00bbRubik|700|||||||\u00bb header_2_font_size=\u00bb42px\u00bb header_2_line_height=\u00bb1.2em\u00bb custom_margin=\u00bb|||\u00bb custom_padding=\u00bb|||\u00bb header_2_font_size_tablet=\u00bb\u00bb header_2_font_size_phone=\u00bb36px\u00bb header_2_font_size_last_edited=\u00bbon|phone\u00bb locked=\u00bboff\u00bb global_colors_info=\u00bb{}\u00bb]<h2>Servicios en el sector de Industria Papelera<\/h2>[\/et_pb_text][et_pb_divider color=\u00bbgcid-30cfe7b1-3293-4278-ab8c-450d036427bd\u00bb divider_position=\u00bbcenter\u00bb divider_weight=\u00bb5px\u00bb _builder_version=\u00bb4.20.2&#8243; max_width=\u00bb50px\u00bb locked=\u00bboff\u00bb global_colors_info=\u00bb{%22gcid-30cfe7b1-3293-4278-ab8c-450d036427bd%22:%91%22color%22%93}\u00bb][\/et_pb_divider][et_pb_text _builder_version=\u00bb4.20.4&#8243; _module_preset=\u00bbdefault\u00bb global_colors_info=\u00bb{}\u00bb]<h2><b>\u00bfDe qu\u00e9 nos encargamos?<\/b><\/h2>[\/et_pb_text][et_pb_blurb title=\u00bbDise\u00f1o y planificaci\u00f3n de la construcci\u00f3n:\u00bb use_icon=\u00bbon\u00bb font_icon=\u00bb&#x39;||divi||400&#8243; icon_color=\u00bbgcid-30cfe7b1-3293-4278-ab8c-450d036427bd\u00bb icon_placement=\u00bbleft\u00bb image_icon_width=\u00bb56px\u00bb content_max_width=\u00bb1100px\u00bb content_max_width_tablet=\u00bb1100px\u00bb content_max_width_last_edited=\u00bboff|desktop\u00bb _builder_version=\u00bb4.20.2&#8243; header_font=\u00bbRubik|700|||||||\u00bb header_line_height=\u00bb1.4em\u00bb body_font=\u00bb||||||||\u00bb body_text_color=\u00bb#000000&#8243; body_font_size=\u00bb15px\u00bb body_line_height=\u00bb1.8em\u00bb custom_margin=\u00bb|||\u00bb custom_padding=\u00bb|||\u00bb animation_direction=\u00bbright\u00bb animation=\u00bboff\u00bb icon_font_size=\u00bb56px\u00bb locked=\u00bboff\u00bb global_colors_info=\u00bb{%22gcid-30cfe7b1-3293-4278-ab8c-450d036427bd%22:%91%22icon_color%22%93}\u00bb]<ul>\n<li><a href=\"https:\/\/engind.es\/servicios-ingenieria\/consultoria-de-ingenieria\/\">Consultor\u00eda<\/a> y asesoramiento<\/li>\n<li>Inspecciones iniciales<\/li>\n<li>Nueva instalaci\u00f3n<\/li>\n<li>Ampliaci\u00f3n de instalaci\u00f3n<\/li>\n<li>Reforma de instalaci\u00f3n<\/li>\n<\/ul>[\/et_pb_blurb][et_pb_blurb title=\u00bbLegalizaci\u00f3n de una instalaci\u00f3n existente\u00bb use_icon=\u00bbon\u00bb font_icon=\u00bb&#x39;||divi||400&#8243; icon_color=\u00bbgcid-30cfe7b1-3293-4278-ab8c-450d036427bd\u00bb icon_placement=\u00bbleft\u00bb image_icon_width=\u00bb56px\u00bb content_max_width=\u00bb1100px\u00bb content_max_width_tablet=\u00bb1100px\u00bb content_max_width_last_edited=\u00bboff|desktop\u00bb _builder_version=\u00bb4.20.2&#8243; header_font=\u00bbRubik|700|||||||\u00bb header_line_height=\u00bb1.4em\u00bb body_font=\u00bb||||||||\u00bb body_text_color=\u00bb#ffffff\u00bb body_font_size=\u00bb15px\u00bb body_line_height=\u00bb1.8em\u00bb custom_margin=\u00bb-21px||21px|||\u00bb custom_padding=\u00bb|||\u00bb animation_direction=\u00bbright\u00bb animation=\u00bboff\u00bb header_font_tablet=\u00bbRubik|700|||||||\u00bb header_font_phone=\u00bbRubik|700|||||||\u00bb header_font_last_edited=\u00bbon|desktop\u00bb icon_font_size=\u00bb56px\u00bb locked=\u00bboff\u00bb global_colors_info=\u00bb{%22gcid-30cfe7b1-3293-4278-ab8c-450d036427bd%22:%91%22icon_color%22%93}\u00bb][\/et_pb_blurb][et_pb_blurb title=\u00bbGesti\u00f3n de proyectos:\u00bb use_icon=\u00bbon\u00bb font_icon=\u00bb&#x39;||divi||400&#8243; icon_color=\u00bbgcid-30cfe7b1-3293-4278-ab8c-450d036427bd\u00bb icon_placement=\u00bbleft\u00bb image_icon_width=\u00bb56px\u00bb content_max_width=\u00bb1100px\u00bb content_max_width_tablet=\u00bb1100px\u00bb content_max_width_last_edited=\u00bboff|desktop\u00bb _builder_version=\u00bb4.20.2&#8243; header_font=\u00bbRubik|700|||||||\u00bb header_line_height=\u00bb1.4em\u00bb body_font=\u00bb||||||||\u00bb body_text_color=\u00bb#000000&#8243; body_font_size=\u00bb15px\u00bb body_line_height=\u00bb1.8em\u00bb custom_margin=\u00bb|||\u00bb custom_padding=\u00bb|||\u00bb animation_direction=\u00bbright\u00bb animation=\u00bboff\u00bb icon_font_size=\u00bb56px\u00bb locked=\u00bboff\u00bb global_colors_info=\u00bb{%22gcid-30cfe7b1-3293-4278-ab8c-450d036427bd%22:%91%22icon_color%22%93}\u00bb]<ul>\n<li>Tramitaci\u00f3n de permisos y licencias de obra\u00a0<\/li>\n<li><span style=\"font-size: 15px;\"><span style=\"font-weight: 400;\">Asesor\u00eda para seguridad y prevenci\u00f3n de riesgos<\/span><\/span><\/li>\n<\/ul>[\/et_pb_blurb][et_pb_blurb title=\u00bbDise\u00f1o y Construcci\u00f3n: \u00bb use_icon=\u00bbon\u00bb font_icon=\u00bb&#x39;||divi||400&#8243; icon_color=\u00bbgcid-30cfe7b1-3293-4278-ab8c-450d036427bd\u00bb icon_placement=\u00bbleft\u00bb image_icon_width=\u00bb56px\u00bb content_max_width=\u00bb1100px\u00bb content_max_width_tablet=\u00bb1100px\u00bb content_max_width_last_edited=\u00bboff|desktop\u00bb _builder_version=\u00bb4.20.4&#8243; header_font=\u00bbRubik|700|||||||\u00bb header_line_height=\u00bb1.4em\u00bb body_font=\u00bb||||||||\u00bb body_text_color=\u00bb#000000&#8243; body_font_size=\u00bb15px\u00bb body_line_height=\u00bb1.8em\u00bb custom_margin=\u00bb|||\u00bb custom_padding=\u00bb|||\u00bb animation_direction=\u00bbright\u00bb animation=\u00bboff\u00bb icon_font_size=\u00bb56px\u00bb locked=\u00bboff\u00bb global_colors_info=\u00bb{%22gcid-30cfe7b1-3293-4278-ab8c-450d036427bd%22:%91%22icon_color%22%93}\u00bb]<ul>\n<li>Dise\u00f1o e instalaci\u00f3n de sistemas el\u00e9ctricos<\/li>\n<li>Climatizaci\u00f3n y ventilaci\u00f3n<\/li>\n<li>Sistema de refrigeraci\u00f3n y conservaci\u00f3n<\/li>\n<li>Ac\u00fastica y aislamiento<\/li>\n<li>Eficiencia energ\u00e9tica y sostenibilidad<\/li>\n<li><a href=\"https:\/\/engind.es\/servicios-ingenieria\/gestion-y-supervision-de-obras\/\">Supervisi\u00f3n de obra<\/a><\/li>\n<\/ul>[\/et_pb_blurb][\/et_pb_column][et_pb_column type=\u00bb2_3&#8243; _builder_version=\u00bb4.16&#8243; custom_padding=\u00bb|||\u00bb global_colors_info=\u00bb{}\u00bb custom_padding__hover=\u00bb|||\u00bb][et_pb_text _builder_version=\u00bb4.27.2&#8243; _module_preset=\u00bbdefault\u00bb global_colors_info=\u00bb{}\u00bb]<h2><strong>Engind y la Ingenier\u00eda para la Industria Papelera<\/strong><\/h2>[\/et_pb_text][et_pb_text _builder_version=\u00bb4.21.0&#8243; _module_preset=\u00bbdefault\u00bb global_colors_info=\u00bb{}\u00bb]<p><span style=\"font-weight: 400;\">En Engind ofrecemos servicio de <strong>consultor\u00eda de ingenier\u00eda<\/strong> que se especializa en la gesti\u00f3n integral de los permisos de obra y las licencias medioambientales para obtener las autorizaciones necesarias para el funcionamiento de las industrias papeleras, dise\u00f1amos un proyecto que la cumpla, realizamos proyecto de obra y ofrecemos todo el <strong>acompa\u00f1amiento<\/strong> hasta obtener el certificado final.<\/span><\/p>\n<p><span style=\"font-weight: 400;\">Nuestro equipo de ingenieros ofrece un asesoramiento personalizado para cada proyecto, identificando las mejores estrategias para optimizar la<strong> creaci\u00f3n del centro de producci\u00f3n<\/strong> y reducir su impacto medioambiental, ya sea en la incorporaci\u00f3n de m\u00e9todos de construcci\u00f3n m\u00e1s limpios y sostenibles, o en la adopci\u00f3n de tecnolog\u00edas digitales para mejorar la trazabilidad y la gesti\u00f3n de la cadena de suministro, nuestro objetivo es ayudar a las empresas a mantenerse competitivas y sostenibles en el mercado. Asimismo, brindamos apoyo en la implementaci\u00f3n de<strong> tecnolog\u00edas avanzadas y soluciones innovadoras<\/strong> para mejorar la eficiencia y la sostenibilidad al momento de la creaci\u00f3n de una nave destinada a la industria papelera.<\/span><\/p>\n<p><span style=\"font-weight: 400;\">Engind puede ser vuestro aliado aportando conocimientos de ingenier\u00eda y un enfoque orientado a la sostenibilidad, somos la ingenier\u00eda perfecta para apoyar el<strong> crecimiento de su organizaci\u00f3n<\/strong>. Estamos dedicados a guiar a las empresas a trav\u00e9s del complejo camino de la regulaci\u00f3n y la innovaci\u00f3n, asegur\u00e1ndonos de que puedan florecer en este sector tan importante y en constante evoluci\u00f3n.<\/span><\/p>\n<p><span style=\"font-weight: 400;\"><\/span><\/p>\n<p><span style=\"font-weight: 400;\"><\/span><\/p>[\/et_pb_text][et_pb_image src=\u00bbhttps:\/\/engind.es\/wp-content\/uploads\/2023\/06\/Ingenieria-para-la-Industria-Papelera_2.jpg\u00bb alt=\u00bbIngenier\u00eda para la Industria Papelera\u00bb title_text=\u00bbIngenieri\u0301a para la Industria Papelera_2&#8243; align=\u00bbcenter\u00bb _builder_version=\u00bb4.21.0&#8243; _module_preset=\u00bbdefault\u00bb width=\u00bb100%\u00bb max_width=\u00bb100%\u00bb custom_padding=\u00bb||0px|||\u00bb global_colors_info=\u00bb{}\u00bb][\/et_pb_image][et_pb_button button_url=\u00bb#contactar\u00bb button_text=\u00bbPIDE PRESUPUESTO\u00bb _builder_version=\u00bb4.20.2&#8243; custom_button=\u00bbon\u00bb button_text_size=\u00bb14px\u00bb button_text_color=\u00bbgcid-30cfe7b1-3293-4278-ab8c-450d036427bd\u00bb button_border_width=\u00bb4px\u00bb button_border_radius=\u00bb0px\u00bb button_letter_spacing=\u00bb4px\u00bb button_font=\u00bbRubik|700||on|||||\u00bb button_icon=\u00bb&#x24;||divi||400&#8243; custom_padding=\u00bb12px|30px|12px|30px|true|true\u00bb button_text_color_hover=\u00bb#ffffff\u00bb button_border_color_hover=\u00bb#ffb400&#8243; button_bg_color_hover=\u00bb#ffb400&#8243; locked=\u00bboff\u00bb global_colors_info=\u00bb{%22gcid-30cfe7b1-3293-4278-ab8c-450d036427bd%22:%91%22button_text_color%22,%22button_bg_color__hover%22,%22button_border_color__hover%22%93}\u00bb button_text_size__hover_enabled=\u00bboff\u00bb button_one_text_size__hover_enabled=\u00bboff\u00bb button_two_text_size__hover_enabled=\u00bboff\u00bb button_text_color__hover_enabled=\u00bbon|hover\u00bb button_text_color__hover=\u00bb#ffffff\u00bb button_one_text_color__hover_enabled=\u00bboff\u00bb button_two_text_color__hover_enabled=\u00bboff\u00bb button_border_width__hover_enabled=\u00bboff\u00bb button_one_border_width__hover_enabled=\u00bboff\u00bb button_two_border_width__hover_enabled=\u00bboff\u00bb button_border_color__hover_enabled=\u00bbon|desktop\u00bb button_border_color__hover=\u00bb#2e55a2&#8243; button_one_border_color__hover_enabled=\u00bboff\u00bb button_two_border_color__hover_enabled=\u00bboff\u00bb button_border_radius__hover_enabled=\u00bboff\u00bb button_one_border_radius__hover_enabled=\u00bboff\u00bb button_two_border_radius__hover_enabled=\u00bboff\u00bb button_letter_spacing__hover_enabled=\u00bboff\u00bb button_one_letter_spacing__hover_enabled=\u00bboff\u00bb button_two_letter_spacing__hover_enabled=\u00bboff\u00bb button_bg_color__hover_enabled=\u00bbon\u00bb button_bg_color__hover=\u00bb#2e55a2&#8243; button_one_bg_color__hover_enabled=\u00bboff\u00bb button_two_bg_color__hover_enabled=\u00bboff\u00bb button_bg_enable_color__hover=\u00bbon\u00bb][\/et_pb_button][et_pb_toggle title=\u00bbTipos de empresas del sector con las que hemos trabajado\u00bb _builder_version=\u00bb4.21.0&#8243; _module_preset=\u00bbdefault\u00bb global_colors_info=\u00bb{}\u00bb]<ul>\n<li style=\"font-weight: 400;\" aria-level=\"1\"><span style=\"font-weight: 400;\">Producci\u00f3n de pasta de celulosa para la elaboraci\u00f3n de papel<\/span><\/li>\n<li style=\"font-weight: 400;\" aria-level=\"1\"><span style=\"font-weight: 400;\">Fabricaci\u00f3n de papel y cart\u00f3n para diversas aplicaciones<\/span><\/li>\n<li style=\"font-weight: 400;\" aria-level=\"1\"><span style=\"font-weight: 400;\">Producci\u00f3n de envases y embalajes de papel y cart\u00f3n<\/span><\/li>\n<li style=\"font-weight: 400;\" aria-level=\"1\"><span style=\"font-weight: 400;\">Elaboraci\u00f3n de productos de papel y cart\u00f3n para uso dom\u00e9stico, sanitario e higi\u00e9nico<\/span><\/li>\n<li style=\"font-weight: 400;\" aria-level=\"1\"><span style=\"font-weight: 400;\">Fabricaci\u00f3n de productos de papeler\u00eda personalizados<\/span><\/li>\n<li style=\"font-weight: 400;\" aria-level=\"1\"><span style=\"font-weight: 400;\">Producci\u00f3n de papel tapiz y decorativo<\/span><\/li>\n<li style=\"font-weight: 400;\" aria-level=\"1\"><span style=\"font-weight: 400;\">Servicios de impresi\u00f3n y dise\u00f1o gr\u00e1fico<\/span><\/li>\n<li style=\"font-weight: 400;\" aria-level=\"1\"><span style=\"font-weight: 400;\">Servicios de reciclaje y gesti\u00f3n de residuos de papel y cart\u00f3n<\/span><\/li>\n<\/ul>[\/et_pb_toggle][\/et_pb_column][\/et_pb_row][\/et_pb_section][et_pb_section fb_built=\u00bb1&#8243; admin_label=\u00bbAbout\u00bb _builder_version=\u00bb4.16&#8243; global_colors_info=\u00bb{}\u00bb][et_pb_row column_structure=\u00bb1_5,1_5,1_5,1_5,1_5&#8243; _builder_version=\u00bb4.20.0&#8243; _module_preset=\u00bbdefault\u00bb global_colors_info=\u00bb{}\u00bb][et_pb_column type=\u00bb1_5&#8243; _builder_version=\u00bb4.20.0&#8243; _module_preset=\u00bbdefault\u00bb global_colors_info=\u00bb{}\u00bb][et_pb_image src=\u00bbhttps:\/\/engind.es\/wp-content\/uploads\/2023\/06\/Ingenieria-para-la-Industria-Papelera_.jpg\u00bb alt=\u00bbIngenier\u00eda para la Industria Papelera\u00bb title_text=\u00bbIngenieri\u0301a para la Industria Papelera_\u00bb _builder_version=\u00bb4.21.0&#8243; _module_preset=\u00bbdefault\u00bb global_colors_info=\u00bb{}\u00bb][\/et_pb_image][\/et_pb_column][et_pb_column type=\u00bb1_5&#8243; _builder_version=\u00bb4.20.0&#8243; _module_preset=\u00bbdefault\u00bb global_colors_info=\u00bb{}\u00bb][et_pb_image src=\u00bbhttps:\/\/engind.es\/wp-content\/uploads\/2023\/06\/Ingenieria-para-la-Industria-Papelera_5-1.jpg\u00bb alt=\u00bbIngenier\u00eda para la Industria Papelera\u00bb title_text=\u00bbIngenieri\u0301a para la Industria Papelera_5&#8243; _builder_version=\u00bb4.21.0&#8243; _module_preset=\u00bbdefault\u00bb global_colors_info=\u00bb{}\u00bb][\/et_pb_image][\/et_pb_column][et_pb_column type=\u00bb1_5&#8243; _builder_version=\u00bb4.20.0&#8243; _module_preset=\u00bbdefault\u00bb global_colors_info=\u00bb{}\u00bb][et_pb_image src=\u00bbhttps:\/\/engind.es\/wp-content\/uploads\/2023\/06\/Ingenieria-para-la-Industria-Papelera_3.jpg\u00bb alt=\u00bbIngenier\u00eda para la Industria Papelera\u00bb title_text=\u00bbIngenieri\u0301a para la Industria Papelera_3&#8243; _builder_version=\u00bb4.21.0&#8243; _module_preset=\u00bbdefault\u00bb global_colors_info=\u00bb{}\u00bb][\/et_pb_image][\/et_pb_column][et_pb_column type=\u00bb1_5&#8243; _builder_version=\u00bb4.20.0&#8243; _module_preset=\u00bbdefault\u00bb global_colors_info=\u00bb{}\u00bb][et_pb_image src=\u00bbhttps:\/\/engind.es\/wp-content\/uploads\/2023\/06\/Ingenieria-para-la-Industria-Papelera_1.jpg\u00bb alt=\u00bbIngenier\u00eda para la Industria Papelera\u00bb title_text=\u00bbIngenieri\u0301a para la Industria Papelera_1&#8243; _builder_version=\u00bb4.21.0&#8243; _module_preset=\u00bbdefault\u00bb global_colors_info=\u00bb{}\u00bb][\/et_pb_image][\/et_pb_column][et_pb_column type=\u00bb1_5&#8243; _builder_version=\u00bb4.20.0&#8243; _module_preset=\u00bbdefault\u00bb global_colors_info=\u00bb{}\u00bb][et_pb_image src=\u00bbhttps:\/\/engind.es\/wp-content\/uploads\/2023\/06\/Ingenieria-para-la-Industria-Papelera_2.jpg\u00bb alt=\u00bbIngenier\u00eda para la Industria Textil\u00bb title_text=\u00bbIngenieri\u0301a para la Industria Papelera_2&#8243; _builder_version=\u00bb4.21.0&#8243; _module_preset=\u00bbdefault\u00bb global_colors_info=\u00bb{}\u00bb][\/et_pb_image][\/et_pb_column][\/et_pb_row][\/et_pb_section]\n","protected":false},"excerpt":{"rendered":"<p>Servicios en el sector de Industria Papelera\u00bfDe qu\u00e9 nos encargamos? Consultor\u00eda y asesoramiento Inspecciones iniciales Nueva instalaci\u00f3n Ampliaci\u00f3n de instalaci\u00f3n Reforma de instalaci\u00f3n Tramitaci\u00f3n de permisos y licencias de obra\u00a0 Asesor\u00eda para seguridad y prevenci\u00f3n de riesgos Dise\u00f1o e instalaci\u00f3n de sistemas el\u00e9ctricos Climatizaci\u00f3n y ventilaci\u00f3n Sistema de refrigeraci\u00f3n y conservaci\u00f3n Ac\u00fastica y aislamiento Eficiencia [&hellip;]<\/p>\n","protected":false},"author":1,"featured_media":27044,"parent":29839,"menu_order":0,"comment_status":"closed","ping_status":"closed","template":"","meta":{"_et_pb_use_builder":"on","_et_pb_old_content":"","_et_gb_content_width":"","pgc_sgb_lightbox_settings":"","footnotes":""},"categories":[],"class_list":["post-27038","page","type-page","status-publish","has-post-thumbnail","hentry"],"_links":{"self":[{"href":"https:\/\/engind.es\/ca\/wp-json\/wp\/v2\/pages\/27038","targetHints":{"allow":["GET"]}}],"collection":[{"href":"https:\/\/engind.es\/ca\/wp-json\/wp\/v2\/pages"}],"about":[{"href":"https:\/\/engind.es\/ca\/wp-json\/wp\/v2\/types\/page"}],"author":[{"embeddable":true,"href":"https:\/\/engind.es\/ca\/wp-json\/wp\/v2\/users\/1"}],"replies":[{"embeddable":true,"href":"https:\/\/engind.es\/ca\/wp-json\/wp\/v2\/comments?post=27038"}],"version-history":[{"count":7,"href":"https:\/\/engind.es\/ca\/wp-json\/wp\/v2\/pages\/27038\/revisions"}],"predecessor-version":[{"id":31201,"href":"https:\/\/engind.es\/ca\/wp-json\/wp\/v2\/pages\/27038\/revisions\/31201"}],"up":[{"embeddable":true,"href":"https:\/\/engind.es\/ca\/wp-json\/wp\/v2\/pages\/29839"}],"wp:featuredmedia":[{"embeddable":true,"href":"https:\/\/engind.es\/ca\/wp-json\/wp\/v2\/media\/27044"}],"wp:attachment":[{"href":"https:\/\/engind.es\/ca\/wp-json\/wp\/v2\/media?parent=27038"}],"wp:term":[{"taxonomy":"category","embeddable":true,"href":"https:\/\/engind.es\/ca\/wp-json\/wp\/v2\/categories?post=27038"}],"curies":[{"name":"wp","href":"https:\/\/api.w.org\/{rel}","templated":true}]}}