{"id":27265,"date":"2023-07-03T15:16:28","date_gmt":"2023-07-03T13:16:28","guid":{"rendered":"http:\/\/engind.es\/?page_id=27265"},"modified":"2025-04-01T23:20:15","modified_gmt":"2025-04-01T21:20:15","slug":"construccio-de-naus-industrials","status":"publish","type":"page","link":"https:\/\/engind.es\/ca\/construccion-de-naves-industriales\/","title":{"rendered":"Construcci\u00f3 de naus industrials"},"content":{"rendered":"<p>[et_pb_section fb_built=\u00bb1&#8243; admin_label=\u00bbFAQ\u00bb _builder_version=\u00bb4.16&#8243; background_color=\u00bb#f7f7f7&#8243; global_colors_info=\u00bb{}\u00bb][et_pb_row column_structure=\u00bb1_3,2_3&#8243; _builder_version=\u00bb4.16&#8243; global_colors_info=\u00bb{}\u00bb][et_pb_column type=\u00bb1_3&#8243; _builder_version=\u00bb4.16&#8243; custom_padding=\u00bb|||\u00bb global_colors_info=\u00bb{}\u00bb custom_padding__hover=\u00bb|||\u00bb][et_pb_text _builder_version=\u00bb4.16&#8243; text_font=\u00bb||||||||\u00bb header_font=\u00bb||||||||\u00bb header_2_font=\u00bbRubik|700|||||||\u00bb header_2_font_size=\u00bb42px\u00bb header_2_line_height=\u00bb1.2em\u00bb custom_margin=\u00bb|||\u00bb custom_padding=\u00bb|||\u00bb header_2_font_size_tablet=\u00bb\u00bb header_2_font_size_phone=\u00bb36px\u00bb header_2_font_size_last_edited=\u00bbon|phone\u00bb locked=\u00bboff\u00bb global_colors_info=\u00bb{}\u00bb]<\/p>\n<h2>Pasos del proceso<\/h2>\n<p>[\/et_pb_text][et_pb_divider color=\u00bbgcid-30cfe7b1-3293-4278-ab8c-450d036427bd\u00bb divider_position=\u00bbcenter\u00bb divider_weight=\u00bb5px\u00bb _builder_version=\u00bb4.20.2&#8243; max_width=\u00bb50px\u00bb locked=\u00bboff\u00bb global_colors_info=\u00bb{%22gcid-30cfe7b1-3293-4278-ab8c-450d036427bd%22:%91%22color%22%93}\u00bb][\/et_pb_divider][et_pb_text _builder_version=\u00bb4.27.2&#8243; _module_preset=\u00bbdefault\u00bb global_colors_info=\u00bb{}\u00bb]<\/p>\n<h2><b>Algunos aspectos clave del servicio de Gesti\u00f3n Integral de Construcci\u00f3n de Naves Industriales de Engind incluyen:<\/b><\/h2>\n<p>[\/et_pb_text][et_pb_button button_url=\u00bb#contactar\u00bb button_text=\u00bbPIDE PRESUPUESTO\u00bb _builder_version=\u00bb4.20.2&#8243; custom_button=\u00bbon\u00bb button_text_size=\u00bb14px\u00bb button_text_color=\u00bbgcid-30cfe7b1-3293-4278-ab8c-450d036427bd\u00bb button_border_width=\u00bb4px\u00bb button_border_radius=\u00bb0px\u00bb button_letter_spacing=\u00bb4px\u00bb button_font=\u00bbRubik|700||on|||||\u00bb button_icon=\u00bb&#x24;||divi||400&#8243; custom_padding=\u00bb12px|30px|12px|30px|true|true\u00bb button_text_color_hover=\u00bb#ffffff\u00bb button_border_color_hover=\u00bb#ffb400&#8243; button_bg_color_hover=\u00bb#ffb400&#8243; locked=\u00bboff\u00bb global_colors_info=\u00bb{%22gcid-30cfe7b1-3293-4278-ab8c-450d036427bd%22:%91%22button_text_color%22,%22button_bg_color__hover%22,%22button_border_color__hover%22%93}\u00bb button_text_size__hover_enabled=\u00bboff\u00bb button_one_text_size__hover_enabled=\u00bboff\u00bb button_two_text_size__hover_enabled=\u00bboff\u00bb button_text_color__hover_enabled=\u00bbon|hover\u00bb button_text_color__hover=\u00bb#ffffff\u00bb button_one_text_color__hover_enabled=\u00bboff\u00bb button_two_text_color__hover_enabled=\u00bboff\u00bb button_border_width__hover_enabled=\u00bboff\u00bb button_one_border_width__hover_enabled=\u00bboff\u00bb button_two_border_width__hover_enabled=\u00bboff\u00bb button_border_color__hover_enabled=\u00bbon|desktop\u00bb button_border_color__hover=\u00bb#2e55a2&#8243; button_one_border_color__hover_enabled=\u00bboff\u00bb button_two_border_color__hover_enabled=\u00bboff\u00bb button_border_radius__hover_enabled=\u00bboff\u00bb button_one_border_radius__hover_enabled=\u00bboff\u00bb button_two_border_radius__hover_enabled=\u00bboff\u00bb button_letter_spacing__hover_enabled=\u00bboff\u00bb button_one_letter_spacing__hover_enabled=\u00bboff\u00bb button_two_letter_spacing__hover_enabled=\u00bboff\u00bb button_bg_color__hover_enabled=\u00bbon\u00bb button_bg_color__hover=\u00bb#2e55a2&#8243; button_one_bg_color__hover_enabled=\u00bboff\u00bb button_two_bg_color__hover_enabled=\u00bboff\u00bb button_bg_enable_color__hover=\u00bbon\u00bb][\/et_pb_button][\/et_pb_column][et_pb_column type=\u00bb2_3&#8243; _builder_version=\u00bb4.16&#8243; custom_padding=\u00bb|||\u00bb global_colors_info=\u00bb{}\u00bb custom_padding__hover=\u00bb|||\u00bb][et_pb_accordion closed_toggle_text_color=\u00bb#2a2a2a\u00bb closed_toggle_background_color=\u00bb#ffffff\u00bb icon_color=\u00bbgcid-30cfe7b1-3293-4278-ab8c-450d036427bd\u00bb _builder_version=\u00bb4.27.2&#8243; toggle_font=\u00bbRubik|700|||||||\u00bb toggle_font_size=\u00bb18px\u00bb toggle_line_height=\u00bb1.4em\u00bb body_font=\u00bb||||||||\u00bb body_font_size=\u00bb15px\u00bb body_line_height=\u00bb1.8em\u00bb custom_margin=\u00bb|||\u00bb custom_padding=\u00bb|||\u00bb rank_math_faq_schema=\u00bbon\u00bb border_width_all=\u00bb0px\u00bb global_colors_info=\u00bb{%22gcid-30cfe7b1-3293-4278-ab8c-450d036427bd%22:%91%22icon_color%22%93}\u00bb][et_pb_accordion_item title=\u00bbGesti\u00f3n integral de construcci\u00f3n de naves industriales\u00bb open=\u00bbon\u00bb _builder_version=\u00bb4.27.2&#8243; custom_margin=\u00bb1px||1px||true\u00bb global_colors_info=\u00bb{}\u00bb toggle_level=\u00bbh3&#8243;]<\/p>\n<p>Engind realiza un estudio preliminar del proyecto para identificar todas las licencias, permisos y autorizaciones necesarias para la actividad propuesta. Esto incluye la revisi\u00f3n de regulaciones locales, estatales y nacionales, as\u00ed como la normativa espec\u00edfica aplicable a la actividad en cuesti\u00f3n.<\/p>\n<p>[\/et_pb_accordion_item][et_pb_accordion_item title=\u00bbElaboraci\u00f3n de documentaci\u00f3n t\u00e9cnica\u00bb _builder_version=\u00bb4.27.2&#8243; custom_margin=\u00bb1px||1px||true\u00bb global_colors_info=\u00bb{}\u00bb toggle_level=\u00bbh3&#8243; open=\u00bboff\u00bb]<\/p>\n<p>Nos encargamos de preparar y presentar toda la documentaci\u00f3n t\u00e9cnica requerida para obtener las licencias de actividad. Esto puede incluir planos, estudios de impacto ambiental, informes de seguridad y salud, evaluaciones de riesgo, entre otros.<\/p>\n<p>[\/et_pb_accordion_item][et_pb_accordion_item title=\u00bbCoordinaci\u00f3n con organismos p\u00fablicos\u00bb _builder_version=\u00bb4.27.2&#8243; custom_margin=\u00bb1px||1px||true\u00bb global_colors_info=\u00bb{}\u00bb toggle_level=\u00bbh3&#8243; open=\u00bboff\u00bb]<\/p>\n<p><span>Engind mantiene una comunicaci\u00f3n fluida con las autoridades competentes, facilitando la presentaci\u00f3n de la documentaci\u00f3n y garantizando que se cumplan los plazos establecidos. Adem\u00e1s, la empresa se encarga de gestionar las posibles inspecciones y visitas t\u00e9cnicas que puedan ser necesarias.<\/span><\/p>\n<p>[\/et_pb_accordion_item][et_pb_accordion_item title=\u00bbObtenci\u00f3n de licencias y permisos\u00bb _builder_version=\u00bb4.27.2&#8243; custom_margin=\u00bb1px||1px||true\u00bb global_colors_info=\u00bb{}\u00bb toggle_level=\u00bbh3&#8243; open=\u00bboff\u00bb]<\/p>\n<p><span>Una vez aprobada la documentaci\u00f3n, Engind se encarga de obtener las licencias y permisos correspondientes, asegur\u00e1ndose de que est\u00e9n debidamente formalizados y registrados.<\/span><\/p>\n<p>[\/et_pb_accordion_item][et_pb_accordion_item title=\u00bbSeguimiento de tr\u00e1mites\u00bb _builder_version=\u00bb4.27.2&#8243; custom_margin=\u00bb1px||1px||true\u00bb global_colors_info=\u00bb{}\u00bb toggle_level=\u00bbh3&#8243; open=\u00bboff\u00bb]<\/p>\n<p><span>Nos encargamos de realizar un seguimiento constante del estado de las solicitudes de licencias y permisos, asegur\u00e1ndose de que se avance en el proceso y se cumplan los plazos establecidos. En caso de requerirse informaci\u00f3n adicional o modificaciones en la documentaci\u00f3n, la empresa se encarga de realizar los ajustes necesarios.<\/span><\/p>\n<p>[\/et_pb_accordion_item][et_pb_accordion_item title=\u00bbAsesoramiento legal y t\u00e9cnico\u00bb _builder_version=\u00bb4.27.2&#8243; _module_preset=\u00bbdefault\u00bb custom_margin=\u00bb1px||1px||true\u00bb global_colors_info=\u00bb{}\u00bb toggle_level=\u00bbh3&#8243; open=\u00bboff\u00bb]<\/p>\n<p><span>Durante todo el proceso, Engind brinda asesoramiento legal y t\u00e9cnico al cliente, resolviendo dudas, aclarando consultas y proporcionando informaci\u00f3n actualizada sobre el estado de los tr\u00e1mites.<\/span><\/p>\n<p>[\/et_pb_accordion_item][et_pb_accordion_item title=\u00bbOptimizaci\u00f3n energ\u00e9tica y sostenibilidad\u00bb _builder_version=\u00bb4.27.2&#8243; _module_preset=\u00bbdefault\u00bb custom_margin=\u00bb1px||1px||true\u00bb border_width_top=\u00bb1px\u00bb border_color_top=\u00bbrgba(175,175,175,0.13)\u00bb global_colors_info=\u00bb{}\u00bb toggle_level=\u00bbh3&#8243; open=\u00bboff\u00bb]<\/p>\n<p>A\u00f1adir una secci\u00f3n sobre el enfoque de sostenibilidad y eficiencia energ\u00e9tica en el dise\u00f1o y la construcci\u00f3n de las naves industriales. Esto podr\u00eda atraer a clientes interesados en pr\u00e1cticas responsables y reducir el consumo energ\u00e9tico a largo plazo.<\/p>\n<p>[\/et_pb_accordion_item][et_pb_accordion_item title=\u00bbConstrucci\u00f3n y ejecuci\u00f3n del proyecto\u00bb _builder_version=\u00bb4.27.2&#8243; _module_preset=\u00bbdefault\u00bb custom_margin=\u00bb1px||1px||true\u00bb border_width_top=\u00bb1px\u00bb border_color_top=\u00bbrgba(175,175,175,0.13)\u00bb global_colors_info=\u00bb{}\u00bb toggle_level=\u00bbh3&#8243; open=\u00bboff\u00bb]<\/p>\n<p>Una vez obtenidos todos los permisos y licencias, Engind se encarga de la construcci\u00f3n de la nave industrial, gestionando cada etapa desde la planificaci\u00f3n hasta la ejecuci\u00f3n. Esto incluye la coordinaci\u00f3n con contratistas, supervisi\u00f3n de obra y control de calidad para asegurar que el proyecto se finalice seg\u00fan los plazos y est\u00e1ndares acordados.<\/p>\n<p>[\/et_pb_accordion_item][et_pb_accordion_item title=\u00bbAsesoramiento post-entrega\u00bb _builder_version=\u00bb4.27.2&#8243; _module_preset=\u00bbdefault\u00bb custom_margin=\u00bb1px||1px||true\u00bb global_colors_info=\u00bb{}\u00bb toggle_level=\u00bbh3&#8243; open=\u00bboff\u00bb]<\/p>\n<p>A\u00f1adir un servicio de asesoramiento o asistencia t\u00e9cnica post-entrega puede mostrar el compromiso a largo plazo de Engind con el cliente, en caso de futuras modificaciones o ampliaciones de la nave.<\/p>\n<p>&nbsp;<\/p>\n<p>[\/et_pb_accordion_item][\/et_pb_accordion][\/et_pb_column][\/et_pb_row][\/et_pb_section][et_pb_section fb_built=\u00bb1&#8243; admin_label=\u00bbFAQ\u00bb _builder_version=\u00bb4.20.2&#8243; background_color=\u00bb#f7f7f7&#8243; border_width_top=\u00bb2px\u00bb border_color_top=\u00bbgcid-30cfe7b1-3293-4278-ab8c-450d036427bd\u00bb global_colors_info=\u00bb{%22gcid-30cfe7b1-3293-4278-ab8c-450d036427bd%22:%91%22border_color_top%22%93}\u00bb][et_pb_row column_structure=\u00bb1_3,2_3&#8243; _builder_version=\u00bb4.21.0&#8243; global_colors_info=\u00bb{}\u00bb][et_pb_column type=\u00bb1_3&#8243; _builder_version=\u00bb4.16&#8243; custom_padding=\u00bb|||\u00bb global_colors_info=\u00bb{}\u00bb custom_padding__hover=\u00bb|||\u00bb][et_pb_text _builder_version=\u00bb4.16&#8243; text_font=\u00bb||||||||\u00bb header_font=\u00bb||||||||\u00bb header_2_font=\u00bbRubik|700|||||||\u00bb header_2_font_size=\u00bb42px\u00bb header_2_line_height=\u00bb1.2em\u00bb custom_margin=\u00bb|||\u00bb custom_padding=\u00bb|||\u00bb header_2_font_size_tablet=\u00bb\u00bb header_2_font_size_phone=\u00bb36px\u00bb header_2_font_size_last_edited=\u00bbon|phone\u00bb locked=\u00bboff\u00bb global_colors_info=\u00bb{}\u00bb]<\/p>\n<h2>Nuestros clientes nos preguntan<\/h2>\n<p>[\/et_pb_text][et_pb_divider color=\u00bbgcid-30cfe7b1-3293-4278-ab8c-450d036427bd\u00bb divider_position=\u00bbcenter\u00bb divider_weight=\u00bb5px\u00bb _builder_version=\u00bb4.20.2&#8243; max_width=\u00bb50px\u00bb locked=\u00bboff\u00bb global_colors_info=\u00bb{%22gcid-30cfe7b1-3293-4278-ab8c-450d036427bd%22:%91%22color%22%93}\u00bb][\/et_pb_divider][et_pb_button button_url=\u00bb#contactar\u00bb button_text=\u00bbPIDE PRESUPUESTO\u00bb _builder_version=\u00bb4.20.2&#8243; custom_button=\u00bbon\u00bb button_text_size=\u00bb14px\u00bb button_text_color=\u00bbgcid-30cfe7b1-3293-4278-ab8c-450d036427bd\u00bb button_border_width=\u00bb4px\u00bb button_border_radius=\u00bb0px\u00bb button_letter_spacing=\u00bb4px\u00bb button_font=\u00bbRubik|700||on|||||\u00bb button_icon=\u00bb&#x24;||divi||400&#8243; custom_padding=\u00bb12px|30px|12px|30px|true|true\u00bb button_text_color_hover=\u00bb#ffffff\u00bb button_border_color_hover=\u00bb#ffb400&#8243; button_bg_color_hover=\u00bb#ffb400&#8243; locked=\u00bboff\u00bb global_colors_info=\u00bb{%22gcid-30cfe7b1-3293-4278-ab8c-450d036427bd%22:%91%22button_text_color%22,%22button_bg_color__hover%22,%22button_border_color__hover%22%93}\u00bb button_text_size__hover_enabled=\u00bboff\u00bb button_one_text_size__hover_enabled=\u00bboff\u00bb button_two_text_size__hover_enabled=\u00bboff\u00bb button_text_color__hover_enabled=\u00bbon|hover\u00bb button_text_color__hover=\u00bb#ffffff\u00bb button_one_text_color__hover_enabled=\u00bboff\u00bb button_two_text_color__hover_enabled=\u00bboff\u00bb button_border_width__hover_enabled=\u00bboff\u00bb button_one_border_width__hover_enabled=\u00bboff\u00bb button_two_border_width__hover_enabled=\u00bboff\u00bb button_border_color__hover_enabled=\u00bbon|desktop\u00bb button_border_color__hover=\u00bb#2e55a2&#8243; button_one_border_color__hover_enabled=\u00bboff\u00bb button_two_border_color__hover_enabled=\u00bboff\u00bb button_border_radius__hover_enabled=\u00bboff\u00bb button_one_border_radius__hover_enabled=\u00bboff\u00bb button_two_border_radius__hover_enabled=\u00bboff\u00bb button_letter_spacing__hover_enabled=\u00bboff\u00bb button_one_letter_spacing__hover_enabled=\u00bboff\u00bb button_two_letter_spacing__hover_enabled=\u00bboff\u00bb button_bg_color__hover_enabled=\u00bbon\u00bb button_bg_color__hover=\u00bb#2e55a2&#8243; button_one_bg_color__hover_enabled=\u00bboff\u00bb button_two_bg_color__hover_enabled=\u00bboff\u00bb button_bg_enable_color__hover=\u00bbon\u00bb][\/et_pb_button][\/et_pb_column][et_pb_column type=\u00bb2_3&#8243; _builder_version=\u00bb4.16&#8243; custom_padding=\u00bb|||\u00bb global_colors_info=\u00bb{}\u00bb custom_padding__hover=\u00bb|||\u00bb][et_pb_accordion closed_toggle_text_color=\u00bb#2a2a2a\u00bb closed_toggle_background_color=\u00bb#ffffff\u00bb icon_color=\u00bbgcid-30cfe7b1-3293-4278-ab8c-450d036427bd\u00bb _builder_version=\u00bb4.27.2&#8243; toggle_font=\u00bbRubik|700|||||||\u00bb toggle_font_size=\u00bb18px\u00bb toggle_line_height=\u00bb1.4em\u00bb body_font=\u00bb||||||||\u00bb body_font_size=\u00bb15px\u00bb body_line_height=\u00bb1.8em\u00bb custom_margin=\u00bb|||\u00bb custom_padding=\u00bb|||\u00bb rank_math_faq_schema=\u00bbon\u00bb border_width_all=\u00bb0px\u00bb global_colors_info=\u00bb{%22gcid-30cfe7b1-3293-4278-ab8c-450d036427bd%22:%91%22icon_color%22%93}\u00bb][et_pb_accordion_item title=\u00bb \u00bfQu\u00e9 servicios de asesoramiento de construcci\u00f3n para naves industriales ofrece Engind?\u00bb open=\u00bbon\u00bb _builder_version=\u00bb4.27.2&#8243; custom_margin=\u00bb1px||1px||true\u00bb global_colors_info=\u00bb{}\u00bb toggle_level=\u00bbh3&#8243;]<\/p>\n<p style=\"text-align: justify;\"><span style=\"font-weight: 400;\">Ofrecemos una amplia gama de servicios de construcci\u00f3n para naves industriales. Nuestro equipo de expertos te ayudar\u00e1 en todas las etapas del<\/span><b> proceso de construcci\u00f3n<\/b><span style=\"font-weight: 400;\">, desde la planificaci\u00f3n y el dise\u00f1o hasta la supervisi\u00f3n y la gesti\u00f3n del proyecto. Tambi\u00e9n ofrecemos asesoramiento t\u00e9cnico y recomendaciones personalizadas para garantizar que tu nave industrial cumpla con tus necesidades espec\u00edficas.<\/span><\/p>\n<p>[\/et_pb_accordion_item][et_pb_accordion_item title=\u00bb \u00bfC\u00f3mo puedo obtener un presupuesto para mi proyecto?\u00bb _builder_version=\u00bb4.21.0&#8243; custom_margin=\u00bb1px||1px||true\u00bb global_colors_info=\u00bb{}\u00bb toggle_level=\u00bbh3&#8243; open=\u00bboff\u00bb]<\/p>\n<p style=\"text-align: justify;\"><span style=\"font-weight: 400;\">Para obtener un presupuesto personalizado, puedes ponerse en contacto con nosotros a trav\u00e9s de nuestro formulario en l\u00ednea o llamarnos directamente. Necesitaremos algunos<\/span><b> detalles b\u00e1sicos sobre tu proyecto<\/b><span style=\"font-weight: 400;\">, como el tama\u00f1o estimado de la nave, la ubicaci\u00f3n y los requisitos especiales. Con esta informaci\u00f3n, podremos proporcionarte un presupuesto detallado y competitivo.<\/span><\/p>\n<p>[\/et_pb_accordion_item][et_pb_accordion_item title=\u00bb\u00bfCu\u00e1nto tiempo lleva construir una nave industrial?\u00bb _builder_version=\u00bb4.21.0&#8243; custom_margin=\u00bb1px||1px||true\u00bb global_colors_info=\u00bb{}\u00bb toggle_level=\u00bbh3&#8243; open=\u00bboff\u00bb]<\/p>\n<p style=\"text-align: justify;\"><span style=\"font-weight: 400;\">El<\/span><b> tiempo de construcci\u00f3n de una nave industrial<\/b><span style=\"font-weight: 400;\"> puede variar seg\u00fan varios factores, como el tama\u00f1o del proyecto, la complejidad del dise\u00f1o y las condiciones del sitio. En general, el proceso de construcci\u00f3n puede llevar desde varios meses hasta m\u00e1s de un a\u00f1o. Nuestro equipo te proporcionar\u00e1 un cronograma detallado y te mantendr\u00e1 informado sobre el progreso de tu proyecto en todo momento.<\/span><\/p>\n<p>[\/et_pb_accordion_item][et_pb_accordion_item title=\u00bb\u00bfQu\u00e9 tipo de materiales utilizan en la construcci\u00f3n de naves industriales?\u00bb _builder_version=\u00bb4.21.0&#8243; _module_preset=\u00bbdefault\u00bb custom_margin=\u00bb1px||1px||true\u00bb border_width_top=\u00bb1px\u00bb border_color_top=\u00bbrgba(175,175,175,0.13)\u00bb global_colors_info=\u00bb{}\u00bb toggle_level=\u00bbh3&#8243; open=\u00bboff\u00bb]<\/p>\n<p style=\"text-align: justify;\"><span style=\"font-weight: 400;\">Utilizamos materiales de alta calidad y duraderos en la construcci\u00f3n de naves industriales. Trabajamos con proveedores confiables que ofrecen una amplia gama de opciones, incluyendo acero estructural, hormig\u00f3n armado y sistemas de paneles met\u00e1licos. Seleccionaremos los materiales m\u00e1s adecuados para tu proyecto, teniendo en cuenta tus necesidades y requisitos espec\u00edficos.<\/span><\/p>\n<p>[\/et_pb_accordion_item][et_pb_accordion_item title=\u00bb\u00bfOfrece Engind servicios de mantenimiento y reparaci\u00f3n despu\u00e9s de la construcci\u00f3n de una nave industrial?\u00bb _builder_version=\u00bb4.27.2&#8243; _module_preset=\u00bbdefault\u00bb custom_margin=\u00bb1px||1px||true\u00bb border_width_top=\u00bb1px\u00bb border_color_top=\u00bbrgba(175,175,175,0.13)\u00bb global_colors_info=\u00bb{}\u00bb toggle_level=\u00bbh3&#8243; open=\u00bboff\u00bb]<\/p>\n<p style=\"text-align: justify;\"><span style=\"font-weight: 400;\">S\u00ed, tambi\u00e9n <\/span><b>ofrecemos servicios de mantenimiento y reparaci\u00f3n para naves industriales existentes<\/b><span style=\"font-weight: 400;\">. Nuestro equipo de profesionales puede ayudarte con tareas de mantenimiento programadas, reparaciones de emergencia, renovaciones y mejoras. Estamos comprometidos a brindar un<\/span><b> soporte integral a nuestros clientes<\/b><span style=\"font-weight: 400;\"> incluso despu\u00e9s de la finalizaci\u00f3n del proyecto.<\/span><\/p>\n<p>[\/et_pb_accordion_item][\/et_pb_accordion][\/et_pb_column][\/et_pb_row][\/et_pb_section]<\/p>\n","protected":false},"excerpt":{"rendered":"<p>Pasos del procesoAlgunos aspectos clave del servicio de Gesti\u00f3n Integral de Construcci\u00f3n de Naves Industriales de Engind incluyen:Engind realiza un estudio preliminar del proyecto para identificar todas las licencias, permisos y autorizaciones necesarias para la actividad propuesta. Esto incluye la revisi\u00f3n de regulaciones locales, estatales y nacionales, as\u00ed como la normativa espec\u00edfica aplicable a la [&hellip;]<\/p>\n","protected":false},"author":3,"featured_media":29600,"parent":0,"menu_order":0,"comment_status":"closed","ping_status":"closed","template":"","meta":{"_et_pb_use_builder":"on","_et_pb_old_content":"","_et_gb_content_width":"","pgc_sgb_lightbox_settings":"","footnotes":""},"categories":[],"class_list":["post-27265","page","type-page","status-publish","has-post-thumbnail","hentry"],"_links":{"self":[{"href":"https:\/\/engind.es\/ca\/wp-json\/wp\/v2\/pages\/27265","targetHints":{"allow":["GET"]}}],"collection":[{"href":"https:\/\/engind.es\/ca\/wp-json\/wp\/v2\/pages"}],"about":[{"href":"https:\/\/engind.es\/ca\/wp-json\/wp\/v2\/types\/page"}],"author":[{"embeddable":true,"href":"https:\/\/engind.es\/ca\/wp-json\/wp\/v2\/users\/3"}],"replies":[{"embeddable":true,"href":"https:\/\/engind.es\/ca\/wp-json\/wp\/v2\/comments?post=27265"}],"version-history":[{"count":7,"href":"https:\/\/engind.es\/ca\/wp-json\/wp\/v2\/pages\/27265\/revisions"}],"predecessor-version":[{"id":30331,"href":"https:\/\/engind.es\/ca\/wp-json\/wp\/v2\/pages\/27265\/revisions\/30331"}],"wp:featuredmedia":[{"embeddable":true,"href":"https:\/\/engind.es\/ca\/wp-json\/wp\/v2\/media\/29600"}],"wp:attachment":[{"href":"https:\/\/engind.es\/ca\/wp-json\/wp\/v2\/media?parent=27265"}],"wp:term":[{"taxonomy":"category","embeddable":true,"href":"https:\/\/engind.es\/ca\/wp-json\/wp\/v2\/categories?post=27265"}],"curies":[{"name":"wp","href":"https:\/\/api.w.org\/{rel}","templated":true}]}}