{"id":27698,"date":"2024-02-08T09:53:59","date_gmt":"2024-02-08T07:53:59","guid":{"rendered":"http:\/\/engind.es\/?page_id=27698"},"modified":"2025-04-07T10:48:50","modified_gmt":"2025-04-07T08:48:50","slug":"urbanisme","status":"publish","type":"page","link":"https:\/\/engind.es\/ca\/arquitectura\/urbanismo\/","title":{"rendered":"Urbanisme"},"content":{"rendered":"<p>[et_pb_section fb_built=\u00bb1&#8243; admin_label=\u00bbRelated Services\u00bb _builder_version=\u00bb4.16&#8243; background_color=\u00bb#f7f7f7&#8243; global_colors_info=\u00bb{}\u00bb][et_pb_row _builder_version=\u00bb4.19.5&#8243; _module_preset=\u00bbdefault\u00bb custom_padding=\u00bb0px|||||\u00bb global_colors_info=\u00bb{}\u00bb][et_pb_column type=\u00bb4_4&#8243; _builder_version=\u00bb4.19.5&#8243; _module_preset=\u00bbdefault\u00bb global_colors_info=\u00bb{}\u00bb][et_pb_text _builder_version=\u00bb4.24.0&#8243; _module_preset=\u00bbdefault\u00bb global_colors_info=\u00bb{}\u00bb]<\/p>\n<h2>Qu\u00e9 incluyen los servicios de <span>urbanismo<\/span> de Engind?<\/h2>\n<p>&nbsp;<\/p>\n<p>Los servicios de urbanismo de Engind abarcan una amplia gama de actividades y t\u00e9cnicas enfocadas en la planificaci\u00f3n y desarrollo sostenible del entorno urbano. Algunos ejemplos de nuestros servicios en este sector incluyen:<\/p>\n<ul><\/ul>\n<ul>\n<li><strong>Dise\u00f1o y planificaci\u00f3n urbana:<\/strong> Nuestros expertos en urbanismo desarrollan planes maestros y dise\u00f1os detallados para promover un crecimiento urbano ordenado y sostenible, que puede aumentar la calidad de vida y reducir impactos ambientales negativos.<\/li>\n<li><strong>An\u00e1lisis de uso del suelo:<\/strong> Realizamos estudios para determinar el mejor uso de un terreno urbano, maximizando su potencial mientras se cumplen las normativas de zonificaci\u00f3n y planificaci\u00f3n.<\/li>\n<li><strong>Evaluaci\u00f3n de impacto ambiental y urban\u00edstico:<\/strong> Analizamos los posibles impactos de los proyectos de desarrollo en el entorno urbano y natural, desarrollando estrategias para mitigarlos.<\/li>\n<li><strong>Gesti\u00f3n de permisos y licencias:<\/strong> Navegamos por el complejo sistema de regulaciones urbanas para obtener las licencias necesarias para proyectos de construcci\u00f3n y desarrollo.<\/li>\n<li><strong>Consultor\u00eda en regeneraci\u00f3n urbana:<\/strong> Ofrecemos asesoramiento experto para revitalizar \u00e1reas urbanas, mejorando su infraestructura, espacios p\u00fablicos y cohesi\u00f3n social.<\/li>\n<\/ul>\n<p>[\/et_pb_text][\/et_pb_column][\/et_pb_row][\/et_pb_section]<\/p>\n","protected":false},"excerpt":{"rendered":"<p>Qu\u00e9 incluyen los servicios de urbanismo de Engind? &nbsp; Los servicios de urbanismo de Engind abarcan una amplia gama de actividades y t\u00e9cnicas enfocadas en la planificaci\u00f3n y desarrollo sostenible del entorno urbano. Algunos ejemplos de nuestros servicios en este sector incluyen: Dise\u00f1o y planificaci\u00f3n urbana: Nuestros expertos en urbanismo desarrollan planes maestros y dise\u00f1os [&hellip;]<\/p>\n","protected":false},"author":1,"featured_media":30530,"parent":27459,"menu_order":0,"comment_status":"closed","ping_status":"closed","template":"","meta":{"_et_pb_use_builder":"on","_et_pb_old_content":"","_et_gb_content_width":"","pgc_sgb_lightbox_settings":"","footnotes":""},"categories":[],"class_list":["post-27698","page","type-page","status-publish","has-post-thumbnail","hentry"],"_links":{"self":[{"href":"https:\/\/engind.es\/ca\/wp-json\/wp\/v2\/pages\/27698","targetHints":{"allow":["GET"]}}],"collection":[{"href":"https:\/\/engind.es\/ca\/wp-json\/wp\/v2\/pages"}],"about":[{"href":"https:\/\/engind.es\/ca\/wp-json\/wp\/v2\/types\/page"}],"author":[{"embeddable":true,"href":"https:\/\/engind.es\/ca\/wp-json\/wp\/v2\/users\/1"}],"replies":[{"embeddable":true,"href":"https:\/\/engind.es\/ca\/wp-json\/wp\/v2\/comments?post=27698"}],"version-history":[{"count":10,"href":"https:\/\/engind.es\/ca\/wp-json\/wp\/v2\/pages\/27698\/revisions"}],"predecessor-version":[{"id":30558,"href":"https:\/\/engind.es\/ca\/wp-json\/wp\/v2\/pages\/27698\/revisions\/30558"}],"up":[{"embeddable":true,"href":"https:\/\/engind.es\/ca\/wp-json\/wp\/v2\/pages\/27459"}],"wp:featuredmedia":[{"embeddable":true,"href":"https:\/\/engind.es\/ca\/wp-json\/wp\/v2\/media\/30530"}],"wp:attachment":[{"href":"https:\/\/engind.es\/ca\/wp-json\/wp\/v2\/media?parent=27698"}],"wp:term":[{"taxonomy":"category","embeddable":true,"href":"https:\/\/engind.es\/ca\/wp-json\/wp\/v2\/categories?post=27698"}],"curies":[{"name":"wp","href":"https:\/\/api.w.org\/{rel}","templated":true}]}}