{"id":27836,"date":"2024-02-28T16:38:07","date_gmt":"2024-02-28T14:38:07","guid":{"rendered":"http:\/\/engind.es\/?page_id=27836"},"modified":"2025-08-22T13:39:02","modified_gmt":"2025-08-22T11:39:02","slug":"projectes-de-calcul-destructures","status":"publish","type":"page","link":"https:\/\/engind.es\/ca\/arquitectura\/calculo-estructural\/proyectos-de-calculo-de-estructuras\/","title":{"rendered":"Projectes de c\u00e0lcul d&#039;estructures"},"content":{"rendered":"\n[et_pb_section fb_built=\u00bb1&#8243; admin_label=\u00bbFAQ\u00bb _builder_version=\u00bb4.16&#8243; background_color=\u00bb#f7f7f7&#8243; global_colors_info=\u00bb{}\u00bb][et_pb_row column_structure=\u00bb1_3,2_3&#8243; _builder_version=\u00bb4.16&#8243; global_colors_info=\u00bb{}\u00bb][et_pb_column type=\u00bb1_3&#8243; _builder_version=\u00bb4.16&#8243; custom_padding=\u00bb|||\u00bb global_colors_info=\u00bb{}\u00bb custom_padding__hover=\u00bb|||\u00bb][et_pb_text _builder_version=\u00bb4.24.2&#8243; text_font=\u00bb||||||||\u00bb header_font=\u00bb||||||||\u00bb header_2_font=\u00bbRubik|700|||||||\u00bb header_2_font_size=\u00bb42px\u00bb header_2_line_height=\u00bb1.2em\u00bb custom_margin=\u00bb|||\u00bb custom_padding=\u00bb|||\u00bb header_2_font_size_tablet=\u00bb\u00bb header_2_font_size_phone=\u00bb36px\u00bb header_2_font_size_last_edited=\u00bbon|phone\u00bb locked=\u00bboff\u00bb global_colors_info=\u00bb{}\u00bb]<h2>Servicios en el sector de arquitectura para Proyectos de c\u00e1lculo de estructuras<\/h2>[\/et_pb_text][et_pb_divider color=\u00bbgcid-30cfe7b1-3293-4278-ab8c-450d036427bd\u00bb divider_position=\u00bbcenter\u00bb divider_weight=\u00bb5px\u00bb _builder_version=\u00bb4.20.2&#8243; max_width=\u00bb50px\u00bb locked=\u00bboff\u00bb global_colors_info=\u00bb{%22gcid-30cfe7b1-3293-4278-ab8c-450d036427bd%22:%91%22color%22%93}\u00bb][\/et_pb_divider][et_pb_text _builder_version=\u00bb4.20.4&#8243; _module_preset=\u00bbdefault\u00bb global_colors_info=\u00bb{}\u00bb]<h2><b>\u00bfDe qu\u00e9 nos encargamos?<\/b><\/h2>[\/et_pb_text][et_pb_blurb title=\u00bbAn\u00e1lisis y Dise\u00f1o Estructural:\u00bb use_icon=\u00bbon\u00bb font_icon=\u00bb&#x39;||divi||400&#8243; icon_color=\u00bbgcid-30cfe7b1-3293-4278-ab8c-450d036427bd\u00bb icon_placement=\u00bbleft\u00bb image_icon_width=\u00bb56px\u00bb content_max_width=\u00bb1100px\u00bb content_max_width_tablet=\u00bb1100px\u00bb content_max_width_last_edited=\u00bboff|desktop\u00bb _builder_version=\u00bb4.24.2&#8243; header_font=\u00bbRubik|700|||||||\u00bb header_line_height=\u00bb1.4em\u00bb body_font=\u00bb||||||||\u00bb body_text_color=\u00bb#000000&#8243; body_font_size=\u00bb15px\u00bb body_line_height=\u00bb1.8em\u00bb custom_margin=\u00bb|||\u00bb custom_padding=\u00bb|||\u00bb animation_direction=\u00bbright\u00bb animation=\u00bboff\u00bb icon_font_size=\u00bb56px\u00bb locked=\u00bboff\u00bb global_colors_info=\u00bb{%22gcid-30cfe7b1-3293-4278-ab8c-450d036427bd%22:%91%22icon_color%22%93}\u00bb]<ul>\n<li>Evaluaci\u00f3n de la resistencia y estabilidad de estructuras existentes y proyectadas.<\/li>\n<li>Elaboraci\u00f3n de informes detallados sobre la capacidad de carga del suelo y la integridad estructural.<\/li>\n<li>Asesoramiento en materiales y t\u00e9cnicas constructivas \u00f3ptimas para garantizar la seguridad y durabilidad de las estructuras.<\/li>\n<\/ul>[\/et_pb_blurb][et_pb_blurb title=\u00bbConsultor\u00eda en Ingenier\u00eda Estructural y Asesoramiento\u00bb use_icon=\u00bbon\u00bb font_icon=\u00bb&#x39;||divi||400&#8243; icon_color=\u00bbgcid-30cfe7b1-3293-4278-ab8c-450d036427bd\u00bb icon_placement=\u00bbleft\u00bb image_icon_width=\u00bb56px\u00bb content_max_width=\u00bb1100px\u00bb content_max_width_tablet=\u00bb1100px\u00bb content_max_width_last_edited=\u00bboff|desktop\u00bb _builder_version=\u00bb4.24.2&#8243; header_font=\u00bbRubik|700|||||||\u00bb header_line_height=\u00bb1.4em\u00bb body_font=\u00bb||||||||\u00bb body_text_color=\u00bb#ffffff\u00bb body_font_size=\u00bb15px\u00bb body_line_height=\u00bb1.8em\u00bb custom_margin=\u00bb-21px||21px|||\u00bb custom_padding=\u00bb|||\u00bb animation_direction=\u00bbright\u00bb animation=\u00bboff\u00bb header_font_tablet=\u00bbRubik|700|||||||\u00bb header_font_phone=\u00bbRubik|700|||||||\u00bb header_font_last_edited=\u00bbon|desktop\u00bb icon_font_size=\u00bb56px\u00bb locked=\u00bboff\u00bb global_colors_info=\u00bb{%22gcid-30cfe7b1-3293-4278-ab8c-450d036427bd%22:%91%22icon_color%22%93}\u00bb][\/et_pb_blurb][et_pb_blurb title=\u00bbGesti\u00f3n de Proyectos de Ingenier\u00eda Estructural:\u00bb use_icon=\u00bbon\u00bb font_icon=\u00bb&#x39;||divi||400&#8243; icon_color=\u00bbgcid-30cfe7b1-3293-4278-ab8c-450d036427bd\u00bb icon_placement=\u00bbleft\u00bb image_icon_width=\u00bb56px\u00bb content_max_width=\u00bb1100px\u00bb content_max_width_tablet=\u00bb1100px\u00bb content_max_width_last_edited=\u00bboff|desktop\u00bb _builder_version=\u00bb4.24.2&#8243; header_font=\u00bbRubik|700|||||||\u00bb header_line_height=\u00bb1.4em\u00bb body_font=\u00bb||||||||\u00bb body_text_color=\u00bb#000000&#8243; body_font_size=\u00bb15px\u00bb body_line_height=\u00bb1.8em\u00bb custom_margin=\u00bb|||\u00bb custom_padding=\u00bb|||\u00bb animation_direction=\u00bbright\u00bb animation=\u00bboff\u00bb icon_font_size=\u00bb56px\u00bb locked=\u00bboff\u00bb global_colors_info=\u00bb{%22gcid-30cfe7b1-3293-4278-ab8c-450d036427bd%22:%91%22icon_color%22%93}\u00bb]<ul>\n<li>Implementamos medidas de eficiencia energ\u00e9tica y sostenibilidad en proyectos estructurales.<\/li>\n<li>Tramitamos permisos y licencias de obra relacionados con aspectos estructurales.<\/li>\n<li>Asesoramos para garantizar la seguridad y prevenci\u00f3n de riesgos en la ejecuci\u00f3n de proyectos de ingenier\u00eda estructural.<\/li>\n<\/ul>[\/et_pb_blurb][\/et_pb_column][et_pb_column type=\u00bb2_3&#8243; _builder_version=\u00bb4.16&#8243; custom_padding=\u00bb|||\u00bb global_colors_info=\u00bb{}\u00bb custom_padding__hover=\u00bb|||\u00bb][et_pb_text _builder_version=\u00bb4.27.2&#8243; _module_preset=\u00bbdefault\u00bb global_colors_info=\u00bb{}\u00bb]<h2><strong>Engind y los Proyectos de c\u00e1lculo de estructuras<\/strong><\/h2>[\/et_pb_text][et_pb_text _builder_version=\u00bb4.24.2&#8243; _module_preset=\u00bbdefault\u00bb text_orientation=\u00bbjustified\u00bb global_colors_info=\u00bb{}\u00bb]<p>En Engind, ofrecemos un servicio de consultor\u00eda de ingenier\u00eda especializado en la realizaci\u00f3n de <strong>proyectos de c\u00e1lculo de estructuras<\/strong>. Elaboramos informes que cumplen con todas las normativas medioambientales y urbanas, ejecutamos el proyecto de obra y brindamos asesoramiento continuo hasta lograr el informe favorable.<\/p>\n<p>Nuestro equipo de ingenieros y arquitectos especializados provee asesoramiento personalizado para cada proyecto, definiendo las estrategias m\u00e1s efectivas para optimizar el reparto del suelo y minimizar su impacto ambiental. Esto puede incluir desde la selecci\u00f3n de m\u00e9todos de construcci\u00f3n sostenibles hasta la implementaci\u00f3n de tecnolog\u00edas digitales para una planificaci\u00f3n y gesti\u00f3n eficientes del proceso de <strong>c\u00e1lculo de estructuras<\/strong>.<\/p>\n<p>Nuestro fin es asistir a promotores y administraciones p\u00fablicas en el desarrollo de \u00e1reas urbanas eficientes y sostenibles. Apoyamos la adopci\u00f3n de soluciones avanzadas y tecnolog\u00edas innovadoras que favorezcan la eficiencia energ\u00e9tica y la sostenibilidad en la configuraci\u00f3n de nuevos espacios urbanos.<\/p>\n<p>Engind se convierte en tu aliado estrat\u00e9gico, aportando vasta experiencia en ingenier\u00eda y un firme compromiso con la sostenibilidad, para favorecer el desarrollo y transformaci\u00f3n de tu proyecto de <strong>c\u00e1lculo de estructuras<\/strong>. Nos dedicamos a guiarte a trav\u00e9s del intrincado panorama regulatorio y de innovaci\u00f3n, asegurando que tu proyecto alcance el \u00e9xito en este \u00e1mbito especializado y en constante cambio.<\/p>[\/et_pb_text][et_pb_image src=\u00bbhttps:\/\/engind.es\/wp-content\/uploads\/2024\/02\/Proyecto-calculo-estructuras.jpg\u00bb alt=\u00bbIngenier\u00eda para la Industria Papelera\u00bb title_text=\u00bbProyecto ca\u0301lculo estructuras\u00bb align=\u00bbcenter\u00bb _builder_version=\u00bb4.24.2&#8243; _module_preset=\u00bbdefault\u00bb width=\u00bb100%\u00bb max_width=\u00bb100%\u00bb custom_padding=\u00bb||0px|||\u00bb global_colors_info=\u00bb{}\u00bb][\/et_pb_image][et_pb_button button_url=\u00bb#contactar\u00bb button_text=\u00bbPIDE PRESUPUESTO\u00bb _builder_version=\u00bb4.20.2&#8243; custom_button=\u00bbon\u00bb button_text_size=\u00bb14px\u00bb button_text_color=\u00bbgcid-30cfe7b1-3293-4278-ab8c-450d036427bd\u00bb button_border_width=\u00bb4px\u00bb button_border_radius=\u00bb0px\u00bb button_letter_spacing=\u00bb4px\u00bb button_font=\u00bbRubik|700||on|||||\u00bb button_icon=\u00bb&#x24;||divi||400&#8243; custom_padding=\u00bb12px|30px|12px|30px|true|true\u00bb button_text_color_hover=\u00bb#ffffff\u00bb button_border_color_hover=\u00bb#ffb400&#8243; button_bg_color_hover=\u00bb#ffb400&#8243; locked=\u00bboff\u00bb global_colors_info=\u00bb{%22gcid-30cfe7b1-3293-4278-ab8c-450d036427bd%22:%91%22button_text_color%22,%22button_bg_color__hover%22,%22button_border_color__hover%22%93}\u00bb button_text_size__hover_enabled=\u00bboff\u00bb button_one_text_size__hover_enabled=\u00bboff\u00bb button_two_text_size__hover_enabled=\u00bboff\u00bb button_text_color__hover_enabled=\u00bbon|hover\u00bb button_text_color__hover=\u00bb#ffffff\u00bb button_one_text_color__hover_enabled=\u00bboff\u00bb button_two_text_color__hover_enabled=\u00bboff\u00bb button_border_width__hover_enabled=\u00bboff\u00bb button_one_border_width__hover_enabled=\u00bboff\u00bb button_two_border_width__hover_enabled=\u00bboff\u00bb button_border_color__hover_enabled=\u00bbon|desktop\u00bb button_border_color__hover=\u00bb#2e55a2&#8243; button_one_border_color__hover_enabled=\u00bboff\u00bb button_two_border_color__hover_enabled=\u00bboff\u00bb button_border_radius__hover_enabled=\u00bboff\u00bb button_one_border_radius__hover_enabled=\u00bboff\u00bb button_two_border_radius__hover_enabled=\u00bboff\u00bb button_letter_spacing__hover_enabled=\u00bboff\u00bb button_one_letter_spacing__hover_enabled=\u00bboff\u00bb button_two_letter_spacing__hover_enabled=\u00bboff\u00bb button_bg_color__hover_enabled=\u00bbon\u00bb button_bg_color__hover=\u00bb#2e55a2&#8243; button_one_bg_color__hover_enabled=\u00bboff\u00bb button_two_bg_color__hover_enabled=\u00bboff\u00bb button_bg_enable_color__hover=\u00bbon\u00bb][\/et_pb_button][\/et_pb_column][\/et_pb_row][\/et_pb_section][et_pb_section fb_built=\u00bb1&#8243; admin_label=\u00bbAbout\u00bb _builder_version=\u00bb4.16&#8243; global_colors_info=\u00bb{}\u00bb][et_pb_row column_structure=\u00bb1_5,1_5,1_5,1_5,1_5&#8243; _builder_version=\u00bb4.20.0&#8243; _module_preset=\u00bbdefault\u00bb global_colors_info=\u00bb{}\u00bb][et_pb_column type=\u00bb1_5&#8243; _builder_version=\u00bb4.20.0&#8243; _module_preset=\u00bbdefault\u00bb global_colors_info=\u00bb{}\u00bb][et_pb_image src=\u00bbhttps:\/\/engind.es\/wp-content\/uploads\/2024\/02\/Modificacion-puntual-plan-parcial.jpg\u00bb alt=\u00bbIngenier\u00eda para la Industria Papelera\u00bb title_text=\u00bbModificacio\u0301n puntual plan parcial\u00bb _builder_version=\u00bb4.24.2&#8243; _module_preset=\u00bbdefault\u00bb global_colors_info=\u00bb{}\u00bb][\/et_pb_image][\/et_pb_column][et_pb_column type=\u00bb1_5&#8243; _builder_version=\u00bb4.20.0&#8243; _module_preset=\u00bbdefault\u00bb global_colors_info=\u00bb{}\u00bb][et_pb_image src=\u00bbhttps:\/\/engind.es\/wp-content\/uploads\/2024\/02\/Proyecto-calculo-estructuras.jpg\u00bb alt=\u00bbIngenier\u00eda para la Industria Papelera\u00bb title_text=\u00bbProyecto ca\u0301lculo estructuras\u00bb _builder_version=\u00bb4.24.2&#8243; _module_preset=\u00bbdefault\u00bb global_colors_info=\u00bb{}\u00bb][\/et_pb_image][\/et_pb_column][et_pb_column type=\u00bb1_5&#8243; _builder_version=\u00bb4.20.0&#8243; _module_preset=\u00bbdefault\u00bb global_colors_info=\u00bb{}\u00bb][et_pb_image src=\u00bbhttps:\/\/engind.es\/wp-content\/uploads\/2024\/02\/Certificado-de-solidez-estructural.jpg\u00bb alt=\u00bbIngenier\u00eda para la Industria Papelera\u00bb title_text=\u00bbCertificado de solidez estructural\u00bb _builder_version=\u00bb4.24.2&#8243; _module_preset=\u00bbdefault\u00bb global_colors_info=\u00bb{}\u00bb][\/et_pb_image][\/et_pb_column][et_pb_column type=\u00bb1_5&#8243; _builder_version=\u00bb4.20.0&#8243; _module_preset=\u00bbdefault\u00bb global_colors_info=\u00bb{}\u00bb][et_pb_image src=\u00bbhttps:\/\/engind.es\/wp-content\/uploads\/2024\/02\/Proyecto-segregacion.jpg\u00bb alt=\u00bbIngenier\u00eda para la Industria Papelera\u00bb title_text=\u00bbProyecto segregacio\u0301n\u00bb _builder_version=\u00bb4.24.2&#8243; _module_preset=\u00bbdefault\u00bb global_colors_info=\u00bb{}\u00bb][\/et_pb_image][\/et_pb_column][et_pb_column type=\u00bb1_5&#8243; _builder_version=\u00bb4.20.0&#8243; _module_preset=\u00bbdefault\u00bb global_colors_info=\u00bb{}\u00bb][et_pb_image src=\u00bbhttps:\/\/engind.es\/wp-content\/uploads\/2024\/02\/Planeamiento-urbanistico.jpg\u00bb alt=\u00bbIngenier\u00eda para la Industria Textil\u00bb title_text=\u00bbPlaneamiento urbani\u0301stico\u00bb _builder_version=\u00bb4.24.2&#8243; _module_preset=\u00bbdefault\u00bb global_colors_info=\u00bb{}\u00bb][\/et_pb_image][\/et_pb_column][\/et_pb_row][\/et_pb_section]\n","protected":false},"excerpt":{"rendered":"<p>Servicios en el sector de arquitectura para Proyectos de c\u00e1lculo de estructuras\u00bfDe qu\u00e9 nos encargamos? Evaluaci\u00f3n de la resistencia y estabilidad de estructuras existentes y proyectadas. Elaboraci\u00f3n de informes detallados sobre la capacidad de carga del suelo y la integridad estructural. Asesoramiento en materiales y t\u00e9cnicas constructivas \u00f3ptimas para garantizar la seguridad y durabilidad de [&hellip;]<\/p>\n","protected":false},"author":1,"featured_media":29934,"parent":27807,"menu_order":0,"comment_status":"closed","ping_status":"closed","template":"","meta":{"_et_pb_use_builder":"on","_et_pb_old_content":"","_et_gb_content_width":"","pgc_sgb_lightbox_settings":"","footnotes":""},"categories":[],"class_list":["post-27836","page","type-page","status-publish","has-post-thumbnail","hentry"],"_links":{"self":[{"href":"https:\/\/engind.es\/ca\/wp-json\/wp\/v2\/pages\/27836","targetHints":{"allow":["GET"]}}],"collection":[{"href":"https:\/\/engind.es\/ca\/wp-json\/wp\/v2\/pages"}],"about":[{"href":"https:\/\/engind.es\/ca\/wp-json\/wp\/v2\/types\/page"}],"author":[{"embeddable":true,"href":"https:\/\/engind.es\/ca\/wp-json\/wp\/v2\/users\/1"}],"replies":[{"embeddable":true,"href":"https:\/\/engind.es\/ca\/wp-json\/wp\/v2\/comments?post=27836"}],"version-history":[{"count":7,"href":"https:\/\/engind.es\/ca\/wp-json\/wp\/v2\/pages\/27836\/revisions"}],"predecessor-version":[{"id":30795,"href":"https:\/\/engind.es\/ca\/wp-json\/wp\/v2\/pages\/27836\/revisions\/30795"}],"up":[{"embeddable":true,"href":"https:\/\/engind.es\/ca\/wp-json\/wp\/v2\/pages\/27807"}],"wp:featuredmedia":[{"embeddable":true,"href":"https:\/\/engind.es\/ca\/wp-json\/wp\/v2\/media\/29934"}],"wp:attachment":[{"href":"https:\/\/engind.es\/ca\/wp-json\/wp\/v2\/media?parent=27836"}],"wp:term":[{"taxonomy":"category","embeddable":true,"href":"https:\/\/engind.es\/ca\/wp-json\/wp\/v2\/categories?post=27836"}],"curies":[{"name":"wp","href":"https:\/\/api.w.org\/{rel}","templated":true}]}}