{"id":28177,"date":"2024-03-25T17:15:41","date_gmt":"2024-03-25T15:15:41","guid":{"rendered":"http:\/\/engind.es\/?page_id=28177"},"modified":"2025-04-07T10:51:34","modified_gmt":"2025-04-07T08:51:34","slug":"eficiencia-energetica","status":"publish","type":"page","link":"https:\/\/engind.es\/ca\/servicios-de-ingenieria-industrial\/eficiencia-energetica\/","title":{"rendered":"Efici\u00e8ncia energ\u00e8tica"},"content":{"rendered":"<p>[et_pb_section fb_built=\u00bb1&#8243; admin_label=\u00bbRelated Services\u00bb _builder_version=\u00bb4.16&#8243; background_color=\u00bb#f7f7f7&#8243; global_colors_info=\u00bb{}\u00bb][et_pb_row _builder_version=\u00bb4.19.5&#8243; _module_preset=\u00bbdefault\u00bb custom_padding=\u00bb0px|||||\u00bb global_colors_info=\u00bb{}\u00bb][et_pb_column type=\u00bb4_4&#8243; _builder_version=\u00bb4.19.5&#8243; _module_preset=\u00bbdefault\u00bb global_colors_info=\u00bb{}\u00bb][et_pb_text _builder_version=\u00bb4.24.2&#8243; _module_preset=\u00bbdefault\u00bb global_colors_info=\u00bb{}\u00bb]<\/p>\n<h2>Qu\u00e9 incluyen los servicios de <span>obras<\/span> de Engind?<\/h2>\n<p>&nbsp;<\/p>\n<p>Los servicios de obras de Engind abarcan desde el inicio hasta la finalizaci\u00f3n de la construcci\u00f3n, asegurando proyectos de alta calidad y sostenibilidad. Algunos ejemplos de nuestros servicios en este sector incluyen:<\/p>\n<ul><\/ul>\n<ul><\/ul>\n<ul>\n<li><strong>Estudio de coste de obra<\/strong>: Evaluamos detalladamente los costes para optimizar el presupuesto del proyecto.<\/li>\n<li><strong>Dise\u00f1o conceptual y b\u00e1sico con BIM<\/strong>: Utilizamos la tecnolog\u00eda BIM para planificar y visualizar el proyecto con precisi\u00f3n desde las fases iniciales.<\/li>\n<li><strong>Proyecto ejecutivo y administrativo con BIM<\/strong>: Desarrollamos documentaci\u00f3n completa y gestionamos tr\u00e1mites necesarios para la ejecuci\u00f3n.<\/li>\n<li><strong>Direcci\u00f3n facultativa<\/strong>: Supervisamos el proceso de construcci\u00f3n asegurando que se adhiera a los planes y est\u00e1ndares establecidos.<\/li>\n<li><strong>Certificaci\u00f3n final de obra<\/strong>: Verificamos y certificamos que la construcci\u00f3n cumple con todas las especificaciones y normativas.<\/li>\n<\/ul>\n<p>[\/et_pb_text][\/et_pb_column][\/et_pb_row][\/et_pb_section]<\/p>\n","protected":false},"excerpt":{"rendered":"<p>Qu\u00e9 incluyen los servicios de obras de Engind? &nbsp; Los servicios de obras de Engind abarcan desde el inicio hasta la finalizaci\u00f3n de la construcci\u00f3n, asegurando proyectos de alta calidad y sostenibilidad. Algunos ejemplos de nuestros servicios en este sector incluyen: Estudio de coste de obra: Evaluamos detalladamente los costes para optimizar el presupuesto del [&hellip;]<\/p>\n","protected":false},"author":1,"featured_media":30506,"parent":27802,"menu_order":0,"comment_status":"closed","ping_status":"closed","template":"","meta":{"_et_pb_use_builder":"on","_et_pb_old_content":"","_et_gb_content_width":"","pgc_sgb_lightbox_settings":"","footnotes":""},"categories":[],"class_list":["post-28177","page","type-page","status-publish","has-post-thumbnail","hentry"],"_links":{"self":[{"href":"https:\/\/engind.es\/ca\/wp-json\/wp\/v2\/pages\/28177","targetHints":{"allow":["GET"]}}],"collection":[{"href":"https:\/\/engind.es\/ca\/wp-json\/wp\/v2\/pages"}],"about":[{"href":"https:\/\/engind.es\/ca\/wp-json\/wp\/v2\/types\/page"}],"author":[{"embeddable":true,"href":"https:\/\/engind.es\/ca\/wp-json\/wp\/v2\/users\/1"}],"replies":[{"embeddable":true,"href":"https:\/\/engind.es\/ca\/wp-json\/wp\/v2\/comments?post=28177"}],"version-history":[{"count":8,"href":"https:\/\/engind.es\/ca\/wp-json\/wp\/v2\/pages\/28177\/revisions"}],"predecessor-version":[{"id":30573,"href":"https:\/\/engind.es\/ca\/wp-json\/wp\/v2\/pages\/28177\/revisions\/30573"}],"up":[{"embeddable":true,"href":"https:\/\/engind.es\/ca\/wp-json\/wp\/v2\/pages\/27802"}],"wp:featuredmedia":[{"embeddable":true,"href":"https:\/\/engind.es\/ca\/wp-json\/wp\/v2\/media\/30506"}],"wp:attachment":[{"href":"https:\/\/engind.es\/ca\/wp-json\/wp\/v2\/media?parent=28177"}],"wp:term":[{"taxonomy":"category","embeddable":true,"href":"https:\/\/engind.es\/ca\/wp-json\/wp\/v2\/categories?post=28177"}],"curies":[{"name":"wp","href":"https:\/\/api.w.org\/{rel}","templated":true}]}}