{"id":28530,"date":"2024-03-27T18:06:11","date_gmt":"2024-03-27T16:06:11","guid":{"rendered":"http:\/\/engind.es\/?page_id=28530"},"modified":"2025-08-22T13:30:36","modified_gmt":"2025-08-22T11:30:36","slug":"assessorament-legal-enginyeria","status":"publish","type":"page","link":"https:\/\/engind.es\/ca\/asesoramiento\/asesoramiento-legal-ingenieria\/","title":{"rendered":"Assessorament legal enginyeria"},"content":{"rendered":"\n[et_pb_section fb_built=\u00bb1&#8243; admin_label=\u00bbFAQ\u00bb _builder_version=\u00bb4.16&#8243; background_color=\u00bb#f7f7f7&#8243; global_colors_info=\u00bb{}\u00bb][et_pb_row column_structure=\u00bb1_3,2_3&#8243; _builder_version=\u00bb4.16&#8243; global_colors_info=\u00bb{}\u00bb][et_pb_column type=\u00bb1_3&#8243; _builder_version=\u00bb4.16&#8243; custom_padding=\u00bb|||\u00bb global_colors_info=\u00bb{}\u00bb custom_padding__hover=\u00bb|||\u00bb][et_pb_text _builder_version=\u00bb4.24.2&#8243; text_font=\u00bb||||||||\u00bb header_font=\u00bb||||||||\u00bb header_2_font=\u00bbRubik|700|||||||\u00bb header_2_font_size=\u00bb42px\u00bb header_2_line_height=\u00bb1.2em\u00bb custom_margin=\u00bb|||\u00bb custom_padding=\u00bb|||\u00bb header_2_font_size_tablet=\u00bb\u00bb header_2_font_size_phone=\u00bb36px\u00bb header_2_font_size_last_edited=\u00bbon|phone\u00bb locked=\u00bboff\u00bb global_colors_info=\u00bb{}\u00bb]<h2>Tipos de <span>Asesoramiento legal ingenier\u00eda<\/span><\/h2>[\/et_pb_text][et_pb_divider color=\u00bbgcid-30cfe7b1-3293-4278-ab8c-450d036427bd\u00bb divider_position=\u00bbcenter\u00bb divider_weight=\u00bb5px\u00bb _builder_version=\u00bb4.20.2&#8243; max_width=\u00bb50px\u00bb locked=\u00bboff\u00bb global_colors_info=\u00bb{%22gcid-30cfe7b1-3293-4278-ab8c-450d036427bd%22:%91%22color%22%93}\u00bb][\/et_pb_divider][et_pb_text _builder_version=\u00bb4.20.2&#8243; _module_preset=\u00bbdefault\u00bb global_colors_info=\u00bb{}\u00bb]<h2><b>De que nos encargamos<\/b><\/h2>[\/et_pb_text][et_pb_blurb title=\u00bbInterpretaci\u00f3n de normativas y regulaciones\u00bb use_icon=\u00bbon\u00bb font_icon=\u00bb&#x39;||divi||400&#8243; icon_color=\u00bbgcid-30cfe7b1-3293-4278-ab8c-450d036427bd\u00bb icon_placement=\u00bbleft\u00bb image_icon_width=\u00bb56px\u00bb content_max_width=\u00bb1100px\u00bb content_max_width_tablet=\u00bb1100px\u00bb content_max_width_last_edited=\u00bboff|desktop\u00bb _builder_version=\u00bb4.24.2&#8243; header_font=\u00bbRubik|700|||||||\u00bb header_line_height=\u00bb1.4em\u00bb body_font=\u00bb||||||||\u00bb body_text_color=\u00bb#000000&#8243; body_font_size=\u00bb15px\u00bb body_line_height=\u00bb1.8em\u00bb custom_margin=\u00bb|||\u00bb custom_padding=\u00bb|||\u00bb animation_direction=\u00bbright\u00bb animation=\u00bboff\u00bb icon_font_size=\u00bb56px\u00bb locked=\u00bboff\u00bb global_colors_info=\u00bb{%22gcid-30cfe7b1-3293-4278-ab8c-450d036427bd%22:%91%22icon_color%22%93}\u00bb][\/et_pb_blurb][et_pb_blurb title=\u00bbRedacci\u00f3n de contratos y acuerdos:\u00bb use_icon=\u00bbon\u00bb font_icon=\u00bb&#x39;||divi||400&#8243; icon_color=\u00bbgcid-30cfe7b1-3293-4278-ab8c-450d036427bd\u00bb icon_placement=\u00bbleft\u00bb image_icon_width=\u00bb56px\u00bb content_max_width=\u00bb1100px\u00bb content_max_width_tablet=\u00bb1100px\u00bb content_max_width_last_edited=\u00bboff|desktop\u00bb _builder_version=\u00bb4.24.2&#8243; header_font=\u00bbRubik|700|||||||\u00bb header_line_height=\u00bb1.4em\u00bb body_font=\u00bb||||||||\u00bb body_text_color=\u00bb#000000&#8243; body_font_size=\u00bb15px\u00bb body_line_height=\u00bb1.8em\u00bb custom_margin=\u00bb-21px||21px|||\u00bb custom_padding=\u00bb|||\u00bb animation_direction=\u00bbright\u00bb animation=\u00bboff\u00bb header_font_tablet=\u00bbRubik|700|||||||\u00bb header_font_phone=\u00bbRubik|700|||||||\u00bb header_font_last_edited=\u00bbon|desktop\u00bb icon_font_size=\u00bb56px\u00bb locked=\u00bboff\u00bb global_colors_info=\u00bb{%22gcid-30cfe7b1-3293-4278-ab8c-450d036427bd%22:%91%22icon_color%22%93}\u00bb]<ul>\n<li>Elaboraci\u00f3n de contratos de obra y servicios.<\/li>\n<li>Redacci\u00f3n de acuerdos de colaboraci\u00f3n y subcontrataci\u00f3n.<\/li>\n<li>Revisi\u00f3n y negociaci\u00f3n de t\u00e9rminos contractuales.<\/li>\n<\/ul>[\/et_pb_blurb][et_pb_blurb title=\u00bbResoluci\u00f3n de disputas legales\u00bb use_icon=\u00bbon\u00bb font_icon=\u00bb&#x39;||divi||400&#8243; icon_color=\u00bbgcid-30cfe7b1-3293-4278-ab8c-450d036427bd\u00bb icon_placement=\u00bbleft\u00bb image_icon_width=\u00bb56px\u00bb content_max_width=\u00bb1100px\u00bb content_max_width_tablet=\u00bb1100px\u00bb content_max_width_last_edited=\u00bboff|desktop\u00bb _builder_version=\u00bb4.24.2&#8243; header_font=\u00bbRubik|700|||||||\u00bb header_line_height=\u00bb1.4em\u00bb body_font=\u00bb||||||||\u00bb body_text_color=\u00bb#ffffff\u00bb body_font_size=\u00bb15px\u00bb body_line_height=\u00bb1.8em\u00bb custom_margin=\u00bb|||\u00bb custom_padding=\u00bb|||\u00bb animation_direction=\u00bbright\u00bb animation=\u00bboff\u00bb icon_font_size=\u00bb56px\u00bb locked=\u00bboff\u00bb global_colors_info=\u00bb{%22gcid-30cfe7b1-3293-4278-ab8c-450d036427bd%22:%91%22icon_color%22%93}\u00bb][\/et_pb_blurb][et_pb_blurb title=\u00bbRepresentaci\u00f3n ante autoridades competentes\u00bb use_icon=\u00bbon\u00bb font_icon=\u00bb&#x39;||divi||400&#8243; icon_color=\u00bbgcid-30cfe7b1-3293-4278-ab8c-450d036427bd\u00bb icon_placement=\u00bbleft\u00bb image_icon_width=\u00bb56px\u00bb content_max_width=\u00bb1100px\u00bb content_max_width_tablet=\u00bb1100px\u00bb content_max_width_last_edited=\u00bboff|desktop\u00bb _builder_version=\u00bb4.24.2&#8243; header_font=\u00bbRubik|700|||||||\u00bb header_line_height=\u00bb1.4em\u00bb body_font=\u00bb||||||||\u00bb body_text_color=\u00bb#ffffff\u00bb body_font_size=\u00bb15px\u00bb body_line_height=\u00bb1.8em\u00bb custom_margin=\u00bb|||\u00bb custom_padding=\u00bb|||\u00bb animation_direction=\u00bbright\u00bb animation=\u00bboff\u00bb icon_font_size=\u00bb56px\u00bb locked=\u00bboff\u00bb global_colors_info=\u00bb{%22gcid-30cfe7b1-3293-4278-ab8c-450d036427bd%22:%91%22icon_color%22%93}\u00bb][\/et_pb_blurb][et_pb_button button_url=\u00bb#contactar\u00bb button_text=\u00bbPIDE PRESUPUESTO\u00bb _builder_version=\u00bb4.20.2&#8243; custom_button=\u00bbon\u00bb button_text_size=\u00bb14px\u00bb button_text_color=\u00bbgcid-30cfe7b1-3293-4278-ab8c-450d036427bd\u00bb button_border_width=\u00bb4px\u00bb button_border_radius=\u00bb0px\u00bb button_letter_spacing=\u00bb4px\u00bb button_font=\u00bbRubik|700||on|||||\u00bb button_icon=\u00bb&#x24;||divi||400&#8243; custom_padding=\u00bb12px|30px|12px|30px|true|true\u00bb button_text_color_hover=\u00bb#ffffff\u00bb button_border_color_hover=\u00bb#ffb400&#8243; button_bg_color_hover=\u00bb#ffb400&#8243; locked=\u00bboff\u00bb global_colors_info=\u00bb{%22gcid-30cfe7b1-3293-4278-ab8c-450d036427bd%22:%91%22button_text_color%22,%22button_bg_color__hover%22,%22button_border_color__hover%22%93}\u00bb button_text_size__hover_enabled=\u00bboff\u00bb button_one_text_size__hover_enabled=\u00bboff\u00bb button_two_text_size__hover_enabled=\u00bboff\u00bb button_text_color__hover_enabled=\u00bbon|hover\u00bb button_text_color__hover=\u00bb#ffffff\u00bb button_one_text_color__hover_enabled=\u00bboff\u00bb button_two_text_color__hover_enabled=\u00bboff\u00bb button_border_width__hover_enabled=\u00bboff\u00bb button_one_border_width__hover_enabled=\u00bboff\u00bb button_two_border_width__hover_enabled=\u00bboff\u00bb button_border_color__hover_enabled=\u00bbon|desktop\u00bb button_border_color__hover=\u00bb#2e55a2&#8243; button_one_border_color__hover_enabled=\u00bboff\u00bb button_two_border_color__hover_enabled=\u00bboff\u00bb button_border_radius__hover_enabled=\u00bboff\u00bb button_one_border_radius__hover_enabled=\u00bboff\u00bb button_two_border_radius__hover_enabled=\u00bboff\u00bb button_letter_spacing__hover_enabled=\u00bboff\u00bb button_one_letter_spacing__hover_enabled=\u00bboff\u00bb button_two_letter_spacing__hover_enabled=\u00bboff\u00bb button_bg_color__hover_enabled=\u00bbon\u00bb button_bg_color__hover=\u00bb#2e55a2&#8243; button_one_bg_color__hover_enabled=\u00bboff\u00bb button_two_bg_color__hover_enabled=\u00bboff\u00bb button_bg_enable_color__hover=\u00bbon\u00bb][\/et_pb_button][\/et_pb_column][et_pb_column type=\u00bb2_3&#8243; _builder_version=\u00bb4.16&#8243; custom_padding=\u00bb|||\u00bb global_colors_info=\u00bb{}\u00bb custom_padding__hover=\u00bb|||\u00bb][et_pb_text _builder_version=\u00bb4.24.2&#8243; _module_preset=\u00bbdefault\u00bb global_colors_info=\u00bb{}\u00bb]<p style=\"text-align: justify;\">El servicio de <strong>Asesoramiento Legal Ingenier\u00eda<\/strong> de Engind es una combinaci\u00f3n perfecta entre el conocimiento t\u00e9cnico profundo de ingenieros especializados y la experiencia legal de profesionales del derecho. Esta sinergia permite abordar de manera integral y efectiva todos los aspectos legales relacionados con proyectos de ingenier\u00eda. Los arquitectos e ingenieros de Engind colaboran estrechamente con abogados especializados en normativas y regulaciones aplicables, lo que garantiza una comprensi\u00f3n completa de los desaf\u00edos legales y t\u00e9cnicos.<\/p>\n<p style=\"text-align: justify;\">En el mundo complejo de la ingenier\u00eda, el cumplimiento de las normativas legales es crucial. Por ello, <strong>nuestro equipo ofrece un an\u00e1lisis exhaustivo de la normativa relevante<\/strong> para cada proyecto, asegurando que se cumplan todos los requisitos legales y reglamentarios aplicables. Desde la planificaci\u00f3n inicial hasta la fase de ejecuci\u00f3n, nuestros expertos trabajan para identificar y resolver posibles problemas legales que puedan surgir.<\/p>\n<p style=\"text-align: justify;\">El <strong>asesoramiento legal especializado en ingenier\u00eda<\/strong> de Engind abarca una amplia gama de \u00e1reas, incluyendo la interpretaci\u00f3n de leyes y regulaciones espec\u00edficas, la redacci\u00f3n de contratos y acuerdos, la resoluci\u00f3n de disputas legales y la representaci\u00f3n ante autoridades competentes. Adem\u00e1s, proporcionamos orientaci\u00f3n estrat\u00e9gica para minimizar riesgos legales y asegurar la viabilidad a largo plazo de los proyectos.<\/p>\n<p style=\"text-align: justify;\">Al optar por el servicio de <strong>Asesoramiento Legal Ingenier\u00eda<\/strong> de Engind, nuestros clientes pueden confiar en que recibir\u00e1n una asistencia integral y experta en todas las cuestiones legales relacionadas con sus proyectos de ingenier\u00eda.<\/p>[\/et_pb_text][et_pb_accordion closed_toggle_text_color=\u00bb#2a2a2a\u00bb closed_toggle_background_color=\u00bb#ffffff\u00bb icon_color=\u00bbgcid-30cfe7b1-3293-4278-ab8c-450d036427bd\u00bb _builder_version=\u00bb4.21.0&#8243; toggle_font=\u00bbRubik|700|||||||\u00bb toggle_font_size=\u00bb18px\u00bb toggle_line_height=\u00bb1.4em\u00bb body_font=\u00bb||||||||\u00bb body_font_size=\u00bb15px\u00bb body_line_height=\u00bb1.8em\u00bb custom_margin=\u00bb|||\u00bb custom_padding=\u00bb|||\u00bb rank_math_faq_schema=\u00bbon\u00bb border_width_all=\u00bb0px\u00bb global_colors_info=\u00bb{%22gcid-30cfe7b1-3293-4278-ab8c-450d036427bd%22:%91%22icon_color%22%93}\u00bb][et_pb_accordion_item title=\u00bbConstrucci\u00f3n de infraestructuras\u00bb open=\u00bbon\u00bb _builder_version=\u00bb4.21.0&#8243; custom_margin=\u00bb1px||1px||true\u00bb global_colors_info=\u00bb{}\u00bb]<p>Nos encargamos de supervisar y controlar todo tipo de construcciones. Nuestro objetivo es garantizar que los proyectos se desarrollen de acuerdo con los est\u00e1ndares de calidad, seguridad y eficiencia establecidos.<\/p>[\/et_pb_accordion_item][et_pb_accordion_item title=\u00bbDesarrollo de proyectos residenciales y comerciales\u00bb _builder_version=\u00bb4.21.0&#8243; custom_margin=\u00bb1px||1px||true\u00bb global_colors_info=\u00bb{}\u00bb open=\u00bboff\u00bb]<p><span>Trabajamos en estrecha colaboraci\u00f3n con promotores inmobiliarios y constructores para supervisar el desarrollo de proyectos residenciales y comerciales. <\/span><\/p>\n<p><span>Nuestro equipo se asegura de que se cumplan todos los requisitos legales y t\u00e9cnicos, y de que los proyectos se entreguen dentro de los plazos y presupuestos establecidos.<\/span><\/p>[\/et_pb_accordion_item][et_pb_accordion_item title=\u00bbEnerg\u00edas renovables\u00bb _builder_version=\u00bb4.21.0&#8243; custom_margin=\u00bb1px||1px||true\u00bb global_colors_info=\u00bb{}\u00bb open=\u00bboff\u00bb]<p><span>En el campo de las energ\u00edas renovables, proporcionamos servicios de project monitoring para proyectos de energ\u00eda solar, e\u00f3lica, hidroel\u00e9ctrica y biomasa. Supervisamos la construcci\u00f3n de plantas de energ\u00eda renovable, asegur\u00e1ndonos de que se cumplan los est\u00e1ndares de eficiencia y sostenibilidad.<\/span><\/p>[\/et_pb_accordion_item][et_pb_accordion_item title=\u00bbProyectos industriales\u00bb _builder_version=\u00bb4.21.0&#8243; custom_margin=\u00bb1px||1px||true\u00bb global_colors_info=\u00bb{}\u00bb open=\u00bboff\u00bb]<p><span>Trabajamos con empresas del sector industrial para supervisar la construcci\u00f3n de plantas de producci\u00f3n, f\u00e1bricas, <a href=\"https:\/\/engind.es\/sectores\/ingenieria-para-logistica\">centros log\u00edsticos<\/a> y otros proyectos industriales. Nuestro enfoque se centra en garantizar la eficiencia de los procesos, la seguridad laboral y el cumplimiento de las normativas ambientales.<\/span><\/p>[\/et_pb_accordion_item][et_pb_accordion_item title=\u00bbProyectos de infraestructuras p\u00fablicas\u00bb title_tablet=\u00bbProyectos de infraestructuras p\u00fablicas\u00bb title_phone=\u00bbProyectos de infraestructuras p\u00fablicas\u00bb title_last_edited=\u00bbon|desktop\u00bb _builder_version=\u00bb4.21.0&#8243; custom_margin=\u00bb1px||1px||true\u00bb global_colors_info=\u00bb{}\u00bb open=\u00bboff\u00bb]<p><span>Colaboramos con entidades p\u00fablicas para supervisar la construcci\u00f3n de proyectos de infraestructuras como hospitales, escuelas, instalaciones deportivas y centros comunitarios. <\/span><\/p>\n<p><span>Nuestro objetivo es asegurar que estos proyectos cumplan con los requisitos y necesidades de la comunidad, garantizando al mismo tiempo la calidad y la sostenibilidad.<\/span><\/p>[\/et_pb_accordion_item][\/et_pb_accordion][\/et_pb_column][\/et_pb_row][\/et_pb_section][et_pb_section fb_built=\u00bb1&#8243; admin_label=\u00bbAbout\u00bb _builder_version=\u00bb4.16&#8243; global_colors_info=\u00bb{}\u00bb][et_pb_row column_structure=\u00bb1_5,1_5,1_5,1_5,1_5&#8243; _builder_version=\u00bb4.20.0&#8243; _module_preset=\u00bbdefault\u00bb global_colors_info=\u00bb{}\u00bb][et_pb_column type=\u00bb1_5&#8243; _builder_version=\u00bb4.20.0&#8243; _module_preset=\u00bbdefault\u00bb global_colors_info=\u00bb{}\u00bb][et_pb_image src=\u00bbhttps:\/\/engind.es\/wp-content\/uploads\/2024\/03\/ambientales5.jpg\u00bb alt=\u00bbproject monitoring\u00bb title_text=\u00bbambientales5&#8243; _builder_version=\u00bb4.24.2&#8243; _module_preset=\u00bbdefault\u00bb global_colors_info=\u00bb{}\u00bb][\/et_pb_image][\/et_pb_column][et_pb_column type=\u00bb1_5&#8243; _builder_version=\u00bb4.20.0&#8243; _module_preset=\u00bbdefault\u00bb global_colors_info=\u00bb{}\u00bb][et_pb_image src=\u00bbhttps:\/\/engind.es\/wp-content\/uploads\/2024\/03\/ambientales6.jpg\u00bb alt=\u00bbproject monitoring\u00bb title_text=\u00bbambientales6&#8243; _builder_version=\u00bb4.24.2&#8243; _module_preset=\u00bbdefault\u00bb global_colors_info=\u00bb{}\u00bb][\/et_pb_image][\/et_pb_column][et_pb_column type=\u00bb1_5&#8243; _builder_version=\u00bb4.20.0&#8243; _module_preset=\u00bbdefault\u00bb global_colors_info=\u00bb{}\u00bb][et_pb_image src=\u00bbhttps:\/\/engind.es\/wp-content\/uploads\/2024\/03\/ambientales7.jpg\u00bb alt=\u00bbproject monitoring\u00bb title_text=\u00bbambientales7&#8243; _builder_version=\u00bb4.24.2&#8243; _module_preset=\u00bbdefault\u00bb global_colors_info=\u00bb{}\u00bb][\/et_pb_image][\/et_pb_column][et_pb_column type=\u00bb1_5&#8243; _builder_version=\u00bb4.20.0&#8243; _module_preset=\u00bbdefault\u00bb global_colors_info=\u00bb{}\u00bb][et_pb_image src=\u00bbhttps:\/\/engind.es\/wp-content\/uploads\/2024\/03\/ambientales8.jpg\u00bb alt=\u00bbproject monitoring\u00bb title_text=\u00bbambientales8&#8243; _builder_version=\u00bb4.24.2&#8243; _module_preset=\u00bbdefault\u00bb global_colors_info=\u00bb{}\u00bb][\/et_pb_image][\/et_pb_column][et_pb_column type=\u00bb1_5&#8243; _builder_version=\u00bb4.20.0&#8243; _module_preset=\u00bbdefault\u00bb global_colors_info=\u00bb{}\u00bb][et_pb_image src=\u00bbhttps:\/\/engind.es\/wp-content\/uploads\/2024\/03\/ambientales9.jpg\u00bb alt=\u00bbproject monitoring\u00bb title_text=\u00bbambientales9&#8243; _builder_version=\u00bb4.24.2&#8243; _module_preset=\u00bbdefault\u00bb global_colors_info=\u00bb{}\u00bb][\/et_pb_image][\/et_pb_column][\/et_pb_row][\/et_pb_section][et_pb_section fb_built=\u00bb1&#8243; admin_label=\u00bb Get a Quote\u00bb _builder_version=\u00bb4.16&#8243; custom_padding=\u00bb|||\u00bb animation_style=\u00bbslide\u00bb animation_direction=\u00bbtop\u00bb animation_intensity_slide=\u00bb10%\u00bb box_shadow_style=\u00bbpreset3&#8243; box_shadow_vertical=\u00bb10px\u00bb box_shadow_blur=\u00bb105px\u00bb box_shadow_spread=\u00bb0px\u00bb box_shadow_color=\u00bbrgba(0,0,0,0.12)\u00bb global_colors_info=\u00bb{}\u00bb][et_pb_row column_structure=\u00bb1_2,1_2&#8243; _builder_version=\u00bb4.20.2&#8243; _module_preset=\u00bbdefault\u00bb custom_margin=\u00bb32px|auto||auto||\u00bb custom_padding=\u00bb2px|||||\u00bb global_colors_info=\u00bb{}\u00bb][et_pb_column type=\u00bb1_2&#8243; _builder_version=\u00bb4.20.2&#8243; _module_preset=\u00bbdefault\u00bb global_colors_info=\u00bb{}\u00bb][et_pb_text _builder_version=\u00bb4.20.2&#8243; _module_preset=\u00bbdefault\u00bb custom_margin=\u00bb-29px|||||\u00bb global_colors_info=\u00bb{}\u00bb]<h2>Con Engind tendr\u00e1s acceso a&#8230;<\/h2>\n<p>Engind es una empresa l\u00edder en soluciones de MEP BIM, dedicada a proporcionar <strong>servicios innovadores y de alta calidad<\/strong> en dise\u00f1o, coordinaci\u00f3n y gesti\u00f3n de proyectos. Nuestro equipo de expertos en ingenier\u00eda est\u00e1 listo para abordar tus desaf\u00edos, garantizando la m\u00e1xima eficiencia y un retorno de inversi\u00f3n inigualable.<\/p>[\/et_pb_text][\/et_pb_column][et_pb_column type=\u00bb1_2&#8243; _builder_version=\u00bb4.20.2&#8243; _module_preset=\u00bbdefault\u00bb global_colors_info=\u00bb{}\u00bb][et_pb_tabs _builder_version=\u00bb4.20.2&#8243; _module_preset=\u00bbdefault\u00bb global_colors_info=\u00bb{}\u00bb][et_pb_tab title=\u00bb\ud83d\udd27 Instalaciones\u00bb _builder_version=\u00bb4.20.2&#8243; _module_preset=\u00bbdefault\u00bb global_colors_info=\u00bb{}\u00bb]<p>Nuestros ingenieros especializados en MEP BIM trabajan con la tecnolog\u00eda m\u00e1s avanzada para dise\u00f1ar sistemas eficientes y sostenibles, optimizando el uso de recursos y reduciendo costos.<\/p>[\/et_pb_tab][et_pb_tab title=\u00bb\u26a1 Coordinaci\u00f3n\u00bb _builder_version=\u00bb4.20.2&#8243; _module_preset=\u00bbdefault\u00bb global_colors_info=\u00bb{}\u00bb]<p>Engind se encarga de la coordinaci\u00f3n entre los diferentes equipos y disciplinas, asegurando una comunicaci\u00f3n fluida y la resoluci\u00f3n de conflictos antes de la construcci\u00f3n.<\/p>[\/et_pb_tab][et_pb_tab title=\u00bb\ud83d\udcca Gesti\u00f3n\u00bb _builder_version=\u00bb4.20.2&#8243; _module_preset=\u00bbdefault\u00bb global_colors_info=\u00bb{}\u00bb]<p>Nuestro enfoque en BIM nos permite monitorear y controlar cada aspecto de tu proyecto, desde la etapa de dise\u00f1o hasta la finalizaci\u00f3n, reduciendo los riesgos y garantizando la entrega a tiempo y dentro del presupuesto.<\/p>[\/et_pb_tab][\/et_pb_tabs][\/et_pb_column][\/et_pb_row][\/et_pb_section]\n","protected":false},"excerpt":{"rendered":"<p>Tipos de Asesoramiento legal ingenier\u00edaDe que nos encargamos Elaboraci\u00f3n de contratos de obra y servicios. Redacci\u00f3n de acuerdos de colaboraci\u00f3n y subcontrataci\u00f3n. Revisi\u00f3n y negociaci\u00f3n de t\u00e9rminos contractuales. El servicio de Asesoramiento Legal Ingenier\u00eda de Engind es una combinaci\u00f3n perfecta entre el conocimiento t\u00e9cnico profundo de ingenieros especializados y la experiencia legal de profesionales del [&hellip;]<\/p>\n","protected":false},"author":1,"featured_media":30520,"parent":29812,"menu_order":0,"comment_status":"closed","ping_status":"closed","template":"","meta":{"_et_pb_use_builder":"on","_et_pb_old_content":"","_et_gb_content_width":"","pgc_sgb_lightbox_settings":"","footnotes":""},"categories":[],"class_list":["post-28530","page","type-page","status-publish","has-post-thumbnail","hentry"],"_links":{"self":[{"href":"https:\/\/engind.es\/ca\/wp-json\/wp\/v2\/pages\/28530","targetHints":{"allow":["GET"]}}],"collection":[{"href":"https:\/\/engind.es\/ca\/wp-json\/wp\/v2\/pages"}],"about":[{"href":"https:\/\/engind.es\/ca\/wp-json\/wp\/v2\/types\/page"}],"author":[{"embeddable":true,"href":"https:\/\/engind.es\/ca\/wp-json\/wp\/v2\/users\/1"}],"replies":[{"embeddable":true,"href":"https:\/\/engind.es\/ca\/wp-json\/wp\/v2\/comments?post=28530"}],"version-history":[{"count":7,"href":"https:\/\/engind.es\/ca\/wp-json\/wp\/v2\/pages\/28530\/revisions"}],"predecessor-version":[{"id":30788,"href":"https:\/\/engind.es\/ca\/wp-json\/wp\/v2\/pages\/28530\/revisions\/30788"}],"up":[{"embeddable":true,"href":"https:\/\/engind.es\/ca\/wp-json\/wp\/v2\/pages\/29812"}],"wp:featuredmedia":[{"embeddable":true,"href":"https:\/\/engind.es\/ca\/wp-json\/wp\/v2\/media\/30520"}],"wp:attachment":[{"href":"https:\/\/engind.es\/ca\/wp-json\/wp\/v2\/media?parent=28530"}],"wp:term":[{"taxonomy":"category","embeddable":true,"href":"https:\/\/engind.es\/ca\/wp-json\/wp\/v2\/categories?post=28530"}],"curies":[{"name":"wp","href":"https:\/\/api.w.org\/{rel}","templated":true}]}}