{"id":28718,"date":"2024-05-28T23:06:52","date_gmt":"2024-05-28T21:06:52","guid":{"rendered":"http:\/\/engind.es\/?page_id=28718"},"modified":"2025-04-01T23:30:59","modified_gmt":"2025-04-01T21:30:59","slug":"projectes-denginyeria-3","status":"publish","type":"page","link":"https:\/\/engind.es\/ca\/proyectos-ingenieria\/","title":{"rendered":"Projectes d&#039;enginyeria"},"content":{"rendered":"<p>[et_pb_section fb_built=\u00bb1&#8243; admin_label=\u00bbFAQ\u00bb _builder_version=\u00bb4.16&#8243; background_color=\u00bb#f7f7f7&#8243; global_colors_info=\u00bb{}\u00bb][et_pb_row column_structure=\u00bb1_3,2_3&#8243; _builder_version=\u00bb4.16&#8243; global_colors_info=\u00bb{}\u00bb][et_pb_column type=\u00bb1_3&#8243; _builder_version=\u00bb4.16&#8243; custom_padding=\u00bb|||\u00bb global_colors_info=\u00bb{}\u00bb custom_padding__hover=\u00bb|||\u00bb][et_pb_text _builder_version=\u00bb4.25.1&#8243; text_font=\u00bb||||||||\u00bb header_font=\u00bb||||||||\u00bb header_2_font=\u00bbRubik|700|||||||\u00bb header_2_font_size=\u00bb42px\u00bb header_2_line_height=\u00bb1.2em\u00bb custom_margin=\u00bb|||\u00bb custom_padding=\u00bb|||\u00bb header_2_font_size_tablet=\u00bb\u00bb header_2_font_size_phone=\u00bb36px\u00bb header_2_font_size_last_edited=\u00bbon|phone\u00bb locked=\u00bboff\u00bb global_colors_info=\u00bb{}\u00bb]<\/p>\n<h2>Fases del Proyecto de ingenier\u00eda<\/h2>\n<p>[\/et_pb_text][et_pb_divider color=\u00bbgcid-30cfe7b1-3293-4278-ab8c-450d036427bd\u00bb divider_position=\u00bbcenter\u00bb divider_weight=\u00bb5px\u00bb _builder_version=\u00bb4.20.2&#8243; max_width=\u00bb50px\u00bb locked=\u00bboff\u00bb global_colors_info=\u00bb{%22gcid-30cfe7b1-3293-4278-ab8c-450d036427bd%22:%91%22color%22%93}\u00bb][\/et_pb_divider][et_pb_text _builder_version=\u00bb4.20.2&#8243; _module_preset=\u00bbdefault\u00bb global_colors_info=\u00bb{}\u00bb]<\/p>\n<h2><strong>QU\u00c9 NOS DISTINGUE<\/strong><\/h2>\n<p>[\/et_pb_text][et_pb_blurb title=\u00bbSolucionamos los problemas de nuestros clientes y los hacemos nuestros.\u00bb use_icon=\u00bbon\u00bb font_icon=\u00bb&#x39;||divi||400&#8243; icon_color=\u00bbgcid-30cfe7b1-3293-4278-ab8c-450d036427bd\u00bb icon_placement=\u00bbleft\u00bb image_icon_width=\u00bb56px\u00bb content_max_width=\u00bb1100px\u00bb content_max_width_tablet=\u00bb1100px\u00bb content_max_width_last_edited=\u00bboff|desktop\u00bb _builder_version=\u00bb4.20.2&#8243; header_font=\u00bbRubik|700|||||||\u00bb header_line_height=\u00bb1.4em\u00bb body_font=\u00bb||||||||\u00bb body_text_color=\u00bb#ffffff\u00bb body_font_size=\u00bb15px\u00bb body_line_height=\u00bb1.8em\u00bb custom_margin=\u00bb|||\u00bb custom_padding=\u00bb|||\u00bb animation_direction=\u00bbright\u00bb animation=\u00bboff\u00bb icon_font_size=\u00bb56px\u00bb locked=\u00bboff\u00bb global_colors_info=\u00bb{%22gcid-30cfe7b1-3293-4278-ab8c-450d036427bd%22:%91%22icon_color%22%93}\u00bb][\/et_pb_blurb][et_pb_blurb title=\u00bbSomos todos un equipo y siempre queremos mejorar y optimizar.\u00bb use_icon=\u00bbon\u00bb font_icon=\u00bb&#x39;||divi||400&#8243; icon_color=\u00bbgcid-30cfe7b1-3293-4278-ab8c-450d036427bd\u00bb icon_placement=\u00bbleft\u00bb image_icon_width=\u00bb56px\u00bb content_max_width=\u00bb1100px\u00bb content_max_width_tablet=\u00bb1100px\u00bb content_max_width_last_edited=\u00bboff|desktop\u00bb _builder_version=\u00bb4.20.2&#8243; header_font=\u00bbRubik|700|||||||\u00bb header_line_height=\u00bb1.4em\u00bb body_font=\u00bb||||||||\u00bb body_text_color=\u00bb#ffffff\u00bb body_font_size=\u00bb15px\u00bb body_line_height=\u00bb1.8em\u00bb custom_margin=\u00bb-21px||21px|||\u00bb custom_padding=\u00bb|||\u00bb animation_direction=\u00bbright\u00bb animation=\u00bboff\u00bb header_font_tablet=\u00bbRubik|700|||||||\u00bb header_font_phone=\u00bbRubik|700|||||||\u00bb header_font_last_edited=\u00bbon|desktop\u00bb icon_font_size=\u00bb56px\u00bb locked=\u00bboff\u00bb global_colors_info=\u00bb{%22gcid-30cfe7b1-3293-4278-ab8c-450d036427bd%22:%91%22icon_color%22%93}\u00bb][\/et_pb_blurb][et_pb_blurb title=\u00bbSomos tecnol\u00f3gicos tanto en la gesti\u00f3n, los procesos, como en las nuevas tecnolog\u00edas aplicadas a la ingenier\u00eda construcci\u00f3n.\u00bb use_icon=\u00bbon\u00bb font_icon=\u00bb&#x39;||divi||400&#8243; icon_color=\u00bbgcid-30cfe7b1-3293-4278-ab8c-450d036427bd\u00bb icon_placement=\u00bbleft\u00bb image_icon_width=\u00bb56px\u00bb content_max_width=\u00bb1100px\u00bb content_max_width_tablet=\u00bb1100px\u00bb content_max_width_last_edited=\u00bboff|desktop\u00bb _builder_version=\u00bb4.20.2&#8243; header_font=\u00bbRubik|700|||||||\u00bb header_line_height=\u00bb1.4em\u00bb body_font=\u00bb||||||||\u00bb body_text_color=\u00bb#ffffff\u00bb body_font_size=\u00bb15px\u00bb body_line_height=\u00bb1.8em\u00bb custom_margin=\u00bb|||\u00bb custom_padding=\u00bb|||\u00bb animation_direction=\u00bbright\u00bb animation=\u00bboff\u00bb icon_font_size=\u00bb56px\u00bb locked=\u00bboff\u00bb global_colors_info=\u00bb{%22gcid-30cfe7b1-3293-4278-ab8c-450d036427bd%22:%91%22icon_color%22%93}\u00bb][\/et_pb_blurb][et_pb_button button_url=\u00bb#contactar\u00bb button_text=\u00bbPIDE PRESUPUESTO\u00bb _builder_version=\u00bb4.20.2&#8243; custom_button=\u00bbon\u00bb button_text_size=\u00bb14px\u00bb button_text_color=\u00bbgcid-30cfe7b1-3293-4278-ab8c-450d036427bd\u00bb button_border_width=\u00bb4px\u00bb button_border_radius=\u00bb0px\u00bb button_letter_spacing=\u00bb4px\u00bb button_font=\u00bbRubik|700||on|||||\u00bb button_icon=\u00bb&#x24;||divi||400&#8243; custom_padding=\u00bb12px|30px|12px|30px|true|true\u00bb button_text_color_hover=\u00bb#ffffff\u00bb button_border_color_hover=\u00bb#ffb400&#8243; button_bg_color_hover=\u00bb#ffb400&#8243; locked=\u00bboff\u00bb global_colors_info=\u00bb{%22gcid-30cfe7b1-3293-4278-ab8c-450d036427bd%22:%91%22button_text_color%22,%22button_bg_color__hover%22,%22button_border_color__hover%22%93}\u00bb button_text_size__hover_enabled=\u00bboff\u00bb button_one_text_size__hover_enabled=\u00bboff\u00bb button_two_text_size__hover_enabled=\u00bboff\u00bb button_text_color__hover_enabled=\u00bbon|hover\u00bb button_text_color__hover=\u00bb#ffffff\u00bb button_one_text_color__hover_enabled=\u00bboff\u00bb button_two_text_color__hover_enabled=\u00bboff\u00bb button_border_width__hover_enabled=\u00bboff\u00bb button_one_border_width__hover_enabled=\u00bboff\u00bb button_two_border_width__hover_enabled=\u00bboff\u00bb button_border_color__hover_enabled=\u00bbon|desktop\u00bb button_border_color__hover=\u00bb#2e55a2&#8243; button_one_border_color__hover_enabled=\u00bboff\u00bb button_two_border_color__hover_enabled=\u00bboff\u00bb button_border_radius__hover_enabled=\u00bboff\u00bb button_one_border_radius__hover_enabled=\u00bboff\u00bb button_two_border_radius__hover_enabled=\u00bboff\u00bb button_letter_spacing__hover_enabled=\u00bboff\u00bb button_one_letter_spacing__hover_enabled=\u00bboff\u00bb button_two_letter_spacing__hover_enabled=\u00bboff\u00bb button_bg_color__hover_enabled=\u00bbon\u00bb button_bg_color__hover=\u00bb#2e55a2&#8243; button_one_bg_color__hover_enabled=\u00bboff\u00bb button_two_bg_color__hover_enabled=\u00bboff\u00bb button_bg_enable_color__hover=\u00bbon\u00bb][\/et_pb_button][\/et_pb_column][et_pb_column type=\u00bb2_3&#8243; _builder_version=\u00bb4.16&#8243; custom_padding=\u00bb|||\u00bb global_colors_info=\u00bb{}\u00bb custom_padding__hover=\u00bb|||\u00bb][et_pb_accordion closed_toggle_text_color=\u00bb#2a2a2a\u00bb closed_toggle_background_color=\u00bb#ffffff\u00bb icon_color=\u00bbgcid-30cfe7b1-3293-4278-ab8c-450d036427bd\u00bb _builder_version=\u00bb4.20.2&#8243; toggle_font=\u00bbRubik|700|||||||\u00bb toggle_font_size=\u00bb18px\u00bb toggle_line_height=\u00bb1.4em\u00bb body_font=\u00bb||||||||\u00bb body_font_size=\u00bb15px\u00bb body_line_height=\u00bb1.8em\u00bb custom_margin=\u00bb|||\u00bb custom_padding=\u00bb|||\u00bb rank_math_faq_schema=\u00bbon\u00bb border_width_all=\u00bb0px\u00bb global_colors_info=\u00bb{%22gcid-30cfe7b1-3293-4278-ab8c-450d036427bd%22:%91%22icon_color%22%93}\u00bb][et_pb_accordion_item title=\u00bbFASE 1. DISE\u00d1O CONCEPTUAL\u00bb open=\u00bbon\u00bb _builder_version=\u00bb4.20.0&#8243; custom_margin=\u00bb1px||1px||true\u00bb global_colors_info=\u00bb{}\u00bb]<\/p>\n<p>Recopilaci\u00f3n de toda la documentaci\u00f3n necesaria por la elaboraci\u00f3n del proyecto. Realizaci\u00f3n de una implantaci\u00f3n a nivel conceptual en base a los<br \/>requerimientos normativos Urban\u00edsticos y a las necesidades funcionales del cliente.<\/p>\n<p>&nbsp;<\/p>\n<h4>Documentaci\u00f3n y servicios relacionados<\/h4>\n<ol>\n<li>Hoja de pedido. Firma de la documentaci\u00f3n<\/li>\n<li>Gesti\u00f3n de seguros al promotor<\/li>\n<li>Estudio de viabilidad<\/li>\n<li>Planificaci\u00f3n del proyecto<\/li>\n<li>Definici\u00f3n de Agentes (promotor, proyectista, otros.)<\/li>\n<li>Technical Due Diligence. Emplazamiento, entorno f\u00edsico, normativa urban\u00edstica.<br \/>\u2022 Catastro<br \/>\u2022 Estudio Geot\u00e9cnico<br \/>\u2022 Estudio Topogr\u00e1fico.<br \/>\u2022 Nube de puntos (opcional, edificaciones existentes).<br \/>\u2022 Recepci\u00f3n de la informaci\u00f3n a suministrar por el cliente (documentaci\u00f3n gr\u00e1fica, potencias, otras.)<br \/>\u2022 Estudio Contaminaci\u00f3n del terreno (opcional).<br \/>\u2022 Estudio inundabilidad (opcional).<br \/>\u2022 Legal Due Diligence.<\/li>\n<li>Recopilaci\u00f3n requerimientos del cliente.<br \/>\u2022 Requerimientos funcionales<br \/>\u2022 Requerimientos constructivos (sistema estructural, acabados, otros).<\/li>\n<li>Documentaci\u00f3n gr\u00e1fica dise\u00f1o conceptual, descripci\u00f3n edificio.<\/li>\n<\/ol>\n<p>[\/et_pb_accordion_item][et_pb_accordion_item title=\u00bbFASE 2A. DISE\u00d1O B\u00c1SICO\u00bb _builder_version=\u00bb4.20.0&#8243; custom_margin=\u00bb1px||1px||true\u00bb global_colors_info=\u00bb{}\u00bb open=\u00bboff\u00bb]<\/p>\n<p>An\u00e1lisis y desarrollo de la implantaci\u00f3n inicial con el objetivo de redactar un proyecto b\u00e1sico que permita la tramitaci\u00f3n de la licencia de obras.<\/p>\n<p>&nbsp;<\/p>\n<h3>Documentaci\u00f3n y servicios relacionados<\/h3>\n<ol>\n<li>Configuraci\u00f3n del equipo de proyecto.<\/li>\n<li>Dise\u00f1o inicial, proyecto b\u00e1sico:<br \/>\u2022 Determinar el nivel de detalle y definici\u00f3n param\u00e9trico del modelo.<br \/>\u2022 Checklist normativo.<br \/>\u2022 Mediciones generales<br \/>\u2022 Presupuesto estimativo (Ratio\/m2).<br \/>\u2022 Memoria b\u00e1sica<br \/>\u2022 Documentaci\u00f3n gr\u00e1fica.<br \/>\u2022 Estudio de seguridad y salud<\/li>\n<li>Acta de aceptaci\u00f3n parcial del dise\u00f1o.<span>\u00a0<\/span><strong>Firma de la documentaci\u00f3n.<\/strong><\/li>\n<\/ol>\n<p>[\/et_pb_accordion_item][et_pb_accordion_item title=\u00bbFASE 2B. MODIFICACI\u00d3N DISE\u00d1O\u00bb _builder_version=\u00bb4.20.0&#8243; custom_margin=\u00bb1px||1px||true\u00bb global_colors_info=\u00bb{}\u00bb open=\u00bboff\u00bb]<\/p>\n<p>Antes de iniciar la tramitaci\u00f3n del proyecto b\u00e1sico, se presentar\u00e1 el proyecto al cliente para obtener su aprobaci\u00f3n final y\/o la introducci\u00f3n de cambios al dise\u00f1o.<\/p>\n<p>&nbsp;<\/p>\n<h3>Documentaci\u00f3n y servicios relacionados<\/h3>\n<ol>\n<li>Dise\u00f1o modificado, proyecto b\u00e1sico:<br \/>\u2022 Determinar el nivel de detalle y definici\u00f3n param\u00e9trico del modelo.<br \/>\u2022 Checklist normativo.<br \/>\u2022 Mediciones generales<br \/>\u2022 Presupuesto estimativo (Ratio\/m2).<br \/>\u2022 Memoria b\u00e1sica<br \/>\u2022 Documentaci\u00f3n gr\u00e1fica.<br \/>\u2022 Estudio de seguridad y salud<\/li>\n<\/ol>\n<p>[\/et_pb_accordion_item][et_pb_accordion_item title=\u00bbFASE 3A. DISE\u00d1O EJECUTIVO\u00bb _builder_version=\u00bb4.20.0&#8243; custom_margin=\u00bb1px||1px||true\u00bb global_colors_info=\u00bb{}\u00bb open=\u00bboff\u00bb]<\/p>\n<p>Desarrollo del proyecto ejecutivo, proyecto de detalle, el cual permite la correcta ejecuci\u00f3n de la obra.<\/p>\n<p>&nbsp;<\/p>\n<h3>Documentaci\u00f3n y servicios relacionados<\/h3>\n<p><strong>Proyecto ejecutivo:<\/strong><\/p>\n<ol>\n<li>Memoria ejecutiva:<br \/>\u2013 Geot\u00e9cnico<br \/>\u2013 C\u00e1lculo estructuras.<br \/>\u2013 C\u00e1lculo cimentaciones<br \/>\u2013 CTE DB SI i RSCIEI. (Protecci\u00f3n contra incendios)<br \/>\u2013 CTE DB SUA. (Seguridad Uso y accesibilidad).<br \/>\u2013 CTE DB HS. Salubridad<br \/>\u2013 CTE DB HR Protecci\u00f3n contra el ruido<br \/>\u2013 CTE<\/li>\n<li>Mediciones<\/li>\n<li>Presupuesto<\/li>\n<li>Documentaci\u00f3n gr\u00e1fica<\/li>\n<li>Especificaciones t\u00e9cnicas<\/li>\n<li>Planificaci\u00f3n de obra<\/li>\n<li>Sostenibilidad<\/li>\n<\/ol>\n<p>[\/et_pb_accordion_item][et_pb_accordion_item title=\u00bbFASE 3B. PROYECTO INSTALACIONES\u00bb _builder_version=\u00bb4.20.0&#8243; custom_margin=\u00bb1px||1px||true\u00bb global_colors_info=\u00bb{}\u00bb open=\u00bboff\u00bb]<\/p>\n<p>Desarrollo del proyecto de instalaciones en base a los requerimientos de la vigente normativa sectorial de aplicaci\u00f3n.<\/p>\n<p>&nbsp;<\/p>\n<h3>Documentaci\u00f3n y servicios relacionados<\/h3>\n<p><strong>Proyecto:<\/strong><\/p>\n<ol>\n<li>Memoria<br \/>Descripci\u00f3n instalaci\u00f3nciones<br \/>\u2022 C\u00e1lculo y dise\u00f1o de instalaciones.<br \/>\u2022 CTE DB SI i RSCIEI. Protecci\u00f3n contra incendios<br \/>\u2022 CTE DB HS. Salubridad<br \/>\u2022 CTE DB HE Ahorro energ\u00e9tico.<br \/>\u2022 REBT, Reglamento electrot\u00e9cnico de Baja Tensi\u00f3n<br \/>\u2022 RITE, Reglamento de instal\u00b7laciones T\u00e9rmicas en edificios<\/li>\n<li>Mediciones.<\/li>\n<li>Documentaci\u00f3n gr\u00e1fica.<\/li>\n<\/ol>\n<p>[\/et_pb_accordion_item][et_pb_accordion_item title=\u00bbFASE 4. GESTI\u00d3N ECON\u00d3MICA\u00bb _builder_version=\u00bb4.20.0&#8243; _module_preset=\u00bbdefault\u00bb global_colors_info=\u00bb{}\u00bb open=\u00bboff\u00bb]<\/p>\n<p>En base en el estado de mediciones se realiza el seguimiento y el asesoramiento para la licitaci\u00f3n del proyecto. Selecci\u00f3n de proveedores e industriales con el objetivo de optimizar los costes y los plazos.<\/p>\n<p>&nbsp;<\/p>\n<h3>Documentaci\u00f3n y servicios relacionados<\/h3>\n<ol>\n<li>Crit\u00e9rios de contrataci\u00f3n.<\/li>\n<li>Mediciones proyecto ejecutivo.<\/li>\n<li>Asesoramiento licitaci\u00f3n<br \/>\u2022 Asesoramento industrial a licitar.<br \/>\u2022 Seguimiento presupuestos licitantes.<br \/>\u2022 Comparativo presupuestos licitantes.<br \/>\u2022 Asesoramiento selecci\u00f3n final.<\/li>\n<\/ol>\n<p>[\/et_pb_accordion_item][et_pb_accordion_item title=\u00bbFASE 5. DIRECCI\u00d3N DE OBRA\u00bb _builder_version=\u00bb4.20.0&#8243; _module_preset=\u00bbdefault\u00bb global_colors_info=\u00bb{}\u00bb open=\u00bboff\u00bb]<\/p>\n<p>Direcci\u00f3n, coordinaci\u00f3n y seguimiento de la obra desde el inicio hasta su finalizaci\u00f3n. Visitas a pie de obra para asegurar la ejecuci\u00f3n seg\u00fan las especificaciones del proyecto, y el control de costes y plazos.<\/p>\n<p>&nbsp;<\/p>\n<h3>Documentaci\u00f3n y servicios relacionados<\/h3>\n<ol>\n<li>Configuraci\u00f3n del equipo de obra:<br \/>\u2022 BIM direcci\u00f3n facultativa<br \/>\u2022 BIM contratista.<\/li>\n<li>Acta de replanteo<\/li>\n<li>Seguimiento de la obra:<br \/>\u2022 Visitas de obra.<br \/>\u2022 Actas. Firma de la documentaci\u00f3n.<br \/>\u2022 Gesti\u00f3n de replanteo, incid\u00e9ncias, cambios.<\/li>\n<li>Implementaci\u00f3n de modificaciones (control de versiones, ampliaciones,<br \/>otros).<\/li>\n<li>Coordinaci\u00f3n de Seguridad y Salud*<\/li>\n<li>Libro de incid\u00e9ncias.<\/li>\n<li>Control de costes, certificaciones. Firma de la documentaci\u00f3n.<\/li>\n<li>Control planificaci\u00f3n de la obra.<\/li>\n<li>Control de calidad de materiales y ejecuci\u00f3n.<\/li>\n<li>Final de obra<br \/>\u2022 AsBuilt<br \/>\u2022 Certificados de garant\u00eda, ejecuci\u00f3n, material.<br \/>\u2022 Certificados decenales de responsabilidad.<em>* Estudios opcionales a la contrataci\u00f3n<\/em><\/li>\n<\/ol>\n<p>[\/et_pb_accordion_item][\/et_pb_accordion][\/et_pb_column][\/et_pb_row][\/et_pb_section][et_pb_section fb_built=\u00bb1&#8243; admin_label=\u00bbAbout\u00bb _builder_version=\u00bb4.16&#8243; global_colors_info=\u00bb{}\u00bb][et_pb_row column_structure=\u00bb1_5,1_5,1_5,1_5,1_5&#8243; _builder_version=\u00bb4.20.0&#8243; _module_preset=\u00bbdefault\u00bb global_colors_info=\u00bb{}\u00bb][et_pb_column type=\u00bb1_5&#8243; _builder_version=\u00bb4.20.0&#8243; _module_preset=\u00bbdefault\u00bb global_colors_info=\u00bb{}\u00bb][et_pb_image src=\u00bbhttps:\/\/engind.es\/wp-content\/uploads\/2023\/03\/Captura-de-pantalla-2023-03-07-a-les-10.20.19-1.png\u00bb alt=\u00bbservicios ingenieria\u00bb title_text=\u00bbservicios ingenieria\u00bb _builder_version=\u00bb4.20.2&#8243; _module_preset=\u00bbdefault\u00bb global_colors_info=\u00bb{}\u00bb][\/et_pb_image][\/et_pb_column][et_pb_column type=\u00bb1_5&#8243; _builder_version=\u00bb4.20.0&#8243; _module_preset=\u00bbdefault\u00bb global_colors_info=\u00bb{}\u00bb][et_pb_image src=\u00bbhttps:\/\/engind.es\/wp-content\/uploads\/2023\/03\/Captura-de-pantalla-2023-03-07-a-les-10.21.10.png\u00bb alt=\u00bbservicios ingenieria\u00bb title_text=\u00bbservicios ingenieria\u00bb _builder_version=\u00bb4.20.2&#8243; _module_preset=\u00bbdefault\u00bb global_colors_info=\u00bb{}\u00bb][\/et_pb_image][\/et_pb_column][et_pb_column type=\u00bb1_5&#8243; _builder_version=\u00bb4.20.0&#8243; _module_preset=\u00bbdefault\u00bb global_colors_info=\u00bb{}\u00bb][et_pb_image src=\u00bbhttps:\/\/engind.es\/wp-content\/uploads\/2023\/03\/Captura-de-pantalla-2023-03-07-a-les-10.21.01.png\u00bb alt=\u00bbservicios ingenieria\u00bb title_text=\u00bbservicios ingenieria\u00bb _builder_version=\u00bb4.20.2&#8243; _module_preset=\u00bbdefault\u00bb global_colors_info=\u00bb{}\u00bb][\/et_pb_image][\/et_pb_column][et_pb_column type=\u00bb1_5&#8243; _builder_version=\u00bb4.20.0&#8243; _module_preset=\u00bbdefault\u00bb global_colors_info=\u00bb{}\u00bb][et_pb_image src=\u00bbhttps:\/\/engind.es\/wp-content\/uploads\/2023\/03\/Captura-de-pantalla-2023-03-07-a-les-10.20.52.png\u00bb alt=\u00bbservicios ingenieria\u00bb title_text=\u00bbservicios ingenieria\u00bb _builder_version=\u00bb4.20.2&#8243; _module_preset=\u00bbdefault\u00bb global_colors_info=\u00bb{}\u00bb][\/et_pb_image][\/et_pb_column][et_pb_column type=\u00bb1_5&#8243; _builder_version=\u00bb4.20.0&#8243; _module_preset=\u00bbdefault\u00bb global_colors_info=\u00bb{}\u00bb][et_pb_image src=\u00bbhttps:\/\/engind.es\/wp-content\/uploads\/2023\/03\/Captura-de-pantalla-2023-03-07-a-les-10.20.42.png\u00bb alt=\u00bbservicios ingenieria\u00bb title_text=\u00bbservicios ingenieria\u00bb _builder_version=\u00bb4.20.2&#8243; _module_preset=\u00bbdefault\u00bb global_colors_info=\u00bb{}\u00bb][\/et_pb_image][\/et_pb_column][\/et_pb_row][\/et_pb_section][et_pb_section fb_built=\u00bb1&#8243; _builder_version=\u00bb4.25.0&#8243; _module_preset=\u00bbdefault\u00bb background_color=\u00bb#2e55a2&#8243; locked=\u00bboff\u00bb global_colors_info=\u00bb{}\u00bb][et_pb_row column_structure=\u00bb3_5,2_5&#8243; _builder_version=\u00bb4.25.0&#8243; _module_preset=\u00bbdefault\u00bb global_colors_info=\u00bb{}\u00bb][et_pb_column type=\u00bb3_5&#8243; _builder_version=\u00bb4.25.0&#8243; _module_preset=\u00bbdefault\u00bb global_colors_info=\u00bb{}\u00bb][et_pb_text _builder_version=\u00bb4.25.1&#8243; _module_preset=\u00bbdefault\u00bb text_text_color=\u00bb#FFFFFF\u00bb header_text_color=\u00bb#FFFFFF\u00bb header_3_text_color=\u00bb#FFFFFF\u00bb global_colors_info=\u00bb{}\u00bb]<\/p>\n<h3><span style=\"color: #ffffff;\"><strong><span>Transforma tu visi\u00f3n en realidad con Engind. Conf\u00eda en nuestro equipo de ingenieros expertos para llevar a cabo tus proyectos de ingenier\u00eda con la m\u00e1xima calidad, rapidez y eficiencia.<\/span><\/strong><\/span><\/h3>\n<p>[\/et_pb_text][\/et_pb_column][et_pb_column type=\u00bb2_5&#8243; _builder_version=\u00bb4.25.0&#8243; _module_preset=\u00bbdefault\u00bb global_colors_info=\u00bb{}\u00bb][et_pb_button button_url=\u00bb#contactar\u00bb button_text=\u00bbCONTACTAR\u00bb button_alignment=\u00bbright\u00bb _builder_version=\u00bb4.25.0&#8243; custom_button=\u00bbon\u00bb button_text_size=\u00bb14px\u00bb button_text_color=\u00bb#FFFFFF\u00bb button_border_width=\u00bb4px\u00bb button_border_color=\u00bb#FFFFFF\u00bb button_border_radius=\u00bb0px\u00bb button_letter_spacing=\u00bb4px\u00bb button_font=\u00bbRubik|700||on|||||\u00bb button_icon=\u00bb&#x24;||divi||400&#8243; button_icon_color=\u00bb#2e55a2&#8243; custom_padding=\u00bb12px|30px|12px|30px|true|true\u00bb button_text_color_hover=\u00bb#ffffff\u00bb button_border_color_hover=\u00bb#ffb400&#8243; button_bg_color_hover=\u00bb#ffb400&#8243; locked=\u00bboff\u00bb global_colors_info=\u00bb{}\u00bb button_text_size__hover_enabled=\u00bboff\u00bb button_one_text_size__hover_enabled=\u00bboff\u00bb button_two_text_size__hover_enabled=\u00bboff\u00bb button_text_color__hover_enabled=\u00bbon|hover\u00bb button_text_color__hover=\u00bb#2e55a2&#8243; button_one_text_color__hover_enabled=\u00bboff\u00bb button_two_text_color__hover_enabled=\u00bboff\u00bb button_border_width__hover_enabled=\u00bboff\u00bb button_one_border_width__hover_enabled=\u00bboff\u00bb button_two_border_width__hover_enabled=\u00bboff\u00bb button_border_color__hover_enabled=\u00bbon|desktop\u00bb button_border_color__hover=\u00bb#2e55a2&#8243; button_one_border_color__hover_enabled=\u00bboff\u00bb button_two_border_color__hover_enabled=\u00bboff\u00bb button_border_radius__hover_enabled=\u00bboff\u00bb button_one_border_radius__hover_enabled=\u00bboff\u00bb button_two_border_radius__hover_enabled=\u00bboff\u00bb button_letter_spacing__hover_enabled=\u00bboff\u00bb button_one_letter_spacing__hover_enabled=\u00bboff\u00bb button_two_letter_spacing__hover_enabled=\u00bboff\u00bb button_bg_color__hover_enabled=\u00bbon|hover\u00bb button_bg_color__hover=\u00bb#FFFFFF\u00bb button_one_bg_color__hover_enabled=\u00bboff\u00bb button_two_bg_color__hover_enabled=\u00bboff\u00bb button_bg_enable_color__hover=\u00bbon\u00bb][\/et_pb_button][\/et_pb_column][\/et_pb_row][\/et_pb_section]<\/p>\n","protected":false},"excerpt":{"rendered":"<p>Fases del Proyecto de ingenier\u00edaQU\u00c9 NOS DISTINGUERecopilaci\u00f3n de toda la documentaci\u00f3n necesaria por la elaboraci\u00f3n del proyecto. Realizaci\u00f3n de una implantaci\u00f3n a nivel conceptual en base a losrequerimientos normativos Urban\u00edsticos y a las necesidades funcionales del cliente. &nbsp; Documentaci\u00f3n y servicios relacionados Hoja de pedido. Firma de la documentaci\u00f3n Gesti\u00f3n de seguros al promotor Estudio [&hellip;]<\/p>\n","protected":false},"author":1,"featured_media":26424,"parent":0,"menu_order":0,"comment_status":"closed","ping_status":"closed","template":"","meta":{"_et_pb_use_builder":"on","_et_pb_old_content":"","_et_gb_content_width":"","pgc_sgb_lightbox_settings":"","footnotes":""},"categories":[],"class_list":["post-28718","page","type-page","status-publish","has-post-thumbnail","hentry"],"_links":{"self":[{"href":"https:\/\/engind.es\/ca\/wp-json\/wp\/v2\/pages\/28718","targetHints":{"allow":["GET"]}}],"collection":[{"href":"https:\/\/engind.es\/ca\/wp-json\/wp\/v2\/pages"}],"about":[{"href":"https:\/\/engind.es\/ca\/wp-json\/wp\/v2\/types\/page"}],"author":[{"embeddable":true,"href":"https:\/\/engind.es\/ca\/wp-json\/wp\/v2\/users\/1"}],"replies":[{"embeddable":true,"href":"https:\/\/engind.es\/ca\/wp-json\/wp\/v2\/comments?post=28718"}],"version-history":[{"count":6,"href":"https:\/\/engind.es\/ca\/wp-json\/wp\/v2\/pages\/28718\/revisions"}],"predecessor-version":[{"id":30365,"href":"https:\/\/engind.es\/ca\/wp-json\/wp\/v2\/pages\/28718\/revisions\/30365"}],"wp:featuredmedia":[{"embeddable":true,"href":"https:\/\/engind.es\/ca\/wp-json\/wp\/v2\/media\/26424"}],"wp:attachment":[{"href":"https:\/\/engind.es\/ca\/wp-json\/wp\/v2\/media?parent=28718"}],"wp:term":[{"taxonomy":"category","embeddable":true,"href":"https:\/\/engind.es\/ca\/wp-json\/wp\/v2\/categories?post=28718"}],"curies":[{"name":"wp","href":"https:\/\/api.w.org\/{rel}","templated":true}]}}