{"id":28787,"date":"2024-05-29T21:59:20","date_gmt":"2024-05-29T19:59:20","guid":{"rendered":"http:\/\/engind.es\/?page_id=28787"},"modified":"2025-08-25T08:55:17","modified_gmt":"2025-08-25T06:55:17","slug":"enginyeria-per-a-la-industria-quimica","status":"publish","type":"page","link":"https:\/\/engind.es\/ca\/sectores-industriales\/industria\/ingenieria-para-la-industria-quimica\/","title":{"rendered":"Enginyeria per a la Ind\u00fastria Qu\u00edmica"},"content":{"rendered":"\n[et_pb_section fb_built=\u00bb1&#8243; admin_label=\u00bbFAQ\u00bb _builder_version=\u00bb4.16&#8243; background_color=\u00bb#f7f7f7&#8243; global_colors_info=\u00bb{}\u00bb][et_pb_row column_structure=\u00bb1_3,2_3&#8243; _builder_version=\u00bb4.16&#8243; global_colors_info=\u00bb{}\u00bb][et_pb_column type=\u00bb1_3&#8243; _builder_version=\u00bb4.16&#8243; custom_padding=\u00bb|||\u00bb global_colors_info=\u00bb{}\u00bb custom_padding__hover=\u00bb|||\u00bb][et_pb_text _builder_version=\u00bb4.16&#8243; text_font=\u00bb||||||||\u00bb header_font=\u00bb||||||||\u00bb header_2_font=\u00bbRubik|700|||||||\u00bb header_2_font_size=\u00bb42px\u00bb header_2_line_height=\u00bb1.2em\u00bb custom_margin=\u00bb|||\u00bb custom_padding=\u00bb|||\u00bb header_2_font_size_tablet=\u00bb\u00bb header_2_font_size_phone=\u00bb36px\u00bb header_2_font_size_last_edited=\u00bbon|phone\u00bb locked=\u00bboff\u00bb global_colors_info=\u00bb{}\u00bb]<h2>Servicios en el sector de Industria Qu\u00edmica<\/h2>[\/et_pb_text][et_pb_divider color=\u00bbgcid-30cfe7b1-3293-4278-ab8c-450d036427bd\u00bb divider_position=\u00bbcenter\u00bb divider_weight=\u00bb5px\u00bb _builder_version=\u00bb4.20.2&#8243; max_width=\u00bb50px\u00bb locked=\u00bboff\u00bb global_colors_info=\u00bb{%22gcid-30cfe7b1-3293-4278-ab8c-450d036427bd%22:%91%22color%22%93}\u00bb][\/et_pb_divider][et_pb_text _builder_version=\u00bb4.20.4&#8243; _module_preset=\u00bbdefault\u00bb global_colors_info=\u00bb{}\u00bb]<h2><b>\u00bfDe qu\u00e9 nos encargamos?<\/b><\/h2>[\/et_pb_text][et_pb_blurb title=\u00bbDise\u00f1o y planificaci\u00f3n de la construcci\u00f3n:\u00bb use_icon=\u00bbon\u00bb font_icon=\u00bb&#x39;||divi||400&#8243; icon_color=\u00bbgcid-30cfe7b1-3293-4278-ab8c-450d036427bd\u00bb icon_placement=\u00bbleft\u00bb image_icon_width=\u00bb56px\u00bb content_max_width=\u00bb1100px\u00bb content_max_width_tablet=\u00bb1100px\u00bb content_max_width_last_edited=\u00bboff|desktop\u00bb _builder_version=\u00bb4.20.2&#8243; header_font=\u00bbRubik|700|||||||\u00bb header_line_height=\u00bb1.4em\u00bb body_font=\u00bb||||||||\u00bb body_text_color=\u00bb#000000&#8243; body_font_size=\u00bb15px\u00bb body_line_height=\u00bb1.8em\u00bb custom_margin=\u00bb|||\u00bb custom_padding=\u00bb|||\u00bb animation_direction=\u00bbright\u00bb animation=\u00bboff\u00bb icon_font_size=\u00bb56px\u00bb locked=\u00bboff\u00bb global_colors_info=\u00bb{%22gcid-30cfe7b1-3293-4278-ab8c-450d036427bd%22:%91%22icon_color%22%93}\u00bb]<ul>\n<li><a href=\"https:\/\/engind.es\/servicios-ingenieria\/consultoria-de-ingenieria\/\">Consultor\u00eda<\/a> y asesoramiento<\/li>\n<li>Inspecciones iniciales<\/li>\n<li>Nueva instalaci\u00f3n<\/li>\n<li>Ampliaci\u00f3n de instalaci\u00f3n<\/li>\n<li>Reforma de instalaci\u00f3n<\/li>\n<\/ul>[\/et_pb_blurb][et_pb_blurb title=\u00bbLegalizaci\u00f3n de una instalaci\u00f3n existente\u00bb use_icon=\u00bbon\u00bb font_icon=\u00bb&#x39;||divi||400&#8243; icon_color=\u00bbgcid-30cfe7b1-3293-4278-ab8c-450d036427bd\u00bb icon_placement=\u00bbleft\u00bb image_icon_width=\u00bb56px\u00bb content_max_width=\u00bb1100px\u00bb content_max_width_tablet=\u00bb1100px\u00bb content_max_width_last_edited=\u00bboff|desktop\u00bb _builder_version=\u00bb4.20.2&#8243; header_font=\u00bbRubik|700|||||||\u00bb header_line_height=\u00bb1.4em\u00bb body_font=\u00bb||||||||\u00bb body_text_color=\u00bb#ffffff\u00bb body_font_size=\u00bb15px\u00bb body_line_height=\u00bb1.8em\u00bb custom_margin=\u00bb-21px||21px|||\u00bb custom_padding=\u00bb|||\u00bb animation_direction=\u00bbright\u00bb animation=\u00bboff\u00bb header_font_tablet=\u00bbRubik|700|||||||\u00bb header_font_phone=\u00bbRubik|700|||||||\u00bb header_font_last_edited=\u00bbon|desktop\u00bb icon_font_size=\u00bb56px\u00bb locked=\u00bboff\u00bb global_colors_info=\u00bb{%22gcid-30cfe7b1-3293-4278-ab8c-450d036427bd%22:%91%22icon_color%22%93}\u00bb][\/et_pb_blurb][et_pb_blurb title=\u00bbGesti\u00f3n de proyectos:\u00bb use_icon=\u00bbon\u00bb font_icon=\u00bb&#x39;||divi||400&#8243; icon_color=\u00bbgcid-30cfe7b1-3293-4278-ab8c-450d036427bd\u00bb icon_placement=\u00bbleft\u00bb image_icon_width=\u00bb56px\u00bb content_max_width=\u00bb1100px\u00bb content_max_width_tablet=\u00bb1100px\u00bb content_max_width_last_edited=\u00bboff|desktop\u00bb _builder_version=\u00bb4.20.2&#8243; header_font=\u00bbRubik|700|||||||\u00bb header_line_height=\u00bb1.4em\u00bb body_font=\u00bb||||||||\u00bb body_text_color=\u00bb#000000&#8243; body_font_size=\u00bb15px\u00bb body_line_height=\u00bb1.8em\u00bb custom_margin=\u00bb|||\u00bb custom_padding=\u00bb|||\u00bb animation_direction=\u00bbright\u00bb animation=\u00bboff\u00bb icon_font_size=\u00bb56px\u00bb locked=\u00bboff\u00bb global_colors_info=\u00bb{%22gcid-30cfe7b1-3293-4278-ab8c-450d036427bd%22:%91%22icon_color%22%93}\u00bb]<ul>\n<li>Tramitaci\u00f3n de permisos y licencias de obra\u00a0<\/li>\n<li><span style=\"font-size: 15px;\"><span style=\"font-weight: 400;\">Asesor\u00eda para seguridad y prevenci\u00f3n de riesgos<\/span><\/span><\/li>\n<\/ul>[\/et_pb_blurb][et_pb_blurb title=\u00bbDise\u00f1o y Construcci\u00f3n: \u00bb use_icon=\u00bbon\u00bb font_icon=\u00bb&#x39;||divi||400&#8243; icon_color=\u00bbgcid-30cfe7b1-3293-4278-ab8c-450d036427bd\u00bb icon_placement=\u00bbleft\u00bb image_icon_width=\u00bb56px\u00bb content_max_width=\u00bb1100px\u00bb content_max_width_tablet=\u00bb1100px\u00bb content_max_width_last_edited=\u00bboff|desktop\u00bb _builder_version=\u00bb4.20.4&#8243; header_font=\u00bbRubik|700|||||||\u00bb header_line_height=\u00bb1.4em\u00bb body_font=\u00bb||||||||\u00bb body_text_color=\u00bb#000000&#8243; body_font_size=\u00bb15px\u00bb body_line_height=\u00bb1.8em\u00bb custom_margin=\u00bb|||\u00bb custom_padding=\u00bb|||\u00bb animation_direction=\u00bbright\u00bb animation=\u00bboff\u00bb icon_font_size=\u00bb56px\u00bb locked=\u00bboff\u00bb global_colors_info=\u00bb{%22gcid-30cfe7b1-3293-4278-ab8c-450d036427bd%22:%91%22icon_color%22%93}\u00bb]<ul>\n<li>Dise\u00f1o e instalaci\u00f3n de sistemas el\u00e9ctricos<\/li>\n<li>Climatizaci\u00f3n y ventilaci\u00f3n<\/li>\n<li>Sistema de refrigeraci\u00f3n y conservaci\u00f3n<\/li>\n<li>Ac\u00fastica y aislamiento<\/li>\n<li>Eficiencia energ\u00e9tica y sostenibilidad<\/li>\n<li><a href=\"https:\/\/engind.es\/servicios-ingenieria\/gestion-y-supervision-de-obras\/\">Supervisi\u00f3n de obra<\/a><\/li>\n<\/ul>[\/et_pb_blurb][\/et_pb_column][et_pb_column type=\u00bb2_3&#8243; _builder_version=\u00bb4.16&#8243; custom_padding=\u00bb|||\u00bb global_colors_info=\u00bb{}\u00bb custom_padding__hover=\u00bb|||\u00bb][et_pb_text _builder_version=\u00bb4.27.2&#8243; _module_preset=\u00bbdefault\u00bb global_colors_info=\u00bb{}\u00bb]<h2><strong>Engind y la Ingenier\u00eda para la Industria Qu\u00edmica&#8230;<\/strong><\/h2>[\/et_pb_text][et_pb_text _builder_version=\u00bb4.21.0&#8243; _module_preset=\u00bbdefault\u00bb global_colors_info=\u00bb{}\u00bb]<p><span style=\"font-weight: 400;\">En el competitivo mundo de la<strong> ingenier\u00eda qu\u00edmica<\/strong>, la gesti\u00f3n de proyectos puede convertirse en un proceso complejo y desafiante. Sin embargo, con Engind, este camino puede ser mucho m\u00e1s sencillo. <\/span><\/p>\n<p><span style=\"font-weight: 400;\">En Engind nos especializamos en la asesor\u00eda integral en el sector de la ingenier\u00eda qu\u00edmica, apoyando a nuestros clientes desde la concepci\u00f3n del proyecto hasta la obtenci\u00f3n de las licencias medioambientales necesarias para su desarrollo, basados en la aplicaci\u00f3n de la <strong>normativa APQ<\/strong> correspondiente a productos qu\u00edmicos y hacemos el proyecto para su cumplimiento.<\/span><\/p>\n<p><span style=\"font-weight: 400;\">Trabajamos en estrecha colaboraci\u00f3n con las autoridades pertinentes y los organismos reguladores para garantizar que nuestros clientes cumplan con todos los requisitos y <strong>normativas necesarios, SEVESO, etc.<\/strong> evitando retrasos innecesarios y posibles sanciones.<\/span><\/p>\n<p><span style=\"font-weight: 400;\">Nuestro equipo de ingenieros altamente cualificados posee un profundo conocimiento de la industria qu\u00edmica, y su experiencia se traduce en <strong>asesoramiento de calidad<\/strong> que ayudar\u00e1 a nuestros clientes a tomar las decisiones m\u00e1s acertadas para su proyecto. Por ello, ofrecemos a nuestros clientes la posibilidad de acceder a nuestra amplia red de profesionales y expertos en la industria, asegur\u00e1ndonos de que siempre est\u00e9n a la vanguardia del sector.<\/span><\/p>\n<p><span style=\"font-weight: 400;\">Nos enorgullece nuestra capacidad para ofrecer <strong>soluciones pr\u00e1cticas<\/strong> a los desaf\u00edos m\u00e1s complejos de la ingenier\u00eda para la industria qu\u00edmica, y estamos comprometidos a brindar a nuestros clientes el apoyo que necesitan para llevar sus proyectos a buen t\u00e9rmino.<\/span><\/p>[\/et_pb_text][et_pb_image src=\u00bbhttps:\/\/engind.es\/wp-content\/uploads\/2023\/10\/Ingenieria-para-la-industria-quimica_2.webp\u00bb alt=\u00bbIngenieri\u0301a para la industria qui\u0301mica\u00bb title_text=\u00bbIngenieria-para-la-industria-quimica_2&#8243; align=\u00bbcenter\u00bb _builder_version=\u00bb4.22.2&#8243; _module_preset=\u00bbdefault\u00bb width=\u00bb100%\u00bb max_width=\u00bb100%\u00bb custom_padding=\u00bb||0px|||\u00bb global_colors_info=\u00bb{}\u00bb][\/et_pb_image][et_pb_button button_url=\u00bb#contactar\u00bb button_text=\u00bbPIDE PRESUPUESTO\u00bb _builder_version=\u00bb4.20.2&#8243; custom_button=\u00bbon\u00bb button_text_size=\u00bb14px\u00bb button_text_color=\u00bbgcid-30cfe7b1-3293-4278-ab8c-450d036427bd\u00bb button_border_width=\u00bb4px\u00bb button_border_radius=\u00bb0px\u00bb button_letter_spacing=\u00bb4px\u00bb button_font=\u00bbRubik|700||on|||||\u00bb button_icon=\u00bb&#x24;||divi||400&#8243; custom_padding=\u00bb12px|30px|12px|30px|true|true\u00bb button_text_color_hover=\u00bb#ffffff\u00bb button_border_color_hover=\u00bb#ffb400&#8243; button_bg_color_hover=\u00bb#ffb400&#8243; locked=\u00bboff\u00bb global_colors_info=\u00bb{%22gcid-30cfe7b1-3293-4278-ab8c-450d036427bd%22:%91%22button_text_color%22,%22button_bg_color__hover%22,%22button_border_color__hover%22%93}\u00bb button_text_size__hover_enabled=\u00bboff\u00bb button_one_text_size__hover_enabled=\u00bboff\u00bb button_two_text_size__hover_enabled=\u00bboff\u00bb button_text_color__hover_enabled=\u00bbon|hover\u00bb button_text_color__hover=\u00bb#ffffff\u00bb button_one_text_color__hover_enabled=\u00bboff\u00bb button_two_text_color__hover_enabled=\u00bboff\u00bb button_border_width__hover_enabled=\u00bboff\u00bb button_one_border_width__hover_enabled=\u00bboff\u00bb button_two_border_width__hover_enabled=\u00bboff\u00bb button_border_color__hover_enabled=\u00bbon|desktop\u00bb button_border_color__hover=\u00bb#2e55a2&#8243; button_one_border_color__hover_enabled=\u00bboff\u00bb button_two_border_color__hover_enabled=\u00bboff\u00bb button_border_radius__hover_enabled=\u00bboff\u00bb button_one_border_radius__hover_enabled=\u00bboff\u00bb button_two_border_radius__hover_enabled=\u00bboff\u00bb button_letter_spacing__hover_enabled=\u00bboff\u00bb button_one_letter_spacing__hover_enabled=\u00bboff\u00bb button_two_letter_spacing__hover_enabled=\u00bboff\u00bb button_bg_color__hover_enabled=\u00bbon\u00bb button_bg_color__hover=\u00bb#2e55a2&#8243; button_one_bg_color__hover_enabled=\u00bboff\u00bb button_two_bg_color__hover_enabled=\u00bboff\u00bb button_bg_enable_color__hover=\u00bbon\u00bb][\/et_pb_button][et_pb_toggle title=\u00bbTipos de empresas del sector con las que hemos trabajado\u00bb _builder_version=\u00bb4.21.0&#8243; _module_preset=\u00bbdefault\u00bb global_colors_info=\u00bb{}\u00bb]<ul>\n<li><span style=\"font-weight: 400;\">Fabricaci\u00f3n de productos b\u00e1sicos de qu\u00edmica org\u00e1nica<\/span><\/li>\n<li style=\"font-weight: 400;\" aria-level=\"1\"><span style=\"font-weight: 400;\">Producci\u00f3n de productos qu\u00edmicos inorg\u00e1nicos<\/span><\/li>\n<li style=\"font-weight: 400;\" aria-level=\"1\"><span style=\"font-weight: 400;\">Elaboraci\u00f3n de esencias naturales y aceites esenciales<\/span><\/li>\n<li style=\"font-weight: 400;\" aria-level=\"1\"><span style=\"font-weight: 400;\">Producci\u00f3n de productos qu\u00edmicos para el tratamiento de aguas<\/span><\/li>\n<li style=\"font-weight: 400;\" aria-level=\"1\"><span style=\"font-weight: 400;\">Fabricaci\u00f3n de productos qu\u00edmicos para la miner\u00eda<\/span><\/li>\n<li style=\"font-weight: 400;\" aria-level=\"1\"><span style=\"font-weight: 400;\">Producci\u00f3n de productos qu\u00edmicos para la industria alimentaria<\/span><\/li>\n<li style=\"font-weight: 400;\" aria-level=\"1\"><span style=\"font-weight: 400;\">Fabricaci\u00f3n de productos qu\u00edmicos para la industria textil<\/span><\/li>\n<li style=\"font-weight: 400;\" aria-level=\"1\"><span style=\"font-weight: 400;\">Producci\u00f3n de productos qu\u00edmicos para la construcci\u00f3n<\/span><\/li>\n<li style=\"font-weight: 400;\" aria-level=\"1\"><span style=\"font-weight: 400;\">Producci\u00f3n de compuestos de nitr\u00f3geno y fertilizantes<\/span><\/li>\n<li style=\"font-weight: 400;\" aria-level=\"1\"><span style=\"font-weight: 400;\">Fabricaci\u00f3n de recubrimientos, lacas y pinturas<\/span><\/li>\n<li style=\"font-weight: 400;\" aria-level=\"1\"><span style=\"font-weight: 400;\">Producci\u00f3n de detergentes y jabones<\/span><\/li>\n<li style=\"font-weight: 400;\" aria-level=\"1\"><span style=\"font-weight: 400;\">Elaboraci\u00f3n de fragancias y productos de belleza<\/span><\/li>\n<li style=\"font-weight: 400;\" aria-level=\"1\"><span style=\"font-weight: 400;\">Fabricaci\u00f3n de pigmentos y tintes<\/span><\/li>\n<li style=\"font-weight: 400;\" aria-level=\"1\"><span style=\"font-weight: 400;\">Producci\u00f3n de adhesivos y pegamentos<\/span><\/li>\n<li style=\"font-weight: 400;\" aria-level=\"1\"><span style=\"font-weight: 400;\">Producci\u00f3n de productos qu\u00edmicos para la agricultura y pesticidas<\/span><\/li>\n<\/ul>[\/et_pb_toggle][\/et_pb_column][\/et_pb_row][\/et_pb_section][et_pb_section fb_built=\u00bb1&#8243; admin_label=\u00bbAbout\u00bb _builder_version=\u00bb4.16&#8243; global_colors_info=\u00bb{}\u00bb][et_pb_row column_structure=\u00bb1_5,1_5,1_5,1_5,1_5&#8243; _builder_version=\u00bb4.20.0&#8243; _module_preset=\u00bbdefault\u00bb global_colors_info=\u00bb{}\u00bb][et_pb_column type=\u00bb1_5&#8243; _builder_version=\u00bb4.20.0&#8243; _module_preset=\u00bbdefault\u00bb global_colors_info=\u00bb{}\u00bb][et_pb_image src=\u00bbhttps:\/\/engind.es\/wp-content\/uploads\/2023\/06\/Ingenieria-para-la-Industria-Quimica_3.jpeg\u00bb alt=\u00bbIngenieri\u0301a para la industria qui\u0301mica\u00bb title_text=\u00bbIngenieri\u0301a para la Industria Qui\u0301mica_3&#8243; _builder_version=\u00bb4.21.0&#8243; _module_preset=\u00bbdefault\u00bb global_colors_info=\u00bb{}\u00bb][\/et_pb_image][\/et_pb_column][et_pb_column type=\u00bb1_5&#8243; _builder_version=\u00bb4.20.0&#8243; _module_preset=\u00bbdefault\u00bb global_colors_info=\u00bb{}\u00bb][et_pb_image src=\u00bbhttps:\/\/engind.es\/wp-content\/uploads\/2023\/06\/Ingenieria-para-la-Industria-Quimica_6-scaled.jpeg\u00bb alt=\u00bbIngenieri\u0301a para la Industria Qui\u0301mica\u00bb title_text=\u00bbIngenieri\u0301a para la Industria Qui\u0301mica_6.\u00bb _builder_version=\u00bb4.21.0&#8243; _module_preset=\u00bbdefault\u00bb global_colors_info=\u00bb{}\u00bb][\/et_pb_image][\/et_pb_column][et_pb_column type=\u00bb1_5&#8243; _builder_version=\u00bb4.20.0&#8243; _module_preset=\u00bbdefault\u00bb global_colors_info=\u00bb{}\u00bb][et_pb_image src=\u00bbhttps:\/\/engind.es\/wp-content\/uploads\/2023\/06\/Ingenieria-para-la-Industria-Quimica_5.jpeg\u00bb alt=\u00bbIngenieri\u0301a para la Industria Qui\u0301mica\u00bb title_text=\u00bbIngenieri\u0301a para la Industria Qui\u0301mica_5&#8243; _builder_version=\u00bb4.21.0&#8243; _module_preset=\u00bbdefault\u00bb global_colors_info=\u00bb{}\u00bb][\/et_pb_image][\/et_pb_column][et_pb_column type=\u00bb1_5&#8243; _builder_version=\u00bb4.20.0&#8243; _module_preset=\u00bbdefault\u00bb global_colors_info=\u00bb{}\u00bb][et_pb_image src=\u00bbhttps:\/\/engind.es\/wp-content\/uploads\/2023\/06\/Ingenieria-para-la-Industria-Quimica_7-scaled.jpeg\u00bb alt=\u00bbIngenieri\u0301a para la Industria Qui\u0301mica\u00bb title_text=\u00bbIngenieri\u0301a para la Industria Qui\u0301mica_7.\u00bb _builder_version=\u00bb4.21.0&#8243; _module_preset=\u00bbdefault\u00bb global_colors_info=\u00bb{}\u00bb][\/et_pb_image][\/et_pb_column][et_pb_column type=\u00bb1_5&#8243; _builder_version=\u00bb4.20.0&#8243; _module_preset=\u00bbdefault\u00bb global_colors_info=\u00bb{}\u00bb][et_pb_image src=\u00bbhttps:\/\/engind.es\/wp-content\/uploads\/2023\/06\/Ingenieria-para-la-Industria-Quimica_-1-scaled.jpeg\u00bb alt=\u00bbIngenieri\u0301a para la Industria Qui\u0301mica\u00bb title_text=\u00bbIngenieri\u0301a para la Industria Qui\u0301mica_.\u00bb _builder_version=\u00bb4.21.0&#8243; _module_preset=\u00bbdefault\u00bb global_colors_info=\u00bb{}\u00bb][\/et_pb_image][\/et_pb_column][\/et_pb_row][\/et_pb_section]\n","protected":false},"excerpt":{"rendered":"<p>Servicios en el sector de Industria Qu\u00edmica\u00bfDe qu\u00e9 nos encargamos? Consultor\u00eda y asesoramiento Inspecciones iniciales Nueva instalaci\u00f3n Ampliaci\u00f3n de instalaci\u00f3n Reforma de instalaci\u00f3n Tramitaci\u00f3n de permisos y licencias de obra\u00a0 Asesor\u00eda para seguridad y prevenci\u00f3n de riesgos Dise\u00f1o e instalaci\u00f3n de sistemas el\u00e9ctricos Climatizaci\u00f3n y ventilaci\u00f3n Sistema de refrigeraci\u00f3n y conservaci\u00f3n Ac\u00fastica y aislamiento Eficiencia [&hellip;]<\/p>\n","protected":false},"author":1,"featured_media":27529,"parent":29839,"menu_order":0,"comment_status":"closed","ping_status":"closed","template":"","meta":{"_et_pb_use_builder":"on","_et_pb_old_content":"","_et_gb_content_width":"","pgc_sgb_lightbox_settings":"","footnotes":""},"categories":[],"class_list":["post-28787","page","type-page","status-publish","has-post-thumbnail","hentry"],"_links":{"self":[{"href":"https:\/\/engind.es\/ca\/wp-json\/wp\/v2\/pages\/28787","targetHints":{"allow":["GET"]}}],"collection":[{"href":"https:\/\/engind.es\/ca\/wp-json\/wp\/v2\/pages"}],"about":[{"href":"https:\/\/engind.es\/ca\/wp-json\/wp\/v2\/types\/page"}],"author":[{"embeddable":true,"href":"https:\/\/engind.es\/ca\/wp-json\/wp\/v2\/users\/1"}],"replies":[{"embeddable":true,"href":"https:\/\/engind.es\/ca\/wp-json\/wp\/v2\/comments?post=28787"}],"version-history":[{"count":4,"href":"https:\/\/engind.es\/ca\/wp-json\/wp\/v2\/pages\/28787\/revisions"}],"predecessor-version":[{"id":30898,"href":"https:\/\/engind.es\/ca\/wp-json\/wp\/v2\/pages\/28787\/revisions\/30898"}],"up":[{"embeddable":true,"href":"https:\/\/engind.es\/ca\/wp-json\/wp\/v2\/pages\/29839"}],"wp:featuredmedia":[{"embeddable":true,"href":"https:\/\/engind.es\/ca\/wp-json\/wp\/v2\/media\/27529"}],"wp:attachment":[{"href":"https:\/\/engind.es\/ca\/wp-json\/wp\/v2\/media?parent=28787"}],"wp:term":[{"taxonomy":"category","embeddable":true,"href":"https:\/\/engind.es\/ca\/wp-json\/wp\/v2\/categories?post=28787"}],"curies":[{"name":"wp","href":"https:\/\/api.w.org\/{rel}","templated":true}]}}