{"id":29035,"date":"2024-08-06T06:33:02","date_gmt":"2024-08-06T04:33:02","guid":{"rendered":"https:\/\/engind.es\/?page_id=29035"},"modified":"2025-08-25T08:58:41","modified_gmt":"2025-08-25T06:58:41","slug":"informe-atmosferes-explosives-atex","status":"publish","type":"page","link":"https:\/\/engind.es\/ca\/servicios-de-ingenieria-industrial\/legalizaciones\/informe-atmosferas-explosivas-atex\/","title":{"rendered":"Informe Atmosferes Explosives \u2013 ATEX"},"content":{"rendered":"\n[et_pb_section fb_built=\u00bb1&#8243; admin_label=\u00bbFAQ\u00bb _builder_version=\u00bb4.16&#8243; background_color=\u00bb#f7f7f7&#8243; global_colors_info=\u00bb{}\u00bb][et_pb_row column_structure=\u00bb1_3,2_3&#8243; _builder_version=\u00bb4.16&#8243; global_colors_info=\u00bb{}\u00bb][et_pb_column type=\u00bb1_3&#8243; _builder_version=\u00bb4.16&#8243; custom_padding=\u00bb|||\u00bb global_colors_info=\u00bb{}\u00bb custom_padding__hover=\u00bb|||\u00bb][et_pb_text _builder_version=\u00bb4.27.0&#8243; text_font=\u00bb||||||||\u00bb header_font=\u00bb||||||||\u00bb header_2_font=\u00bbRubik|700|||||||\u00bb header_2_font_size=\u00bb42px\u00bb header_2_line_height=\u00bb1.2em\u00bb custom_margin=\u00bb|||\u00bb custom_padding=\u00bb|||\u00bb header_2_font_size_tablet=\u00bb\u00bb header_2_font_size_phone=\u00bb36px\u00bb header_2_font_size_last_edited=\u00bbon|phone\u00bb locked=\u00bboff\u00bb global_colors_info=\u00bb{}\u00bb]<h2>Tipos de Informe Atm\u00f3sferas Explosivas &#8211; ATEX<\/h2>[\/et_pb_text][et_pb_divider color=\u00bbgcid-30cfe7b1-3293-4278-ab8c-450d036427bd\u00bb divider_position=\u00bbcenter\u00bb divider_weight=\u00bb5px\u00bb _builder_version=\u00bb4.20.2&#8243; max_width=\u00bb50px\u00bb locked=\u00bboff\u00bb global_colors_info=\u00bb{%22gcid-30cfe7b1-3293-4278-ab8c-450d036427bd%22:%91%22color%22%93}\u00bb][\/et_pb_divider][et_pb_text _builder_version=\u00bb4.20.2&#8243; _module_preset=\u00bbdefault\u00bb global_colors_info=\u00bb{}\u00bb]<h2><b>De que nos encargamos<\/b><\/h2>[\/et_pb_text][et_pb_blurb title=\u00bbEvaluaci\u00f3n de Riesgos de Explosi\u00f3n\u00bb use_icon=\u00bbon\u00bb font_icon=\u00bb&#x39;||divi||400&#8243; icon_color=\u00bbgcid-30cfe7b1-3293-4278-ab8c-450d036427bd\u00bb icon_placement=\u00bbleft\u00bb image_icon_width=\u00bb56px\u00bb content_max_width=\u00bb1100px\u00bb content_max_width_tablet=\u00bb1100px\u00bb content_max_width_last_edited=\u00bboff|desktop\u00bb _builder_version=\u00bb4.27.0&#8243; header_font=\u00bbRubik|700|||||||\u00bb header_line_height=\u00bb1.4em\u00bb body_font=\u00bb||||||||\u00bb body_text_color=\u00bb#000000&#8243; body_font_size=\u00bb15px\u00bb body_line_height=\u00bb1.8em\u00bb custom_margin=\u00bb|||\u00bb custom_padding=\u00bb|||\u00bb animation_direction=\u00bbright\u00bb animation=\u00bboff\u00bb icon_font_size=\u00bb56px\u00bb locked=\u00bboff\u00bb global_colors_info=\u00bb{%22gcid-30cfe7b1-3293-4278-ab8c-450d036427bd%22:%91%22icon_color%22%93}\u00bb][\/et_pb_blurb][et_pb_blurb title=\u00bbClasificaci\u00f3n de \u00c1reas Peligrosas\u00bb use_icon=\u00bbon\u00bb font_icon=\u00bb&#x39;||divi||400&#8243; icon_color=\u00bbgcid-30cfe7b1-3293-4278-ab8c-450d036427bd\u00bb icon_placement=\u00bbleft\u00bb image_icon_width=\u00bb56px\u00bb content_max_width=\u00bb1100px\u00bb content_max_width_tablet=\u00bb1100px\u00bb content_max_width_last_edited=\u00bboff|desktop\u00bb _builder_version=\u00bb4.27.0&#8243; header_font=\u00bbRubik|700|||||||\u00bb header_line_height=\u00bb1.4em\u00bb body_font=\u00bb||||||||\u00bb body_text_color=\u00bb#000000&#8243; body_font_size=\u00bb15px\u00bb body_line_height=\u00bb1.8em\u00bb custom_margin=\u00bb-21px||21px|||\u00bb custom_padding=\u00bb|||\u00bb animation_direction=\u00bbright\u00bb animation=\u00bboff\u00bb header_font_tablet=\u00bbRubik|700|||||||\u00bb header_font_phone=\u00bbRubik|700|||||||\u00bb header_font_last_edited=\u00bbon|desktop\u00bb icon_font_size=\u00bb56px\u00bb locked=\u00bboff\u00bb global_colors_info=\u00bb{%22gcid-30cfe7b1-3293-4278-ab8c-450d036427bd%22:%91%22icon_color%22%93}\u00bb]<ul>\n<li>Determinaci\u00f3n de zonas con riesgo de explosi\u00f3n.<\/li>\n<li>Clasificaci\u00f3n seg\u00fan la normativa ATEX (Zonas 0, 1, 2, 20, 21, 22).<\/li>\n<li>Documentaci\u00f3n de las \u00e1reas clasificadas y de las medidas de protecci\u00f3n necesarias.<\/li>\n<\/ul>[\/et_pb_blurb][et_pb_blurb title=\u00bbDise\u00f1o de Medidas Preventivas\u00bb use_icon=\u00bbon\u00bb font_icon=\u00bb&#x39;||divi||400&#8243; icon_color=\u00bbgcid-30cfe7b1-3293-4278-ab8c-450d036427bd\u00bb icon_placement=\u00bbleft\u00bb image_icon_width=\u00bb56px\u00bb content_max_width=\u00bb1100px\u00bb content_max_width_tablet=\u00bb1100px\u00bb content_max_width_last_edited=\u00bboff|desktop\u00bb _builder_version=\u00bb4.27.0&#8243; header_font=\u00bbRubik|700|||||||\u00bb header_line_height=\u00bb1.4em\u00bb body_font=\u00bb||||||||\u00bb body_text_color=\u00bb#ffffff\u00bb body_font_size=\u00bb15px\u00bb body_line_height=\u00bb1.8em\u00bb custom_margin=\u00bb|||\u00bb custom_padding=\u00bb|||\u00bb animation_direction=\u00bbright\u00bb animation=\u00bboff\u00bb icon_font_size=\u00bb56px\u00bb locked=\u00bboff\u00bb global_colors_info=\u00bb{%22gcid-30cfe7b1-3293-4278-ab8c-450d036427bd%22:%91%22icon_color%22%93}\u00bb][\/et_pb_blurb][et_pb_blurb title=\u00bbCertificaci\u00f3n y Cumplimiento\u00bb use_icon=\u00bbon\u00bb font_icon=\u00bb&#x39;||divi||400&#8243; icon_color=\u00bbgcid-30cfe7b1-3293-4278-ab8c-450d036427bd\u00bb icon_placement=\u00bbleft\u00bb image_icon_width=\u00bb56px\u00bb content_max_width=\u00bb1100px\u00bb content_max_width_tablet=\u00bb1100px\u00bb content_max_width_last_edited=\u00bboff|desktop\u00bb _builder_version=\u00bb4.27.0&#8243; header_font=\u00bbRubik|700|||||||\u00bb header_line_height=\u00bb1.4em\u00bb body_font=\u00bb||||||||\u00bb body_text_color=\u00bb#ffffff\u00bb body_font_size=\u00bb15px\u00bb body_line_height=\u00bb1.8em\u00bb custom_margin=\u00bb|||\u00bb custom_padding=\u00bb|||\u00bb animation_direction=\u00bbright\u00bb animation=\u00bboff\u00bb icon_font_size=\u00bb56px\u00bb locked=\u00bboff\u00bb global_colors_info=\u00bb{%22gcid-30cfe7b1-3293-4278-ab8c-450d036427bd%22:%91%22icon_color%22%93}\u00bb][\/et_pb_blurb][et_pb_button button_url=\u00bb#contactar\u00bb button_text=\u00bbPIDE PRESUPUESTO\u00bb _builder_version=\u00bb4.20.2&#8243; custom_button=\u00bbon\u00bb button_text_size=\u00bb14px\u00bb button_text_color=\u00bbgcid-30cfe7b1-3293-4278-ab8c-450d036427bd\u00bb button_border_width=\u00bb4px\u00bb button_border_radius=\u00bb0px\u00bb button_letter_spacing=\u00bb4px\u00bb button_font=\u00bbRubik|700||on|||||\u00bb button_icon=\u00bb&#x24;||divi||400&#8243; custom_padding=\u00bb12px|30px|12px|30px|true|true\u00bb button_text_color_hover=\u00bb#ffffff\u00bb button_border_color_hover=\u00bb#ffb400&#8243; button_bg_color_hover=\u00bb#ffb400&#8243; locked=\u00bboff\u00bb global_colors_info=\u00bb{%22gcid-30cfe7b1-3293-4278-ab8c-450d036427bd%22:%91%22button_text_color%22,%22button_bg_color__hover%22,%22button_border_color__hover%22%93}\u00bb button_text_size__hover_enabled=\u00bboff\u00bb button_one_text_size__hover_enabled=\u00bboff\u00bb button_two_text_size__hover_enabled=\u00bboff\u00bb button_text_color__hover_enabled=\u00bbon|hover\u00bb button_text_color__hover=\u00bb#ffffff\u00bb button_one_text_color__hover_enabled=\u00bboff\u00bb button_two_text_color__hover_enabled=\u00bboff\u00bb button_border_width__hover_enabled=\u00bboff\u00bb button_one_border_width__hover_enabled=\u00bboff\u00bb button_two_border_width__hover_enabled=\u00bboff\u00bb button_border_color__hover_enabled=\u00bbon|desktop\u00bb button_border_color__hover=\u00bb#2e55a2&#8243; button_one_border_color__hover_enabled=\u00bboff\u00bb button_two_border_color__hover_enabled=\u00bboff\u00bb button_border_radius__hover_enabled=\u00bboff\u00bb button_one_border_radius__hover_enabled=\u00bboff\u00bb button_two_border_radius__hover_enabled=\u00bboff\u00bb button_letter_spacing__hover_enabled=\u00bboff\u00bb button_one_letter_spacing__hover_enabled=\u00bboff\u00bb button_two_letter_spacing__hover_enabled=\u00bboff\u00bb button_bg_color__hover_enabled=\u00bbon\u00bb button_bg_color__hover=\u00bb#2e55a2&#8243; button_one_bg_color__hover_enabled=\u00bboff\u00bb button_two_bg_color__hover_enabled=\u00bboff\u00bb button_bg_enable_color__hover=\u00bbon\u00bb][\/et_pb_button][\/et_pb_column][et_pb_column type=\u00bb2_3&#8243; _builder_version=\u00bb4.16&#8243; custom_padding=\u00bb|||\u00bb global_colors_info=\u00bb{}\u00bb custom_padding__hover=\u00bb|||\u00bb][et_pb_text _builder_version=\u00bb4.27.0&#8243; _module_preset=\u00bbdefault\u00bb global_colors_info=\u00bb{}\u00bb]<p style=\"text-align: justify;\">El servicio de <strong>\u00abInforme Atm\u00f3sferas Explosivas &#8211; ATEX\u00bb<\/strong> de Engind se especializa en la evaluaci\u00f3n y certificaci\u00f3n de riesgos de explosi\u00f3n en entornos industriales donde hay presencia de sustancias peligrosas. Este informe es crucial para garantizar la seguridad y el cumplimiento de las normativas espec\u00edficas dise\u00f1adas para prevenir explosiones y proteger tanto a las personas como a las instalaciones.<\/p>\n<p style=\"text-align: justify;\"><strong>Tipos de Informe Atm\u00f3sferas Explosivas &#8211; ATEX<\/strong><\/p>\n<ul style=\"text-align: justify;\">\n<li><strong>Evaluaci\u00f3n de Riesgos de Explosi\u00f3n<\/strong>: An\u00e1lisis detallado de los riesgos de explosi\u00f3n en el entorno industrial, identificando las fuentes potenciales de ignici\u00f3n y los materiales peligrosos presentes.<\/li>\n<li><strong>Clasificaci\u00f3n de \u00c1reas Peligrosas<\/strong>: Determinaci\u00f3n y clasificaci\u00f3n de las zonas dentro de las instalaciones seg\u00fan el riesgo de presencia de atm\u00f3sferas explosivas, siguiendo las normativas ATEX.<\/li>\n<li><strong>Dise\u00f1o de Medidas Preventivas<\/strong>: Elaboraci\u00f3n de recomendaciones y dise\u00f1os para la implementaci\u00f3n de medidas preventivas y sistemas de protecci\u00f3n para minimizar el riesgo de explosiones.<\/li>\n<li><strong>Certificaci\u00f3n y Cumplimiento<\/strong>: Aseguramiento de que las instalaciones y equipos cumplen con las normativas ATEX, y obtenci\u00f3n de certificaciones necesarias para la operaci\u00f3n segura y legal.<\/li>\n<\/ul>\n<div class=\"flex flex-grow flex-col max-w-full\">\n<div data-message-author-role=\"assistant\" data-message-id=\"0b001d91-ee6c-41a3-9b10-ebffbc919f2d\" dir=\"auto\" class=\"min-h-[20px] text-message flex w-full flex-col items-end gap-2 whitespace-pre-wrap break-words [.text-message+&amp;]:mt-5 overflow-x-auto\">\n<div class=\"flex w-full flex-col gap-1 empty:hidden first:pt-[3px]\">\n<div class=\"markdown prose w-full break-words dark:prose-invert dark\">\n<p style=\"text-align: justify;\">El servicio de <strong>\u00abInforme Atm\u00f3sferas Explosivas &#8211; ATEX\u00bb<\/strong> de Engind es esencial para garantizar un entorno de trabajo seguro en industrias con sustancias peligrosas. Nuestro equipo de expertos en seguridad industrial y normativa ATEX trabaja para identificar riesgos, recomendar soluciones y asegurar el cumplimiento, protegiendo a las personas y a las instalaciones de posibles explosiones. Para m\u00e1s informaci\u00f3n o para solicitar una evaluaci\u00f3n, cont\u00e1ctanos.<\/p>\n<\/div>\n<\/div>\n<\/div>\n<\/div>[\/et_pb_text][et_pb_accordion closed_toggle_text_color=\u00bb#2a2a2a\u00bb closed_toggle_background_color=\u00bb#ffffff\u00bb icon_color=\u00bbgcid-30cfe7b1-3293-4278-ab8c-450d036427bd\u00bb _builder_version=\u00bb4.27.0&#8243; toggle_font=\u00bbRubik|700|||||||\u00bb toggle_font_size=\u00bb18px\u00bb toggle_line_height=\u00bb1.4em\u00bb body_font=\u00bb||||||||\u00bb body_font_size=\u00bb15px\u00bb body_line_height=\u00bb1.8em\u00bb custom_margin=\u00bb|||\u00bb custom_padding=\u00bb|||\u00bb rank_math_faq_schema=\u00bbon\u00bb border_width_all=\u00bb0px\u00bb global_colors_info=\u00bb{%22gcid-30cfe7b1-3293-4278-ab8c-450d036427bd%22:%91%22icon_color%22%93}\u00bb][et_pb_accordion_item title=\u00bbEvaluaci\u00f3n Integral de Riesgos\u00bb open=\u00bbon\u00bb _builder_version=\u00bb4.27.0&#8243; custom_margin=\u00bb1px||1px||true\u00bb global_colors_info=\u00bb{}\u00bb]<p>Realizamos un an\u00e1lisis exhaustivo de los riesgos de explosi\u00f3n en el entorno industrial, considerando todos los factores que podr\u00edan contribuir a la presencia de atm\u00f3sferas explosivas.<\/p>[\/et_pb_accordion_item][et_pb_accordion_item title=\u00bbClasificaci\u00f3n y Documentaci\u00f3n\u00bb _builder_version=\u00bb4.27.0&#8243; custom_margin=\u00bb1px||1px||true\u00bb global_colors_info=\u00bb{}\u00bb open=\u00bboff\u00bb]<p>Clasificamos las \u00e1reas en funci\u00f3n del nivel de riesgo y documentamos de manera precisa las zonas peligrosas para cumplir con las normativas vigentes.<\/p>[\/et_pb_accordion_item][et_pb_accordion_item title=\u00bbRecomendaciones de Dise\u00f1o y Seguridad\u00bb _builder_version=\u00bb4.27.0&#8243; custom_margin=\u00bb1px||1px||true\u00bb global_colors_info=\u00bb{}\u00bb open=\u00bboff\u00bb]<p>Proporcionamos recomendaciones espec\u00edficas para la instalaci\u00f3n de sistemas de protecci\u00f3n, dispositivos de seguridad y procedimientos operativos que reduzcan el riesgo de explosiones.<\/p>[\/et_pb_accordion_item][et_pb_accordion_item title=\u00bbCertificaci\u00f3n y Auditor\u00eda\u00bb _builder_version=\u00bb4.27.0&#8243; custom_margin=\u00bb1px||1px||true\u00bb global_colors_info=\u00bb{}\u00bb open=\u00bboff\u00bb]<p>Gestionamos el proceso de certificaci\u00f3n, asegurando que todos los aspectos del entorno industrial cumplan con los requisitos ATEX y realizando auditor\u00edas para garantizar el cumplimiento continuo.<\/p>[\/et_pb_accordion_item][\/et_pb_accordion][\/et_pb_column][\/et_pb_row][\/et_pb_section][et_pb_section fb_built=\u00bb1&#8243; admin_label=\u00bbAbout\u00bb _builder_version=\u00bb4.16&#8243; global_colors_info=\u00bb{}\u00bb][et_pb_row column_structure=\u00bb1_5,1_5,1_5,1_5,1_5&#8243; _builder_version=\u00bb4.20.0&#8243; _module_preset=\u00bbdefault\u00bb locked=\u00bboff\u00bb global_colors_info=\u00bb{}\u00bb][et_pb_column type=\u00bb1_5&#8243; _builder_version=\u00bb4.20.0&#8243; _module_preset=\u00bbdefault\u00bb global_colors_info=\u00bb{}\u00bb][et_pb_image src=\u00bbhttps:\/\/engind.es\/wp-content\/uploads\/2024\/08\/engind-44.jpg\u00bb alt=\u00bbproject monitoring\u00bb title_text=\u00bbengind (44)\u00bb _builder_version=\u00bb4.27.0&#8243; _module_preset=\u00bbdefault\u00bb global_colors_info=\u00bb{}\u00bb][\/et_pb_image][\/et_pb_column][et_pb_column type=\u00bb1_5&#8243; _builder_version=\u00bb4.20.0&#8243; _module_preset=\u00bbdefault\u00bb global_colors_info=\u00bb{}\u00bb][et_pb_image src=\u00bbhttps:\/\/engind.es\/wp-content\/uploads\/2024\/08\/Proyecto-instalacion-electrica-baja-tension.jpg\u00bb alt=\u00bbproject monitoring\u00bb title_text=\u00bbProyecto instalacio\u0301n ele\u0301ctrica baja tensio\u0301n\u00bb _builder_version=\u00bb4.27.0&#8243; _module_preset=\u00bbdefault\u00bb global_colors_info=\u00bb{}\u00bb][\/et_pb_image][\/et_pb_column][et_pb_column type=\u00bb1_5&#8243; _builder_version=\u00bb4.20.0&#8243; _module_preset=\u00bbdefault\u00bb global_colors_info=\u00bb{}\u00bb][et_pb_image src=\u00bbhttps:\/\/engind.es\/wp-content\/uploads\/2024\/08\/engind-35.jpg\u00bb alt=\u00bbproject monitoring\u00bb title_text=\u00bbengind (35)\u00bb _builder_version=\u00bb4.27.0&#8243; _module_preset=\u00bbdefault\u00bb global_colors_info=\u00bb{}\u00bb][\/et_pb_image][\/et_pb_column][et_pb_column type=\u00bb1_5&#8243; _builder_version=\u00bb4.20.0&#8243; _module_preset=\u00bbdefault\u00bb global_colors_info=\u00bb{}\u00bb][et_pb_image src=\u00bbhttps:\/\/engind.es\/wp-content\/uploads\/2024\/08\/engind-22.jpg\u00bb alt=\u00bbproject monitoring\u00bb title_text=\u00bbengind (22)\u00bb _builder_version=\u00bb4.27.0&#8243; _module_preset=\u00bbdefault\u00bb global_colors_info=\u00bb{}\u00bb][\/et_pb_image][\/et_pb_column][et_pb_column type=\u00bb1_5&#8243; _builder_version=\u00bb4.20.0&#8243; _module_preset=\u00bbdefault\u00bb global_colors_info=\u00bb{}\u00bb][et_pb_image src=\u00bbhttps:\/\/engind.es\/wp-content\/uploads\/2024\/08\/engind-8.jpg\u00bb alt=\u00bbproject monitoring\u00bb title_text=\u00bbengind (8)\u00bb _builder_version=\u00bb4.27.0&#8243; _module_preset=\u00bbdefault\u00bb global_colors_info=\u00bb{}\u00bb][\/et_pb_image][\/et_pb_column][\/et_pb_row][\/et_pb_section]\n","protected":false},"excerpt":{"rendered":"<p>Tipos de Informe Atm\u00f3sferas Explosivas &#8211; ATEXDe que nos encargamos Determinaci\u00f3n de zonas con riesgo de explosi\u00f3n. Clasificaci\u00f3n seg\u00fan la normativa ATEX (Zonas 0, 1, 2, 20, 21, 22). Documentaci\u00f3n de las \u00e1reas clasificadas y de las medidas de protecci\u00f3n necesarias. El servicio de \u00abInforme Atm\u00f3sferas Explosivas &#8211; ATEX\u00bb de Engind se especializa en la [&hellip;]<\/p>\n","protected":false},"author":1,"featured_media":30502,"parent":28964,"menu_order":0,"comment_status":"closed","ping_status":"closed","template":"","meta":{"_et_pb_use_builder":"on","_et_pb_old_content":"","_et_gb_content_width":"","pgc_sgb_lightbox_settings":"","footnotes":""},"categories":[],"class_list":["post-29035","page","type-page","status-publish","has-post-thumbnail","hentry"],"_links":{"self":[{"href":"https:\/\/engind.es\/ca\/wp-json\/wp\/v2\/pages\/29035","targetHints":{"allow":["GET"]}}],"collection":[{"href":"https:\/\/engind.es\/ca\/wp-json\/wp\/v2\/pages"}],"about":[{"href":"https:\/\/engind.es\/ca\/wp-json\/wp\/v2\/types\/page"}],"author":[{"embeddable":true,"href":"https:\/\/engind.es\/ca\/wp-json\/wp\/v2\/users\/1"}],"replies":[{"embeddable":true,"href":"https:\/\/engind.es\/ca\/wp-json\/wp\/v2\/comments?post=29035"}],"version-history":[{"count":7,"href":"https:\/\/engind.es\/ca\/wp-json\/wp\/v2\/pages\/29035\/revisions"}],"predecessor-version":[{"id":30905,"href":"https:\/\/engind.es\/ca\/wp-json\/wp\/v2\/pages\/29035\/revisions\/30905"}],"up":[{"embeddable":true,"href":"https:\/\/engind.es\/ca\/wp-json\/wp\/v2\/pages\/28964"}],"wp:featuredmedia":[{"embeddable":true,"href":"https:\/\/engind.es\/ca\/wp-json\/wp\/v2\/media\/30502"}],"wp:attachment":[{"href":"https:\/\/engind.es\/ca\/wp-json\/wp\/v2\/media?parent=29035"}],"wp:term":[{"taxonomy":"category","embeddable":true,"href":"https:\/\/engind.es\/ca\/wp-json\/wp\/v2\/categories?post=29035"}],"curies":[{"name":"wp","href":"https:\/\/api.w.org\/{rel}","templated":true}]}}