{"id":29174,"date":"2024-08-06T08:30:20","date_gmt":"2024-08-06T06:30:20","guid":{"rendered":"https:\/\/engind.es\/?page_id=29174"},"modified":"2025-08-25T08:27:48","modified_gmt":"2025-08-25T06:27:48","slug":"llei-20-2009-projecte-canvi-no-substancial","status":"publish","type":"page","link":"https:\/\/engind.es\/ca\/servicios-de-ingenieria-industrial\/proyectos-ambientales\/ley-20-2009-proyecto-cambio-no-sustancial\/","title":{"rendered":"Llei 20\/2009 \u2013 Projecte canvi no substancial"},"content":{"rendered":"\n[et_pb_section fb_built=\u00bb1&#8243; admin_label=\u00bbFAQ\u00bb _builder_version=\u00bb4.16&#8243; background_color=\u00bb#f7f7f7&#8243; global_colors_info=\u00bb{}\u00bb][et_pb_row column_structure=\u00bb1_3,2_3&#8243; _builder_version=\u00bb4.16&#8243; global_colors_info=\u00bb{}\u00bb][et_pb_column type=\u00bb1_3&#8243; _builder_version=\u00bb4.16&#8243; custom_padding=\u00bb|||\u00bb global_colors_info=\u00bb{}\u00bb custom_padding__hover=\u00bb|||\u00bb][et_pb_text _builder_version=\u00bb4.27.2&#8243; text_font=\u00bb||||||||\u00bb header_font=\u00bb||||||||\u00bb header_2_font=\u00bbRubik|700|||||||\u00bb header_2_font_size=\u00bb42px\u00bb header_2_line_height=\u00bb1.2em\u00bb custom_margin=\u00bb|||\u00bb custom_padding=\u00bb|||\u00bb header_2_font_size_tablet=\u00bb\u00bb header_2_font_size_phone=\u00bb36px\u00bb header_2_font_size_last_edited=\u00bbon|phone\u00bb locked=\u00bboff\u00bb global_colors_info=\u00bb{}\u00bb]<h2><strong>Servicios en la Ley 20\/2009 &#8211; Proyecto cambio no sustancial<\/strong><\/h2>[\/et_pb_text][et_pb_divider color=\u00bbgcid-30cfe7b1-3293-4278-ab8c-450d036427bd\u00bb divider_position=\u00bbcenter\u00bb divider_weight=\u00bb5px\u00bb _builder_version=\u00bb4.20.2&#8243; max_width=\u00bb50px\u00bb locked=\u00bboff\u00bb global_colors_info=\u00bb{%22gcid-30cfe7b1-3293-4278-ab8c-450d036427bd%22:%91%22color%22%93}\u00bb][\/et_pb_divider][et_pb_text _builder_version=\u00bb4.20.4&#8243; _module_preset=\u00bbdefault\u00bb global_colors_info=\u00bb{}\u00bb]<h2><b>\u00bfDe qu\u00e9 nos encargamos?<\/b><\/h2>[\/et_pb_text][et_pb_blurb title=\u00bbEvaluaci\u00f3n de Modificaciones Propuestas\u00bb use_icon=\u00bbon\u00bb font_icon=\u00bb&#x39;||divi||400&#8243; icon_color=\u00bbgcid-30cfe7b1-3293-4278-ab8c-450d036427bd\u00bb icon_placement=\u00bbleft\u00bb image_icon_width=\u00bb56px\u00bb content_max_width=\u00bb1100px\u00bb content_max_width_tablet=\u00bb1100px\u00bb content_max_width_last_edited=\u00bboff|desktop\u00bb _builder_version=\u00bb4.27.0&#8243; header_font=\u00bbRubik|700|||||||\u00bb header_line_height=\u00bb1.4em\u00bb body_font=\u00bb||||||||\u00bb body_text_color=\u00bb#000000&#8243; body_font_size=\u00bb15px\u00bb body_line_height=\u00bb1.8em\u00bb custom_margin=\u00bb|||\u00bb custom_padding=\u00bb|||\u00bb animation_direction=\u00bbright\u00bb animation=\u00bboff\u00bb icon_font_size=\u00bb56px\u00bb locked=\u00bboff\u00bb global_colors_info=\u00bb{%22gcid-30cfe7b1-3293-4278-ab8c-450d036427bd%22:%91%22icon_color%22%93}\u00bb][\/et_pb_blurb][et_pb_blurb title=\u00bbElaboraci\u00f3n del Proyecto T\u00e9cnico\u00bb use_icon=\u00bbon\u00bb font_icon=\u00bb&#x39;||divi||400&#8243; icon_color=\u00bbgcid-30cfe7b1-3293-4278-ab8c-450d036427bd\u00bb icon_placement=\u00bbleft\u00bb image_icon_width=\u00bb56px\u00bb content_max_width=\u00bb1100px\u00bb content_max_width_tablet=\u00bb1100px\u00bb content_max_width_last_edited=\u00bboff|desktop\u00bb _builder_version=\u00bb4.27.0&#8243; header_font=\u00bbRubik|700|||||||\u00bb header_line_height=\u00bb1.4em\u00bb body_font=\u00bb||||||||\u00bb body_text_color=\u00bb#000000&#8243; body_font_size=\u00bb15px\u00bb body_line_height=\u00bb1.8em\u00bb custom_margin=\u00bb|||\u00bb custom_padding=\u00bb|||\u00bb animation_direction=\u00bbright\u00bb animation=\u00bboff\u00bb icon_font_size=\u00bb56px\u00bb locked=\u00bboff\u00bb global_colors_info=\u00bb{%22gcid-30cfe7b1-3293-4278-ab8c-450d036427bd%22:%91%22icon_color%22%93}\u00bb]<ul>\n<li>Creaci\u00f3n del documento t\u00e9cnico que describe las modificaciones.<\/li>\n<li>Inclusi\u00f3n de detalles sobre la implementaci\u00f3n y el impacto en la actividad.<\/li>\n<li>Preparaci\u00f3n de planos y descripciones t\u00e9cnicas relevantes.<\/li>\n<\/ul>[\/et_pb_blurb][et_pb_blurb title=\u00bbGesti\u00f3n de Tr\u00e1mites Administrativos\u00bb use_icon=\u00bbon\u00bb font_icon=\u00bb&#x39;||divi||400&#8243; icon_color=\u00bbgcid-30cfe7b1-3293-4278-ab8c-450d036427bd\u00bb icon_placement=\u00bbleft\u00bb image_icon_width=\u00bb56px\u00bb content_max_width=\u00bb1100px\u00bb content_max_width_tablet=\u00bb1100px\u00bb content_max_width_last_edited=\u00bboff|desktop\u00bb _builder_version=\u00bb4.27.0&#8243; header_font=\u00bbRubik|700|||||||\u00bb header_line_height=\u00bb1.4em\u00bb body_font=\u00bb||||||||\u00bb body_text_color=\u00bb#000000&#8243; body_font_size=\u00bb15px\u00bb body_line_height=\u00bb1.8em\u00bb custom_margin=\u00bb|||\u00bb custom_padding=\u00bb|||\u00bb animation_direction=\u00bbright\u00bb animation=\u00bboff\u00bb icon_font_size=\u00bb56px\u00bb locked=\u00bboff\u00bb global_colors_info=\u00bb{%22gcid-30cfe7b1-3293-4278-ab8c-450d036427bd%22:%91%22icon_color%22%93}\u00bb][\/et_pb_blurb][et_pb_blurb title=\u00bbAsesoramiento en Cumplimiento Legal\u00bb use_icon=\u00bbon\u00bb font_icon=\u00bb&#x39;||divi||400&#8243; icon_color=\u00bbgcid-30cfe7b1-3293-4278-ab8c-450d036427bd\u00bb icon_placement=\u00bbleft\u00bb image_icon_width=\u00bb56px\u00bb content_max_width=\u00bb1100px\u00bb content_max_width_tablet=\u00bb1100px\u00bb content_max_width_last_edited=\u00bboff|desktop\u00bb _builder_version=\u00bb4.27.0&#8243; header_font=\u00bbRubik|700|||||||\u00bb header_line_height=\u00bb1.4em\u00bb body_font=\u00bb||||||||\u00bb body_text_color=\u00bb#000000&#8243; body_font_size=\u00bb15px\u00bb body_line_height=\u00bb1.8em\u00bb custom_margin=\u00bb|||\u00bb custom_padding=\u00bb|||\u00bb animation_direction=\u00bbright\u00bb animation=\u00bboff\u00bb icon_font_size=\u00bb56px\u00bb locked=\u00bboff\u00bb global_colors_info=\u00bb{%22gcid-30cfe7b1-3293-4278-ab8c-450d036427bd%22:%91%22icon_color%22%93}\u00bb][\/et_pb_blurb][\/et_pb_column][et_pb_column type=\u00bb2_3&#8243; _builder_version=\u00bb4.16&#8243; custom_padding=\u00bb|||\u00bb global_colors_info=\u00bb{}\u00bb custom_padding__hover=\u00bb|||\u00bb][et_pb_text _builder_version=\u00bb4.27.2&#8243; _module_preset=\u00bbdefault\u00bb global_colors_info=\u00bb{}\u00bb]<h2><strong>Ley 20\/2009 &#8211; Proyecto cambio no sustancial y Engind.\u00a0<\/strong><\/h2>[\/et_pb_text][et_pb_text _builder_version=\u00bb4.27.0&#8243; _module_preset=\u00bbdefault\u00bb global_colors_info=\u00bb{}\u00bb]<p class=\"p1\" style=\"text-align: justify;\"><b>Engind<\/b>\u00a0ofrece el servicio de\u00a0<b>\u00abProyecto de Cambio No Sustancial\u00bb<\/b>\u00a0conforme a la Ley 20\/2009. Este servicio est\u00e1 dise\u00f1ado para gestionar modificaciones que no alteren de manera significativa la actividad clasificada bajo esta normativa, garantizando que cualquier ajuste se realice de acuerdo con los requisitos legales y t\u00e9cnicos vigentes.<\/p>\n<p class=\"p1\" style=\"text-align: justify;\">El\u00a0<b>Proyecto de Cambio No Sustancial<\/b>\u00a0de Engind se encarga de la elaboraci\u00f3n del documento t\u00e9cnico necesario para llevar a cabo cambios menores en actividades ya autorizadas, asegurando que las modificaciones cumplan con los par\u00e1metros establecidos y no requieran una nueva evaluaci\u00f3n exhaustiva. Nuestro enfoque asegura que las modificaciones se integren de manera eficiente sin afectar la conformidad global del proyecto con la ley.<\/p>\n<p class=\"p1\" style=\"text-align: justify;\"><b>Engind<\/b>\u00a0proporciona una soluci\u00f3n integral que incluye la preparaci\u00f3n de la documentaci\u00f3n t\u00e9cnica y el asesoramiento necesario para la correcta implementaci\u00f3n de los cambios, facilitando as\u00ed el cumplimiento continuo con la Ley 20\/2009.<\/p>\n<p class=\"p1\" style=\"text-align: justify;\"><b>Engind<\/b>\u00a0se dedica a ofrecer un\u00a0<b>\u00abProyecto de Cambio No Sustancial\u00bb<\/b>\u00a0eficiente y conforme a la Ley 20\/2009, asegurando que tus modificaciones sean gestionadas de manera adecuada y legal. Contacta con nosotros para asegurar que cualquier ajuste en tu actividad se realice sin contratiempos y en total cumplimiento con la normativa vigente.<\/p>[\/et_pb_text][et_pb_image src=\u00bbhttps:\/\/engind.es\/wp-content\/uploads\/2024\/03\/ambientales8.jpg\u00bb alt=\u00bbIngenier\u00eda para Log\u00edstica\u00bb title_text=\u00bbambientales8&#8243; align=\u00bbcenter\u00bb _builder_version=\u00bb4.27.0&#8243; _module_preset=\u00bbdefault\u00bb width=\u00bb100%\u00bb max_width=\u00bb100%\u00bb custom_padding=\u00bb||0px|||\u00bb global_colors_info=\u00bb{}\u00bb][\/et_pb_image][et_pb_button button_url=\u00bb#contactar\u00bb button_text=\u00bbPIDE PRESUPUESTO\u00bb _builder_version=\u00bb4.20.2&#8243; custom_button=\u00bbon\u00bb button_text_size=\u00bb14px\u00bb button_text_color=\u00bbgcid-30cfe7b1-3293-4278-ab8c-450d036427bd\u00bb button_border_width=\u00bb4px\u00bb button_border_radius=\u00bb0px\u00bb button_letter_spacing=\u00bb4px\u00bb button_font=\u00bbRubik|700||on|||||\u00bb button_icon=\u00bb&#x24;||divi||400&#8243; custom_padding=\u00bb12px|30px|12px|30px|true|true\u00bb button_text_color_hover=\u00bb#ffffff\u00bb button_border_color_hover=\u00bb#ffb400&#8243; button_bg_color_hover=\u00bb#ffb400&#8243; locked=\u00bboff\u00bb global_colors_info=\u00bb{%22gcid-30cfe7b1-3293-4278-ab8c-450d036427bd%22:%91%22button_text_color%22,%22button_bg_color__hover%22,%22button_border_color__hover%22%93}\u00bb button_text_size__hover_enabled=\u00bboff\u00bb button_one_text_size__hover_enabled=\u00bboff\u00bb button_two_text_size__hover_enabled=\u00bboff\u00bb button_text_color__hover_enabled=\u00bbon|hover\u00bb button_text_color__hover=\u00bb#ffffff\u00bb button_one_text_color__hover_enabled=\u00bboff\u00bb button_two_text_color__hover_enabled=\u00bboff\u00bb button_border_width__hover_enabled=\u00bboff\u00bb button_one_border_width__hover_enabled=\u00bboff\u00bb button_two_border_width__hover_enabled=\u00bboff\u00bb button_border_color__hover_enabled=\u00bbon|desktop\u00bb button_border_color__hover=\u00bb#2e55a2&#8243; button_one_border_color__hover_enabled=\u00bboff\u00bb button_two_border_color__hover_enabled=\u00bboff\u00bb button_border_radius__hover_enabled=\u00bboff\u00bb button_one_border_radius__hover_enabled=\u00bboff\u00bb button_two_border_radius__hover_enabled=\u00bboff\u00bb button_letter_spacing__hover_enabled=\u00bboff\u00bb button_one_letter_spacing__hover_enabled=\u00bboff\u00bb button_two_letter_spacing__hover_enabled=\u00bboff\u00bb button_bg_color__hover_enabled=\u00bbon\u00bb button_bg_color__hover=\u00bb#2e55a2&#8243; button_one_bg_color__hover_enabled=\u00bboff\u00bb button_two_bg_color__hover_enabled=\u00bboff\u00bb button_bg_enable_color__hover=\u00bbon\u00bb][\/et_pb_button][\/et_pb_column][\/et_pb_row][\/et_pb_section][et_pb_section fb_built=\u00bb1&#8243; admin_label=\u00bbAbout\u00bb _builder_version=\u00bb4.16&#8243; global_colors_info=\u00bb{}\u00bb][et_pb_row column_structure=\u00bb1_5,1_5,1_5,1_5,1_5&#8243; _builder_version=\u00bb4.20.0&#8243; _module_preset=\u00bbdefault\u00bb locked=\u00bboff\u00bb global_colors_info=\u00bb{}\u00bb][et_pb_column type=\u00bb1_5&#8243; _builder_version=\u00bb4.20.0&#8243; _module_preset=\u00bbdefault\u00bb global_colors_info=\u00bb{}\u00bb][et_pb_image src=\u00bbhttps:\/\/engind.es\/wp-content\/uploads\/2024\/03\/Estudio-coste-obra.jpg\u00bb alt=\u00bbIngenier\u00eda para log\u00edstica\u00bb title_text=\u00bbEstudio coste obra\u00bb _builder_version=\u00bb4.27.0&#8243; _module_preset=\u00bbdefault\u00bb global_colors_info=\u00bb{}\u00bb][\/et_pb_image][\/et_pb_column][et_pb_column type=\u00bb1_5&#8243; _builder_version=\u00bb4.20.0&#8243; _module_preset=\u00bbdefault\u00bb global_colors_info=\u00bb{}\u00bb][et_pb_image src=\u00bbhttps:\/\/engind.es\/wp-content\/uploads\/2024\/08\/engind-36.jpg\u00bb alt=\u00bbIngenier\u00eda para Log\u00edstica\u00bb title_text=\u00bbengind (36)\u00bb _builder_version=\u00bb4.27.0&#8243; _module_preset=\u00bbdefault\u00bb global_colors_info=\u00bb{}\u00bb][\/et_pb_image][\/et_pb_column][et_pb_column type=\u00bb1_5&#8243; _builder_version=\u00bb4.20.0&#8243; _module_preset=\u00bbdefault\u00bb global_colors_info=\u00bb{}\u00bb][et_pb_image src=\u00bbhttps:\/\/engind.es\/wp-content\/uploads\/2024\/03\/Diseno-conceptual-de-obras_BIM.jpg\u00bb alt=\u00bbIngenier\u00eda para log\u00edstica\u00bb title_text=\u00bbDisen\u0303o conceptual de obras_BIM\u00bb _builder_version=\u00bb4.24.2&#8243; _module_preset=\u00bbdefault\u00bb global_colors_info=\u00bb{}\u00bb][\/et_pb_image][\/et_pb_column][et_pb_column type=\u00bb1_5&#8243; _builder_version=\u00bb4.20.0&#8243; _module_preset=\u00bbdefault\u00bb global_colors_info=\u00bb{}\u00bb][et_pb_image src=\u00bbhttps:\/\/engind.es\/wp-content\/uploads\/2024\/08\/engind-37.jpg\u00bb alt=\u00bbIngenier\u00eda para log\u00edstica\u00bb title_text=\u00bbengind (37)\u00bb _builder_version=\u00bb4.27.0&#8243; _module_preset=\u00bbdefault\u00bb global_colors_info=\u00bb{}\u00bb][\/et_pb_image][\/et_pb_column][et_pb_column type=\u00bb1_5&#8243; _builder_version=\u00bb4.20.0&#8243; _module_preset=\u00bbdefault\u00bb global_colors_info=\u00bb{}\u00bb][et_pb_image src=\u00bbhttps:\/\/engind.es\/wp-content\/uploads\/2024\/08\/engind-21.jpg\u00bb alt=\u00bbIngenier\u00eda para Log\u00edstica\u00bb title_text=\u00bbengind (21)\u00bb _builder_version=\u00bb4.27.0&#8243; _module_preset=\u00bbdefault\u00bb global_colors_info=\u00bb{}\u00bb][\/et_pb_image][\/et_pb_column][\/et_pb_row][\/et_pb_section]\n","protected":false},"excerpt":{"rendered":"<p>Servicios en la Ley 20\/2009 &#8211; Proyecto cambio no sustancial\u00bfDe qu\u00e9 nos encargamos? Creaci\u00f3n del documento t\u00e9cnico que describe las modificaciones. Inclusi\u00f3n de detalles sobre la implementaci\u00f3n y el impacto en la actividad. Preparaci\u00f3n de planos y descripciones t\u00e9cnicas relevantes. Ley 20\/2009 &#8211; Proyecto cambio no sustancial y Engind.\u00a0Engind\u00a0ofrece el servicio de\u00a0\u00abProyecto de Cambio No [&hellip;]<\/p>\n","protected":false},"author":1,"featured_media":30545,"parent":28456,"menu_order":0,"comment_status":"closed","ping_status":"closed","template":"","meta":{"_et_pb_use_builder":"on","_et_pb_old_content":"","_et_gb_content_width":"","pgc_sgb_lightbox_settings":"","footnotes":""},"categories":[],"class_list":["post-29174","page","type-page","status-publish","has-post-thumbnail","hentry"],"_links":{"self":[{"href":"https:\/\/engind.es\/ca\/wp-json\/wp\/v2\/pages\/29174","targetHints":{"allow":["GET"]}}],"collection":[{"href":"https:\/\/engind.es\/ca\/wp-json\/wp\/v2\/pages"}],"about":[{"href":"https:\/\/engind.es\/ca\/wp-json\/wp\/v2\/types\/page"}],"author":[{"embeddable":true,"href":"https:\/\/engind.es\/ca\/wp-json\/wp\/v2\/users\/1"}],"replies":[{"embeddable":true,"href":"https:\/\/engind.es\/ca\/wp-json\/wp\/v2\/comments?post=29174"}],"version-history":[{"count":7,"href":"https:\/\/engind.es\/ca\/wp-json\/wp\/v2\/pages\/29174\/revisions"}],"predecessor-version":[{"id":30862,"href":"https:\/\/engind.es\/ca\/wp-json\/wp\/v2\/pages\/29174\/revisions\/30862"}],"up":[{"embeddable":true,"href":"https:\/\/engind.es\/ca\/wp-json\/wp\/v2\/pages\/28456"}],"wp:featuredmedia":[{"embeddable":true,"href":"https:\/\/engind.es\/ca\/wp-json\/wp\/v2\/media\/30545"}],"wp:attachment":[{"href":"https:\/\/engind.es\/ca\/wp-json\/wp\/v2\/media?parent=29174"}],"wp:term":[{"taxonomy":"category","embeddable":true,"href":"https:\/\/engind.es\/ca\/wp-json\/wp\/v2\/categories?post=29174"}],"curies":[{"name":"wp","href":"https:\/\/api.w.org\/{rel}","templated":true}]}}