{"id":26419,"date":"2023-03-30T11:11:01","date_gmt":"2023-03-30T09:11:01","guid":{"rendered":"http:\/\/engind.es\/?page_id=26419"},"modified":"2025-08-22T18:52:22","modified_gmt":"2025-08-22T16:52:22","slug":"due-dilligence-en","status":"publish","type":"page","link":"https:\/\/engind.es\/en\/consultoria-ingenieria\/gestion-de-proyectos\/due-diligence\/","title":{"rendered":"Due Diligence"},"content":{"rendered":"\n[et_pb_section fb_built=\u00bb1&#8243; admin_label=\u00bbFAQ\u00bb _builder_version=\u00bb4.16&#8243; background_color=\u00bb#f7f7f7&#8243; global_colors_info=\u00bb{}\u00bb][et_pb_row column_structure=\u00bb1_3,2_3&#8243; _builder_version=\u00bb4.16&#8243; global_colors_info=\u00bb{}\u00bb][et_pb_column type=\u00bb1_3&#8243; _builder_version=\u00bb4.16&#8243; custom_padding=\u00bb|||\u00bb global_colors_info=\u00bb{}\u00bb custom_padding__hover=\u00bb|||\u00bb][et_pb_text _builder_version=\u00bb4.16&#8243; text_font=\u00bb||||||||\u00bb header_font=\u00bb||||||||\u00bb header_2_font=\u00bbRubik|700|||||||\u00bb header_2_font_size=\u00bb42px\u00bb header_2_line_height=\u00bb1.2em\u00bb custom_margin=\u00bb|||\u00bb custom_padding=\u00bb|||\u00bb header_2_font_size_tablet=\u00bb\u00bb header_2_font_size_phone=\u00bb36px\u00bb header_2_font_size_last_edited=\u00bbon|phone\u00bb locked=\u00bboff\u00bb global_colors_info=\u00bb{}\u00bb]<h2>Pasos del proceso<\/h2>[\/et_pb_text][et_pb_divider color=\u00bbgcid-30cfe7b1-3293-4278-ab8c-450d036427bd\u00bb divider_position=\u00bbcenter\u00bb divider_weight=\u00bb5px\u00bb _builder_version=\u00bb4.20.2&#8243; max_width=\u00bb50px\u00bb locked=\u00bboff\u00bb global_colors_info=\u00bb{%22gcid-30cfe7b1-3293-4278-ab8c-450d036427bd%22:%91%22color%22%93}\u00bb][\/et_pb_divider][et_pb_button button_url=\u00bb#contactar\u00bb button_text=\u00bbPIDE PRESUPUESTO\u00bb _builder_version=\u00bb4.20.2&#8243; custom_button=\u00bbon\u00bb button_text_size=\u00bb14px\u00bb button_text_color=\u00bbgcid-30cfe7b1-3293-4278-ab8c-450d036427bd\u00bb button_border_width=\u00bb4px\u00bb button_border_radius=\u00bb0px\u00bb button_letter_spacing=\u00bb4px\u00bb button_font=\u00bbRubik|700||on|||||\u00bb button_icon=\u00bb&#x24;||divi||400&#8243; custom_padding=\u00bb12px|30px|12px|30px|true|true\u00bb button_text_color_hover=\u00bb#ffffff\u00bb button_border_color_hover=\u00bb#ffb400&#8243; button_bg_color_hover=\u00bb#ffb400&#8243; locked=\u00bboff\u00bb global_colors_info=\u00bb{%22gcid-30cfe7b1-3293-4278-ab8c-450d036427bd%22:%91%22button_text_color%22,%22button_bg_color__hover%22,%22button_border_color__hover%22%93}\u00bb button_text_size__hover_enabled=\u00bboff\u00bb button_one_text_size__hover_enabled=\u00bboff\u00bb button_two_text_size__hover_enabled=\u00bboff\u00bb button_text_color__hover_enabled=\u00bbon|hover\u00bb button_text_color__hover=\u00bb#ffffff\u00bb button_one_text_color__hover_enabled=\u00bboff\u00bb button_two_text_color__hover_enabled=\u00bboff\u00bb button_border_width__hover_enabled=\u00bboff\u00bb button_one_border_width__hover_enabled=\u00bboff\u00bb button_two_border_width__hover_enabled=\u00bboff\u00bb button_border_color__hover_enabled=\u00bbon|desktop\u00bb button_border_color__hover=\u00bb#2e55a2&#8243; button_one_border_color__hover_enabled=\u00bboff\u00bb button_two_border_color__hover_enabled=\u00bboff\u00bb button_border_radius__hover_enabled=\u00bboff\u00bb button_one_border_radius__hover_enabled=\u00bboff\u00bb button_two_border_radius__hover_enabled=\u00bboff\u00bb button_letter_spacing__hover_enabled=\u00bboff\u00bb button_one_letter_spacing__hover_enabled=\u00bboff\u00bb button_two_letter_spacing__hover_enabled=\u00bboff\u00bb button_bg_color__hover_enabled=\u00bbon\u00bb button_bg_color__hover=\u00bb#2e55a2&#8243; button_one_bg_color__hover_enabled=\u00bboff\u00bb button_two_bg_color__hover_enabled=\u00bboff\u00bb button_bg_enable_color__hover=\u00bbon\u00bb][\/et_pb_button][\/et_pb_column][et_pb_column type=\u00bb2_3&#8243; _builder_version=\u00bb4.16&#8243; custom_padding=\u00bb|||\u00bb global_colors_info=\u00bb{}\u00bb custom_padding__hover=\u00bb|||\u00bb][et_pb_text _builder_version=\u00bb4.20.4&#8243; _module_preset=\u00bbdefault\u00bb global_colors_info=\u00bb{}\u00bb]<p><span>En general, nuestro proceso de due diligence se centra en la <strong>evaluaci\u00f3n del proyecto en detalle, <\/strong>utilizando nuestra experiencia para ofrecer recomendaciones de mejora y ajustes necesarios.<\/span><\/p>[\/et_pb_text][et_pb_accordion closed_toggle_text_color=\u00bb#2a2a2a\u00bb closed_toggle_background_color=\u00bb#ffffff\u00bb icon_color=\u00bbgcid-30cfe7b1-3293-4278-ab8c-450d036427bd\u00bb _builder_version=\u00bb4.20.4&#8243; toggle_font=\u00bbRubik|700|||||||\u00bb toggle_font_size=\u00bb18px\u00bb toggle_line_height=\u00bb1.4em\u00bb body_font=\u00bb||||||||\u00bb body_font_size=\u00bb15px\u00bb body_line_height=\u00bb1.8em\u00bb custom_margin=\u00bb|||\u00bb custom_padding=\u00bb|||\u00bb rank_math_faq_schema=\u00bbon\u00bb border_width_all=\u00bb0px\u00bb global_colors_info=\u00bb{%22gcid-30cfe7b1-3293-4278-ab8c-450d036427bd%22:%91%22icon_color%22%93}\u00bb][et_pb_accordion_item title=\u00bbFase inicial\u00bb _builder_version=\u00bb4.20.4&#8243; custom_margin=\u00bb1px||1px||true\u00bb global_colors_info=\u00bb{}\u00bb open=\u00bbon\u00bb]<p><span>Durante la <strong>fase inicial<\/strong> de due diligence, recopilamos toda la informaci\u00f3n relevante sobre el proyecto, incluyendo la documentaci\u00f3n t\u00e9cnica y legal. En esta fase, Engind eval\u00faa la viabilidad t\u00e9cnica del proyecto, as\u00ed como su cumplimiento normativo y las posibles implicaciones ambientales.<\/span><\/p>[\/et_pb_accordion_item][et_pb_accordion_item title=\u00bbFase segunda\u00bb _builder_version=\u00bb4.20.4&#8243; custom_margin=\u00bb1px||1px||true\u00bb global_colors_info=\u00bb{}\u00bb open=\u00bboff\u00bb]<p><span>En la segunda etapa, nos enfocamos en <strong>revisar los procesos y operaciones, <\/strong>esto implica una evaluaci\u00f3n m\u00e1s detallada del proyecto, incluyendo la inspecci\u00f3n del sitio y la revisi\u00f3n de los planes de construcci\u00f3n y los requisitos t\u00e9cnicos. En esta fase, evaluamos los riesgos y los desaf\u00edos t\u00e9cnicos asociados con el proyecto, y ofrecemos recomendaciones para mejoras y ajustes necesarios.<\/span><\/p>[\/et_pb_accordion_item][et_pb_accordion_item title=\u00bbFase de cierre\u00bb open=\u00bboff\u00bb _builder_version=\u00bb4.20.4&#8243; custom_margin=\u00bb1px||1px||true\u00bb global_colors_info=\u00bb{}\u00bb]<p><span>Finalmente, en la etapa de cierre, proporcionamos un <strong>informe detallado<\/strong> que resume nuestros <strong>hallazgos y recomendaciones<\/strong>. Este informe es fundamental para tomar decisiones informadas y estrat\u00e9gicas sobre el proyecto, y para garantizar que se minimicen los riesgos y se maximice su eficacia.<\/span><\/p>[\/et_pb_accordion_item][\/et_pb_accordion][\/et_pb_column][\/et_pb_row][\/et_pb_section]\n","protected":false},"excerpt":{"rendered":"<p>Pasos del procesoEn general, nuestro proceso de due diligence se centra en la evaluaci\u00f3n del proyecto en detalle, utilizando nuestra experiencia para ofrecer recomendaciones de mejora y ajustes necesarios.Durante la fase inicial de due diligence, recopilamos toda la informaci\u00f3n relevante sobre el proyecto, incluyendo la documentaci\u00f3n t\u00e9cnica y legal. En esta fase, Engind eval\u00faa la [&hellip;]<\/p>\n","protected":false},"author":1,"featured_media":27567,"parent":29756,"menu_order":0,"comment_status":"closed","ping_status":"closed","template":"","meta":{"_et_pb_use_builder":"on","_et_pb_old_content":"","_et_gb_content_width":"","pgc_sgb_lightbox_settings":"","footnotes":""},"categories":[],"class_list":["post-26419","page","type-page","status-publish","has-post-thumbnail","hentry"],"_links":{"self":[{"href":"https:\/\/engind.es\/en\/wp-json\/wp\/v2\/pages\/26419","targetHints":{"allow":["GET"]}}],"collection":[{"href":"https:\/\/engind.es\/en\/wp-json\/wp\/v2\/pages"}],"about":[{"href":"https:\/\/engind.es\/en\/wp-json\/wp\/v2\/types\/page"}],"author":[{"embeddable":true,"href":"https:\/\/engind.es\/en\/wp-json\/wp\/v2\/users\/1"}],"replies":[{"embeddable":true,"href":"https:\/\/engind.es\/en\/wp-json\/wp\/v2\/comments?post=26419"}],"version-history":[{"count":8,"href":"https:\/\/engind.es\/en\/wp-json\/wp\/v2\/pages\/26419\/revisions"}],"predecessor-version":[{"id":30851,"href":"https:\/\/engind.es\/en\/wp-json\/wp\/v2\/pages\/26419\/revisions\/30851"}],"up":[{"embeddable":true,"href":"https:\/\/engind.es\/en\/wp-json\/wp\/v2\/pages\/29756"}],"wp:featuredmedia":[{"embeddable":true,"href":"https:\/\/engind.es\/en\/wp-json\/wp\/v2\/media\/27567"}],"wp:attachment":[{"href":"https:\/\/engind.es\/en\/wp-json\/wp\/v2\/media?parent=26419"}],"wp:term":[{"taxonomy":"category","embeddable":true,"href":"https:\/\/engind.es\/en\/wp-json\/wp\/v2\/categories?post=26419"}],"curies":[{"name":"wp","href":"https:\/\/api.w.org\/{rel}","templated":true}]}}