{"id":26434,"date":"2023-04-02T09:46:59","date_gmt":"2023-04-02T07:46:59","guid":{"rendered":"http:\/\/engind.es\/?page_id=26434"},"modified":"2025-12-10T16:10:34","modified_gmt":"2025-12-10T14:10:34","slug":"privacy-policy","status":"publish","type":"page","link":"https:\/\/engind.es\/en\/politica-de-privacidad\/","title":{"rendered":"Privacy Policy"},"content":{"rendered":"\t\t<div data-elementor-type=\"wp-page\" data-elementor-id=\"26434\" class=\"elementor elementor-26434\" data-elementor-post-type=\"page\">\n\t\t\t\t<div class=\"elementor-element elementor-element-3c631682 e-flex e-con-boxed e-con e-parent\" data-id=\"3c631682\" data-element_type=\"container\" data-e-type=\"container\" data-settings=\"{&quot;jet_parallax_layout_list&quot;:[]}\">\n\t\t\t\t\t<div class=\"e-con-inner\">\n\t\t\t\t<div class=\"elementor-element elementor-element-4f69a4b8 elementor-widget elementor-widget-text-editor\" data-id=\"4f69a4b8\" data-element_type=\"widget\" data-e-type=\"widget\" data-widget_type=\"text-editor.default\">\n\t\t\t\t<div class=\"elementor-widget-container\">\n\t\t\t\t\t\t\t\t\t\n<p><strong>RESPONSABLE<\/strong><\/p>\n\n<p>De conformidad con lo establecido por el <strong>Reglamento General (UE) 2016\/679 de Protecci\u00f3n de datos y la Ley Org\u00e1nica 3\/2018 de Protecci\u00f3n de Datos personales y garant\u00eda de los derechos digitales<\/strong>, le informamos que los datos personales facilitados a trav\u00e9s de los formularios, as\u00ed como su direcci\u00f3n de correo electr\u00f3nico, han sido incluidos en un tratamiento titularidad de <strong>ENGIND, S.L, <\/strong><strong>[<\/strong>de ahora en adelante<strong> ENGIND], <\/strong>con domicilio social en la AV. VILAFRANCA DEL PENED\u00c8S, N\u00daM 11A, 1\u00aa PLANTA \u2013POL. IND. SANT PERE MOLANTA- 08799 OL\u00c8RDOLA, NIF B63695308,es la encargada de la explotaci\u00f3n, gesti\u00f3n y funcionamiento del portal Web mencionado anteriormente.<\/p>\n\n<p><br \/>Se informa que los datos pueden ser tratados con la finalidad de facilitar informaci\u00f3n de nuestros productos y \/ o servicios por medios electr\u00f3nicos, siempre que nos autorice a su tratamiento. Sus datos podr\u00e1n ser objeto de la elaboraci\u00f3n de perfiles, con el fin de aplicar un plan de fidelizaci\u00f3n de acuerdo a la vinculaci\u00f3n comercial del cliente y ofrecer ofertas que sean adecuadas a sus preferencias. Usted podr\u00e1 en cualquier momento oponerse a este tipo de comunicaciones, enviando un correo electr\u00f3nico a la direcci\u00f3n <strong>info@engind.es<\/strong> e indicando en el asunto <strong>\u00abBaja de la lista de distribuci\u00f3n\u00bb.<\/strong><\/p>\n\n<p>As\u00ed mismo, podr\u00e1 ejercer los derechos de <strong>a<\/strong>cceso, <strong>r<\/strong>ectificaci\u00f3n, <strong>s<\/strong>upresi\u00f3n, <strong>o<\/strong>posici\u00f3n, <strong>p<\/strong>ortabilidad y <strong>l<\/strong>imitaci\u00f3n, enviando un escrito acompa\u00f1ado de una fotocopia del D.N.I o documento acreditativo equivalente a la siguiente direcci\u00f3n electr\u00f3nica: <strong>info@engind.es <\/strong>indicando en el asunto \u00ab<strong>Protecci\u00f3n de datos<\/strong>\u00ab.<\/p>\n\n<p><strong>POL\u00cdTICA<\/strong><\/p>\n\n<p><strong>ENGIND<\/strong> est\u00e1 especialmente sensibilizado con la protecci\u00f3n de los datos de los usuarios de los servicios que acceden al sitio web. Mediante la presente Pol\u00edtica de Privacidad se informa a los usuarios de <strong>engind.es<\/strong> del tratamiento y usos a los que se someten los datos personales que se recaban en la web mediante la <strong>informaci\u00f3n adicional<\/strong>, con el fin de que decidan, libre y voluntariamente, si desean facilitar la informaci\u00f3n solicitada.<\/p>\n\n<p><strong>MEDIDAS DE SEGURIDAD<\/strong><\/p>\n\n<p>Finalmente se informa que <strong>ENGIND, <\/strong>ha adoptado en el sistema de informaci\u00f3n las medidas t\u00e9cnicas y organizativas adecuadas, con objeto de garantizar la seguridad y confidencialidad de los datos almacenados, evitando as\u00ed, su alteraci\u00f3n, p\u00e9rdida, tratamiento o acceso no autorizado; teniendo en cuenta el estado de la t\u00e9cnica, los costes de aplicaci\u00f3n, y la naturaleza, el alcance, el contexto y las finalidades del tratamiento, as\u00ed como riesgos de probabilidad y gravedad variables asociadas a cada uno de los tratamientos.<\/p>\n\n<p><strong>REDES SOCIALES<br \/><\/strong><\/p>\n\n<p>Se informa que <strong>ENGIND <\/strong>puede tener presencia en redes sociales. El tratamiento de los datos que se lleve a cabo de las personas que se hagan seguidoras de las redes sociales (y\/o realicen cualquier v\u00ednculo o acci\u00f3n de conexi\u00f3n a trav\u00e9s de redes sociales) de las p\u00e1ginas web oficiales de <strong>ENGIND <\/strong>se regir\u00e1 por este apartado, as\u00ed como por aquellas condiciones de uso, pol\u00edticas de privacidad y normativas de acceso que pertenezcan a la red social que proceda en cada caso y sean aceptadas previamente por el usuario.<\/p>\n\n<p><strong>ENGIND <\/strong>tratar\u00e1 sus datos con la finalidad de administrar correctamente su presencia en la red social, informando de actividades, productos o servicios de la empresa, as\u00ed como para cualquier otra finalidad que las normativas de las redes sociales permitan.<\/p>\n\n<p>Queda prohibida la publicaci\u00f3n de contenidos:<\/p>\n\n<ul class=\"wp-block-list\">\n<li>Que sean presuntamente il\u00edcitos para la normativa nacional, comunitaria o internacional o que realicen actividades presuntamente il\u00edcitas o contravengan los principios de la buena fe.<\/li>\n<\/ul>\n\n<ul class=\"wp-block-list\">\n<li>Que atenten contra los derechos fundamentales de las personas, falten a la cortes\u00eda dentro de la red social, molesten o puedan generar opiniones negativas de nuestros usuarios o terceros y en general cualquier contenido que <strong>ENGIND\u00a0<\/strong>\u00a0 considere inapropiado.<\/li>\n<\/ul>\n\n<ul class=\"wp-block-list\">\n<li>Y en general que contravengan los principios de legalidad, honor, responsabilidad, protecci\u00f3n de la dignidad humana, protecci\u00f3n de menores, protecci\u00f3n del orden p\u00fablico, la protecci\u00f3n de la vida privada, la protecci\u00f3n del consumidor y los derechos de propiedad intelectual e industrial.<\/li>\n<\/ul>\n\n<p>As\u00ed mismo, <strong>ENGIND\u00a0<\/strong>se reserva la potestad de retirar, sin previo aviso, del Sitio web o de la red social corporativa aquellos contenidos que se consideren inapropiados.\u00a0<\/p>\n\n<p>En todo caso, si usted remite informaci\u00f3n personal a trav\u00e9s de las redes sociales, <strong>ENGIND <\/strong>quedar\u00e1 exenta de responsabilidad en relaci\u00f3n a las medidas de seguridad aplicables en el presente Sitio web y el usuario, en caso de conocerlas, debe consultar las correspondientes condiciones particulares de la red social en cuesti\u00f3n.<\/p>\n\n<p><strong>DERECHOS DE LOS USUARIOS<\/strong><\/p>\n\n<p>El interesado de los datos personales podr\u00e1 ejercitar los derechos que le asisten, de acuerdo con el Reglamento General de Protecci\u00f3n de Datos y la Ley Org\u00e1nica 3\/2018 de Protecci\u00f3n de datos personales y garant\u00eda de los derechos digitales, y que son:<\/p>\n\n<p><strong>A<\/strong>.- El derecho de <strong>acceso<\/strong>, se podr\u00e1 ejercitar con periodicidad anual, excepto inter\u00e9s leg\u00edtimo acreditado.<\/p>\n\n<p><strong>ENGIND, <\/strong>proceder\u00e1 a notificar su decisi\u00f3n en el plazo de un mes. Si fuera en sentido afirmativo, el interesado podr\u00e1 acceder a la referida informaci\u00f3n en el plazo de los 10 d\u00edas siguientes a su notificaci\u00f3n.<\/p>\n\n<p><br \/><strong>B<\/strong>.- Los derechos de <strong>rectificaci\u00f3n <\/strong>y <strong>supresi\u00f3n<\/strong> podr\u00e1n ser ejercitados, con arreglo a las siguientes previsiones, siempre que el interesado considere que los datos recogidos en nuestros tratamientos son <em>inexactos, incompletos, inadecuados o excesivos.<\/em> En este caso, podr\u00e1 ejercitarlos a trav\u00e9s de alguno de los medios anteriormente previstos.<br \/><strong>ENGIND, <\/strong>proceder\u00e1 a la rectificaci\u00f3n o supresi\u00f3n dentro de los 10 d\u00edas siguientes al de la recepci\u00f3n de la solicitud.<\/p>\n\n<p><strong>C<\/strong>.- El derecho de <strong>oposici\u00f3n <\/strong>podr\u00e1 ser ejercitado, con arreglo a las siguientes previsiones, siempre que el interesado quiera oponerse al tratamiento de sus datos personales tanto si los datos se tratan l\u00edcitamente por inter\u00e9s leg\u00edtimo o consentimiento relativo a fines publicitarios.<\/p>\n\n<p><strong>D<\/strong>.- El derecho de <strong>portabilidad<\/strong> podr\u00e1 ser ejercitado, con arreglo a las siguientes previsiones, siempre que el interesado considere que los datos recogidos en nuestros tratamientos tienen que ser devueltos al titular de los datos, o en su caso a un tercero (Encargado de tratamiento).<br \/><br \/><strong>E<\/strong>.- El derecho de <strong>limitaci\u00f3n del tratamiento <\/strong>podr\u00e1 ser ejercitado, previamente el derecho de oposici\u00f3n al tratamiento de sus datos, y que mientras no se resuelva el derecho de oposici\u00f3n, se limite el tratamiento de los datos.<\/p>\n\n<p><strong>CAMBIO DE NORMATIVA<\/strong><\/p>\n\n<p><strong>ENGIND, <\/strong>se reserva el derecho de modificar la presente pol\u00edtica con el objeto de adaptarla a las novedades legislativas o jurisprudenciales. Tales cambios ser\u00e1n comunicados con la antelaci\u00f3n que sea necesaria en nuestra p\u00e1gina web, sin perjuicio de reclamar el consentimiento necesario de los afectados cuando este no se considere otorgado con arreglo a los t\u00e9rminos de la presente pol\u00edtica.<br \/><br \/>Cualquier duda, pregunta o comentario que pudiera tener en referencia a la presente normativa, no dude en consultarlo dirigiendo su comunicaci\u00f3n a: <strong>info@engind.es<\/strong><\/p>\n\n<p>\u00a0<\/p>\n\n<h2 class=\"wp-block-heading\">POL\u00cdTICA DE COOKIES<\/h2>\n\n<p>El dominio <strong>engind.es<\/strong> utiliza procedimientos autom\u00e1ticos de recogida <strong>\u201cCookies\u201d<\/strong> para reunir informaci\u00f3n personal como puede ser el tipo de navegador o sistema operativo, p\u00e1gina de referencia, ruta, dominio ISSP, etc. Todo ello con el fin de mejorar los servicios prestados. Las \u201c<strong>Cookies\u201d, <\/strong>nos ayudan a adaptar esta p\u00e1gina web a sus necesidades personales.<\/p>\n\n<p><strong>\u00bfQu\u00e9 son las Cookies?<\/strong><\/p>\n\n<p>Una <strong>\u201cCookie\u201d<\/strong> es un peque\u00f1o archivo que se almacena en el ordenador del usuario y nos permite reconocerle. El conjunto de <strong>\u201cCookies\u201d <\/strong>nos ayuda a mejorar la calidad de nuestra web permiti\u00e9ndonos as\u00ed personalizar hasta cierto punto la navegaci\u00f3n de cada usuario por nuestra web. Las <strong>\u201cCookies\u201d <\/strong>actualmente son esenciales para el funcionamiento de Internet, aportando innumerables ventajas en la prestaci\u00f3n de servicios interactivos, facilit\u00e1ndole la navegaci\u00f3n y usabilidad de nuestra web.<\/p>\n\n<p>Tenga en cuenta que las <strong>\u201cCookies\u201d <\/strong>no pueden da\u00f1ar su equipo y que, a cambio, el que est\u00e9n activadas nos ayudan a identificar y resolver los errores y mejorar la navegabilidad de nuestro sitio web proporcionando una mejor experiencia.<\/p>\n\n<p>Se utilizan <strong>Cookies<\/strong> para:<\/p>\n\n<ul class=\"wp-block-list\">\n<li>Asegurar que las p\u00e1ginas web puedan funcionar correctamente.<\/li>\n\n<li>Almacenar las preferencias, como el idioma o la medida de la letra.<\/li>\n\n<li>Conocer la experiencia de navegaciones del usuario.<\/li>\n\n<li>Recopilar informaci\u00f3n estad\u00edstica an\u00f3nima, como p\u00e1ginas ha visitado el usuario o cu\u00e1nto tiempo ha estado en el sitio web.<\/li>\n<\/ul>\n\n<p><strong>Tipolog\u00eda, finalidad y funcionamiento<\/strong><\/p>\n\n<p>Las Cookies en funci\u00f3n de su permanencia, pueden dividirse en cookies de sesi\u00f3n o permanentes. Las primeras expiran cuando el usuario cierra el navegador. Las segundas expiran cuando se cumple el objetivo por el que sirven o bien cuando se borran manualmente.<\/p>\n\n<p><br \/>Adem\u00e1s, en funci\u00f3n de su objetivo, los Cookies se pueden clasificar de la siguiente forma:<\/p>\n\n<ul class=\"wp-block-list\">\n<li><strong>Requeridas: <\/strong>son aquellas estrictamente necesarias e imprescindibles para el correcto funcionamiento de la p\u00e1gina web. Normalmente se generan cuando el usuario accede al sitio web o inicia sesi\u00f3n en el mismo y se utiliza para identificar en el sitio web con los siguientes objetivos:<\/li>\n<\/ul>\n\n<ul class=\"wp-block-list\">\n<li>Mantienen al usuario identificado de forma que, si abandona el sitio web, el navegador o el dispositivo y en otro momento vuelve a acceder a la misma p\u00e1gina, seguir\u00e1 identificado, facilitando as\u00ed su navegaci\u00f3n sin tener que volver a identificar.<\/li>\n\n<li>Comprobar si el usuario este autorizado para acceder a ciertos servicios o zonas del sitio web<\/li>\n<\/ul>\n\n<ul class=\"wp-block-list\">\n<li><strong>De preferencia: <\/strong>Permiten registrar en el sitio web toda aquella informaci\u00f3n relacionada con la forma en que se comporta la web o su aspecto, como por ejemplo el idioma o la regi\u00f3n donde se encuentra.<\/li>\n\n<li><strong>Estad\u00edsticas \/ anal\u00edticas: <\/strong>Se utilizan para analizar y mejorar la experiencia de navegaci\u00f3n, optimizar el funcionamiento del sitio web, y ver como interact\u00faan los visitantes, mediante la recopilaci\u00f3n y notificaci\u00f3n de informaci\u00f3n normalmente de forma an\u00f3nima, aunque en ocasiones tambi\u00e9n permiten identificar de manera \u00fanica e inequ\u00edvoca al usuario para obtener informes sobre los intereses de los usuarios en los servicios que ofrece el sitio web.<\/li>\n\n<li><strong>De m\u00e1rqueting:\u00a0 <\/strong>Son aquellas que recaban informaci\u00f3n sobre los anuncios mostrados a los usuarios del sitio web. Pueden ser de dos tipos:<\/li>\n<\/ul>\n\n<ul class=\"wp-block-list\">\n<li><strong>An\u00f3nimas:<\/strong> S\u00f3lo recopilan informaci\u00f3n sobre los espacios publicitarios mostrados en el sitio web, con independencia del usuario que accede sin identificarse expresamente.<\/li>\n\n<li><strong>Personalizadas:<\/strong> Recopilan informaci\u00f3n personal del usuario del sitio web por parte de un tercero, para la personalizaci\u00f3n de estos espacios publicitarios.<\/li>\n<\/ul>\n\n<ul class=\"wp-block-list\">\n<li><strong>De geolocalizaci\u00f3n: <\/strong>Estas cookies se utilizan para averiguar en qu\u00e9 pa\u00eds o regi\u00f3n se encuentra el usuario que accede a un servicio del sitio web, para poder ofrecer contenidos o servicios adecuados a su localizaci\u00f3n.<\/li>\n<\/ul>\n\n<p><strong>Privacidad adecuada \/ Gesti\u00f3n de cookies:<\/strong><\/p>\n\n<p>Para m\u00e1s informaci\u00f3n sobre la configuraci\u00f3n apropiada de las cookies y las opciones de activaci\u00f3n, restricci\u00f3n y\/o inhabilitaci\u00f3n se debe acudir en la secci\u00f3n de ayuda de su navegador para conocer m\u00e1s:<\/p>\n\n<figure class=\"wp-block-table\">\n<table>\n<tbody>\n<tr>\n<td><strong>Google Chrome<\/strong><\/td>\n<td><a href=\"https:\/\/support.google.com\/chrome\/bin\/answer.py?hl=es&amp;answer=95647\" rel=\"nofollow noopener\" target=\"_blank\">https:\/\/support.google.com\/chrome\/bin\/answer.py?hl=es&amp;answer=95647<\/a><\/td>\n<\/tr>\n<tr>\n<td><strong>Internet Explorer<\/strong><\/td>\n<td><a href=\"https:\/\/support.microsoft.com\/es-es\/help\/17442\/windows-internet-explorer-delete-manage-cookies\" rel=\"nofollow noopener\" target=\"_blank\">https:\/\/support.microsoft.com\/es-es\/help\/17442\/windows-internet-explorer-delete-manage-cookies<\/a><\/td>\n<\/tr>\n<tr>\n<td><strong>Mozilla Firefox<\/strong><\/td>\n<td><a href=\"https:\/\/support.mozilla.org\/es\/kb\/habilitar-y-deshabilitar-cookies-que-los-sitios-we\" rel=\"nofollow noopener\" target=\"_blank\">https:\/\/support.mozilla.org\/es\/kb\/habilitar-y-deshabilitar-cookies-que-los-sitios-we<\/a><\/td>\n<\/tr>\n<tr>\n<td><strong>Apple Safari<\/strong><\/td>\n<td><a href=\"https:\/\/support.apple.com\/kb\/ph5042\" rel=\"nofollow noopener\" target=\"_blank\">https:\/\/support.apple.com\/kb\/ph5042<\/a><\/td>\n<\/tr>\n<\/tbody>\n<\/table>\n<\/figure>\n\n<p>El usuario debe conocer que, al deshabilitar las Cookies, algunas de las funcionalidades y servicios pueden quedar deshabilitados o tener un comportamiento diferente al esperado, como, por ejemplo, permanecer identificado, mantener las compras en el carrito, su localizaci\u00f3n, etc. entre otros y que se degrade notablemente su navegaci\u00f3n.<\/p>\n\n<p><strong>Actualizaci\u00f3n de la Pol\u00edtica de cookies<\/strong><\/p>\n\n<p>El responsable de tratamiento puede modificar esta Pol\u00edtica de cookies en funci\u00f3n de exigencias legislativas, reglamentarias, o con la finalidad de adaptar dicha pol\u00edtica a las instrucciones dictadas.<\/p>\n\n<p>\u00a0<\/p>\n\n<h2 class=\"wp-block-heading\">INFORMACI\u00d3N ADICIONAL<\/h2>\n\n<figure class=\"wp-block-table\">\n<table>\n<tbody>\n<tr>\n<td colspan=\"3\"><strong>PROTECCI\u00d3N DE DATOS PERSONALES RGPDUE 2016\/679 &#8211; LOPDGDD 3\/2018\u00a0<\/strong> <strong>Informaci\u00f3n adicional<\/strong><\/td>\n<\/tr>\n<tr>\n<td><strong>Responsable<br \/><\/strong><\/td>\n<td><strong>Identidad del responsable de tratamiento\u00a0<\/strong><\/td>\n<td><strong>ENGIND II, S.L<\/strong> B63695308<br \/>AV. VILAFRANCA DEL PENED\u00c8S, N\u00daM 11A, 1\u00aa PLANTA \u2013POL. IND. SANT PERE MOLANTA- 08799 OL\u00c8RDOLA 938 923 802 info@engind.es<\/td>\n<\/tr>\n<tr>\n<td rowspan=\"3\"><strong>Finalidad<\/strong><\/td>\n<td><strong>Descripci\u00f3n del tratamiento<\/strong><\/td>\n<td>Atendiendo al <em>\u201cprincipio de limitaci\u00f3n de la finalidad\u201d<\/em> los datos recogidos ser\u00e1n tratados exclusivamente para fines determinados, expl\u00edcitos y leg\u00edtimos y no ser\u00e1n tratados ulteriormente de manera incompatible a dichos fines.<\/td>\n<\/tr>\n<tr>\n<td><strong>Periodo de conservaci\u00f3n<\/strong><\/td>\n<td>Los datos personales proporcionados se conservar\u00e1n mientras se mantenga la relaci\u00f3n mercantil\/ comercial siempre y cuando, usted no nos solicite su supresi\u00f3n. Le informamos que, atendiendo a la previsi\u00f3n legal, nos vemos obligados a conservarlos por razones fiscales y contables, y a ponerlos a disposici\u00f3n de una entidad p\u00fablica competente que as\u00ed lo solicitase.\u00a0<\/td>\n<\/tr>\n<tr>\n<td><strong>Decisiones automatizadas<\/strong><\/td>\n<td>Le informamos de la existencia de decisiones automatizadas, incluida la elaboraci\u00f3n de perfiles con el fin de mejorar su experiencia de usuario y facilitarles informaci\u00f3n, servicios o productos adecuados a sus preferencias.<\/td>\n<\/tr>\n<tr>\n<td><strong>Legitimaci\u00f3n<\/strong><\/td>\n<td><strong>Bases jur\u00eddicas de tratamiento<\/strong><\/td>\n<td>Sus datos personales ser\u00e1n tratados, seg\u00fan se le ha informado en su recogida, atendiendo a las Bases jur\u00eddicas identificadas en el RGPDUE 2016\/679.<\/td>\n<\/tr>\n<tr>\n<td rowspan=\"3\"><strong>Destinatarios<\/strong><\/td>\n<td><strong>Destinatarios de la cesi\u00f3n<\/strong><\/td>\n<td>No se ceder\u00e1n o comunicar\u00e1n los datos personales recogidos a terceros excepto por obligaci\u00f3n legal.<\/td>\n<\/tr>\n<tr>\n<td><strong>Transferencias internacionales de datos<\/strong><\/td>\n<td>S\u00ed se prev\u00e9n, y estas aportan todas las garant\u00edas apropiadas asumidas por el responsable o encargado de tratamiento establecidas seg\u00fan lo previsto en el art.46 del RGPDUE 2016\/679.<\/td>\n<\/tr>\n<tr>\n<td><strong>Encargados de tratamiento<\/strong><\/td>\n<td>Los datos podr\u00e1n ser cedidos a Encargados de tratamiento con acceso a datos, con quienes se formalizan las obligaciones y responsabilidades exigidas por el RGPDUE 2016\/679 y que ofrezcan las garant\u00edas suficientes.<\/td>\n<\/tr>\n<tr>\n<td><strong>Derechos\u00a0<\/strong><\/td>\n<td><strong>Ejercicio de derechos<\/strong><\/td>\n<td>El interesado podr\u00e1 ejercitar los derechos que le asisten, de acuerdo con el RGPDUE 2016\/679 y que son:<br \/>Derecho a solicitar el acceso a los datos personales relativos al interesado.\u00a0 Derecho a solicitar su rectificado o supresi\u00f3n. Derecho a solicitar la limitaci\u00f3n de su tratamiento.\u00a0 Derecho a oponerse al tratamiento.\u00a0 Derecho a la portabilidad de sus datos.<br \/>El interesado podr\u00e1 ejercer tales derechos presentando un escrito en la direcci\u00f3n del responsable de tratamiento o enviando un comunicado al correo electr\u00f3nico <a href=\"mailto:info@engind.es\">info@engind.es<\/a> acompa\u00f1ado de un documento identificativo. En el caso que el interesado act\u00fae a trav\u00e9s de un representante legal, este deber\u00e1 aportar el documento identificativo y acreditativo de su representaci\u00f3n legal. En el caso de considerar vulnerados sus derechos y quiere conocer m\u00e1s informaci\u00f3n y\/o como ejercerlo puede dirigirse a la AEPD: https:\/\/www.aepd.es\/ Tel. 901 100 099 y 91.266.35.17. C\/Jorge Juan, 6 &#8211; 28001 Madrid.<\/td>\n<\/tr>\n<\/tbody>\n<\/table>\n<\/figure>\n\t\t\t\t\t\t\t\t<\/div>\n\t\t\t\t<\/div>\n\t\t\t\t\t<\/div>\n\t\t\t\t<\/div>\n\t\t<div class=\"elementor-element elementor-element-f8a4c26 e-flex e-con-boxed e-con e-parent\" data-id=\"f8a4c26\" data-element_type=\"container\" data-e-type=\"container\" data-settings=\"{&quot;jet_parallax_layout_list&quot;:[]}\" data-no-translation=\"\">\n\t\t\t\t\t<div class=\"e-con-inner\">\n\t\t\t\t<div class=\"elementor-element elementor-element-7e2168f elementor-widget elementor-widget-heading\" data-id=\"7e2168f\" data-element_type=\"widget\" data-e-type=\"widget\" data-widget_type=\"heading.default\">\n\t\t\t\t<div class=\"elementor-widget-container\">\n\t\t\t\t\t<p class=\"elementor-heading-title elementor-size-default\">Valid regulatory compliance certificates<\/p>\t\t\t\t<\/div>\n\t\t\t\t<\/div>\n\t\t\t\t<div class=\"elementor-element elementor-element-331a8b6 elementor-widget elementor-widget-text-editor\" data-id=\"331a8b6\" data-element_type=\"widget\" data-e-type=\"widget\" data-widget_type=\"text-editor.default\">\n\t\t\t\t<div class=\"elementor-widget-container\">\n\t\t\t\t\t\t\t\t\t<p><a href=\"https:\/\/engind.es\/wp-content\/uploads\/2025\/12\/es-01-CERTIFICADO-Empresa-Vigente-2026.pdf\" target=\"_blank\" rel=\"noopener\">Company Certificate 2026<\/a><\/p>\t\t\t\t\t\t\t\t<\/div>\n\t\t\t\t<\/div>\n\t\t\t\t<div class=\"elementor-element elementor-element-484d080 elementor-widget elementor-widget-text-editor\" data-id=\"484d080\" data-element_type=\"widget\" data-e-type=\"widget\" data-widget_type=\"text-editor.default\">\n\t\t\t\t<div class=\"elementor-widget-container\">\n\t\t\t\t\t\t\t\t\t<p><a href=\"https:\/\/engind.es\/wp-content\/uploads\/2025\/12\/en-02-Certificate_suitable_webside_Vigent-2026.pdf\" target=\"_blank\" rel=\"noopener\">Compliant Website Certificate 2026<\/a><\/p>\t\t\t\t\t\t\t\t<\/div>\n\t\t\t\t<\/div>\n\t\t\t\t\t<\/div>\n\t\t\t\t<\/div>\n\t\t\t\t<\/div>\n\t\t","protected":false},"excerpt":{"rendered":"<p>RESPONSABLE De conformidad con lo establecido por el Reglamento General (UE) 2016\/679 de Protecci\u00f3n de datos y la Ley Org\u00e1nica 3\/2018 de Protecci\u00f3n de Datos personales y garant\u00eda de los derechos digitales, le informamos que los datos personales facilitados a trav\u00e9s de los formularios, as\u00ed como su direcci\u00f3n de correo electr\u00f3nico, han sido incluidos en [&hellip;]<\/p>\n","protected":false},"author":1,"featured_media":0,"parent":0,"menu_order":0,"comment_status":"closed","ping_status":"closed","template":"","meta":{"_et_pb_use_builder":"off","_et_pb_old_content":"","_et_gb_content_width":"1080","pgc_sgb_lightbox_settings":"","footnotes":""},"categories":[],"class_list":["post-26434","page","type-page","status-publish","hentry"],"_links":{"self":[{"href":"https:\/\/engind.es\/en\/wp-json\/wp\/v2\/pages\/26434","targetHints":{"allow":["GET"]}}],"collection":[{"href":"https:\/\/engind.es\/en\/wp-json\/wp\/v2\/pages"}],"about":[{"href":"https:\/\/engind.es\/en\/wp-json\/wp\/v2\/types\/page"}],"author":[{"embeddable":true,"href":"https:\/\/engind.es\/en\/wp-json\/wp\/v2\/users\/1"}],"replies":[{"embeddable":true,"href":"https:\/\/engind.es\/en\/wp-json\/wp\/v2\/comments?post=26434"}],"version-history":[{"count":9,"href":"https:\/\/engind.es\/en\/wp-json\/wp\/v2\/pages\/26434\/revisions"}],"predecessor-version":[{"id":31222,"href":"https:\/\/engind.es\/en\/wp-json\/wp\/v2\/pages\/26434\/revisions\/31222"}],"wp:attachment":[{"href":"https:\/\/engind.es\/en\/wp-json\/wp\/v2\/media?parent=26434"}],"wp:term":[{"taxonomy":"category","embeddable":true,"href":"https:\/\/engind.es\/en\/wp-json\/wp\/v2\/categories?post=26434"}],"curies":[{"name":"wp","href":"https:\/\/api.w.org\/{rel}","templated":true}]}}