{"id":26448,"date":"2023-04-02T10:19:25","date_gmt":"2023-04-02T08:19:25","guid":{"rendered":"http:\/\/engind.es\/?page_id=26448"},"modified":"2023-10-30T17:10:17","modified_gmt":"2023-10-30T15:10:17","slug":"legal-advice","status":"publish","type":"page","link":"https:\/\/engind.es\/en\/aviso-legal\/","title":{"rendered":"Legal warning"},"content":{"rendered":"\n<p><strong>DATOS IDENTIFICATIVOS DEL PRESTADOR DE SERVICIOS DE LA SOCIEDAD DE LA INFORMACI\u00d3N<\/strong><\/p>\n\n\n\n<p>De conformidad con el art\u00edculo 10 de la <strong>Ley 34\/2002<\/strong>, de 11 de julio, de \u201c<strong>Servicios de la Sociedad de la Informaci\u00f3n y Comercio Electr\u00f3nico (LSSI)\u201d<\/strong>, ponemos en su conocimiento la siguiente informaci\u00f3n:<\/p>\n\n\n\n<p><strong>ENGIND, S.L, [<\/strong>de ahora en adelante <strong>ENGIND], <\/strong>es el titular del portal Web <strong>engind.es<\/strong>, que act\u00faa exclusivamente como explotadora, y gestora de los contenidos del portal Web domiciliada en: AV. VILAFRANCA DEL PENED\u00c8S, N\u00daM 11A, 1\u00aa PLANTA \u2013POL. IND. SANT PERE MOLANTA- 08799 OL\u00c8RDOLA, NIF B63695308, es la encargada de la explotaci\u00f3n, gesti\u00f3n y funcionamiento del portal Web mencionado anteriormente.<br>Si quiere contactar con nosotros, puede hacerlo mediante el correo electr\u00f3nico <strong>info@engind.es<\/strong><\/p>\n\n\n\n<p><strong>INTRODUCCI\u00d3N<\/strong><\/p>\n\n\n\n<p>El presente Aviso legal regula el uso de esta p\u00e1gina web. El acceso a la web es gratuito excepto en lo relativo al coste de la conexi\u00f3n a trav\u00e9s de la red de telecomunicaciones suministrada por el proveedor de acceso contratado por los usuarios.<br><\/p>\n\n\n\n<p><strong>ACEPTACI\u00d3N<\/strong><\/p>\n\n\n\n<p>La utilizaci\u00f3n del portal Web atribuye la condici\u00f3n de usuario, e implica la aceptaci\u00f3n total y sin reservas de todas y cada una de las disposiciones incluidas en este Aviso Legal, en la versi\u00f3n publicada para <strong>ENGIND<\/strong> en el mismo momento en que el usuario acceda a la Web. En consecuencia, el usuario tiene que leer atentamente el presente <strong>Aviso Legal<\/strong> en cada una de las ocasiones en que se proponga utilizar la Web, puesto que puede sufrir modificaciones.<\/p>\n\n\n\n<p><strong>INFORMACI\u00d3N SOBRE LOS V\u00cdNCULOS \u201cLINKS\u201d<\/strong><\/p>\n\n\n\n<p><strong>ENGIND<\/strong> no se hace responsable de las webs no propias o de terceros, a las cuales se puede acceder mediante v\u00ednculos \u201clinks\u201d o de cualquier contenido puesto a disposici\u00f3n por terceros.<br>Cualquier uso de un v\u00ednculo o acceso a una Web no propia es realizado por voluntad y riesgo exclusivo del usuario, <strong>ENGIND<\/strong> no recomienda ni garantiza ninguna informaci\u00f3n obtenida a trav\u00e9s de un v\u00ednculo ajeno a la web de <strong>engind.es,<\/strong> ni se responsabiliza de ninguna p\u00e9rdida, reclamaci\u00f3n o perjuicio derivada del uso o mal uso de un v\u00ednculo, o de la informaci\u00f3n obtenida a trav\u00e9s de \u00e9l, incluyendo otros v\u00ednculos o webs, de la interrupci\u00f3n en el servicio o en el acceso, o del uso&nbsp; o mal uso de un v\u00ednculo, tanto al conectar al portal Web <strong>engind.es<\/strong> c\u00f3mo al acceder a la informaci\u00f3n de otras webs desde el mismo portal Web.<br><\/p>\n\n\n\n<p><strong><br>LIMITACI\u00d3N DE GARANT\u00cdAS Y RESPONSABILIDADES<\/strong><\/p>\n\n\n\n<p><strong>ENGIND <\/strong>hace todo lo posible para evitar cualquier error en relaci\u00f3n con los contenidos de esta p\u00e1gina web.&nbsp;<\/p>\n\n\n\n<p><strong>ENGIND <\/strong>adopta las medidas y los mecanismos necesarios para garantizar la seguridad de las comunicaciones y las transacciones que se produzcan mediante el portal web, seg\u00fan el estado de la tecnolog\u00eda y de acuerdo con la tipolog\u00eda de las transacciones y los servicios que se ponen a disposici\u00f3n de los usuarios.<\/p>\n\n\n\n<p><strong>ENGIND <\/strong>no ser\u00e1 responsable de los da\u00f1os que se puedan ocasionar al sistema inform\u00e1tico de los usuarios por cualquier causa ajena o no imputable a este sitio web, incluidos, sin limitaciones, los da\u00f1os ocasionados a causa de interferencias, omisiones, interrupciones, virus inform\u00e1ticos, aver\u00edas telef\u00f3nicas o desconexiones en el funcionamiento operativo del sistema electr\u00f3nico. Asimismo, <strong>ENGIND<\/strong> tampoco responder\u00e1 de ninguna interrupci\u00f3n, error o fallo que se produzca en el sistema, debido a un mal funcionamiento de la red o de los servidores que est\u00e1n conectados.<br><\/p>\n\n\n\n<p><strong>PROPIEDAD INTELECTUAL E INDUSTRIAL, MARCAS REGISTRADAS<\/strong><\/p>\n\n\n\n<p>La estructura, dise\u00f1o y forma de presentaci\u00f3n de los elementos (gr\u00e1ficos, im\u00e1genes, ficheros logotipos, combinaciones de colores y cualquier elemento susceptible de protecci\u00f3n) est\u00e1n protegidos por derechos de propiedad intelectual, titularidad de <strong>ENGIND.<\/strong><br><br>Est\u00e1 prohibida la reproducci\u00f3n, la transformaci\u00f3n, la distribuci\u00f3n, la comunicaci\u00f3n p\u00fablica, y en general cualquier otra forma de explotaci\u00f3n, parcial o total de los elementos referidos en el apartado anterior. Estos actos de explotaci\u00f3n s\u00f3lo podr\u00e1n ser realizados en virtud de la autorizaci\u00f3n expresa de <strong>ENGIND<\/strong> y que, en todo caso, tendr\u00e1n que hacer referencia expl\u00edcita a la titularidad de los citados derechos de propiedad intelectual de <strong>ENGIND.<\/strong><br><br>S\u00f3lo est\u00e1 autorizado para el uso privado del material documental elaborado para <strong>ENGIND.<\/strong> En ning\u00fan caso, podr\u00e1 suprimir, alterar, eludir o manipular cualquier dispositivo de protecci\u00f3n o sistemas de seguridad que pueda estar instalado.<br><br>Excepto autorizaci\u00f3n expresa de <strong>ENGIND<\/strong> no se permite el enlace a \u201cp\u00e1ginas finales\u201d, el \u201cframe\u201d y cualquier otra manipulaci\u00f3n similar. Los enlaces tienen que ser siempre en la p\u00e1gina principal o \u201chome page\u201d de <strong>engind.es<\/strong><br><br>Los signos distintivos (marcas, nombres comerciales) de <strong>ENGIND<\/strong> est\u00e1n protegidos por derechos de propiedad industrial, quedando prohibida la utilizaci\u00f3n o manipulaci\u00f3n de cualquiera de \u00e9stos, excepto autorizaci\u00f3n expresa y por escrito de <strong>ENGIND.<\/strong><\/p>\n\n\n\n<p><strong>NO COMPARTA SU INFORMACI\u00d3N PERSONAL<\/strong><\/p>\n\n\n\n<p><strong>ENGIND<\/strong> nunca le enviar\u00e1 un correo electr\u00f3nico ni le llamar\u00e1 por tel\u00e9fono para pedirle que revele o verifique la contrase\u00f1a de su cuenta, ni sus n\u00fameros de cuenta bancaria o tarjeta de cr\u00e9dito, ni cualquier otro tipo de informaci\u00f3n personal. En caso de que alguien contacte con usted o de recibir un correo electr\u00f3nico no solicitado que le pida alguno de los datos anteriores, no responda y comun\u00edquelo inmediatamente a <strong>ENGIND<\/strong>, para que procedan a la investigaci\u00f3n del incidente.<\/p>\n\n\n\n<p><strong>IDENTIFIQUE LOS CORREOS ELECTR\u00d3NICOS FALSOS (intentos de &#8216;spoofing&#8217; o &#8216;phishing&#8217;)<\/strong><\/p>\n\n\n\n<p>Ignore todo correo electr\u00f3nico que reciba en el que se le solicite informaci\u00f3n personal o que le redirija en otra p\u00e1gina web que no sea propiedad de <strong>ENGIND<\/strong>, o de sociedades del grupo, o que le pida que pague por un medio diferente del autorizado por <strong>ENGIND<\/strong>, puesto que podr\u00eda ser un intento de suplantaci\u00f3n de personalidad (&#8216;spoofing&#8217; o &#8216;phishing&#8217;), y tendr\u00e1 que considerarlo fraudulento.<\/p>\n\n\n\n<p><strong>ENGIND<\/strong> utiliza el dominio <strong>\u201cengind.es\u201d<\/strong> para sus correos electr\u00f3nicos. Si usted recibe un correo electr\u00f3nico con un formato diferente, por ejemplo: engind.security@hotmail.com, puede estar seguro de que es un correo falso.<\/p>\n\n\n\n<p>Algunos correos electr\u00f3nicos que practican phishing contienen enlaces a sitios web que utilizan la palabra \u00ab<strong>ENGIND<\/strong>\u201d en su URL, pero le dirigir\u00e1n a un sitio web completamente diferente. Si desplaza el rat\u00f3n por encima del enlace, podr\u00e1 ver la URL asociada, que probablemente tendr\u00e1 un formato diferente a las enlazadas en los sitios web aut\u00e9nticos de <strong>ENGIND.<\/strong><\/p>\n\n\n\n<p>Si aun as\u00ed usted hace clic en un correo electr\u00f3nico que practica phishing y es redirigido a una p\u00e1gina que se asemeje a \u00abA su Cuenta\u00bb o a cualquiera que le solicite verificar o modificar su informaci\u00f3n personal, ign\u00f3rela y consid\u00e9rela como fraudulenta.<\/p>\n\n\n\n<p><strong>COMUNIQUE LOS INTENTOS DE &#8216;phishing&#8217;<\/strong><\/p>\n\n\n\n<p>Env\u00ede un correo electr\u00f3nico a la direcci\u00f3n <strong>info@engind.es<\/strong> y adjunte el correo electr\u00f3nico que considere falso. Al facilitarnos esta informaci\u00f3n nos est\u00e1 ayudando a localizar su origen.<\/p>\n\n\n\n<p>Si no puede adjuntar el correo electr\u00f3nico falso, reenv\u00edelo a <strong>info@engind.es <\/strong>e incluya la mayor cantidad de informaci\u00f3n posible sobre el mismo.<\/p>\n\n\n\n<p><\/p>\n\n\n\n<p><\/p>\n","protected":false},"excerpt":{"rendered":"<p>DATOS IDENTIFICATIVOS DEL PRESTADOR DE SERVICIOS DE LA SOCIEDAD DE LA INFORMACI\u00d3N De conformidad con el art\u00edculo 10 de la Ley 34\/2002, de 11 de julio, de \u201cServicios de la Sociedad de la Informaci\u00f3n y Comercio Electr\u00f3nico (LSSI)\u201d, ponemos en su conocimiento la siguiente informaci\u00f3n: ENGIND, S.L, [de ahora en adelante ENGIND], es el titular [&hellip;]<\/p>\n","protected":false},"author":1,"featured_media":0,"parent":0,"menu_order":0,"comment_status":"closed","ping_status":"closed","template":"","meta":{"_et_pb_use_builder":"off","_et_pb_old_content":"","_et_gb_content_width":"1080","pgc_sgb_lightbox_settings":"","footnotes":""},"categories":[],"class_list":["post-26448","page","type-page","status-publish","hentry"],"_links":{"self":[{"href":"https:\/\/engind.es\/en\/wp-json\/wp\/v2\/pages\/26448","targetHints":{"allow":["GET"]}}],"collection":[{"href":"https:\/\/engind.es\/en\/wp-json\/wp\/v2\/pages"}],"about":[{"href":"https:\/\/engind.es\/en\/wp-json\/wp\/v2\/types\/page"}],"author":[{"embeddable":true,"href":"https:\/\/engind.es\/en\/wp-json\/wp\/v2\/users\/1"}],"replies":[{"embeddable":true,"href":"https:\/\/engind.es\/en\/wp-json\/wp\/v2\/comments?post=26448"}],"version-history":[{"count":3,"href":"https:\/\/engind.es\/en\/wp-json\/wp\/v2\/pages\/26448\/revisions"}],"predecessor-version":[{"id":27600,"href":"https:\/\/engind.es\/en\/wp-json\/wp\/v2\/pages\/26448\/revisions\/27600"}],"wp:attachment":[{"href":"https:\/\/engind.es\/en\/wp-json\/wp\/v2\/media?parent=26448"}],"wp:term":[{"taxonomy":"category","embeddable":true,"href":"https:\/\/engind.es\/en\/wp-json\/wp\/v2\/categories?post=26448"}],"curies":[{"name":"wp","href":"https:\/\/api.w.org\/{rel}","templated":true}]}}