{"id":26548,"date":"2023-04-26T10:53:06","date_gmt":"2023-04-26T08:53:06","guid":{"rendered":"http:\/\/engind.es\/?page_id=26548"},"modified":"2025-08-22T13:55:37","modified_gmt":"2025-08-22T11:55:37","slug":"industrial-sectors","status":"publish","type":"page","link":"https:\/\/engind.es\/en\/sectores-industriales\/","title":{"rendered":"Sectors"},"content":{"rendered":"\n[et_pb_section fb_built=\u00bb1&#8243; admin_label=\u00bbRelated Services\u00bb _builder_version=\u00bb4.16&#8243; background_color=\u00bb#f7f7f7&#8243; global_colors_info=\u00bb{}\u00bb][et_pb_row _builder_version=\u00bb4.19.5&#8243; _module_preset=\u00bbdefault\u00bb custom_padding=\u00bb0px|||||\u00bb global_colors_info=\u00bb{}\u00bb][et_pb_column type=\u00bb4_4&#8243; _builder_version=\u00bb4.19.5&#8243; _module_preset=\u00bbdefault\u00bb global_colors_info=\u00bb{}\u00bb][et_pb_text _builder_version=\u00bb4.19.5&#8243; _module_preset=\u00bbdefault\u00bb global_colors_info=\u00bb{}\u00bb]<h2>Qu\u00e9 incluyen los servicios de ingenier\u00eda industrial?<\/h2>\n<p>&nbsp;<\/p>\n<p>Los servicios de ingenier\u00eda industrial de Engind incluyen una variedad de actividades y t\u00e9cnicas que se utilizan para mejorar la eficiencia, productividad y calidad de los procesos de producci\u00f3n de una empresa. Algunos ejemplos de nuestros servicios de ingenier\u00eda industrial incluyen:<\/p>\n<ul>\n<li><strong>Dise\u00f1o y optimizaci\u00f3n de procesos<\/strong>: los ingenieros industriales trabajan para desarrollar e implementar procesos que sean m\u00e1s eficientes y seguros, lo que puede aumentar la productividad y reducir los costos.<\/li>\n<li><strong>An\u00e1lisis de tiempo y movimiento<\/strong>: los ingenieros industriales utilizan t\u00e9cnicas para medir y analizar el tiempo que se necesita para realizar una tarea espec\u00edfica, con el objetivo de mejorar la eficiencia del proceso.<\/li>\n<li><strong>An\u00e1lisis de riesgos y seguridad<\/strong>: los ingenieros industriales pueden analizar los riesgos y la seguridad en los procesos de producci\u00f3n, y desarrollar estrategias para minimizar esos riesgos.<\/li>\n<li><strong>Automatizaci\u00f3n de procesos<\/strong>: los ingenieros industriales pueden desarrollar y implementar sistemas automatizados para mejorar la eficiencia y la precisi\u00f3n de los procesos de producci\u00f3n.<\/li>\n<li><strong>Administraci\u00f3n de la calidad<\/strong>: los ingenieros industriales pueden ayudar a las empresas a implementar y mantener sistemas de gesti\u00f3n de la calidad para garantizar que los productos cumplen con los est\u00e1ndares de calidad requeridos.<\/li>\n<\/ul>[\/et_pb_text][\/et_pb_column][\/et_pb_row][\/et_pb_section]\n","protected":false},"excerpt":{"rendered":"<p>Qu\u00e9 incluyen los servicios de ingenier\u00eda industrial? &nbsp; Los servicios de ingenier\u00eda industrial de Engind incluyen una variedad de actividades y t\u00e9cnicas que se utilizan para mejorar la eficiencia, productividad y calidad de los procesos de producci\u00f3n de una empresa. Algunos ejemplos de nuestros servicios de ingenier\u00eda industrial incluyen: Dise\u00f1o y optimizaci\u00f3n de procesos: los [&hellip;]<\/p>\n","protected":false},"author":1,"featured_media":30512,"parent":0,"menu_order":0,"comment_status":"closed","ping_status":"closed","template":"","meta":{"_et_pb_use_builder":"on","_et_pb_old_content":"","_et_gb_content_width":"","pgc_sgb_lightbox_settings":"","footnotes":""},"categories":[],"class_list":["post-26548","page","type-page","status-publish","has-post-thumbnail","hentry"],"_links":{"self":[{"href":"https:\/\/engind.es\/en\/wp-json\/wp\/v2\/pages\/26548","targetHints":{"allow":["GET"]}}],"collection":[{"href":"https:\/\/engind.es\/en\/wp-json\/wp\/v2\/pages"}],"about":[{"href":"https:\/\/engind.es\/en\/wp-json\/wp\/v2\/types\/page"}],"author":[{"embeddable":true,"href":"https:\/\/engind.es\/en\/wp-json\/wp\/v2\/users\/1"}],"replies":[{"embeddable":true,"href":"https:\/\/engind.es\/en\/wp-json\/wp\/v2\/comments?post=26548"}],"version-history":[{"count":8,"href":"https:\/\/engind.es\/en\/wp-json\/wp\/v2\/pages\/26548\/revisions"}],"predecessor-version":[{"id":30823,"href":"https:\/\/engind.es\/en\/wp-json\/wp\/v2\/pages\/26548\/revisions\/30823"}],"wp:featuredmedia":[{"embeddable":true,"href":"https:\/\/engind.es\/en\/wp-json\/wp\/v2\/media\/30512"}],"wp:attachment":[{"href":"https:\/\/engind.es\/en\/wp-json\/wp\/v2\/media?parent=26548"}],"wp:term":[{"taxonomy":"category","embeddable":true,"href":"https:\/\/engind.es\/en\/wp-json\/wp\/v2\/categories?post=26548"}],"curies":[{"name":"wp","href":"https:\/\/api.w.org\/{rel}","templated":true}]}}