{"id":27807,"date":"2024-02-28T16:05:42","date_gmt":"2024-02-28T14:05:42","guid":{"rendered":"http:\/\/engind.es\/?page_id=27807"},"modified":"2025-04-07T10:46:46","modified_gmt":"2025-04-07T08:46:46","slug":"structural-calculation","status":"publish","type":"page","link":"https:\/\/engind.es\/en\/arquitectura\/calculo-estructural\/","title":{"rendered":"Structural calculation"},"content":{"rendered":"<p>[et_pb_section fb_built=\u00bb1&#8243; admin_label=\u00bbRelated Services\u00bb _builder_version=\u00bb4.16&#8243; background_color=\u00bb#f7f7f7&#8243; global_colors_info=\u00bb{}\u00bb][et_pb_row _builder_version=\u00bb4.19.5&#8243; _module_preset=\u00bbdefault\u00bb custom_padding=\u00bb0px|||||\u00bb global_colors_info=\u00bb{}\u00bb][et_pb_column type=\u00bb4_4&#8243; _builder_version=\u00bb4.19.5&#8243; _module_preset=\u00bbdefault\u00bb global_colors_info=\u00bb{}\u00bb][et_pb_text _builder_version=\u00bb4.24.2&#8243; _module_preset=\u00bbdefault\u00bb global_colors_info=\u00bb{}\u00bb]<\/p>\n<h2>Qu\u00e9 incluyen los servicios de c\u00e1lculo estructural\u00a0de Engind?<\/h2>\n<p>Los servicios de c\u00e1lculo estructural de Engind abarcan una amplia gama de actividades y t\u00e9cnicas enfocadas en el an\u00e1lisis y dise\u00f1o de estructuras para asegurar su estabilidad y seguridad. Algunos ejemplos de nuestros servicios en este sector incluyen:<\/p>\n<ul>\n<li><strong>Dise\u00f1o y an\u00e1lisis estructural:<\/strong> Nuestros expertos en c\u00e1lculo estructural desarrollan dise\u00f1os detallados y realizan an\u00e1lisis para garantizar la resistencia y estabilidad de las estructuras ante cargas y fuerzas diversas.<\/li>\n<li><strong>Evaluaci\u00f3n de materiales y t\u00e9cnicas constructivas:<\/strong> Realizamos estudios para determinar los materiales m\u00e1s adecuados y las t\u00e9cnicas constructivas \u00f3ptimas para cada proyecto, considerando factores como la resistencia, durabilidad y costos.<\/li>\n<li><strong>Modelado y simulaci\u00f3n estructural:<\/strong> Utilizamos herramientas de modelado y simulaci\u00f3n avanzadas para prever el comportamiento de las estructuras ante diferentes condiciones de carga y situaciones s\u00edsmicas, permitiendo optimizar su dise\u00f1o y rendimiento.<\/li>\n<li><strong>Inspecci\u00f3n y diagn\u00f3stico estructural:<\/strong> Realizamos inspecciones detalladas para evaluar el estado de las estructuras existentes, identificar posibles da\u00f1os o deterioros, y proponer soluciones de reparaci\u00f3n o refuerzo.<\/li>\n<li><strong>Asesoramiento en normativas y c\u00f3digos de construcci\u00f3n:<\/strong> Proporcionamos asesoramiento experto sobre las normativas y c\u00f3digos de construcci\u00f3n aplicables, asegurando que los proyectos cumplan con los est\u00e1ndares de seguridad y calidad establecidos.<\/li>\n<li><strong>Consultor\u00eda en rehabilitaci\u00f3n y refuerzo estructural:<\/strong> Ofrecemos asesoramiento especializado para la rehabilitaci\u00f3n y refuerzo de estructuras existentes, prolongando su vida \u00fatil y mejorando su capacidad de resistencia ante cargas y eventos extremos.<\/li>\n<\/ul>\n<p>[\/et_pb_text][\/et_pb_column][\/et_pb_row][\/et_pb_section]<\/p>\n","protected":false},"excerpt":{"rendered":"<p>Qu\u00e9 incluyen los servicios de c\u00e1lculo estructural\u00a0de Engind? Los servicios de c\u00e1lculo estructural de Engind abarcan una amplia gama de actividades y t\u00e9cnicas enfocadas en el an\u00e1lisis y dise\u00f1o de estructuras para asegurar su estabilidad y seguridad. Algunos ejemplos de nuestros servicios en este sector incluyen: Dise\u00f1o y an\u00e1lisis estructural: Nuestros expertos en c\u00e1lculo estructural [&hellip;]<\/p>\n","protected":false},"author":1,"featured_media":27815,"parent":27459,"menu_order":0,"comment_status":"closed","ping_status":"closed","template":"","meta":{"_et_pb_use_builder":"on","_et_pb_old_content":"","_et_gb_content_width":"","pgc_sgb_lightbox_settings":"","footnotes":""},"categories":[],"class_list":["post-27807","page","type-page","status-publish","has-post-thumbnail","hentry"],"_links":{"self":[{"href":"https:\/\/engind.es\/en\/wp-json\/wp\/v2\/pages\/27807","targetHints":{"allow":["GET"]}}],"collection":[{"href":"https:\/\/engind.es\/en\/wp-json\/wp\/v2\/pages"}],"about":[{"href":"https:\/\/engind.es\/en\/wp-json\/wp\/v2\/types\/page"}],"author":[{"embeddable":true,"href":"https:\/\/engind.es\/en\/wp-json\/wp\/v2\/users\/1"}],"replies":[{"embeddable":true,"href":"https:\/\/engind.es\/en\/wp-json\/wp\/v2\/comments?post=27807"}],"version-history":[{"count":7,"href":"https:\/\/engind.es\/en\/wp-json\/wp\/v2\/pages\/27807\/revisions"}],"predecessor-version":[{"id":30552,"href":"https:\/\/engind.es\/en\/wp-json\/wp\/v2\/pages\/27807\/revisions\/30552"}],"up":[{"embeddable":true,"href":"https:\/\/engind.es\/en\/wp-json\/wp\/v2\/pages\/27459"}],"wp:featuredmedia":[{"embeddable":true,"href":"https:\/\/engind.es\/en\/wp-json\/wp\/v2\/media\/27815"}],"wp:attachment":[{"href":"https:\/\/engind.es\/en\/wp-json\/wp\/v2\/media?parent=27807"}],"wp:term":[{"taxonomy":"category","embeddable":true,"href":"https:\/\/engind.es\/en\/wp-json\/wp\/v2\/categories?post=27807"}],"curies":[{"name":"wp","href":"https:\/\/api.w.org\/{rel}","templated":true}]}}