{"id":27858,"date":"2024-02-28T17:05:32","date_gmt":"2024-02-28T15:05:32","guid":{"rendered":"http:\/\/engind.es\/?page_id=27858"},"modified":"2025-08-22T13:39:43","modified_gmt":"2025-08-22T11:39:43","slug":"structural-soundness-certificate-2","status":"publish","type":"page","link":"https:\/\/engind.es\/en\/arquitectura\/calculo-estructural\/certificado-de-solidez-estructural-2\/","title":{"rendered":"Structural solidity certificate"},"content":{"rendered":"\n[et_pb_section fb_built=\u00bb1&#8243; admin_label=\u00bbFAQ\u00bb _builder_version=\u00bb4.16&#8243; background_color=\u00bb#f7f7f7&#8243; global_colors_info=\u00bb{}\u00bb][et_pb_row _builder_version=\u00bb4.16&#8243; global_colors_info=\u00bb{}\u00bb][et_pb_column type=\u00bb4_4&#8243; _builder_version=\u00bb4.27.4&#8243; _module_preset=\u00bbdefault\u00bb global_colors_info=\u00bb{}\u00bb][et_pb_divider color=\u00bbgcid-30cfe7b1-3293-4278-ab8c-450d036427bd\u00bb divider_position=\u00bbcenter\u00bb divider_weight=\u00bb5px\u00bb _builder_version=\u00bb4.20.2&#8243; max_width=\u00bb50px\u00bb locked=\u00bboff\u00bb global_colors_info=\u00bb{%22gcid-30cfe7b1-3293-4278-ab8c-450d036427bd%22:%91%22color%22%93}\u00bb][\/et_pb_divider][et_pb_text _builder_version=\u00bb4.24.2&#8243; text_font=\u00bb||||||||\u00bb header_font=\u00bb||||||||\u00bb header_2_font=\u00bbRubik|700|||||||\u00bb header_2_font_size=\u00bb42px\u00bb header_2_line_height=\u00bb1.2em\u00bb custom_margin=\u00bb|||\u00bb custom_padding=\u00bb|||\u00bb header_2_font_size_tablet=\u00bb\u00bb header_2_font_size_phone=\u00bb36px\u00bb header_2_font_size_last_edited=\u00bbon|phone\u00bb locked=\u00bboff\u00bb global_colors_info=\u00bb{}\u00bb]<h2><strong>\u00bfPor qu\u00e9 necesitas el certificado de solidez?<\/strong><\/h2>[\/et_pb_text][et_pb_text _builder_version=\u00bb4.27.4&#8243; _module_preset=\u00bbdefault\u00bb text_orientation=\u00bbjustified\u00bb hover_enabled=\u00bb0&#8243; global_colors_info=\u00bb{}\u00bb sticky_enabled=\u00bb0&#8243;]<p>El certificado de solidez es un informe t\u00e9cnico elaborado por un profesional cualificado que certifica que un edificio o estructura cumple con los requisitos de seguridad y estabilidad establecidos por la normativa vigente. Este documento es esencial en determinadas circunstancias, ya que asegura que el edificio o estructura no supone riesgos para las personas que lo habitan o lo utilizan. Este servicio est\u00e1 orientado a construcciones de uso industrial, comercial o t\u00e9cnico, por lo que no se emiten certificados para edificios destinados exclusivamente a uso residencial.<\/p>\n<p data-start=\"441\" data-end=\"518\">El certificado de solidez es necesario en cualquiera de los siguientes casos:<\/p>\n<ul data-start=\"520\" data-end=\"783\">\n<li data-start=\"520\" data-end=\"574\">Cuando se realiza una rehabilitaci\u00f3n del edificio.<\/li>\n<li data-start=\"575\" data-end=\"621\">Si se prev\u00e9 un cambio de uso del edificio.<\/li>\n<li data-start=\"622\" data-end=\"783\">Cuando se a\u00f1aden elementos que puedan modificar la estructura, la distribuci\u00f3n de cargas o afectar los planes de evacuaci\u00f3n y la protecci\u00f3n contra incendios.<\/li>\n<\/ul>\n<p data-start=\"785\" data-end=\"1012\">Adem\u00e1s, tambi\u00e9n es recomendable solicitar este certificado en otras situaciones, como en una compraventa, ya que permite al comprador verificar que el edificio cumple con los requisitos necesarios para el uso que le quiera dar.<\/p>\n<h3 data-start=\"1014\" data-end=\"1062\"><strong data-start=\"1018\" data-end=\"1060\">Importancia del certificado de solidez<\/strong><\/h3>\n<p data-start=\"1064\" data-end=\"1212\">\u2705 <strong data-start=\"1066\" data-end=\"1092\">Garant\u00eda de seguridad:<\/strong><br data-start=\"1092\" data-end=\"1095\" \/>Asegura que el edificio est\u00e1 libre de riesgos estructurales, protegiendo a las personas que viven o trabajan en \u00e9l.<\/p>\n<p data-start=\"1214\" data-end=\"1345\">\u2705 <strong data-start=\"1216\" data-end=\"1239\">Cumplimiento legal:<\/strong><br data-start=\"1239\" data-end=\"1242\" \/>Es un documento imprescindible para diversos tr\u00e1mites administrativos, como la legalizaci\u00f3n de obras.<\/p>\n<p data-start=\"1347\" data-end=\"1488\">\u2705 <strong data-start=\"1349\" data-end=\"1375\">Prevenci\u00f3n de riesgos:<\/strong><br data-start=\"1375\" data-end=\"1378\" \/>Ayuda a detectar posibles anomal\u00edas estructurales a tiempo, evitando da\u00f1os graves o accidentes en el futuro.<\/p>\n<p data-start=\"1490\" data-end=\"1694\" data-is-last-node=\"\">\u2705 <strong data-start=\"1492\" data-end=\"1527\">Aumento del valor del inmueble:<\/strong><br data-start=\"1527\" data-end=\"1530\" \/>Disponer de un certificado de solidez reciente incrementa la confianza de compradores e inquilinos, mejorando la valoraci\u00f3n del edificio en el mercado inmobiliario.<\/p>[\/et_pb_text][\/et_pb_column][\/et_pb_row][et_pb_row column_structure=\u00bb1_3,2_3&#8243; _builder_version=\u00bb4.16&#8243; global_colors_info=\u00bb{}\u00bb][et_pb_column type=\u00bb1_3&#8243; _builder_version=\u00bb4.16&#8243; custom_padding=\u00bb|||\u00bb global_colors_info=\u00bb{}\u00bb custom_padding__hover=\u00bb|||\u00bb][et_pb_text _builder_version=\u00bb4.24.2&#8243; text_font=\u00bb||||||||\u00bb header_font=\u00bb||||||||\u00bb header_2_font=\u00bbRubik|700|||||||\u00bb header_2_font_size=\u00bb42px\u00bb header_2_line_height=\u00bb1.2em\u00bb custom_margin=\u00bb|||\u00bb custom_padding=\u00bb|||\u00bb header_2_font_size_tablet=\u00bb\u00bb header_2_font_size_phone=\u00bb36px\u00bb header_2_font_size_last_edited=\u00bbon|phone\u00bb locked=\u00bboff\u00bb global_colors_info=\u00bb{}\u00bb]<h2><strong>Servicios en el sector de arquitectura para certificado de solidez estructural<\/strong><\/h2>[\/et_pb_text][et_pb_divider color=\u00bbgcid-30cfe7b1-3293-4278-ab8c-450d036427bd\u00bb divider_position=\u00bbcenter\u00bb divider_weight=\u00bb5px\u00bb _builder_version=\u00bb4.20.2&#8243; max_width=\u00bb50px\u00bb locked=\u00bboff\u00bb global_colors_info=\u00bb{%22gcid-30cfe7b1-3293-4278-ab8c-450d036427bd%22:%91%22color%22%93}\u00bb][\/et_pb_divider][et_pb_text _builder_version=\u00bb4.20.4&#8243; _module_preset=\u00bbdefault\u00bb global_colors_info=\u00bb{}\u00bb]<h2><b>\u00bfDe qu\u00e9 nos encargamos?<\/b><\/h2>[\/et_pb_text][et_pb_blurb title=\u00bbAn\u00e1lisis y Dise\u00f1o Estructural:\u00bb use_icon=\u00bbon\u00bb font_icon=\u00bb&#x39;||divi||400&#8243; icon_color=\u00bbgcid-30cfe7b1-3293-4278-ab8c-450d036427bd\u00bb icon_placement=\u00bbleft\u00bb image_icon_width=\u00bb56px\u00bb content_max_width=\u00bb1100px\u00bb content_max_width_tablet=\u00bb1100px\u00bb content_max_width_last_edited=\u00bboff|desktop\u00bb _builder_version=\u00bb4.24.2&#8243; header_font=\u00bbRubik|700|||||||\u00bb header_line_height=\u00bb1.4em\u00bb body_font=\u00bb||||||||\u00bb body_text_color=\u00bb#000000&#8243; body_font_size=\u00bb15px\u00bb body_line_height=\u00bb1.8em\u00bb custom_margin=\u00bb|||\u00bb custom_padding=\u00bb|||\u00bb animation_direction=\u00bbright\u00bb animation=\u00bboff\u00bb icon_font_size=\u00bb56px\u00bb locked=\u00bboff\u00bb global_colors_info=\u00bb{%22gcid-30cfe7b1-3293-4278-ab8c-450d036427bd%22:%91%22icon_color%22%93}\u00bb]<ul>\n<li>Evaluamos la resistencia y estabilidad de estructuras existentes y proyectadas frente a cargas adicionales, garantizando su solidez estructural.<\/li>\n<li>Elaboramos informes detallados sobre la capacidad de carga del suelo y la integridad estructural, especialmente en situaciones de sobrecarga.<\/li>\n<li>Asesoramos en materiales y t\u00e9cnicas constructivas \u00f3ptimas para garantizar la seguridad y durabilidad de las estructuras en condiciones de sobrecarga.<\/li>\n<\/ul>[\/et_pb_blurb][et_pb_blurb title=\u00bbRegularizaci\u00f3n y Legalizaci\u00f3n de Estructuras\u00bb use_icon=\u00bbon\u00bb font_icon=\u00bb&#x39;||divi||400&#8243; icon_color=\u00bbgcid-30cfe7b1-3293-4278-ab8c-450d036427bd\u00bb icon_placement=\u00bbleft\u00bb image_icon_width=\u00bb56px\u00bb content_max_width=\u00bb1100px\u00bb content_max_width_tablet=\u00bb1100px\u00bb content_max_width_last_edited=\u00bboff|desktop\u00bb _builder_version=\u00bb4.24.2&#8243; header_font=\u00bbRubik|700|||||||\u00bb header_line_height=\u00bb1.4em\u00bb body_font=\u00bb||||||||\u00bb body_text_color=\u00bb#000000&#8243; body_font_size=\u00bb15px\u00bb body_line_height=\u00bb1.8em\u00bb custom_margin=\u00bb-21px||21px|||\u00bb custom_padding=\u00bb|||\u00bb animation_direction=\u00bbright\u00bb animation=\u00bboff\u00bb header_font_tablet=\u00bbRubik|700|||||||\u00bb header_font_phone=\u00bbRubik|700|||||||\u00bb header_font_last_edited=\u00bbon|desktop\u00bb icon_font_size=\u00bb56px\u00bb locked=\u00bboff\u00bb global_colors_info=\u00bb{%22gcid-30cfe7b1-3293-4278-ab8c-450d036427bd%22:%91%22icon_color%22%93}\u00bb][\/et_pb_blurb][et_pb_blurb title=\u00bbGesti\u00f3n de Proyectos de Ingenier\u00eda Estructural:\u00bb use_icon=\u00bbon\u00bb font_icon=\u00bb&#x39;||divi||400&#8243; icon_color=\u00bbgcid-30cfe7b1-3293-4278-ab8c-450d036427bd\u00bb icon_placement=\u00bbleft\u00bb image_icon_width=\u00bb56px\u00bb content_max_width=\u00bb1100px\u00bb content_max_width_tablet=\u00bb1100px\u00bb content_max_width_last_edited=\u00bboff|desktop\u00bb _builder_version=\u00bb4.24.2&#8243; header_font=\u00bbRubik|700|||||||\u00bb header_line_height=\u00bb1.4em\u00bb body_font=\u00bb||||||||\u00bb body_text_color=\u00bb#000000&#8243; body_font_size=\u00bb15px\u00bb body_line_height=\u00bb1.8em\u00bb custom_margin=\u00bb|||\u00bb custom_padding=\u00bb|||\u00bb animation_direction=\u00bbright\u00bb animation=\u00bboff\u00bb icon_font_size=\u00bb56px\u00bb locked=\u00bboff\u00bb global_colors_info=\u00bb{%22gcid-30cfe7b1-3293-4278-ab8c-450d036427bd%22:%91%22icon_color%22%93}\u00bb]<ul>\n<li>Implementamos medidas de eficiencia energ\u00e9tica y sostenibilidad en proyectos estructurales considerando la carga adicional y las sobrecargas.<\/li>\n<li>Tramitamos permisos y licencias de obra relacionados con aspectos estructurales, incluyendo situaciones de sobrecarga.<\/li>\n<li>Asesoramos para garantizar la seguridad y prevenci\u00f3n de riesgos en la ejecuci\u00f3n de proyectos de ingenier\u00eda estructural, teniendo en cuenta las cargas adicionales y las sobrecargas.<\/li>\n<\/ul>[\/et_pb_blurb][\/et_pb_column][et_pb_column type=\u00bb2_3&#8243; _builder_version=\u00bb4.16&#8243; custom_padding=\u00bb|||\u00bb global_colors_info=\u00bb{}\u00bb custom_padding__hover=\u00bb|||\u00bb][et_pb_text _builder_version=\u00bb4.27.2&#8243; _module_preset=\u00bbdefault\u00bb global_colors_info=\u00bb{}\u00bb]<h2><strong>Engind y la ingenier\u00eda para el certificado de solidez estructural<\/strong><\/h2>[\/et_pb_text][et_pb_text _builder_version=\u00bb4.24.2&#8243; _module_preset=\u00bbdefault\u00bb text_orientation=\u00bbjustified\u00bb global_colors_info=\u00bb{}\u00bb]<p>En Engind, ofrecemos un servicio de consultor\u00eda de ingenier\u00eda especializado en la emisi\u00f3n de certificados de solidez estructural. Elaboramos informes que cumplen con todas las normativas medioambientales y urbanas, ejecutamos el proyecto de obra y brindamos asesoramiento continuo hasta obtener el certificado favorable.<\/p>\n<p>Nuestro equipo de ingenieros y arquitectos especializados provee asesoramiento personalizado para cada proyecto, definiendo las estrategias m\u00e1s efectivas para garantizar la solidez estructural y minimizar su impacto ambiental. Esto puede incluir desde la selecci\u00f3n de m\u00e9todos de construcci\u00f3n sostenibles hasta la implementaci\u00f3n de tecnolog\u00edas digitales para una gesti\u00f3n eficiente del proceso de obtenci\u00f3n del certificado de solidez estructural.<\/p>\n<p>Nuestro fin es asistir a promotores y administraciones p\u00fablicas en el desarrollo de \u00e1reas urbanas seguras y sostenibles. Apoyamos la adopci\u00f3n de soluciones avanzadas y tecnolog\u00edas innovadoras que favorezcan la eficiencia energ\u00e9tica y la sostenibilidad en la configuraci\u00f3n de nuevos espacios urbanos.<\/p>\n<p>Engind se convierte en tu aliado estrat\u00e9gico, aportando vasta experiencia en ingenier\u00eda y un firme compromiso con la seguridad estructural y la sostenibilidad, para favorecer el desarrollo y transformaci\u00f3n de tu proyecto de certificaci\u00f3n de solidez estructural. Nos dedicamos a guiarte a trav\u00e9s del panorama regulatorio y de innovaci\u00f3n, asegurando que tu proyecto alcance el \u00e9xito en este \u00e1mbito especializado y en constante cambio.<\/p>[\/et_pb_text][et_pb_image src=\u00bbhttps:\/\/engind.es\/wp-content\/uploads\/2024\/02\/Certificado-de-solidez-estructural.jpg\u00bb alt=\u00bbIngenier\u00eda para la Industria Papelera\u00bb title_text=\u00bbCertificado de solidez estructural\u00bb align=\u00bbcenter\u00bb _builder_version=\u00bb4.24.2&#8243; _module_preset=\u00bbdefault\u00bb width=\u00bb100%\u00bb max_width=\u00bb100%\u00bb custom_padding=\u00bb||0px|||\u00bb global_colors_info=\u00bb{}\u00bb][\/et_pb_image][et_pb_button button_url=\u00bb#contactar\u00bb button_text=\u00bbPIDE PRESUPUESTO\u00bb _builder_version=\u00bb4.20.2&#8243; custom_button=\u00bbon\u00bb button_text_size=\u00bb14px\u00bb button_text_color=\u00bbgcid-30cfe7b1-3293-4278-ab8c-450d036427bd\u00bb button_border_width=\u00bb4px\u00bb button_border_radius=\u00bb0px\u00bb button_letter_spacing=\u00bb4px\u00bb button_font=\u00bbRubik|700||on|||||\u00bb button_icon=\u00bb&#x24;||divi||400&#8243; custom_padding=\u00bb12px|30px|12px|30px|true|true\u00bb button_text_color_hover=\u00bb#ffffff\u00bb button_border_color_hover=\u00bb#ffb400&#8243; button_bg_color_hover=\u00bb#ffb400&#8243; locked=\u00bboff\u00bb global_colors_info=\u00bb{%22gcid-30cfe7b1-3293-4278-ab8c-450d036427bd%22:%91%22button_text_color%22,%22button_bg_color__hover%22,%22button_border_color__hover%22%93}\u00bb button_text_size__hover_enabled=\u00bboff\u00bb button_one_text_size__hover_enabled=\u00bboff\u00bb button_two_text_size__hover_enabled=\u00bboff\u00bb button_text_color__hover_enabled=\u00bbon|hover\u00bb button_text_color__hover=\u00bb#ffffff\u00bb button_one_text_color__hover_enabled=\u00bboff\u00bb button_two_text_color__hover_enabled=\u00bboff\u00bb button_border_width__hover_enabled=\u00bboff\u00bb button_one_border_width__hover_enabled=\u00bboff\u00bb button_two_border_width__hover_enabled=\u00bboff\u00bb button_border_color__hover_enabled=\u00bbon|desktop\u00bb button_border_color__hover=\u00bb#2e55a2&#8243; button_one_border_color__hover_enabled=\u00bboff\u00bb button_two_border_color__hover_enabled=\u00bboff\u00bb button_border_radius__hover_enabled=\u00bboff\u00bb button_one_border_radius__hover_enabled=\u00bboff\u00bb button_two_border_radius__hover_enabled=\u00bboff\u00bb button_letter_spacing__hover_enabled=\u00bboff\u00bb button_one_letter_spacing__hover_enabled=\u00bboff\u00bb button_two_letter_spacing__hover_enabled=\u00bboff\u00bb button_bg_color__hover_enabled=\u00bbon\u00bb button_bg_color__hover=\u00bb#2e55a2&#8243; button_one_bg_color__hover_enabled=\u00bboff\u00bb button_two_bg_color__hover_enabled=\u00bboff\u00bb button_bg_enable_color__hover=\u00bbon\u00bb][\/et_pb_button][\/et_pb_column][\/et_pb_row][\/et_pb_section][et_pb_section fb_built=\u00bb1&#8243; admin_label=\u00bbAbout\u00bb _builder_version=\u00bb4.16&#8243; global_colors_info=\u00bb{}\u00bb][et_pb_row column_structure=\u00bb1_5,1_5,1_5,1_5,1_5&#8243; _builder_version=\u00bb4.20.0&#8243; _module_preset=\u00bbdefault\u00bb global_colors_info=\u00bb{}\u00bb][et_pb_column type=\u00bb1_5&#8243; _builder_version=\u00bb4.20.0&#8243; _module_preset=\u00bbdefault\u00bb global_colors_info=\u00bb{}\u00bb][et_pb_image src=\u00bbhttps:\/\/engind.es\/wp-content\/uploads\/2024\/02\/8.jpg\u00bb alt=\u00bbIngenier\u00eda para la Industria Papelera\u00bb title_text=\u00bb8&#8243; _builder_version=\u00bb4.24.2&#8243; _module_preset=\u00bbdefault\u00bb global_colors_info=\u00bb{}\u00bb][\/et_pb_image][\/et_pb_column][et_pb_column type=\u00bb1_5&#8243; _builder_version=\u00bb4.20.0&#8243; _module_preset=\u00bbdefault\u00bb global_colors_info=\u00bb{}\u00bb][et_pb_image src=\u00bbhttps:\/\/engind.es\/wp-content\/uploads\/2024\/02\/Proyecto-calculo-estructuras.jpg\u00bb alt=\u00bbIngenier\u00eda para la Industria Papelera\u00bb title_text=\u00bbProyecto ca\u0301lculo estructuras\u00bb _builder_version=\u00bb4.24.2&#8243; _module_preset=\u00bbdefault\u00bb global_colors_info=\u00bb{}\u00bb][\/et_pb_image][\/et_pb_column][et_pb_column type=\u00bb1_5&#8243; _builder_version=\u00bb4.20.0&#8243; _module_preset=\u00bbdefault\u00bb global_colors_info=\u00bb{}\u00bb][et_pb_image src=\u00bbhttps:\/\/engind.es\/wp-content\/uploads\/2024\/02\/Proyecto-agrupacion-parcelas.jpg\u00bb alt=\u00bbIngenier\u00eda para la Industria Papelera\u00bb title_text=\u00bbProyecto agrupacio\u0301n parcelas\u00bb _builder_version=\u00bb4.24.2&#8243; _module_preset=\u00bbdefault\u00bb global_colors_info=\u00bb{}\u00bb][\/et_pb_image][\/et_pb_column][et_pb_column type=\u00bb1_5&#8243; _builder_version=\u00bb4.20.0&#8243; _module_preset=\u00bbdefault\u00bb global_colors_info=\u00bb{}\u00bb][et_pb_image src=\u00bbhttps:\/\/engind.es\/wp-content\/uploads\/2024\/02\/Estudio-de-sobrecargas.jpg\u00bb alt=\u00bbqu\u00e9 licencia de actividad puede tramitar un ingeniero t\u00e9cnico industrial\u00bb title_text=\u00bbEstudio de sobrecargas\u00bb _builder_version=\u00bb4.24.2&#8243; _module_preset=\u00bbdefault\u00bb global_colors_info=\u00bb{}\u00bb][\/et_pb_image][\/et_pb_column][et_pb_column type=\u00bb1_5&#8243; _builder_version=\u00bb4.20.0&#8243; _module_preset=\u00bbdefault\u00bb global_colors_info=\u00bb{}\u00bb][et_pb_image src=\u00bbhttps:\/\/engind.es\/wp-content\/uploads\/2024\/02\/Informe-analisis-estructural.jpg\u00bb alt=\u00bbIngenier\u00eda para la Industria Textil\u00bb title_text=\u00bbInforme ana\u0301lisis estructural\u00bb _builder_version=\u00bb4.24.2&#8243; _module_preset=\u00bbdefault\u00bb global_colors_info=\u00bb{}\u00bb][\/et_pb_image][\/et_pb_column][\/et_pb_row][\/et_pb_section]\n","protected":false},"excerpt":{"rendered":"<p>\u00bfPor qu\u00e9 necesitas el certificado de solidez?El certificado de solidez es un informe t\u00e9cnico elaborado por un profesional cualificado que certifica que un edificio o estructura cumple con los requisitos de seguridad y estabilidad establecidos por la normativa vigente. Este documento es esencial en determinadas circunstancias, ya que asegura que el edificio o estructura no [&hellip;]<\/p>\n","protected":false},"author":1,"featured_media":27818,"parent":27807,"menu_order":0,"comment_status":"closed","ping_status":"closed","template":"","meta":{"_et_pb_use_builder":"on","_et_pb_old_content":"","_et_gb_content_width":"","pgc_sgb_lightbox_settings":"","footnotes":""},"categories":[],"class_list":["post-27858","page","type-page","status-publish","has-post-thumbnail","hentry"],"_links":{"self":[{"href":"https:\/\/engind.es\/en\/wp-json\/wp\/v2\/pages\/27858","targetHints":{"allow":["GET"]}}],"collection":[{"href":"https:\/\/engind.es\/en\/wp-json\/wp\/v2\/pages"}],"about":[{"href":"https:\/\/engind.es\/en\/wp-json\/wp\/v2\/types\/page"}],"author":[{"embeddable":true,"href":"https:\/\/engind.es\/en\/wp-json\/wp\/v2\/users\/1"}],"replies":[{"embeddable":true,"href":"https:\/\/engind.es\/en\/wp-json\/wp\/v2\/comments?post=27858"}],"version-history":[{"count":12,"href":"https:\/\/engind.es\/en\/wp-json\/wp\/v2\/pages\/27858\/revisions"}],"predecessor-version":[{"id":30796,"href":"https:\/\/engind.es\/en\/wp-json\/wp\/v2\/pages\/27858\/revisions\/30796"}],"up":[{"embeddable":true,"href":"https:\/\/engind.es\/en\/wp-json\/wp\/v2\/pages\/27807"}],"wp:featuredmedia":[{"embeddable":true,"href":"https:\/\/engind.es\/en\/wp-json\/wp\/v2\/media\/27818"}],"wp:attachment":[{"href":"https:\/\/engind.es\/en\/wp-json\/wp\/v2\/media?parent=27858"}],"wp:term":[{"taxonomy":"category","embeddable":true,"href":"https:\/\/engind.es\/en\/wp-json\/wp\/v2\/categories?post=27858"}],"curies":[{"name":"wp","href":"https:\/\/api.w.org\/{rel}","templated":true}]}}