{"id":28084,"date":"2024-03-25T15:40:56","date_gmt":"2024-03-25T13:40:56","guid":{"rendered":"http:\/\/engind.es\/?page_id=28084"},"modified":"2025-08-22T13:54:18","modified_gmt":"2025-08-22T11:54:18","slug":"bim-point-cloud","status":"publish","type":"page","link":"https:\/\/engind.es\/en\/arquitectura\/nube-de-puntos-bim\/","title":{"rendered":"Point cloud \/ BIM"},"content":{"rendered":"\n[et_pb_section fb_built=\u00bb1&#8243; admin_label=\u00bbFAQ\u00bb _builder_version=\u00bb4.16&#8243; background_color=\u00bb#f7f7f7&#8243; global_colors_info=\u00bb{}\u00bb][et_pb_row column_structure=\u00bb1_3,2_3&#8243; _builder_version=\u00bb4.16&#8243; global_colors_info=\u00bb{}\u00bb][et_pb_column type=\u00bb1_3&#8243; _builder_version=\u00bb4.16&#8243; custom_padding=\u00bb|||\u00bb global_colors_info=\u00bb{}\u00bb custom_padding__hover=\u00bb|||\u00bb][et_pb_text _builder_version=\u00bb4.24.2&#8243; text_font=\u00bb||||||||\u00bb header_font=\u00bb||||||||\u00bb header_2_font=\u00bbRubik|700|||||||\u00bb header_2_font_size=\u00bb42px\u00bb header_2_line_height=\u00bb1.2em\u00bb custom_margin=\u00bb|||\u00bb custom_padding=\u00bb|||\u00bb header_2_font_size_tablet=\u00bb\u00bb header_2_font_size_phone=\u00bb36px\u00bb header_2_font_size_last_edited=\u00bbon|phone\u00bb locked=\u00bboff\u00bb global_colors_info=\u00bb{}\u00bb]<h2>Servicios en el <span>Nube de puntos \/ BIM<\/span><\/h2>[\/et_pb_text][et_pb_divider color=\u00bbgcid-30cfe7b1-3293-4278-ab8c-450d036427bd\u00bb divider_position=\u00bbcenter\u00bb divider_weight=\u00bb5px\u00bb _builder_version=\u00bb4.20.2&#8243; max_width=\u00bb50px\u00bb locked=\u00bboff\u00bb global_colors_info=\u00bb{%22gcid-30cfe7b1-3293-4278-ab8c-450d036427bd%22:%91%22color%22%93}\u00bb][\/et_pb_divider][et_pb_text _builder_version=\u00bb4.20.4&#8243; _module_preset=\u00bbdefault\u00bb global_colors_info=\u00bb{}\u00bb]<h2><b>\u00bfDe qu\u00e9 nos encargamos?<\/b><\/h2>[\/et_pb_text][et_pb_blurb title=\u00bbModelado BIM:\u00bb use_icon=\u00bbon\u00bb font_icon=\u00bb&#x39;||divi||400&#8243; icon_color=\u00bbgcid-30cfe7b1-3293-4278-ab8c-450d036427bd\u00bb icon_placement=\u00bbleft\u00bb image_icon_width=\u00bb56px\u00bb content_max_width=\u00bb1100px\u00bb content_max_width_tablet=\u00bb1100px\u00bb content_max_width_last_edited=\u00bboff|desktop\u00bb _builder_version=\u00bb4.24.2&#8243; header_font=\u00bbRubik|700|||||||\u00bb header_line_height=\u00bb1.4em\u00bb body_font=\u00bb||||||||\u00bb body_text_color=\u00bb#000000&#8243; body_font_size=\u00bb15px\u00bb body_line_height=\u00bb1.8em\u00bb custom_margin=\u00bb|||\u00bb custom_padding=\u00bb|||\u00bb animation_direction=\u00bbright\u00bb animation=\u00bboff\u00bb icon_font_size=\u00bb56px\u00bb locked=\u00bboff\u00bb global_colors_info=\u00bb{%22gcid-30cfe7b1-3293-4278-ab8c-450d036427bd%22:%91%22icon_color%22%93}\u00bb]<ul>\n<li>Modelado arquitect\u00f3nico para la creaci\u00f3n de elementos como muros, puertas, ventanas, etc.<\/li>\n<li>Modelado estructural para la representaci\u00f3n de vigas, columnas, losas, etc.<\/li>\n<li>Modelado MEP para la integraci\u00f3n de instalaciones en el modelo BIM.<\/li>\n<li>Modelado de paisaje para la representaci\u00f3n de elementos exteriores como terrenos y vegetaci\u00f3n.<\/li>\n<\/ul>[\/et_pb_blurb][et_pb_blurb title=\u00bbCoordinaci\u00f3n BIM:\u00bb use_icon=\u00bbon\u00bb font_icon=\u00bb&#x39;||divi||400&#8243; icon_color=\u00bbgcid-30cfe7b1-3293-4278-ab8c-450d036427bd\u00bb icon_placement=\u00bbleft\u00bb image_icon_width=\u00bb56px\u00bb content_max_width=\u00bb1100px\u00bb content_max_width_tablet=\u00bb1100px\u00bb content_max_width_last_edited=\u00bboff|desktop\u00bb _builder_version=\u00bb4.24.2&#8243; header_font=\u00bbRubik|700|||||||\u00bb header_line_height=\u00bb1.4em\u00bb body_font=\u00bb||||||||\u00bb body_text_color=\u00bb#000000&#8243; body_font_size=\u00bb15px\u00bb body_line_height=\u00bb1.8em\u00bb custom_margin=\u00bb|||\u00bb custom_padding=\u00bb|||\u00bb animation_direction=\u00bbright\u00bb animation=\u00bboff\u00bb icon_font_size=\u00bb56px\u00bb locked=\u00bboff\u00bb global_colors_info=\u00bb{%22gcid-30cfe7b1-3293-4278-ab8c-450d036427bd%22:%91%22icon_color%22%93}\u00bb]<ul>\n<li>Integraci\u00f3n de modelos BIM de diferentes disciplinas para la detecci\u00f3n de interferencias.<\/li>\n<li>Revisi\u00f3n y resoluci\u00f3n de conflictos entre elementos de diferentes disciplinas.<\/li>\n<\/ul>[\/et_pb_blurb][et_pb_blurb title=\u00bbAn\u00e1lisis y Simulaci\u00f3n\u00bb use_icon=\u00bbon\u00bb font_icon=\u00bb&#x39;||divi||400&#8243; icon_color=\u00bbgcid-30cfe7b1-3293-4278-ab8c-450d036427bd\u00bb icon_placement=\u00bbleft\u00bb image_icon_width=\u00bb56px\u00bb content_max_width=\u00bb1100px\u00bb content_max_width_tablet=\u00bb1100px\u00bb content_max_width_last_edited=\u00bboff|desktop\u00bb _builder_version=\u00bb4.24.2&#8243; header_font=\u00bbRubik|700|||||||\u00bb header_line_height=\u00bb1.4em\u00bb body_font=\u00bb||||||||\u00bb body_text_color=\u00bb#000000&#8243; body_font_size=\u00bb15px\u00bb body_line_height=\u00bb1.8em\u00bb custom_margin=\u00bb|||\u00bb custom_padding=\u00bb|||\u00bb animation_direction=\u00bbright\u00bb animation=\u00bboff\u00bb icon_font_size=\u00bb56px\u00bb locked=\u00bboff\u00bb global_colors_info=\u00bb{%22gcid-30cfe7b1-3293-4278-ab8c-450d036427bd%22:%91%22icon_color%22%93}\u00bb][\/et_pb_blurb][\/et_pb_column][et_pb_column type=\u00bb2_3&#8243; _builder_version=\u00bb4.16&#8243; custom_padding=\u00bb|||\u00bb global_colors_info=\u00bb{}\u00bb custom_padding__hover=\u00bb|||\u00bb][et_pb_text _builder_version=\u00bb4.27.2&#8243; _module_preset=\u00bbdefault\u00bb global_colors_info=\u00bb{}\u00bb]<h2><strong>Nube de puntos \/ BIM y Engind.\u00a0<\/strong><\/h2>[\/et_pb_text][et_pb_text _builder_version=\u00bb4.27.0&#8243; _module_preset=\u00bbdefault\u00bb global_colors_info=\u00bb{}\u00bb]<p style=\"text-align: justify;\">En <strong>Engind<\/strong>, ofrecemos soluciones avanzadas de <strong>nube de puntos<\/strong> y <strong>BIM (Building Information Modeling)<\/strong> que optimizan la planificaci\u00f3n y ejecuci\u00f3n de proyectos. Utilizamos <strong>escaneado l\u00e1ser<\/strong> para obtener y procesar nubes de puntos 3D, proporcionando una representaci\u00f3n detallada y precisa de las condiciones existentes en el sitio. Esta tecnolog\u00eda nos permite capturar datos en alta resoluci\u00f3n, garantizando que los modelos digitales reflejen con exactitud el entorno real, lo que es esencial para la integraci\u00f3n y coordinaci\u00f3n en proyectos complejos.<\/p>\n<p style=\"text-align: justify;\">A partir de la nube de puntos, realizamos el <strong>modelado BIM<\/strong>, creando modelos tridimensionales que mejoran la visualizaci\u00f3n y la gesti\u00f3n del proyecto. El <strong>BIM Execution Plan (BEP)<\/strong> es una parte fundamental de nuestra metodolog\u00eda, ya que define los est\u00e1ndares personalizados para la ejecuci\u00f3n del proyecto. Este plan ayuda a controlar y prevenir interferencias entre los elementos de la obra, optimizando la coordinaci\u00f3n y reduciendo significativamente el tiempo y los costos durante la fase de ejecuci\u00f3n.<\/p>\n<p style=\"text-align: justify;\">Adem\u00e1s, en Engind, nos especializamos en auditar los elementos del proyecto mediante t\u00e9cnicas avanzadas de <strong>medici\u00f3n y control con precisi\u00f3n milim\u00e9trica<\/strong>. La planificaci\u00f3n detallada de presupuestos y fases de obra basada en los modelos BIM y las nubes de puntos asegura una ejecuci\u00f3n m\u00e1s precisa y eficiente. Esta metodolog\u00eda no solo facilita una gesti\u00f3n m\u00e1s efectiva del proyecto, sino que tambi\u00e9n permite detectar y resolver problemas antes de que se conviertan en costosos inconvenientes durante la construcci\u00f3n.<\/p>[\/et_pb_text][et_pb_image src=\u00bbhttps:\/\/engind.es\/wp-content\/uploads\/2024\/08\/bim.png\u00bb alt=\u00bbIngenier\u00eda para Log\u00edstica\u00bb title_text=\u00bbbim\u00bb align=\u00bbcenter\u00bb _builder_version=\u00bb4.27.0&#8243; _module_preset=\u00bbdefault\u00bb width=\u00bb100%\u00bb max_width=\u00bb100%\u00bb custom_padding=\u00bb||0px|||\u00bb global_colors_info=\u00bb{}\u00bb][\/et_pb_image][et_pb_button button_url=\u00bb#contactar\u00bb button_text=\u00bbPIDE PRESUPUESTO\u00bb _builder_version=\u00bb4.20.2&#8243; custom_button=\u00bbon\u00bb button_text_size=\u00bb14px\u00bb button_text_color=\u00bbgcid-30cfe7b1-3293-4278-ab8c-450d036427bd\u00bb button_border_width=\u00bb4px\u00bb button_border_radius=\u00bb0px\u00bb button_letter_spacing=\u00bb4px\u00bb button_font=\u00bbRubik|700||on|||||\u00bb button_icon=\u00bb&#x24;||divi||400&#8243; custom_padding=\u00bb12px|30px|12px|30px|true|true\u00bb button_text_color_hover=\u00bb#ffffff\u00bb button_border_color_hover=\u00bb#ffb400&#8243; button_bg_color_hover=\u00bb#ffb400&#8243; locked=\u00bboff\u00bb global_colors_info=\u00bb{%22gcid-30cfe7b1-3293-4278-ab8c-450d036427bd%22:%91%22button_text_color%22,%22button_bg_color__hover%22,%22button_border_color__hover%22%93}\u00bb button_text_size__hover_enabled=\u00bboff\u00bb button_one_text_size__hover_enabled=\u00bboff\u00bb button_two_text_size__hover_enabled=\u00bboff\u00bb button_text_color__hover_enabled=\u00bbon|hover\u00bb button_text_color__hover=\u00bb#ffffff\u00bb button_one_text_color__hover_enabled=\u00bboff\u00bb button_two_text_color__hover_enabled=\u00bboff\u00bb button_border_width__hover_enabled=\u00bboff\u00bb button_one_border_width__hover_enabled=\u00bboff\u00bb button_two_border_width__hover_enabled=\u00bboff\u00bb button_border_color__hover_enabled=\u00bbon|desktop\u00bb button_border_color__hover=\u00bb#2e55a2&#8243; button_one_border_color__hover_enabled=\u00bboff\u00bb button_two_border_color__hover_enabled=\u00bboff\u00bb button_border_radius__hover_enabled=\u00bboff\u00bb button_one_border_radius__hover_enabled=\u00bboff\u00bb button_two_border_radius__hover_enabled=\u00bboff\u00bb button_letter_spacing__hover_enabled=\u00bboff\u00bb button_one_letter_spacing__hover_enabled=\u00bboff\u00bb button_two_letter_spacing__hover_enabled=\u00bboff\u00bb button_bg_color__hover_enabled=\u00bbon\u00bb button_bg_color__hover=\u00bb#2e55a2&#8243; button_one_bg_color__hover_enabled=\u00bboff\u00bb button_two_bg_color__hover_enabled=\u00bboff\u00bb button_bg_enable_color__hover=\u00bbon\u00bb][\/et_pb_button][\/et_pb_column][\/et_pb_row][\/et_pb_section][et_pb_section fb_built=\u00bb1&#8243; admin_label=\u00bbAbout\u00bb _builder_version=\u00bb4.16&#8243; global_colors_info=\u00bb{}\u00bb][et_pb_row column_structure=\u00bb1_5,1_5,1_5,1_5,1_5&#8243; _builder_version=\u00bb4.20.0&#8243; _module_preset=\u00bbdefault\u00bb global_colors_info=\u00bb{}\u00bb][et_pb_column type=\u00bb1_5&#8243; _builder_version=\u00bb4.20.0&#8243; _module_preset=\u00bbdefault\u00bb global_colors_info=\u00bb{}\u00bb][et_pb_image src=\u00bbhttps:\/\/engind.es\/wp-content\/uploads\/2024\/03\/Comunicacion-previa-obras.jpg\u00bb alt=\u00bbIngenier\u00eda para log\u00edstica\u00bb title_text=\u00bbComunicacio\u0301n previa obras\u00bb _builder_version=\u00bb4.24.2&#8243; _module_preset=\u00bbdefault\u00bb global_colors_info=\u00bb{}\u00bb][\/et_pb_image][\/et_pb_column][et_pb_column type=\u00bb1_5&#8243; _builder_version=\u00bb4.20.0&#8243; _module_preset=\u00bbdefault\u00bb global_colors_info=\u00bb{}\u00bb][et_pb_image src=\u00bbhttps:\/\/engind.es\/wp-content\/uploads\/2024\/03\/Diseno-conceptual-de-obras_BIM.jpg\u00bb alt=\u00bbIngenier\u00eda para Log\u00edstica\u00bb title_text=\u00bbDisen\u0303o conceptual de obras_BIM\u00bb _builder_version=\u00bb4.24.2&#8243; _module_preset=\u00bbdefault\u00bb global_colors_info=\u00bb{}\u00bb][\/et_pb_image][\/et_pb_column][et_pb_column type=\u00bb1_5&#8243; _builder_version=\u00bb4.20.0&#8243; _module_preset=\u00bbdefault\u00bb global_colors_info=\u00bb{}\u00bb][et_pb_image src=\u00bbhttps:\/\/engind.es\/wp-content\/uploads\/2024\/03\/Proyecto-Obras-menores.jpg\u00bb alt=\u00bbIngenier\u00eda para log\u00edstica\u00bb title_text=\u00bbProyecto Obras menores\u00bb _builder_version=\u00bb4.24.2&#8243; _module_preset=\u00bbdefault\u00bb global_colors_info=\u00bb{}\u00bb][\/et_pb_image][\/et_pb_column][et_pb_column type=\u00bb1_5&#8243; _builder_version=\u00bb4.20.0&#8243; _module_preset=\u00bbdefault\u00bb global_colors_info=\u00bb{}\u00bb][et_pb_image src=\u00bbhttps:\/\/engind.es\/wp-content\/uploads\/2024\/08\/bim-2.png\u00bb alt=\u00bbIngenier\u00eda para log\u00edstica\u00bb title_text=\u00bbbim 2&#8243; _builder_version=\u00bb4.27.0&#8243; _module_preset=\u00bbdefault\u00bb global_colors_info=\u00bb{}\u00bb][\/et_pb_image][\/et_pb_column][et_pb_column type=\u00bb1_5&#8243; _builder_version=\u00bb4.20.0&#8243; _module_preset=\u00bbdefault\u00bb global_colors_info=\u00bb{}\u00bb][et_pb_image src=\u00bbhttps:\/\/engind.es\/wp-content\/uploads\/2024\/03\/Proyecto-legalizacion-obras.jpg\u00bb alt=\u00bbIngenier\u00eda para Log\u00edstica\u00bb title_text=\u00bbProyecto legalizacio\u0301n obras\u00bb _builder_version=\u00bb4.24.2&#8243; _module_preset=\u00bbdefault\u00bb global_colors_info=\u00bb{}\u00bb][\/et_pb_image][\/et_pb_column][\/et_pb_row][\/et_pb_section][et_pb_section fb_built=\u00bb1&#8243; _builder_version=\u00bb4.25.0&#8243; _module_preset=\u00bbdefault\u00bb background_color=\u00bb#2e55a2&#8243; locked=\u00bboff\u00bb global_colors_info=\u00bb{}\u00bb][et_pb_row column_structure=\u00bb3_5,2_5&#8243; _builder_version=\u00bb4.25.0&#8243; _module_preset=\u00bbdefault\u00bb global_colors_info=\u00bb{}\u00bb][et_pb_column type=\u00bb3_5&#8243; _builder_version=\u00bb4.25.0&#8243; _module_preset=\u00bbdefault\u00bb global_colors_info=\u00bb{}\u00bb][et_pb_text _builder_version=\u00bb4.25.0&#8243; _module_preset=\u00bbdefault\u00bb text_text_color=\u00bb#FFFFFF\u00bb header_text_color=\u00bb#FFFFFF\u00bb header_3_text_color=\u00bb#FFFFFF\u00bb global_colors_info=\u00bb{}\u00bb]<h3><span style=\"color: #ffffff;\"><strong><span>\u00a1Convierte tu visi\u00f3n en realidad con nuestra tecnolog\u00eda de vanguardia!<\/span><\/strong><\/span><\/h3>[\/et_pb_text][et_pb_text _builder_version=\u00bb4.25.0&#8243; _module_preset=\u00bbdefault\u00bb text_text_color=\u00bb#FFFFFF\u00bb header_text_color=\u00bb#FFFFFF\u00bb header_3_text_color=\u00bb#FFFFFF\u00bb global_colors_info=\u00bb{}\u00bb]<h3><span style=\"color: #ffffff;\"><strong><span>Descubre el potencial de la Nube de puntos y el modelado BIM para tu proyecto.<\/span><\/strong><\/span><\/h3>[\/et_pb_text][\/et_pb_column][et_pb_column type=\u00bb2_5&#8243; _builder_version=\u00bb4.25.0&#8243; _module_preset=\u00bbdefault\u00bb global_colors_info=\u00bb{}\u00bb][et_pb_button button_url=\u00bb#contactar\u00bb button_text=\u00bbCONTACTAR\u00bb button_alignment=\u00bbright\u00bb _builder_version=\u00bb4.25.0&#8243; custom_button=\u00bbon\u00bb button_text_size=\u00bb14px\u00bb button_text_color=\u00bb#FFFFFF\u00bb button_border_width=\u00bb4px\u00bb button_border_color=\u00bb#FFFFFF\u00bb button_border_radius=\u00bb0px\u00bb button_letter_spacing=\u00bb4px\u00bb button_font=\u00bbRubik|700||on|||||\u00bb button_icon=\u00bb&#x24;||divi||400&#8243; button_icon_color=\u00bb#2e55a2&#8243; custom_padding=\u00bb12px|30px|12px|30px|true|true\u00bb button_text_color_hover=\u00bb#ffffff\u00bb button_border_color_hover=\u00bb#ffb400&#8243; button_bg_color_hover=\u00bb#ffb400&#8243; locked=\u00bboff\u00bb global_colors_info=\u00bb{}\u00bb button_text_size__hover_enabled=\u00bboff\u00bb button_one_text_size__hover_enabled=\u00bboff\u00bb button_two_text_size__hover_enabled=\u00bboff\u00bb button_text_color__hover_enabled=\u00bbon|hover\u00bb button_text_color__hover=\u00bb#2e55a2&#8243; button_one_text_color__hover_enabled=\u00bboff\u00bb button_two_text_color__hover_enabled=\u00bboff\u00bb button_border_width__hover_enabled=\u00bboff\u00bb button_one_border_width__hover_enabled=\u00bboff\u00bb button_two_border_width__hover_enabled=\u00bboff\u00bb button_border_color__hover_enabled=\u00bbon|desktop\u00bb button_border_color__hover=\u00bb#2e55a2&#8243; button_one_border_color__hover_enabled=\u00bboff\u00bb button_two_border_color__hover_enabled=\u00bboff\u00bb button_border_radius__hover_enabled=\u00bboff\u00bb button_one_border_radius__hover_enabled=\u00bboff\u00bb button_two_border_radius__hover_enabled=\u00bboff\u00bb button_letter_spacing__hover_enabled=\u00bboff\u00bb button_one_letter_spacing__hover_enabled=\u00bboff\u00bb button_two_letter_spacing__hover_enabled=\u00bboff\u00bb button_bg_color__hover_enabled=\u00bbon|hover\u00bb button_bg_color__hover=\u00bb#FFFFFF\u00bb button_one_bg_color__hover_enabled=\u00bboff\u00bb button_two_bg_color__hover_enabled=\u00bboff\u00bb button_bg_enable_color__hover=\u00bbon\u00bb][\/et_pb_button][\/et_pb_column][\/et_pb_row][\/et_pb_section]\n","protected":false},"excerpt":{"rendered":"<p>Servicios en el Nube de puntos \/ BIM\u00bfDe qu\u00e9 nos encargamos? Modelado arquitect\u00f3nico para la creaci\u00f3n de elementos como muros, puertas, ventanas, etc. Modelado estructural para la representaci\u00f3n de vigas, columnas, losas, etc. Modelado MEP para la integraci\u00f3n de instalaciones en el modelo BIM. Modelado de paisaje para la representaci\u00f3n de elementos exteriores como terrenos [&hellip;]<\/p>\n","protected":false},"author":1,"featured_media":27902,"parent":27459,"menu_order":0,"comment_status":"closed","ping_status":"closed","template":"","meta":{"_et_pb_use_builder":"on","_et_pb_old_content":"","_et_gb_content_width":"","pgc_sgb_lightbox_settings":"","footnotes":""},"categories":[],"class_list":["post-28084","page","type-page","status-publish","has-post-thumbnail","hentry"],"_links":{"self":[{"href":"https:\/\/engind.es\/en\/wp-json\/wp\/v2\/pages\/28084","targetHints":{"allow":["GET"]}}],"collection":[{"href":"https:\/\/engind.es\/en\/wp-json\/wp\/v2\/pages"}],"about":[{"href":"https:\/\/engind.es\/en\/wp-json\/wp\/v2\/types\/page"}],"author":[{"embeddable":true,"href":"https:\/\/engind.es\/en\/wp-json\/wp\/v2\/users\/1"}],"replies":[{"embeddable":true,"href":"https:\/\/engind.es\/en\/wp-json\/wp\/v2\/comments?post=28084"}],"version-history":[{"count":7,"href":"https:\/\/engind.es\/en\/wp-json\/wp\/v2\/pages\/28084\/revisions"}],"predecessor-version":[{"id":30821,"href":"https:\/\/engind.es\/en\/wp-json\/wp\/v2\/pages\/28084\/revisions\/30821"}],"up":[{"embeddable":true,"href":"https:\/\/engind.es\/en\/wp-json\/wp\/v2\/pages\/27459"}],"wp:featuredmedia":[{"embeddable":true,"href":"https:\/\/engind.es\/en\/wp-json\/wp\/v2\/media\/27902"}],"wp:attachment":[{"href":"https:\/\/engind.es\/en\/wp-json\/wp\/v2\/media?parent=28084"}],"wp:term":[{"taxonomy":"category","embeddable":true,"href":"https:\/\/engind.es\/en\/wp-json\/wp\/v2\/categories?post=28084"}],"curies":[{"name":"wp","href":"https:\/\/api.w.org\/{rel}","templated":true}]}}