{"id":28391,"date":"2024-03-25T20:03:25","date_gmt":"2024-03-25T18:03:25","guid":{"rendered":"http:\/\/engind.es\/?page_id=28391"},"modified":"2025-08-22T13:53:19","modified_gmt":"2025-08-22T11:53:19","slug":"follow-up-initial-controls-2","status":"publish","type":"page","link":"https:\/\/engind.es\/en\/consultoria-ingenieria\/seguimiento-de-proyectos\/seguimiento-controles-iniciales-2\/","title":{"rendered":"Follow-up initial controls"},"content":{"rendered":"\n[et_pb_section fb_built=\u00bb1&#8243; admin_label=\u00bbFAQ\u00bb _builder_version=\u00bb4.16&#8243; background_color=\u00bb#f7f7f7&#8243; global_colors_info=\u00bb{}\u00bb][et_pb_row column_structure=\u00bb1_3,2_3&#8243; _builder_version=\u00bb4.16&#8243; global_colors_info=\u00bb{}\u00bb][et_pb_column type=\u00bb1_3&#8243; _builder_version=\u00bb4.16&#8243; custom_padding=\u00bb|||\u00bb global_colors_info=\u00bb{}\u00bb custom_padding__hover=\u00bb|||\u00bb][et_pb_text _builder_version=\u00bb4.24.2&#8243; text_font=\u00bb||||||||\u00bb header_font=\u00bb||||||||\u00bb header_2_font=\u00bbRubik|700|||||||\u00bb header_2_font_size=\u00bb42px\u00bb header_2_line_height=\u00bb1.2em\u00bb custom_margin=\u00bb|||\u00bb custom_padding=\u00bb|||\u00bb header_2_font_size_tablet=\u00bb\u00bb header_2_font_size_phone=\u00bb36px\u00bb header_2_font_size_last_edited=\u00bbon|phone\u00bb locked=\u00bboff\u00bb global_colors_info=\u00bb{}\u00bb]<h2>Tipos de <span>Seguimiento controles iniciales<\/span><\/h2>[\/et_pb_text][et_pb_divider color=\u00bbgcid-30cfe7b1-3293-4278-ab8c-450d036427bd\u00bb divider_position=\u00bbcenter\u00bb divider_weight=\u00bb5px\u00bb _builder_version=\u00bb4.20.2&#8243; max_width=\u00bb50px\u00bb locked=\u00bboff\u00bb global_colors_info=\u00bb{%22gcid-30cfe7b1-3293-4278-ab8c-450d036427bd%22:%91%22color%22%93}\u00bb][\/et_pb_divider][et_pb_text _builder_version=\u00bb4.20.2&#8243; _module_preset=\u00bbdefault\u00bb global_colors_info=\u00bb{}\u00bb]<h2><b>De que nos encargamos<\/b><\/h2>[\/et_pb_text][et_pb_blurb title=\u00bbRevisi\u00f3n de documentaci\u00f3n inicial:\u00bb use_icon=\u00bbon\u00bb font_icon=\u00bb&#x39;||divi||400&#8243; icon_color=\u00bbgcid-30cfe7b1-3293-4278-ab8c-450d036427bd\u00bb icon_placement=\u00bbleft\u00bb image_icon_width=\u00bb56px\u00bb content_max_width=\u00bb1100px\u00bb content_max_width_tablet=\u00bb1100px\u00bb content_max_width_last_edited=\u00bboff|desktop\u00bb _builder_version=\u00bb4.24.2&#8243; header_font=\u00bbRubik|700|||||||\u00bb header_line_height=\u00bb1.4em\u00bb body_font=\u00bb||||||||\u00bb body_text_color=\u00bb#000000&#8243; body_font_size=\u00bb15px\u00bb body_line_height=\u00bb1.8em\u00bb custom_margin=\u00bb|||\u00bb custom_padding=\u00bb|||\u00bb animation_direction=\u00bbright\u00bb animation=\u00bboff\u00bb icon_font_size=\u00bb56px\u00bb locked=\u00bboff\u00bb global_colors_info=\u00bb{%22gcid-30cfe7b1-3293-4278-ab8c-450d036427bd%22:%91%22icon_color%22%93}\u00bb]<ul>\n<li>Verificaci\u00f3n de permisos y licencias.<\/li>\n<li>Evaluaci\u00f3n de requisitos normativos espec\u00edficos del proyecto.<\/li>\n<\/ul>[\/et_pb_blurb][et_pb_blurb title=\u00bbEstablecimiento de controles de calidad y seguridad\u00bb use_icon=\u00bbon\u00bb font_icon=\u00bb&#x39;||divi||400&#8243; icon_color=\u00bbgcid-30cfe7b1-3293-4278-ab8c-450d036427bd\u00bb icon_placement=\u00bbleft\u00bb image_icon_width=\u00bb56px\u00bb content_max_width=\u00bb1100px\u00bb content_max_width_tablet=\u00bb1100px\u00bb content_max_width_last_edited=\u00bboff|desktop\u00bb _builder_version=\u00bb4.24.2&#8243; header_font=\u00bbRubik|700|||||||\u00bb header_line_height=\u00bb1.4em\u00bb body_font=\u00bb||||||||\u00bb body_text_color=\u00bb#000000&#8243; body_font_size=\u00bb15px\u00bb body_line_height=\u00bb1.8em\u00bb custom_margin=\u00bb-21px||21px|||\u00bb custom_padding=\u00bb|||\u00bb animation_direction=\u00bbright\u00bb animation=\u00bboff\u00bb header_font_tablet=\u00bbRubik|700|||||||\u00bb header_font_phone=\u00bbRubik|700|||||||\u00bb header_font_last_edited=\u00bbon|desktop\u00bb icon_font_size=\u00bb56px\u00bb locked=\u00bboff\u00bb global_colors_info=\u00bb{%22gcid-30cfe7b1-3293-4278-ab8c-450d036427bd%22:%91%22icon_color%22%93}\u00bb][\/et_pb_blurb][et_pb_blurb title=\u00bbMonitoreo de avances iniciales\u00bb use_icon=\u00bbon\u00bb font_icon=\u00bb&#x39;||divi||400&#8243; icon_color=\u00bbgcid-30cfe7b1-3293-4278-ab8c-450d036427bd\u00bb icon_placement=\u00bbleft\u00bb image_icon_width=\u00bb56px\u00bb content_max_width=\u00bb1100px\u00bb content_max_width_tablet=\u00bb1100px\u00bb content_max_width_last_edited=\u00bboff|desktop\u00bb _builder_version=\u00bb4.24.2&#8243; header_font=\u00bbRubik|700|||||||\u00bb header_line_height=\u00bb1.4em\u00bb body_font=\u00bb||||||||\u00bb body_text_color=\u00bb#000000&#8243; body_font_size=\u00bb15px\u00bb body_line_height=\u00bb1.8em\u00bb custom_margin=\u00bb|||\u00bb custom_padding=\u00bb|||\u00bb animation_direction=\u00bbright\u00bb animation=\u00bboff\u00bb icon_font_size=\u00bb56px\u00bb locked=\u00bboff\u00bb global_colors_info=\u00bb{%22gcid-30cfe7b1-3293-4278-ab8c-450d036427bd%22:%91%22icon_color%22%93}\u00bb][\/et_pb_blurb][et_pb_blurb title=\u00bbResoluci\u00f3n de problemas potenciales\u00bb use_icon=\u00bbon\u00bb font_icon=\u00bb&#x39;||divi||400&#8243; icon_color=\u00bbgcid-30cfe7b1-3293-4278-ab8c-450d036427bd\u00bb icon_placement=\u00bbleft\u00bb image_icon_width=\u00bb56px\u00bb content_max_width=\u00bb1100px\u00bb content_max_width_tablet=\u00bb1100px\u00bb content_max_width_last_edited=\u00bboff|desktop\u00bb _builder_version=\u00bb4.24.2&#8243; header_font=\u00bbRubik|700|||||||\u00bb header_line_height=\u00bb1.4em\u00bb body_font=\u00bb||||||||\u00bb body_text_color=\u00bb#000000&#8243; body_font_size=\u00bb15px\u00bb body_line_height=\u00bb1.8em\u00bb custom_margin=\u00bb|||\u00bb custom_padding=\u00bb|||\u00bb animation_direction=\u00bbright\u00bb animation=\u00bboff\u00bb icon_font_size=\u00bb56px\u00bb locked=\u00bboff\u00bb global_colors_info=\u00bb{%22gcid-30cfe7b1-3293-4278-ab8c-450d036427bd%22:%91%22icon_color%22%93}\u00bb][\/et_pb_blurb][et_pb_button button_url=\u00bb#contactar\u00bb button_text=\u00bbPIDE PRESUPUESTO\u00bb _builder_version=\u00bb4.20.2&#8243; custom_button=\u00bbon\u00bb button_text_size=\u00bb14px\u00bb button_text_color=\u00bbgcid-30cfe7b1-3293-4278-ab8c-450d036427bd\u00bb button_border_width=\u00bb4px\u00bb button_border_radius=\u00bb0px\u00bb button_letter_spacing=\u00bb4px\u00bb button_font=\u00bbRubik|700||on|||||\u00bb button_icon=\u00bb&#x24;||divi||400&#8243; custom_padding=\u00bb12px|30px|12px|30px|true|true\u00bb button_text_color_hover=\u00bb#ffffff\u00bb button_border_color_hover=\u00bb#ffb400&#8243; button_bg_color_hover=\u00bb#ffb400&#8243; locked=\u00bboff\u00bb global_colors_info=\u00bb{%22gcid-30cfe7b1-3293-4278-ab8c-450d036427bd%22:%91%22button_text_color%22,%22button_bg_color__hover%22,%22button_border_color__hover%22%93}\u00bb button_text_size__hover_enabled=\u00bboff\u00bb button_one_text_size__hover_enabled=\u00bboff\u00bb button_two_text_size__hover_enabled=\u00bboff\u00bb button_text_color__hover_enabled=\u00bbon|hover\u00bb button_text_color__hover=\u00bb#ffffff\u00bb button_one_text_color__hover_enabled=\u00bboff\u00bb button_two_text_color__hover_enabled=\u00bboff\u00bb button_border_width__hover_enabled=\u00bboff\u00bb button_one_border_width__hover_enabled=\u00bboff\u00bb button_two_border_width__hover_enabled=\u00bboff\u00bb button_border_color__hover_enabled=\u00bbon|desktop\u00bb button_border_color__hover=\u00bb#2e55a2&#8243; button_one_border_color__hover_enabled=\u00bboff\u00bb button_two_border_color__hover_enabled=\u00bboff\u00bb button_border_radius__hover_enabled=\u00bboff\u00bb button_one_border_radius__hover_enabled=\u00bboff\u00bb button_two_border_radius__hover_enabled=\u00bboff\u00bb button_letter_spacing__hover_enabled=\u00bboff\u00bb button_one_letter_spacing__hover_enabled=\u00bboff\u00bb button_two_letter_spacing__hover_enabled=\u00bboff\u00bb button_bg_color__hover_enabled=\u00bbon\u00bb button_bg_color__hover=\u00bb#2e55a2&#8243; button_one_bg_color__hover_enabled=\u00bboff\u00bb button_two_bg_color__hover_enabled=\u00bboff\u00bb button_bg_enable_color__hover=\u00bbon\u00bb][\/et_pb_button][\/et_pb_column][et_pb_column type=\u00bb2_3&#8243; _builder_version=\u00bb4.16&#8243; custom_padding=\u00bb|||\u00bb global_colors_info=\u00bb{}\u00bb custom_padding__hover=\u00bb|||\u00bb][et_pb_text _builder_version=\u00bb4.24.2&#8243; _module_preset=\u00bbdefault\u00bb global_colors_info=\u00bb{}\u00bb]<p style=\"text-align: justify;\">El servicio de <strong>\u00abSeguimiento controles iniciales\u00bb<\/strong> de Engind representa una fase fundamental en el desarrollo de proyectos, donde se establecen las bases para un progreso fluido y exitoso. En esta etapa, los arquitectos e ingenieros de Engind se dedican a supervisar de cerca todos los aspectos clave desde el inicio del proyecto. <strong>La revisi\u00f3n meticulosa de los requisitos iniciales<\/strong> es esencial para asegurar que se cumplan todos los criterios legales y t\u00e9cnicos necesarios para avanzar de manera efectiva.<\/p>\n<p style=\"text-align: justify;\">Nuestro equipo especializado se encarga de <strong>verificar la documentaci\u00f3n inicial<\/strong>, incluidos los permisos, licencias y requisitos normativos espec\u00edficos del proyecto. Adem\u00e1s, nos aseguramos de que se hayan establecido adecuadamente <strong>los controles de calidad y seguridad desde el principio<\/strong>, para evitar posibles contratiempos en etapas posteriores.<\/p>\n<p style=\"text-align: justify;\"><strong>El monitoreo constante de los avances iniciales<\/strong> nos permite identificar y abordar cualquier desviaci\u00f3n o inconformidad de manera temprana, lo que contribuye a evitar retrasos y sobrecostos. A trav\u00e9s de un enfoque proactivo, nos esforzamos por anticipar y resolver cualquier problema potencial antes de que afecte significativamente al desarrollo del proyecto.<\/p>\n<p style=\"text-align: justify;\">En resumen, el servicio de <strong>\u00abSeguimiento controles iniciales\u00bb<\/strong> de Engind garantiza un inicio s\u00f3lido y bien fundamentado para cualquier proyecto, proporcionando a nuestros clientes la confianza y la tranquilidad necesarias para avanzar con \u00e9xito hacia las etapas posteriores del proceso de construcci\u00f3n.<\/p>[\/et_pb_text][et_pb_accordion closed_toggle_text_color=\u00bb#2a2a2a\u00bb closed_toggle_background_color=\u00bb#ffffff\u00bb icon_color=\u00bbgcid-30cfe7b1-3293-4278-ab8c-450d036427bd\u00bb _builder_version=\u00bb4.21.0&#8243; toggle_font=\u00bbRubik|700|||||||\u00bb toggle_font_size=\u00bb18px\u00bb toggle_line_height=\u00bb1.4em\u00bb body_font=\u00bb||||||||\u00bb body_font_size=\u00bb15px\u00bb body_line_height=\u00bb1.8em\u00bb custom_margin=\u00bb|||\u00bb custom_padding=\u00bb|||\u00bb rank_math_faq_schema=\u00bbon\u00bb border_width_all=\u00bb0px\u00bb global_colors_info=\u00bb{%22gcid-30cfe7b1-3293-4278-ab8c-450d036427bd%22:%91%22icon_color%22%93}\u00bb][et_pb_accordion_item title=\u00bbConstrucci\u00f3n de infraestructuras\u00bb open=\u00bbon\u00bb _builder_version=\u00bb4.21.0&#8243; custom_margin=\u00bb1px||1px||true\u00bb global_colors_info=\u00bb{}\u00bb]<p>Nos encargamos de supervisar y controlar todo tipo de construcciones. Nuestro objetivo es garantizar que los proyectos se desarrollen de acuerdo con los est\u00e1ndares de calidad, seguridad y eficiencia establecidos.<\/p>[\/et_pb_accordion_item][et_pb_accordion_item title=\u00bbDesarrollo de proyectos residenciales y comerciales\u00bb _builder_version=\u00bb4.21.0&#8243; custom_margin=\u00bb1px||1px||true\u00bb global_colors_info=\u00bb{}\u00bb open=\u00bboff\u00bb]<p><span>Trabajamos en estrecha colaboraci\u00f3n con promotores inmobiliarios y constructores para supervisar el desarrollo de proyectos residenciales y comerciales. <\/span><\/p>\n<p><span>Nuestro equipo se asegura de que se cumplan todos los requisitos legales y t\u00e9cnicos, y de que los proyectos se entreguen dentro de los plazos y presupuestos establecidos.<\/span><\/p>[\/et_pb_accordion_item][et_pb_accordion_item title=\u00bbEnerg\u00edas renovables\u00bb _builder_version=\u00bb4.21.0&#8243; custom_margin=\u00bb1px||1px||true\u00bb global_colors_info=\u00bb{}\u00bb open=\u00bboff\u00bb]<p><span>En el campo de las energ\u00edas renovables, proporcionamos servicios de project monitoring para proyectos de energ\u00eda solar, e\u00f3lica, hidroel\u00e9ctrica y biomasa. Supervisamos la construcci\u00f3n de plantas de energ\u00eda renovable, asegur\u00e1ndonos de que se cumplan los est\u00e1ndares de eficiencia y sostenibilidad.<\/span><\/p>[\/et_pb_accordion_item][et_pb_accordion_item title=\u00bbProyectos industriales\u00bb _builder_version=\u00bb4.21.0&#8243; custom_margin=\u00bb1px||1px||true\u00bb global_colors_info=\u00bb{}\u00bb open=\u00bboff\u00bb]<p><span>Trabajamos con empresas del sector industrial para supervisar la construcci\u00f3n de plantas de producci\u00f3n, f\u00e1bricas, <a href=\"https:\/\/engind.es\/sectores\/ingenieria-para-logistica\">centros log\u00edsticos<\/a> y otros proyectos industriales. Nuestro enfoque se centra en garantizar la eficiencia de los procesos, la seguridad laboral y el cumplimiento de las normativas ambientales.<\/span><\/p>[\/et_pb_accordion_item][et_pb_accordion_item title=\u00bbProyectos de infraestructuras p\u00fablicas\u00bb title_tablet=\u00bbProyectos de infraestructuras p\u00fablicas\u00bb title_phone=\u00bbProyectos de infraestructuras p\u00fablicas\u00bb title_last_edited=\u00bbon|desktop\u00bb _builder_version=\u00bb4.21.0&#8243; custom_margin=\u00bb1px||1px||true\u00bb global_colors_info=\u00bb{}\u00bb open=\u00bboff\u00bb]<p><span>Colaboramos con entidades p\u00fablicas para supervisar la construcci\u00f3n de proyectos de infraestructuras como hospitales, escuelas, instalaciones deportivas y centros comunitarios. <\/span><\/p>\n<p><span>Nuestro objetivo es asegurar que estos proyectos cumplan con los requisitos y necesidades de la comunidad, garantizando al mismo tiempo la calidad y la sostenibilidad.<\/span><\/p>[\/et_pb_accordion_item][\/et_pb_accordion][\/et_pb_column][\/et_pb_row][\/et_pb_section][et_pb_section fb_built=\u00bb1&#8243; admin_label=\u00bbAbout\u00bb _builder_version=\u00bb4.16&#8243; global_colors_info=\u00bb{}\u00bb][et_pb_row column_structure=\u00bb1_5,1_5,1_5,1_5,1_5&#8243; _builder_version=\u00bb4.20.0&#8243; _module_preset=\u00bbdefault\u00bb global_colors_info=\u00bb{}\u00bb][et_pb_column type=\u00bb1_5&#8243; _builder_version=\u00bb4.20.0&#8243; _module_preset=\u00bbdefault\u00bb global_colors_info=\u00bb{}\u00bb][et_pb_image src=\u00bbhttps:\/\/engind.es\/wp-content\/uploads\/2024\/03\/Estudios-economicos.jpg\u00bb alt=\u00bbproject monitoring\u00bb title_text=\u00bbEstudios econo\u0301micos\u00bb _builder_version=\u00bb4.24.2&#8243; _module_preset=\u00bbdefault\u00bb global_colors_info=\u00bb{}\u00bb][\/et_pb_image][\/et_pb_column][et_pb_column type=\u00bb1_5&#8243; _builder_version=\u00bb4.20.0&#8243; _module_preset=\u00bbdefault\u00bb global_colors_info=\u00bb{}\u00bb][et_pb_image src=\u00bbhttps:\/\/engind.es\/wp-content\/uploads\/2024\/03\/Seguimiento-controles-iniciales.jpg\u00bb alt=\u00bbproject monitoring\u00bb title_text=\u00bbSeguimiento controles iniciales\u00bb _builder_version=\u00bb4.24.2&#8243; _module_preset=\u00bbdefault\u00bb global_colors_info=\u00bb{}\u00bb][\/et_pb_image][\/et_pb_column][et_pb_column type=\u00bb1_5&#8243; _builder_version=\u00bb4.20.0&#8243; _module_preset=\u00bbdefault\u00bb global_colors_info=\u00bb{}\u00bb][et_pb_image src=\u00bbhttps:\/\/engind.es\/wp-content\/uploads\/2024\/03\/Ingenieria-de-layout.jpg\u00bb alt=\u00bbproject monitoring\u00bb title_text=\u00bbIngenieri\u0301a de layout\u00bb _builder_version=\u00bb4.24.2&#8243; _module_preset=\u00bbdefault\u00bb global_colors_info=\u00bb{}\u00bb][\/et_pb_image][\/et_pb_column][et_pb_column type=\u00bb1_5&#8243; _builder_version=\u00bb4.20.0&#8243; _module_preset=\u00bbdefault\u00bb global_colors_info=\u00bb{}\u00bb][et_pb_image src=\u00bbhttps:\/\/engind.es\/wp-content\/uploads\/2024\/03\/Seguimiento-controles-periodicos-actividad.jpg\u00bb alt=\u00bbproject monitoring\u00bb title_text=\u00bbSeguimiento controles perio\u0301dicos actividad\u00bb _builder_version=\u00bb4.24.2&#8243; _module_preset=\u00bbdefault\u00bb global_colors_info=\u00bb{}\u00bb][\/et_pb_image][\/et_pb_column][et_pb_column type=\u00bb1_5&#8243; _builder_version=\u00bb4.20.0&#8243; _module_preset=\u00bbdefault\u00bb global_colors_info=\u00bb{}\u00bb][et_pb_image src=\u00bbhttps:\/\/engind.es\/wp-content\/uploads\/2024\/03\/Solicitud-autorizaciones-Carreteras-ACA-Adif.jpg\u00bb alt=\u00bbproject monitoring\u00bb title_text=\u00bbSolicitud autorizaciones Carreteras, ACA, Adif\u00bb _builder_version=\u00bb4.24.2&#8243; _module_preset=\u00bbdefault\u00bb global_colors_info=\u00bb{}\u00bb][\/et_pb_image][\/et_pb_column][\/et_pb_row][\/et_pb_section]\n","protected":false},"excerpt":{"rendered":"<p>Tipos de Seguimiento controles inicialesDe que nos encargamos Verificaci\u00f3n de permisos y licencias. Evaluaci\u00f3n de requisitos normativos espec\u00edficos del proyecto. El servicio de \u00abSeguimiento controles iniciales\u00bb de Engind representa una fase fundamental en el desarrollo de proyectos, donde se establecen las bases para un progreso fluido y exitoso. En esta etapa, los arquitectos e ingenieros [&hellip;]<\/p>\n","protected":false},"author":1,"featured_media":28294,"parent":29799,"menu_order":0,"comment_status":"closed","ping_status":"closed","template":"","meta":{"_et_pb_use_builder":"on","_et_pb_old_content":"","_et_gb_content_width":"","pgc_sgb_lightbox_settings":"","footnotes":""},"categories":[],"class_list":["post-28391","page","type-page","status-publish","has-post-thumbnail","hentry"],"_links":{"self":[{"href":"https:\/\/engind.es\/en\/wp-json\/wp\/v2\/pages\/28391","targetHints":{"allow":["GET"]}}],"collection":[{"href":"https:\/\/engind.es\/en\/wp-json\/wp\/v2\/pages"}],"about":[{"href":"https:\/\/engind.es\/en\/wp-json\/wp\/v2\/types\/page"}],"author":[{"embeddable":true,"href":"https:\/\/engind.es\/en\/wp-json\/wp\/v2\/users\/1"}],"replies":[{"embeddable":true,"href":"https:\/\/engind.es\/en\/wp-json\/wp\/v2\/comments?post=28391"}],"version-history":[{"count":7,"href":"https:\/\/engind.es\/en\/wp-json\/wp\/v2\/pages\/28391\/revisions"}],"predecessor-version":[{"id":30819,"href":"https:\/\/engind.es\/en\/wp-json\/wp\/v2\/pages\/28391\/revisions\/30819"}],"up":[{"embeddable":true,"href":"https:\/\/engind.es\/en\/wp-json\/wp\/v2\/pages\/29799"}],"wp:featuredmedia":[{"embeddable":true,"href":"https:\/\/engind.es\/en\/wp-json\/wp\/v2\/media\/28294"}],"wp:attachment":[{"href":"https:\/\/engind.es\/en\/wp-json\/wp\/v2\/media?parent=28391"}],"wp:term":[{"taxonomy":"category","embeddable":true,"href":"https:\/\/engind.es\/en\/wp-json\/wp\/v2\/categories?post=28391"}],"curies":[{"name":"wp","href":"https:\/\/api.w.org\/{rel}","templated":true}]}}