{"id":28439,"date":"2024-03-27T16:31:44","date_gmt":"2024-03-27T14:31:44","guid":{"rendered":"http:\/\/engind.es\/?page_id=28439"},"modified":"2025-08-22T13:46:11","modified_gmt":"2025-08-22T11:46:11","slug":"first-license-procedures-for-occupations-buildings-2","status":"publish","type":"page","link":"https:\/\/engind.es\/en\/consultoria-ingenieria\/tramitaciones-de-proyectos\/tramitaciones-licencia-primera-ocupaciones-edificaciones-2\/","title":{"rendered":"First License Procedures for Building Occupations"},"content":{"rendered":"\n[et_pb_section fb_built=\u00bb1&#8243; admin_label=\u00bbFAQ\u00bb _builder_version=\u00bb4.16&#8243; background_color=\u00bb#f7f7f7&#8243; global_colors_info=\u00bb{}\u00bb][et_pb_row column_structure=\u00bb1_3,2_3&#8243; _builder_version=\u00bb4.16&#8243; global_colors_info=\u00bb{}\u00bb][et_pb_column type=\u00bb1_3&#8243; _builder_version=\u00bb4.16&#8243; custom_padding=\u00bb|||\u00bb global_colors_info=\u00bb{}\u00bb custom_padding__hover=\u00bb|||\u00bb][et_pb_text _builder_version=\u00bb4.24.2&#8243; text_font=\u00bb||||||||\u00bb header_font=\u00bb||||||||\u00bb header_2_font=\u00bbRubik|700|||||||\u00bb header_2_font_size=\u00bb42px\u00bb header_2_line_height=\u00bb1.2em\u00bb custom_margin=\u00bb|||\u00bb custom_padding=\u00bb|||\u00bb header_2_font_size_tablet=\u00bb\u00bb header_2_font_size_phone=\u00bb36px\u00bb header_2_font_size_last_edited=\u00bbon|phone\u00bb locked=\u00bboff\u00bb global_colors_info=\u00bb{}\u00bb]<h2>Tipos de <span>Tramitaciones Licencia Primera Ocupaciones edificaciones<\/span><\/h2>[\/et_pb_text][et_pb_divider color=\u00bbgcid-30cfe7b1-3293-4278-ab8c-450d036427bd\u00bb divider_position=\u00bbcenter\u00bb divider_weight=\u00bb5px\u00bb _builder_version=\u00bb4.20.2&#8243; max_width=\u00bb50px\u00bb locked=\u00bboff\u00bb global_colors_info=\u00bb{%22gcid-30cfe7b1-3293-4278-ab8c-450d036427bd%22:%91%22color%22%93}\u00bb][\/et_pb_divider][et_pb_text _builder_version=\u00bb4.20.2&#8243; _module_preset=\u00bbdefault\u00bb global_colors_info=\u00bb{}\u00bb]<h2><b>De que nos encargamos<\/b><\/h2>[\/et_pb_text][et_pb_blurb title=\u00bbRecopilaci\u00f3n y preparaci\u00f3n de documentaci\u00f3n:\u00bb use_icon=\u00bbon\u00bb font_icon=\u00bb&#x39;||divi||400&#8243; icon_color=\u00bbgcid-30cfe7b1-3293-4278-ab8c-450d036427bd\u00bb icon_placement=\u00bbleft\u00bb image_icon_width=\u00bb56px\u00bb content_max_width=\u00bb1100px\u00bb content_max_width_tablet=\u00bb1100px\u00bb content_max_width_last_edited=\u00bboff|desktop\u00bb _builder_version=\u00bb4.24.2&#8243; header_font=\u00bbRubik|700|||||||\u00bb header_line_height=\u00bb1.4em\u00bb body_font=\u00bb||||||||\u00bb body_text_color=\u00bb#000000&#8243; body_font_size=\u00bb15px\u00bb body_line_height=\u00bb1.8em\u00bb custom_margin=\u00bb|||\u00bb custom_padding=\u00bb|||\u00bb animation_direction=\u00bbright\u00bb animation=\u00bboff\u00bb icon_font_size=\u00bb56px\u00bb locked=\u00bboff\u00bb global_colors_info=\u00bb{%22gcid-30cfe7b1-3293-4278-ab8c-450d036427bd%22:%91%22icon_color%22%93}\u00bb]<ul>\n<li>Revisi\u00f3n de planos y documentaci\u00f3n t\u00e9cnica.<\/li>\n<li>Obtenci\u00f3n de certificados t\u00e9cnicos necesarios.<\/li>\n<li>Preparaci\u00f3n de la solicitud de licencia y documentos adicionales requeridos.<\/li>\n<\/ul>[\/et_pb_blurb][et_pb_blurb title=\u00bbGesti\u00f3n de tr\u00e1mites administrativos:\u00bb use_icon=\u00bbon\u00bb font_icon=\u00bb&#x39;||divi||400&#8243; icon_color=\u00bbgcid-30cfe7b1-3293-4278-ab8c-450d036427bd\u00bb icon_placement=\u00bbleft\u00bb image_icon_width=\u00bb56px\u00bb content_max_width=\u00bb1100px\u00bb content_max_width_tablet=\u00bb1100px\u00bb content_max_width_last_edited=\u00bboff|desktop\u00bb _builder_version=\u00bb4.24.2&#8243; header_font=\u00bbRubik|700|||||||\u00bb header_line_height=\u00bb1.4em\u00bb body_font=\u00bb||||||||\u00bb body_text_color=\u00bb#000000&#8243; body_font_size=\u00bb15px\u00bb body_line_height=\u00bb1.8em\u00bb custom_margin=\u00bb-21px||21px|||\u00bb custom_padding=\u00bb|||\u00bb animation_direction=\u00bbright\u00bb animation=\u00bboff\u00bb header_font_tablet=\u00bbRubik|700|||||||\u00bb header_font_phone=\u00bbRubik|700|||||||\u00bb header_font_last_edited=\u00bbon|desktop\u00bb icon_font_size=\u00bb56px\u00bb locked=\u00bboff\u00bb global_colors_info=\u00bb{%22gcid-30cfe7b1-3293-4278-ab8c-450d036427bd%22:%91%22icon_color%22%93}\u00bb]<ul>\n<li>Presentaci\u00f3n de la solicitud ante el ayuntamiento u organismo competente.<\/li>\n<li>Seguimiento del expediente y coordinaci\u00f3n con las autoridades para resolver posibles requerimientos o solicitudes de informaci\u00f3n adicional.<\/li>\n<li>Obtenci\u00f3n de avales o permisos espec\u00edficos seg\u00fan las regulaciones locales.<\/li>\n<\/ul>[\/et_pb_blurb][et_pb_blurb title=\u00bbAsesoramiento legal y t\u00e9cnico\u00bb use_icon=\u00bbon\u00bb font_icon=\u00bb&#x39;||divi||400&#8243; icon_color=\u00bbgcid-30cfe7b1-3293-4278-ab8c-450d036427bd\u00bb icon_placement=\u00bbleft\u00bb image_icon_width=\u00bb56px\u00bb content_max_width=\u00bb1100px\u00bb content_max_width_tablet=\u00bb1100px\u00bb content_max_width_last_edited=\u00bboff|desktop\u00bb _builder_version=\u00bb4.24.2&#8243; header_font=\u00bbRubik|700|||||||\u00bb header_line_height=\u00bb1.4em\u00bb body_font=\u00bb||||||||\u00bb body_text_color=\u00bb#ffffff\u00bb body_font_size=\u00bb15px\u00bb body_line_height=\u00bb1.8em\u00bb custom_margin=\u00bb|||\u00bb custom_padding=\u00bb|||\u00bb animation_direction=\u00bbright\u00bb animation=\u00bboff\u00bb icon_font_size=\u00bb56px\u00bb locked=\u00bboff\u00bb global_colors_info=\u00bb{%22gcid-30cfe7b1-3293-4278-ab8c-450d036427bd%22:%91%22icon_color%22%93}\u00bb][\/et_pb_blurb][et_pb_blurb title=\u00bbSeguimiento y control de procedimientos\u00bb use_icon=\u00bbon\u00bb font_icon=\u00bb&#x39;||divi||400&#8243; icon_color=\u00bbgcid-30cfe7b1-3293-4278-ab8c-450d036427bd\u00bb icon_placement=\u00bbleft\u00bb image_icon_width=\u00bb56px\u00bb content_max_width=\u00bb1100px\u00bb content_max_width_tablet=\u00bb1100px\u00bb content_max_width_last_edited=\u00bboff|desktop\u00bb _builder_version=\u00bb4.24.2&#8243; header_font=\u00bbRubik|700|||||||\u00bb header_line_height=\u00bb1.4em\u00bb body_font=\u00bb||||||||\u00bb body_text_color=\u00bb#ffffff\u00bb body_font_size=\u00bb15px\u00bb body_line_height=\u00bb1.8em\u00bb custom_margin=\u00bb|||\u00bb custom_padding=\u00bb|||\u00bb animation_direction=\u00bbright\u00bb animation=\u00bboff\u00bb icon_font_size=\u00bb56px\u00bb locked=\u00bboff\u00bb global_colors_info=\u00bb{%22gcid-30cfe7b1-3293-4278-ab8c-450d036427bd%22:%91%22icon_color%22%93}\u00bb][\/et_pb_blurb][et_pb_button button_url=\u00bb#contactar\u00bb button_text=\u00bbPIDE PRESUPUESTO\u00bb _builder_version=\u00bb4.20.2&#8243; custom_button=\u00bbon\u00bb button_text_size=\u00bb14px\u00bb button_text_color=\u00bbgcid-30cfe7b1-3293-4278-ab8c-450d036427bd\u00bb button_border_width=\u00bb4px\u00bb button_border_radius=\u00bb0px\u00bb button_letter_spacing=\u00bb4px\u00bb button_font=\u00bbRubik|700||on|||||\u00bb button_icon=\u00bb&#x24;||divi||400&#8243; custom_padding=\u00bb12px|30px|12px|30px|true|true\u00bb button_text_color_hover=\u00bb#ffffff\u00bb button_border_color_hover=\u00bb#ffb400&#8243; button_bg_color_hover=\u00bb#ffb400&#8243; locked=\u00bboff\u00bb global_colors_info=\u00bb{%22gcid-30cfe7b1-3293-4278-ab8c-450d036427bd%22:%91%22button_text_color%22,%22button_bg_color__hover%22,%22button_border_color__hover%22%93}\u00bb button_text_size__hover_enabled=\u00bboff\u00bb button_one_text_size__hover_enabled=\u00bboff\u00bb button_two_text_size__hover_enabled=\u00bboff\u00bb button_text_color__hover_enabled=\u00bbon|hover\u00bb button_text_color__hover=\u00bb#ffffff\u00bb button_one_text_color__hover_enabled=\u00bboff\u00bb button_two_text_color__hover_enabled=\u00bboff\u00bb button_border_width__hover_enabled=\u00bboff\u00bb button_one_border_width__hover_enabled=\u00bboff\u00bb button_two_border_width__hover_enabled=\u00bboff\u00bb button_border_color__hover_enabled=\u00bbon|desktop\u00bb button_border_color__hover=\u00bb#2e55a2&#8243; button_one_border_color__hover_enabled=\u00bboff\u00bb button_two_border_color__hover_enabled=\u00bboff\u00bb button_border_radius__hover_enabled=\u00bboff\u00bb button_one_border_radius__hover_enabled=\u00bboff\u00bb button_two_border_radius__hover_enabled=\u00bboff\u00bb button_letter_spacing__hover_enabled=\u00bboff\u00bb button_one_letter_spacing__hover_enabled=\u00bboff\u00bb button_two_letter_spacing__hover_enabled=\u00bboff\u00bb button_bg_color__hover_enabled=\u00bbon\u00bb button_bg_color__hover=\u00bb#2e55a2&#8243; button_one_bg_color__hover_enabled=\u00bboff\u00bb button_two_bg_color__hover_enabled=\u00bboff\u00bb button_bg_enable_color__hover=\u00bbon\u00bb][\/et_pb_button][\/et_pb_column][et_pb_column type=\u00bb2_3&#8243; _builder_version=\u00bb4.16&#8243; custom_padding=\u00bb|||\u00bb global_colors_info=\u00bb{}\u00bb custom_padding__hover=\u00bb|||\u00bb][et_pb_text _builder_version=\u00bb4.24.2&#8243; _module_preset=\u00bbdefault\u00bb global_colors_info=\u00bb{}\u00bb]<p style=\"text-align: justify;\">Engind se especializa en el servicio de tramitaciones para obtener la \u00abLicencia de Primera Ocupaci\u00f3n\u00bb de edificaciones, un paso cr\u00edtico en el proceso de construcci\u00f3n de cualquier inmueble. <strong>Este servicio abarca desde la recopilaci\u00f3n y preparaci\u00f3n de la documentaci\u00f3n necesaria hasta la gesti\u00f3n de los tr\u00e1mites administrativos ante las autoridades pertinentes<\/strong>. Nuestro equipo de arquitectos e ingenieros se encarga de coordinar todo el proceso, asegurando que se cumplan con los requisitos legales y t\u00e9cnicos establecidos por las normativas locales y nacionales.<\/p>\n<p style=\"text-align: justify;\">Uno de los aspectos m\u00e1s destacados de nuestro servicio es la <strong>experiencia y conocimiento especializado de nuestro equipo<\/strong>. Nuestros arquitectos e ingenieros est\u00e1n altamente capacitados para evaluar los planos y la documentaci\u00f3n t\u00e9cnica requerida para la obtenci\u00f3n de la licencia. Adem\u00e1s, cuentan con una amplia experiencia en la comunicaci\u00f3n con las autoridades competentes, lo que garantiza un proceso eficiente y sin contratiempos.<\/p>\n<p style=\"text-align: justify;\"><strong>La eficacia y la agilidad son pilares fundamentales en nuestro enfoque<\/strong>. Nos comprometemos a realizar un seguimiento meticuloso de cada paso del proceso de tramitaci\u00f3n, desde la presentaci\u00f3n inicial de la solicitud hasta la obtenci\u00f3n final de la licencia. Adem\u00e1s, ofrecemos asesoramiento continuo a nuestros clientes, respondiendo a sus preguntas y proporcionando actualizaciones peri\u00f3dicas sobre el estado de la tramitaci\u00f3n.<\/p>\n<p style=\"text-align: justify;\">Por \u00faltimo, <strong>nuestro servicio de tramitaciones de Licencia de Primera Ocupaci\u00f3n se adapta a las necesidades espec\u00edficas de cada proyecto<\/strong>.<\/p>[\/et_pb_text][et_pb_accordion closed_toggle_text_color=\u00bb#2a2a2a\u00bb closed_toggle_background_color=\u00bb#ffffff\u00bb icon_color=\u00bbgcid-30cfe7b1-3293-4278-ab8c-450d036427bd\u00bb _builder_version=\u00bb4.21.0&#8243; toggle_font=\u00bbRubik|700|||||||\u00bb toggle_font_size=\u00bb18px\u00bb toggle_line_height=\u00bb1.4em\u00bb body_font=\u00bb||||||||\u00bb body_font_size=\u00bb15px\u00bb body_line_height=\u00bb1.8em\u00bb custom_margin=\u00bb|||\u00bb custom_padding=\u00bb|||\u00bb rank_math_faq_schema=\u00bbon\u00bb border_width_all=\u00bb0px\u00bb global_colors_info=\u00bb{%22gcid-30cfe7b1-3293-4278-ab8c-450d036427bd%22:%91%22icon_color%22%93}\u00bb][et_pb_accordion_item title=\u00bbConstrucci\u00f3n de infraestructuras\u00bb open=\u00bbon\u00bb _builder_version=\u00bb4.21.0&#8243; custom_margin=\u00bb1px||1px||true\u00bb global_colors_info=\u00bb{}\u00bb]<p>Nos encargamos de supervisar y controlar todo tipo de construcciones. Nuestro objetivo es garantizar que los proyectos se desarrollen de acuerdo con los est\u00e1ndares de calidad, seguridad y eficiencia establecidos.<\/p>[\/et_pb_accordion_item][et_pb_accordion_item title=\u00bbDesarrollo de proyectos residenciales y comerciales\u00bb _builder_version=\u00bb4.21.0&#8243; custom_margin=\u00bb1px||1px||true\u00bb global_colors_info=\u00bb{}\u00bb open=\u00bboff\u00bb]<p><span>Trabajamos en estrecha colaboraci\u00f3n con promotores inmobiliarios y constructores para supervisar el desarrollo de proyectos residenciales y comerciales. <\/span><\/p>\n<p><span>Nuestro equipo se asegura de que se cumplan todos los requisitos legales y t\u00e9cnicos, y de que los proyectos se entreguen dentro de los plazos y presupuestos establecidos.<\/span><\/p>[\/et_pb_accordion_item][et_pb_accordion_item title=\u00bbEnerg\u00edas renovables\u00bb _builder_version=\u00bb4.21.0&#8243; custom_margin=\u00bb1px||1px||true\u00bb global_colors_info=\u00bb{}\u00bb open=\u00bboff\u00bb]<p><span>En el campo de las energ\u00edas renovables, proporcionamos servicios de project monitoring para proyectos de energ\u00eda solar, e\u00f3lica, hidroel\u00e9ctrica y biomasa. Supervisamos la construcci\u00f3n de plantas de energ\u00eda renovable, asegur\u00e1ndonos de que se cumplan los est\u00e1ndares de eficiencia y sostenibilidad.<\/span><\/p>[\/et_pb_accordion_item][et_pb_accordion_item title=\u00bbProyectos industriales\u00bb _builder_version=\u00bb4.21.0&#8243; custom_margin=\u00bb1px||1px||true\u00bb global_colors_info=\u00bb{}\u00bb open=\u00bboff\u00bb]<p><span>Trabajamos con empresas del sector industrial para supervisar la construcci\u00f3n de plantas de producci\u00f3n, f\u00e1bricas, <a href=\"https:\/\/engind.es\/sectores\/ingenieria-para-logistica\">centros log\u00edsticos<\/a> y otros proyectos industriales. Nuestro enfoque se centra en garantizar la eficiencia de los procesos, la seguridad laboral y el cumplimiento de las normativas ambientales.<\/span><\/p>[\/et_pb_accordion_item][et_pb_accordion_item title=\u00bbProyectos de infraestructuras p\u00fablicas\u00bb title_tablet=\u00bbProyectos de infraestructuras p\u00fablicas\u00bb title_phone=\u00bbProyectos de infraestructuras p\u00fablicas\u00bb title_last_edited=\u00bbon|desktop\u00bb _builder_version=\u00bb4.21.0&#8243; custom_margin=\u00bb1px||1px||true\u00bb global_colors_info=\u00bb{}\u00bb open=\u00bboff\u00bb]<p><span>Colaboramos con entidades p\u00fablicas para supervisar la construcci\u00f3n de proyectos de infraestructuras como hospitales, escuelas, instalaciones deportivas y centros comunitarios. <\/span><\/p>\n<p><span>Nuestro objetivo es asegurar que estos proyectos cumplan con los requisitos y necesidades de la comunidad, garantizando al mismo tiempo la calidad y la sostenibilidad.<\/span><\/p>[\/et_pb_accordion_item][\/et_pb_accordion][\/et_pb_column][\/et_pb_row][\/et_pb_section][et_pb_section fb_built=\u00bb1&#8243; admin_label=\u00bbAbout\u00bb _builder_version=\u00bb4.16&#8243; global_colors_info=\u00bb{}\u00bb][et_pb_row column_structure=\u00bb1_5,1_5,1_5,1_5,1_5&#8243; _builder_version=\u00bb4.20.0&#8243; _module_preset=\u00bbdefault\u00bb global_colors_info=\u00bb{}\u00bb][et_pb_column type=\u00bb1_5&#8243; _builder_version=\u00bb4.20.0&#8243; _module_preset=\u00bbdefault\u00bb global_colors_info=\u00bb{}\u00bb][et_pb_image src=\u00bbhttps:\/\/engind.es\/wp-content\/uploads\/2024\/03\/Seguimiento-controles-periodicos-actividad.jpg\u00bb alt=\u00bbproject monitoring\u00bb title_text=\u00bbSeguimiento controles perio\u0301dicos actividad\u00bb _builder_version=\u00bb4.24.2&#8243; _module_preset=\u00bbdefault\u00bb global_colors_info=\u00bb{}\u00bb][\/et_pb_image][\/et_pb_column][et_pb_column type=\u00bb1_5&#8243; _builder_version=\u00bb4.20.0&#8243; _module_preset=\u00bbdefault\u00bb global_colors_info=\u00bb{}\u00bb][et_pb_image src=\u00bbhttps:\/\/engind.es\/wp-content\/uploads\/2024\/03\/Ingenieria-de-layout.jpg\u00bb alt=\u00bbproject monitoring\u00bb title_text=\u00bbIngenieri\u0301a de layout\u00bb _builder_version=\u00bb4.24.2&#8243; _module_preset=\u00bbdefault\u00bb global_colors_info=\u00bb{}\u00bb][\/et_pb_image][\/et_pb_column][et_pb_column type=\u00bb1_5&#8243; _builder_version=\u00bb4.20.0&#8243; _module_preset=\u00bbdefault\u00bb global_colors_info=\u00bb{}\u00bb][et_pb_image src=\u00bbhttps:\/\/engind.es\/wp-content\/uploads\/2024\/03\/Solicitud-autorizaciones-Carreteras-ACA-Adif.jpg\u00bb alt=\u00bbproject monitoring\u00bb title_text=\u00bbSolicitud autorizaciones Carreteras, ACA, Adif\u00bb _builder_version=\u00bb4.24.2&#8243; _module_preset=\u00bbdefault\u00bb global_colors_info=\u00bb{}\u00bb][\/et_pb_image][\/et_pb_column][et_pb_column type=\u00bb1_5&#8243; _builder_version=\u00bb4.20.0&#8243; _module_preset=\u00bbdefault\u00bb global_colors_info=\u00bb{}\u00bb][et_pb_image src=\u00bbhttps:\/\/engind.es\/wp-content\/uploads\/2024\/03\/Tramitaciones-catastrales.jpg\u00bb alt=\u00bbproject monitoring\u00bb title_text=\u00bbTramitaciones catastrales\u00bb _builder_version=\u00bb4.24.2&#8243; _module_preset=\u00bbdefault\u00bb global_colors_info=\u00bb{}\u00bb][\/et_pb_image][\/et_pb_column][et_pb_column type=\u00bb1_5&#8243; _builder_version=\u00bb4.20.0&#8243; _module_preset=\u00bbdefault\u00bb global_colors_info=\u00bb{}\u00bb][et_pb_image src=\u00bbhttps:\/\/engind.es\/wp-content\/uploads\/2024\/03\/Documentacion-tecnica.jpg\u00bb alt=\u00bbproject monitoring\u00bb title_text=\u00bbDocumentacio\u0301n te\u0301cnica\u00bb _builder_version=\u00bb4.24.2&#8243; _module_preset=\u00bbdefault\u00bb global_colors_info=\u00bb{}\u00bb][\/et_pb_image][\/et_pb_column][\/et_pb_row][\/et_pb_section]\n","protected":false},"excerpt":{"rendered":"<p>Tipos de Tramitaciones Licencia Primera Ocupaciones edificacionesDe que nos encargamos Revisi\u00f3n de planos y documentaci\u00f3n t\u00e9cnica. Obtenci\u00f3n de certificados t\u00e9cnicos necesarios. Preparaci\u00f3n de la solicitud de licencia y documentos adicionales requeridos. Presentaci\u00f3n de la solicitud ante el ayuntamiento u organismo competente. Seguimiento del expediente y coordinaci\u00f3n con las autoridades para resolver posibles requerimientos o solicitudes [&hellip;]<\/p>\n","protected":false},"author":1,"featured_media":28442,"parent":29710,"menu_order":0,"comment_status":"closed","ping_status":"closed","template":"","meta":{"_et_pb_use_builder":"on","_et_pb_old_content":"","_et_gb_content_width":"","pgc_sgb_lightbox_settings":"","footnotes":""},"categories":[],"class_list":["post-28439","page","type-page","status-publish","has-post-thumbnail","hentry"],"_links":{"self":[{"href":"https:\/\/engind.es\/en\/wp-json\/wp\/v2\/pages\/28439","targetHints":{"allow":["GET"]}}],"collection":[{"href":"https:\/\/engind.es\/en\/wp-json\/wp\/v2\/pages"}],"about":[{"href":"https:\/\/engind.es\/en\/wp-json\/wp\/v2\/types\/page"}],"author":[{"embeddable":true,"href":"https:\/\/engind.es\/en\/wp-json\/wp\/v2\/users\/1"}],"replies":[{"embeddable":true,"href":"https:\/\/engind.es\/en\/wp-json\/wp\/v2\/comments?post=28439"}],"version-history":[{"count":7,"href":"https:\/\/engind.es\/en\/wp-json\/wp\/v2\/pages\/28439\/revisions"}],"predecessor-version":[{"id":30810,"href":"https:\/\/engind.es\/en\/wp-json\/wp\/v2\/pages\/28439\/revisions\/30810"}],"up":[{"embeddable":true,"href":"https:\/\/engind.es\/en\/wp-json\/wp\/v2\/pages\/29710"}],"wp:featuredmedia":[{"embeddable":true,"href":"https:\/\/engind.es\/en\/wp-json\/wp\/v2\/media\/28442"}],"wp:attachment":[{"href":"https:\/\/engind.es\/en\/wp-json\/wp\/v2\/media?parent=28439"}],"wp:term":[{"taxonomy":"category","embeddable":true,"href":"https:\/\/engind.es\/en\/wp-json\/wp\/v2\/categories?post=28439"}],"curies":[{"name":"wp","href":"https:\/\/api.w.org\/{rel}","templated":true}]}}