{"id":28984,"date":"2024-08-06T05:53:55","date_gmt":"2024-08-06T03:53:55","guid":{"rendered":"https:\/\/engind.es\/?page_id=28984"},"modified":"2025-07-21T09:42:03","modified_gmt":"2025-07-21T07:42:03","slug":"electrical-installation-project-low-voltage-high-expansion-renovation-low-change-of-ownership","status":"publish","type":"page","link":"https:\/\/engind.es\/en\/servicios-de-ingenieria-industrial\/legalizaciones\/proyecto-instalacion-electrica-baja-tension-alta-ampliacion-reforma-baja-cambio-de-titularidad\/","title":{"rendered":"Low voltage electrical installation project; Registration, extension\/reform, cancellation, change of ownership"},"content":{"rendered":"\n[et_pb_section fb_built=\u00bb1&#8243; admin_label=\u00bbFAQ\u00bb _builder_version=\u00bb4.16&#8243; background_color=\u00bb#f7f7f7&#8243; global_colors_info=\u00bb{}\u00bb][et_pb_row column_structure=\u00bb1_3,2_3&#8243; _builder_version=\u00bb4.16&#8243; global_colors_info=\u00bb{}\u00bb][et_pb_column type=\u00bb1_3&#8243; _builder_version=\u00bb4.16&#8243; custom_padding=\u00bb|||\u00bb global_colors_info=\u00bb{}\u00bb custom_padding__hover=\u00bb|||\u00bb][et_pb_text _builder_version=\u00bb4.27.0&#8243; text_font=\u00bb||||||||\u00bb header_font=\u00bb||||||||\u00bb header_2_font=\u00bbRubik|700|||||||\u00bb header_2_font_size=\u00bb42px\u00bb header_2_line_height=\u00bb1.2em\u00bb custom_margin=\u00bb|||\u00bb custom_padding=\u00bb|||\u00bb header_2_font_size_tablet=\u00bb\u00bb header_2_font_size_phone=\u00bb36px\u00bb header_2_font_size_last_edited=\u00bbon|phone\u00bb locked=\u00bboff\u00bb global_colors_info=\u00bb{}\u00bb]<h2>Tipos de\u00a0Proyecto instalaci\u00f3n el\u00e9ctrica baja tensi\u00f3n<\/h2>[\/et_pb_text][et_pb_divider color=\u00bbgcid-30cfe7b1-3293-4278-ab8c-450d036427bd\u00bb divider_position=\u00bbcenter\u00bb divider_weight=\u00bb5px\u00bb _builder_version=\u00bb4.20.2&#8243; max_width=\u00bb50px\u00bb locked=\u00bboff\u00bb global_colors_info=\u00bb{%22gcid-30cfe7b1-3293-4278-ab8c-450d036427bd%22:%91%22color%22%93}\u00bb][\/et_pb_divider][et_pb_text _builder_version=\u00bb4.20.2&#8243; _module_preset=\u00bbdefault\u00bb global_colors_info=\u00bb{}\u00bb]<h2><b>De que nos encargamos<\/b><\/h2>[\/et_pb_text][et_pb_blurb title=\u00bbDise\u00f1o Inicial\u00bb use_icon=\u00bbon\u00bb font_icon=\u00bb&#x39;||divi||400&#8243; icon_color=\u00bbgcid-30cfe7b1-3293-4278-ab8c-450d036427bd\u00bb icon_placement=\u00bbleft\u00bb image_icon_width=\u00bb56px\u00bb content_max_width=\u00bb1100px\u00bb content_max_width_tablet=\u00bb1100px\u00bb content_max_width_last_edited=\u00bboff|desktop\u00bb _builder_version=\u00bb4.27.0&#8243; header_font=\u00bbRubik|700|||||||\u00bb header_line_height=\u00bb1.4em\u00bb body_font=\u00bb||||||||\u00bb body_text_color=\u00bb#000000&#8243; body_font_size=\u00bb15px\u00bb body_line_height=\u00bb1.8em\u00bb custom_margin=\u00bb|||\u00bb custom_padding=\u00bb|||\u00bb animation_direction=\u00bbright\u00bb animation=\u00bboff\u00bb icon_font_size=\u00bb56px\u00bb locked=\u00bboff\u00bb global_colors_info=\u00bb{%22gcid-30cfe7b1-3293-4278-ab8c-450d036427bd%22:%91%22icon_color%22%93}\u00bb][\/et_pb_blurb][et_pb_blurb title=\u00bbC\u00e1lculos de Carga\u00bb use_icon=\u00bbon\u00bb font_icon=\u00bb&#x39;||divi||400&#8243; icon_color=\u00bbgcid-30cfe7b1-3293-4278-ab8c-450d036427bd\u00bb icon_placement=\u00bbleft\u00bb image_icon_width=\u00bb56px\u00bb content_max_width=\u00bb1100px\u00bb content_max_width_tablet=\u00bb1100px\u00bb content_max_width_last_edited=\u00bboff|desktop\u00bb _builder_version=\u00bb4.27.0&#8243; header_font=\u00bbRubik|700|||||||\u00bb header_line_height=\u00bb1.4em\u00bb body_font=\u00bb||||||||\u00bb body_text_color=\u00bb#000000&#8243; body_font_size=\u00bb15px\u00bb body_line_height=\u00bb1.8em\u00bb custom_margin=\u00bb|||\u00bb custom_padding=\u00bb|||\u00bb animation_direction=\u00bbright\u00bb animation=\u00bboff\u00bb icon_font_size=\u00bb56px\u00bb locked=\u00bboff\u00bb global_colors_info=\u00bb{%22gcid-30cfe7b1-3293-4278-ab8c-450d036427bd%22:%91%22icon_color%22%93}\u00bb][\/et_pb_blurb][et_pb_blurb title=\u00bbAmpliaci\u00f3n\/Reforma\u00bb use_icon=\u00bbon\u00bb font_icon=\u00bb&#x39;||divi||400&#8243; icon_color=\u00bbgcid-30cfe7b1-3293-4278-ab8c-450d036427bd\u00bb icon_placement=\u00bbleft\u00bb image_icon_width=\u00bb56px\u00bb content_max_width=\u00bb1100px\u00bb content_max_width_tablet=\u00bb1100px\u00bb content_max_width_last_edited=\u00bboff|desktop\u00bb _builder_version=\u00bb4.27.0&#8243; header_font=\u00bbRubik|700|||||||\u00bb header_line_height=\u00bb1.4em\u00bb body_font=\u00bb||||||||\u00bb body_text_color=\u00bb#000000&#8243; body_font_size=\u00bb15px\u00bb body_line_height=\u00bb1.8em\u00bb custom_margin=\u00bb-21px||21px|||\u00bb custom_padding=\u00bb|||\u00bb animation_direction=\u00bbright\u00bb animation=\u00bboff\u00bb header_font_tablet=\u00bbRubik|700|||||||\u00bb header_font_phone=\u00bbRubik|700|||||||\u00bb header_font_last_edited=\u00bbon|desktop\u00bb icon_font_size=\u00bb56px\u00bb locked=\u00bboff\u00bb global_colors_info=\u00bb{%22gcid-30cfe7b1-3293-4278-ab8c-450d036427bd%22:%91%22icon_color%22%93}\u00bb]<ul>\n<li>Evaluaci\u00f3n de necesidades<\/li>\n<li>Dise\u00f1o de ampliaciones<\/li>\n<li>Integraci\u00f3n de tecnolog\u00edas<\/li>\n<\/ul>[\/et_pb_blurb][et_pb_blurb title=\u00bbCambio de Titularidad\u00bb use_icon=\u00bbon\u00bb font_icon=\u00bb&#x39;||divi||400&#8243; icon_color=\u00bbgcid-30cfe7b1-3293-4278-ab8c-450d036427bd\u00bb icon_placement=\u00bbleft\u00bb image_icon_width=\u00bb56px\u00bb content_max_width=\u00bb1100px\u00bb content_max_width_tablet=\u00bb1100px\u00bb content_max_width_last_edited=\u00bboff|desktop\u00bb _builder_version=\u00bb4.27.0&#8243; header_font=\u00bbRubik|700|||||||\u00bb header_line_height=\u00bb1.4em\u00bb body_font=\u00bb||||||||\u00bb body_text_color=\u00bb#ffffff\u00bb body_font_size=\u00bb15px\u00bb body_line_height=\u00bb1.8em\u00bb custom_margin=\u00bb|||\u00bb custom_padding=\u00bb|||\u00bb animation_direction=\u00bbright\u00bb animation=\u00bboff\u00bb icon_font_size=\u00bb56px\u00bb locked=\u00bboff\u00bb global_colors_info=\u00bb{%22gcid-30cfe7b1-3293-4278-ab8c-450d036427bd%22:%91%22icon_color%22%93}\u00bb][\/et_pb_blurb][et_pb_blurb title=\u00bbGesti\u00f3n de Residuos\u00bb use_icon=\u00bbon\u00bb font_icon=\u00bb&#x39;||divi||400&#8243; icon_color=\u00bbgcid-30cfe7b1-3293-4278-ab8c-450d036427bd\u00bb icon_placement=\u00bbleft\u00bb image_icon_width=\u00bb56px\u00bb content_max_width=\u00bb1100px\u00bb content_max_width_tablet=\u00bb1100px\u00bb content_max_width_last_edited=\u00bboff|desktop\u00bb _builder_version=\u00bb4.27.0&#8243; header_font=\u00bbRubik|700|||||||\u00bb header_line_height=\u00bb1.4em\u00bb body_font=\u00bb||||||||\u00bb body_text_color=\u00bb#ffffff\u00bb body_font_size=\u00bb15px\u00bb body_line_height=\u00bb1.8em\u00bb custom_margin=\u00bb|||\u00bb custom_padding=\u00bb|||\u00bb animation_direction=\u00bbright\u00bb animation=\u00bboff\u00bb icon_font_size=\u00bb56px\u00bb locked=\u00bboff\u00bb global_colors_info=\u00bb{%22gcid-30cfe7b1-3293-4278-ab8c-450d036427bd%22:%91%22icon_color%22%93}\u00bb][\/et_pb_blurb][et_pb_button button_url=\u00bb#contactar\u00bb button_text=\u00bbPIDE PRESUPUESTO\u00bb _builder_version=\u00bb4.20.2&#8243; custom_button=\u00bbon\u00bb button_text_size=\u00bb14px\u00bb button_text_color=\u00bbgcid-30cfe7b1-3293-4278-ab8c-450d036427bd\u00bb button_border_width=\u00bb4px\u00bb button_border_radius=\u00bb0px\u00bb button_letter_spacing=\u00bb4px\u00bb button_font=\u00bbRubik|700||on|||||\u00bb button_icon=\u00bb&#x24;||divi||400&#8243; custom_padding=\u00bb12px|30px|12px|30px|true|true\u00bb button_text_color_hover=\u00bb#ffffff\u00bb button_border_color_hover=\u00bb#ffb400&#8243; button_bg_color_hover=\u00bb#ffb400&#8243; locked=\u00bboff\u00bb global_colors_info=\u00bb{%22gcid-30cfe7b1-3293-4278-ab8c-450d036427bd%22:%91%22button_text_color%22,%22button_bg_color__hover%22,%22button_border_color__hover%22%93}\u00bb button_text_size__hover_enabled=\u00bboff\u00bb button_one_text_size__hover_enabled=\u00bboff\u00bb button_two_text_size__hover_enabled=\u00bboff\u00bb button_text_color__hover_enabled=\u00bbon|hover\u00bb button_text_color__hover=\u00bb#ffffff\u00bb button_one_text_color__hover_enabled=\u00bboff\u00bb button_two_text_color__hover_enabled=\u00bboff\u00bb button_border_width__hover_enabled=\u00bboff\u00bb button_one_border_width__hover_enabled=\u00bboff\u00bb button_two_border_width__hover_enabled=\u00bboff\u00bb button_border_color__hover_enabled=\u00bbon|desktop\u00bb button_border_color__hover=\u00bb#2e55a2&#8243; button_one_border_color__hover_enabled=\u00bboff\u00bb button_two_border_color__hover_enabled=\u00bboff\u00bb button_border_radius__hover_enabled=\u00bboff\u00bb button_one_border_radius__hover_enabled=\u00bboff\u00bb button_two_border_radius__hover_enabled=\u00bboff\u00bb button_letter_spacing__hover_enabled=\u00bboff\u00bb button_one_letter_spacing__hover_enabled=\u00bboff\u00bb button_two_letter_spacing__hover_enabled=\u00bboff\u00bb button_bg_color__hover_enabled=\u00bbon\u00bb button_bg_color__hover=\u00bb#2e55a2&#8243; button_one_bg_color__hover_enabled=\u00bboff\u00bb button_two_bg_color__hover_enabled=\u00bboff\u00bb button_bg_enable_color__hover=\u00bbon\u00bb][\/et_pb_button][\/et_pb_column][et_pb_column type=\u00bb2_3&#8243; _builder_version=\u00bb4.16&#8243; custom_padding=\u00bb|||\u00bb global_colors_info=\u00bb{}\u00bb custom_padding__hover=\u00bb|||\u00bb][et_pb_text _builder_version=\u00bb4.27.0&#8243; _module_preset=\u00bbdefault\u00bb global_colors_info=\u00bb{}\u00bb]<p style=\"text-align: justify;\">El servicio de <strong>\u00abProyecto de Instalaci\u00f3n El\u00e9ctrica Baja Tensi\u00f3n\u00bb<\/strong> de Engind se especializa en el dise\u00f1o, legalizaci\u00f3n y gesti\u00f3n de instalaciones el\u00e9ctricas de baja tensi\u00f3n, cubriendo todas las etapas desde la alta hasta la reforma, incluyendo cambios de titularidad. Nuestro equipo de ingenieros y arquitectos se encarga de proporcionar soluciones completas y adaptadas a cada necesidad espec\u00edfica.<\/p>\n<p style=\"text-align: justify;\"><strong>Tipos de Proyecto de Instalaci\u00f3n El\u00e9ctrica Baja Tensi\u00f3n<\/strong><\/p>\n<ol style=\"text-align: justify;\">\n<li><strong>Altas<\/strong>: Dise\u00f1o y tramitaci\u00f3n de nuevas instalaciones el\u00e9ctricas de baja tensi\u00f3n, asegurando que cumplan con todas las normativas vigentes y satisfagan las necesidades del cliente.<\/li>\n<li><strong>Ampliaci\u00f3n\/Reforma<\/strong>: Planificaci\u00f3n y ejecuci\u00f3n de modificaciones en instalaciones existentes, garantizando que las reformas integren las \u00faltimas tecnolog\u00edas y cumplan con los est\u00e1ndares de seguridad y eficiencia.<\/li>\n<li><strong>Cambio de Titularidad<\/strong>: Gesti\u00f3n completa del proceso de transferencia de responsabilidades y propiedad de instalaciones el\u00e9ctricas, asegurando una transici\u00f3n fluida y conforme a las normativas legales.<\/li>\n<li><strong>Baja<\/strong>: Desconexi\u00f3n y desmantelamiento de instalaciones obsoletas, facilitando la preparaci\u00f3n del espacio para nuevos proyectos o la actualizaci\u00f3n de sistemas el\u00e9ctricos.<\/li>\n<\/ol>\n<p style=\"text-align: justify;\"><strong>\u00bfDe qu\u00e9 nos encargamos?<\/strong><\/p>\n<p style=\"text-align: justify;\">En <strong>Engind<\/strong>, nuestro objetivo es ofrecer un servicio integral para el dise\u00f1o y legalizaci\u00f3n de instalaciones el\u00e9ctricas de baja tensi\u00f3n. Nos encargamos de la <strong>planificaci\u00f3n detallada<\/strong>, asegurando que cada aspecto del proyecto cumpla con los requisitos t\u00e9cnicos y legales. Nuestro equipo realiza <strong>evaluaciones exhaustivas<\/strong> para garantizar que todas las instalaciones sean seguras, eficientes y sostenibles.<\/p>\n<p style=\"text-align: justify;\"><strong>Servicios Adicionales<\/strong><\/p>\n<p style=\"text-align: justify;\">Adem\u00e1s de la planificaci\u00f3n y legalizaci\u00f3n de instalaciones el\u00e9ctricas, ofrecemos servicios de <strong>supervisi\u00f3n y control de calidad<\/strong> durante la ejecuci\u00f3n del proyecto, asegurando que todas las fases se realicen conforme a los est\u00e1ndares establecidos. Tambi\u00e9n proporcionamos <strong>asesoramiento continuo<\/strong> para resolver cualquier inquietud t\u00e9cnica y garantizar que las instalaciones se mantengan en \u00f3ptimas condiciones a lo largo del tiempo.<\/p>\n<p style=\"text-align: justify;\">[\/et_pb_text][et_pb_image src=\u00bbhttps:\/\/engind.es\/wp-content\/uploads\/2024\/08\/instalacion-electrica-media-tension.jpg\u00bb title_text=\u00bbinstalacio\u0301n ele\u0301ctrica media tensio\u0301n\u00bb _builder_version=\u00bb4.27.0&#8243; _module_preset=\u00bbdefault\u00bb global_colors_info=\u00bb{}\u00bb][\/et_pb_image][\/et_pb_column][\/et_pb_row][\/et_pb_section][et_pb_section fb_built=\u00bb1&#8243; admin_label=\u00bbAbout\u00bb _builder_version=\u00bb4.16&#8243; global_colors_info=\u00bb{}\u00bb][et_pb_row column_structure=\u00bb1_5,1_5,1_5,1_5,1_5&#8243; _builder_version=\u00bb4.20.0&#8243; _module_preset=\u00bbdefault\u00bb global_colors_info=\u00bb{}\u00bb][et_pb_column type=\u00bb1_5&#8243; _builder_version=\u00bb4.20.0&#8243; _module_preset=\u00bbdefault\u00bb global_colors_info=\u00bb{}\u00bb][et_pb_image src=\u00bbhttps:\/\/engind.es\/wp-content\/uploads\/2024\/08\/Proyecto-instalacion-telecomunicaciones.jpg\u00bb alt=\u00bbproject monitoring\u00bb title_text=\u00bbProyecto instalacio\u0301n telecomunicaciones\u00bb _builder_version=\u00bb4.27.0&#8243; _module_preset=\u00bbdefault\u00bb global_colors_info=\u00bb{}\u00bb][\/et_pb_image][\/et_pb_column][et_pb_column type=\u00bb1_5&#8243; _builder_version=\u00bb4.20.0&#8243; _module_preset=\u00bbdefault\u00bb global_colors_info=\u00bb{}\u00bb][et_pb_image src=\u00bbhttps:\/\/engind.es\/wp-content\/uploads\/2024\/08\/instalacion-electrica-media-tension.jpg\u00bb alt=\u00bbproject monitoring\u00bb title_text=\u00bbinstalacio\u0301n ele\u0301ctrica media tensio\u0301n\u00bb _builder_version=\u00bb4.27.0&#8243; _module_preset=\u00bbdefault\u00bb global_colors_info=\u00bb{}\u00bb][\/et_pb_image][\/et_pb_column][et_pb_column type=\u00bb1_5&#8243; _builder_version=\u00bb4.20.0&#8243; _module_preset=\u00bbdefault\u00bb global_colors_info=\u00bb{}\u00bb][et_pb_image src=\u00bbhttps:\/\/engind.es\/wp-content\/uploads\/2024\/08\/Proyecto-instalacion-aparatos-a-presion.jpg\u00bb alt=\u00bbproject monitoring\u00bb title_text=\u00bbProyecto instalacio\u0301n aparatos a presio\u0301n\u00bb _builder_version=\u00bb4.27.0&#8243; _module_preset=\u00bbdefault\u00bb global_colors_info=\u00bb{}\u00bb][\/et_pb_image][\/et_pb_column][et_pb_column type=\u00bb1_5&#8243; _builder_version=\u00bb4.20.0&#8243; _module_preset=\u00bbdefault\u00bb global_colors_info=\u00bb{}\u00bb][et_pb_image src=\u00bbhttps:\/\/engind.es\/wp-content\/uploads\/2024\/03\/ambientales12.jpg\u00bb alt=\u00bbproject monitoring\u00bb title_text=\u00bbambientales12&#8243; _builder_version=\u00bb4.24.2&#8243; _module_preset=\u00bbdefault\u00bb global_colors_info=\u00bb{}\u00bb][\/et_pb_image][\/et_pb_column][et_pb_column type=\u00bb1_5&#8243; _builder_version=\u00bb4.20.0&#8243; _module_preset=\u00bbdefault\u00bb global_colors_info=\u00bb{}\u00bb][et_pb_image src=\u00bbhttps:\/\/engind.es\/wp-content\/uploads\/2024\/08\/Proyecto-instalacion-electrica-baja-tension.jpg\u00bb alt=\u00bbproject monitoring\u00bb title_text=\u00bbProyecto instalacio\u0301n ele\u0301ctrica baja tensio\u0301n\u00bb _builder_version=\u00bb4.27.0&#8243; _module_preset=\u00bbdefault\u00bb global_colors_info=\u00bb{}\u00bb][\/et_pb_image][\/et_pb_column][\/et_pb_row][\/et_pb_section]\n","protected":false},"excerpt":{"rendered":"<p>Tipos de\u00a0Proyecto instalaci\u00f3n el\u00e9ctrica baja tensi\u00f3nDe que nos encargamos Evaluaci\u00f3n de necesidades Dise\u00f1o de ampliaciones Integraci\u00f3n de tecnolog\u00edas El servicio de \u00abProyecto de Instalaci\u00f3n El\u00e9ctrica Baja Tensi\u00f3n\u00bb de Engind se especializa en el dise\u00f1o, legalizaci\u00f3n y gesti\u00f3n de instalaciones el\u00e9ctricas de baja tensi\u00f3n, cubriendo todas las etapas desde la alta hasta la reforma, incluyendo cambios [&hellip;]<\/p>\n","protected":false},"author":1,"featured_media":30500,"parent":28964,"menu_order":0,"comment_status":"closed","ping_status":"closed","template":"","meta":{"_et_pb_use_builder":"on","_et_pb_old_content":"","_et_gb_content_width":"","pgc_sgb_lightbox_settings":"","footnotes":""},"categories":[],"class_list":["post-28984","page","type-page","status-publish","has-post-thumbnail","hentry"],"_links":{"self":[{"href":"https:\/\/engind.es\/en\/wp-json\/wp\/v2\/pages\/28984","targetHints":{"allow":["GET"]}}],"collection":[{"href":"https:\/\/engind.es\/en\/wp-json\/wp\/v2\/pages"}],"about":[{"href":"https:\/\/engind.es\/en\/wp-json\/wp\/v2\/types\/page"}],"author":[{"embeddable":true,"href":"https:\/\/engind.es\/en\/wp-json\/wp\/v2\/users\/1"}],"replies":[{"embeddable":true,"href":"https:\/\/engind.es\/en\/wp-json\/wp\/v2\/comments?post=28984"}],"version-history":[{"count":8,"href":"https:\/\/engind.es\/en\/wp-json\/wp\/v2\/pages\/28984\/revisions"}],"predecessor-version":[{"id":30762,"href":"https:\/\/engind.es\/en\/wp-json\/wp\/v2\/pages\/28984\/revisions\/30762"}],"up":[{"embeddable":true,"href":"https:\/\/engind.es\/en\/wp-json\/wp\/v2\/pages\/28964"}],"wp:featuredmedia":[{"embeddable":true,"href":"https:\/\/engind.es\/en\/wp-json\/wp\/v2\/media\/30500"}],"wp:attachment":[{"href":"https:\/\/engind.es\/en\/wp-json\/wp\/v2\/media?parent=28984"}],"wp:term":[{"taxonomy":"category","embeddable":true,"href":"https:\/\/engind.es\/en\/wp-json\/wp\/v2\/categories?post=28984"}],"curies":[{"name":"wp","href":"https:\/\/api.w.org\/{rel}","templated":true}]}}