{"id":29160,"date":"2024-08-06T08:23:58","date_gmt":"2024-08-06T06:23:58","guid":{"rendered":"https:\/\/engind.es\/?page_id=29160"},"modified":"2025-07-21T09:43:09","modified_gmt":"2025-07-21T07:43:09","slug":"urban-planning-report-law-18-2020","status":"publish","type":"page","link":"https:\/\/engind.es\/en\/servicios-de-ingenieria-industrial\/proyectos-ambientales\/informe-urbanistico-ley-18-2020\/","title":{"rendered":"Law 18\/2020 \u2013 Urban planning report by implementation of activities"},"content":{"rendered":"\n[et_pb_section fb_built=\u00bb1&#8243; admin_label=\u00bbFAQ\u00bb _builder_version=\u00bb4.16&#8243; background_color=\u00bb#f7f7f7&#8243; global_colors_info=\u00bb{}\u00bb][et_pb_row column_structure=\u00bb1_3,2_3&#8243; _builder_version=\u00bb4.16&#8243; global_colors_info=\u00bb{}\u00bb][et_pb_column type=\u00bb1_3&#8243; _builder_version=\u00bb4.16&#8243; custom_padding=\u00bb|||\u00bb global_colors_info=\u00bb{}\u00bb custom_padding__hover=\u00bb|||\u00bb][et_pb_text _builder_version=\u00bb4.27.0&#8243; text_font=\u00bb||||||||\u00bb header_font=\u00bb||||||||\u00bb header_2_font=\u00bbRubik|700|||||||\u00bb header_2_font_size=\u00bb42px\u00bb header_2_line_height=\u00bb1.2em\u00bb custom_margin=\u00bb|||\u00bb custom_padding=\u00bb|||\u00bb header_2_font_size_tablet=\u00bb\u00bb header_2_font_size_phone=\u00bb36px\u00bb header_2_font_size_last_edited=\u00bbon|phone\u00bb locked=\u00bboff\u00bb global_colors_info=\u00bb{}\u00bb]<h2>Servicios en la\u00a0<strong>Ley 18\/2020 &#8211; Informe urban\u00edstico por implantaci\u00f3n actividades<\/strong><\/h2>[\/et_pb_text][et_pb_divider color=\u00bbgcid-30cfe7b1-3293-4278-ab8c-450d036427bd\u00bb divider_position=\u00bbcenter\u00bb divider_weight=\u00bb5px\u00bb _builder_version=\u00bb4.20.2&#8243; max_width=\u00bb50px\u00bb locked=\u00bboff\u00bb global_colors_info=\u00bb{%22gcid-30cfe7b1-3293-4278-ab8c-450d036427bd%22:%91%22color%22%93}\u00bb][\/et_pb_divider][et_pb_text _builder_version=\u00bb4.20.4&#8243; _module_preset=\u00bbdefault\u00bb global_colors_info=\u00bb{}\u00bb]<h2><b>\u00bfDe qu\u00e9 nos encargamos?<\/b><\/h2>[\/et_pb_text][et_pb_blurb title=\u00bbAn\u00e1lisis de Viabilidad Urban\u00edstica\u00bb use_icon=\u00bbon\u00bb font_icon=\u00bb&#x39;||divi||400&#8243; icon_color=\u00bbgcid-30cfe7b1-3293-4278-ab8c-450d036427bd\u00bb icon_placement=\u00bbleft\u00bb image_icon_width=\u00bb56px\u00bb content_max_width=\u00bb1100px\u00bb content_max_width_tablet=\u00bb1100px\u00bb content_max_width_last_edited=\u00bboff|desktop\u00bb _builder_version=\u00bb4.27.0&#8243; header_font=\u00bbRubik|700|||||||\u00bb header_line_height=\u00bb1.4em\u00bb body_font=\u00bb||||||||\u00bb body_text_color=\u00bb#000000&#8243; body_font_size=\u00bb15px\u00bb body_line_height=\u00bb1.8em\u00bb custom_margin=\u00bb|||\u00bb custom_padding=\u00bb|||\u00bb animation_direction=\u00bbright\u00bb animation=\u00bboff\u00bb icon_font_size=\u00bb56px\u00bb locked=\u00bboff\u00bb global_colors_info=\u00bb{%22gcid-30cfe7b1-3293-4278-ab8c-450d036427bd%22:%91%22icon_color%22%93}\u00bb]<ul>\n<li>Evaluaci\u00f3n de la compatibilidad del proyecto con el planeamiento urban\u00edstico.<\/li>\n<li>Identificaci\u00f3n de restricciones y requisitos espec\u00edficos para la implantaci\u00f3n.<\/li>\n<li>Recomendaciones para ajustar el proyecto a las normativas vigentes.<\/li>\n<\/ul>[\/et_pb_blurb][et_pb_blurb title=\u00bbElaboraci\u00f3n del Informe Urban\u00edstico\u00bb use_icon=\u00bbon\u00bb font_icon=\u00bb&#x39;||divi||400&#8243; icon_color=\u00bbgcid-30cfe7b1-3293-4278-ab8c-450d036427bd\u00bb icon_placement=\u00bbleft\u00bb image_icon_width=\u00bb56px\u00bb content_max_width=\u00bb1100px\u00bb content_max_width_tablet=\u00bb1100px\u00bb content_max_width_last_edited=\u00bboff|desktop\u00bb _builder_version=\u00bb4.27.0&#8243; header_font=\u00bbRubik|700|||||||\u00bb header_line_height=\u00bb1.4em\u00bb body_font=\u00bb||||||||\u00bb body_text_color=\u00bb#000000&#8243; body_font_size=\u00bb15px\u00bb body_line_height=\u00bb1.8em\u00bb custom_margin=\u00bb|||\u00bb custom_padding=\u00bb|||\u00bb animation_direction=\u00bbright\u00bb animation=\u00bboff\u00bb icon_font_size=\u00bb56px\u00bb locked=\u00bboff\u00bb global_colors_info=\u00bb{%22gcid-30cfe7b1-3293-4278-ab8c-450d036427bd%22:%91%22icon_color%22%93}\u00bb][\/et_pb_blurb][et_pb_blurb title=\u00bbAsesoramiento para la Obtenci\u00f3n de Permisos\u00bb use_icon=\u00bbon\u00bb font_icon=\u00bb&#x39;||divi||400&#8243; icon_color=\u00bbgcid-30cfe7b1-3293-4278-ab8c-450d036427bd\u00bb icon_placement=\u00bbleft\u00bb image_icon_width=\u00bb56px\u00bb content_max_width=\u00bb1100px\u00bb content_max_width_tablet=\u00bb1100px\u00bb content_max_width_last_edited=\u00bboff|desktop\u00bb _builder_version=\u00bb4.27.0&#8243; header_font=\u00bbRubik|700|||||||\u00bb header_line_height=\u00bb1.4em\u00bb body_font=\u00bb||||||||\u00bb body_text_color=\u00bb#000000&#8243; body_font_size=\u00bb15px\u00bb body_line_height=\u00bb1.8em\u00bb custom_margin=\u00bb|||\u00bb custom_padding=\u00bb|||\u00bb animation_direction=\u00bbright\u00bb animation=\u00bboff\u00bb icon_font_size=\u00bb56px\u00bb locked=\u00bboff\u00bb global_colors_info=\u00bb{%22gcid-30cfe7b1-3293-4278-ab8c-450d036427bd%22:%91%22icon_color%22%93}\u00bb][\/et_pb_blurb][et_pb_blurb title=\u00bbRevisi\u00f3n de Documentaci\u00f3n y Cumplimiento Legal\u00bb use_icon=\u00bbon\u00bb font_icon=\u00bb&#x39;||divi||400&#8243; icon_color=\u00bbgcid-30cfe7b1-3293-4278-ab8c-450d036427bd\u00bb icon_placement=\u00bbleft\u00bb image_icon_width=\u00bb56px\u00bb content_max_width=\u00bb1100px\u00bb content_max_width_tablet=\u00bb1100px\u00bb content_max_width_last_edited=\u00bboff|desktop\u00bb _builder_version=\u00bb4.27.0&#8243; header_font=\u00bbRubik|700|||||||\u00bb header_line_height=\u00bb1.4em\u00bb body_font=\u00bb||||||||\u00bb body_text_color=\u00bb#000000&#8243; body_font_size=\u00bb15px\u00bb body_line_height=\u00bb1.8em\u00bb custom_margin=\u00bb|||\u00bb custom_padding=\u00bb|||\u00bb animation_direction=\u00bbright\u00bb animation=\u00bboff\u00bb icon_font_size=\u00bb56px\u00bb locked=\u00bboff\u00bb global_colors_info=\u00bb{%22gcid-30cfe7b1-3293-4278-ab8c-450d036427bd%22:%91%22icon_color%22%93}\u00bb][\/et_pb_blurb][\/et_pb_column][et_pb_column type=\u00bb2_3&#8243; _builder_version=\u00bb4.16&#8243; custom_padding=\u00bb|||\u00bb global_colors_info=\u00bb{}\u00bb custom_padding__hover=\u00bb|||\u00bb][et_pb_text _builder_version=\u00bb4.27.2&#8243; _module_preset=\u00bbdefault\u00bb global_colors_info=\u00bb{}\u00bb]<h2><strong>Ley 18\/2020 &#8211; Informe urban\u00edstico por implantaci\u00f3n actividades y Engind.\u00a0<\/strong><\/h2>[\/et_pb_text][et_pb_text _builder_version=\u00bb4.27.0&#8243; _module_preset=\u00bbdefault\u00bb global_colors_info=\u00bb{}\u00bb]<p style=\"text-align: justify;\"><strong>Engind<\/strong> ofrece el servicio de <strong>\u00abInforme Urban\u00edstico por Implantaci\u00f3n de Actividades\u00bb<\/strong> conforme a la Ley 18\/2020. Este informe es esencial para la evaluaci\u00f3n y aprobaci\u00f3n de la implantaci\u00f3n de actividades y proyectos que deben cumplir con los requisitos urban\u00edsticos estipulados por la ley.<\/p>\n<p style=\"text-align: justify;\">El <strong>Informe Urban\u00edstico<\/strong> de Engind proporciona un an\u00e1lisis exhaustivo de la viabilidad de la actividad o proyecto en relaci\u00f3n con el planeamiento urbano y las normativas vigentes. Nuestro equipo realiza un estudio detallado de las implicaciones urban\u00edsticas, asegurando que la implantaci\u00f3n cumpla con todos los requisitos legales y t\u00e9cnicos necesarios para su desarrollo y operaci\u00f3n.<\/p>\n<p style=\"text-align: justify;\"><strong>Engind<\/strong> se encarga de la elaboraci\u00f3n del informe, proporcionando una soluci\u00f3n integral que facilita la obtenci\u00f3n de permisos y asegura el cumplimiento de las normativas urban\u00edsticas aplicables.<\/p>\n<div class=\"flex flex-grow flex-col max-w-full\">\n<div data-message-author-role=\"assistant\" data-message-id=\"1d80f57c-98b8-4825-8561-761cc194fe58\" dir=\"auto\" class=\"min-h-[20px] text-message flex w-full flex-col items-end gap-2 whitespace-pre-wrap break-words [.text-message+&amp;]:mt-5 overflow-x-auto\">\n<div class=\"flex w-full flex-col gap-1 empty:hidden first:pt-[3px]\">\n<div class=\"markdown prose w-full break-words dark:prose-invert light\">\n<p style=\"text-align: justify;\"><strong>Engind<\/strong> se compromete a ofrecer un <strong>\u00abInforme Urban\u00edstico por Implantaci\u00f3n de Actividades\u00bb<\/strong> completo y detallado, que garantice la viabilidad y cumplimiento de tu proyecto con la Ley 18\/2020. Contacta con nosotros para obtener una evaluaci\u00f3n exhaustiva y asegurarte de que tu actividad cumpla con todas las normativas urban\u00edsticas necesarias.<\/p>\n<\/div>\n<\/div>\n<\/div>\n<\/div>[\/et_pb_text][et_pb_image src=\u00bbhttps:\/\/engind.es\/wp-content\/uploads\/2024\/03\/ambientales22.jpg\u00bb alt=\u00bbIngenier\u00eda para Log\u00edstica\u00bb title_text=\u00bbambientales22&#8243; align=\u00bbcenter\u00bb _builder_version=\u00bb4.27.0&#8243; _module_preset=\u00bbdefault\u00bb width=\u00bb100%\u00bb max_width=\u00bb100%\u00bb custom_padding=\u00bb||0px|||\u00bb global_colors_info=\u00bb{}\u00bb][\/et_pb_image][et_pb_button button_url=\u00bb#contactar\u00bb button_text=\u00bbPIDE PRESUPUESTO\u00bb _builder_version=\u00bb4.20.2&#8243; custom_button=\u00bbon\u00bb button_text_size=\u00bb14px\u00bb button_text_color=\u00bbgcid-30cfe7b1-3293-4278-ab8c-450d036427bd\u00bb button_border_width=\u00bb4px\u00bb button_border_radius=\u00bb0px\u00bb button_letter_spacing=\u00bb4px\u00bb button_font=\u00bbRubik|700||on|||||\u00bb button_icon=\u00bb&#x24;||divi||400&#8243; custom_padding=\u00bb12px|30px|12px|30px|true|true\u00bb button_text_color_hover=\u00bb#ffffff\u00bb button_border_color_hover=\u00bb#ffb400&#8243; button_bg_color_hover=\u00bb#ffb400&#8243; locked=\u00bboff\u00bb global_colors_info=\u00bb{%22gcid-30cfe7b1-3293-4278-ab8c-450d036427bd%22:%91%22button_text_color%22,%22button_bg_color__hover%22,%22button_border_color__hover%22%93}\u00bb button_text_size__hover_enabled=\u00bboff\u00bb button_one_text_size__hover_enabled=\u00bboff\u00bb button_two_text_size__hover_enabled=\u00bboff\u00bb button_text_color__hover_enabled=\u00bbon|hover\u00bb button_text_color__hover=\u00bb#ffffff\u00bb button_one_text_color__hover_enabled=\u00bboff\u00bb button_two_text_color__hover_enabled=\u00bboff\u00bb button_border_width__hover_enabled=\u00bboff\u00bb button_one_border_width__hover_enabled=\u00bboff\u00bb button_two_border_width__hover_enabled=\u00bboff\u00bb button_border_color__hover_enabled=\u00bbon|desktop\u00bb button_border_color__hover=\u00bb#2e55a2&#8243; button_one_border_color__hover_enabled=\u00bboff\u00bb button_two_border_color__hover_enabled=\u00bboff\u00bb button_border_radius__hover_enabled=\u00bboff\u00bb button_one_border_radius__hover_enabled=\u00bboff\u00bb button_two_border_radius__hover_enabled=\u00bboff\u00bb button_letter_spacing__hover_enabled=\u00bboff\u00bb button_one_letter_spacing__hover_enabled=\u00bboff\u00bb button_two_letter_spacing__hover_enabled=\u00bboff\u00bb button_bg_color__hover_enabled=\u00bbon\u00bb button_bg_color__hover=\u00bb#2e55a2&#8243; button_one_bg_color__hover_enabled=\u00bboff\u00bb button_two_bg_color__hover_enabled=\u00bboff\u00bb button_bg_enable_color__hover=\u00bbon\u00bb][\/et_pb_button][\/et_pb_column][\/et_pb_row][\/et_pb_section][et_pb_section fb_built=\u00bb1&#8243; admin_label=\u00bbAbout\u00bb _builder_version=\u00bb4.16&#8243; global_colors_info=\u00bb{}\u00bb][et_pb_row column_structure=\u00bb1_5,1_5,1_5,1_5,1_5&#8243; _builder_version=\u00bb4.20.0&#8243; _module_preset=\u00bbdefault\u00bb locked=\u00bboff\u00bb global_colors_info=\u00bb{}\u00bb][et_pb_column type=\u00bb1_5&#8243; _builder_version=\u00bb4.20.0&#8243; _module_preset=\u00bbdefault\u00bb global_colors_info=\u00bb{}\u00bb][et_pb_image src=\u00bbhttps:\/\/engind.es\/wp-content\/uploads\/2024\/08\/engind-16.jpg\u00bb alt=\u00bbIngenier\u00eda para log\u00edstica\u00bb title_text=\u00bbengind (16)\u00bb _builder_version=\u00bb4.27.0&#8243; _module_preset=\u00bbdefault\u00bb global_colors_info=\u00bb{}\u00bb][\/et_pb_image][\/et_pb_column][et_pb_column type=\u00bb1_5&#8243; _builder_version=\u00bb4.20.0&#8243; _module_preset=\u00bbdefault\u00bb global_colors_info=\u00bb{}\u00bb][et_pb_image src=\u00bbhttps:\/\/engind.es\/wp-content\/uploads\/2024\/08\/engind-36.jpg\u00bb alt=\u00bbIngenier\u00eda para Log\u00edstica\u00bb title_text=\u00bbengind (36)\u00bb _builder_version=\u00bb4.27.0&#8243; _module_preset=\u00bbdefault\u00bb global_colors_info=\u00bb{}\u00bb][\/et_pb_image][\/et_pb_column][et_pb_column type=\u00bb1_5&#8243; _builder_version=\u00bb4.20.0&#8243; _module_preset=\u00bbdefault\u00bb global_colors_info=\u00bb{}\u00bb][et_pb_image src=\u00bbhttps:\/\/engind.es\/wp-content\/uploads\/2024\/03\/Diseno-conceptual-de-obras_BIM.jpg\u00bb alt=\u00bbIngenier\u00eda para log\u00edstica\u00bb title_text=\u00bbDisen\u0303o conceptual de obras_BIM\u00bb _builder_version=\u00bb4.24.2&#8243; _module_preset=\u00bbdefault\u00bb global_colors_info=\u00bb{}\u00bb][\/et_pb_image][\/et_pb_column][et_pb_column type=\u00bb1_5&#8243; _builder_version=\u00bb4.20.0&#8243; _module_preset=\u00bbdefault\u00bb global_colors_info=\u00bb{}\u00bb][et_pb_image src=\u00bbhttps:\/\/engind.es\/wp-content\/uploads\/2024\/08\/engind-30.jpg\u00bb alt=\u00bbIngenier\u00eda para log\u00edstica\u00bb title_text=\u00bbengind (30)\u00bb _builder_version=\u00bb4.27.0&#8243; _module_preset=\u00bbdefault\u00bb global_colors_info=\u00bb{}\u00bb][\/et_pb_image][\/et_pb_column][et_pb_column type=\u00bb1_5&#8243; _builder_version=\u00bb4.20.0&#8243; _module_preset=\u00bbdefault\u00bb global_colors_info=\u00bb{}\u00bb][et_pb_image src=\u00bbhttps:\/\/engind.es\/wp-content\/uploads\/2024\/08\/engind-21.jpg\u00bb alt=\u00bbIngenier\u00eda para Log\u00edstica\u00bb title_text=\u00bbengind (21)\u00bb _builder_version=\u00bb4.27.0&#8243; _module_preset=\u00bbdefault\u00bb global_colors_info=\u00bb{}\u00bb][\/et_pb_image][\/et_pb_column][\/et_pb_row][\/et_pb_section]\n","protected":false},"excerpt":{"rendered":"<p>Servicios en la\u00a0Ley 18\/2020 &#8211; Informe urban\u00edstico por implantaci\u00f3n actividades\u00bfDe qu\u00e9 nos encargamos? Evaluaci\u00f3n de la compatibilidad del proyecto con el planeamiento urban\u00edstico. Identificaci\u00f3n de restricciones y requisitos espec\u00edficos para la implantaci\u00f3n. Recomendaciones para ajustar el proyecto a las normativas vigentes. Ley 18\/2020 &#8211; Informe urban\u00edstico por implantaci\u00f3n actividades y Engind.\u00a0Engind ofrece el servicio de [&hellip;]<\/p>\n","protected":false},"author":1,"featured_media":30551,"parent":28456,"menu_order":0,"comment_status":"closed","ping_status":"closed","template":"","meta":{"_et_pb_use_builder":"on","_et_pb_old_content":"","_et_gb_content_width":"","pgc_sgb_lightbox_settings":"","footnotes":""},"categories":[],"class_list":["post-29160","page","type-page","status-publish","has-post-thumbnail","hentry"],"_links":{"self":[{"href":"https:\/\/engind.es\/en\/wp-json\/wp\/v2\/pages\/29160","targetHints":{"allow":["GET"]}}],"collection":[{"href":"https:\/\/engind.es\/en\/wp-json\/wp\/v2\/pages"}],"about":[{"href":"https:\/\/engind.es\/en\/wp-json\/wp\/v2\/types\/page"}],"author":[{"embeddable":true,"href":"https:\/\/engind.es\/en\/wp-json\/wp\/v2\/users\/1"}],"replies":[{"embeddable":true,"href":"https:\/\/engind.es\/en\/wp-json\/wp\/v2\/comments?post=29160"}],"version-history":[{"count":7,"href":"https:\/\/engind.es\/en\/wp-json\/wp\/v2\/pages\/29160\/revisions"}],"predecessor-version":[{"id":30763,"href":"https:\/\/engind.es\/en\/wp-json\/wp\/v2\/pages\/29160\/revisions\/30763"}],"up":[{"embeddable":true,"href":"https:\/\/engind.es\/en\/wp-json\/wp\/v2\/pages\/28456"}],"wp:featuredmedia":[{"embeddable":true,"href":"https:\/\/engind.es\/en\/wp-json\/wp\/v2\/media\/30551"}],"wp:attachment":[{"href":"https:\/\/engind.es\/en\/wp-json\/wp\/v2\/media?parent=29160"}],"wp:term":[{"taxonomy":"category","embeddable":true,"href":"https:\/\/engind.es\/en\/wp-json\/wp\/v2\/categories?post=29160"}],"curies":[{"name":"wp","href":"https:\/\/api.w.org\/{rel}","templated":true}]}}