{"id":30069,"date":"2025-02-28T11:02:28","date_gmt":"2025-02-28T09:02:28","guid":{"rendered":"https:\/\/engind.es\/?page_id=30069"},"modified":"2025-04-07T11:08:52","modified_gmt":"2025-04-07T09:08:52","slug":"photovoltaic-soundness-certificate","status":"publish","type":"page","link":"https:\/\/engind.es\/en\/arquitectura\/calculo-estructural\/certificado-de-solidez-fotovoltaica\/","title":{"rendered":"Photovoltaic robustness certificate"},"content":{"rendered":"<p>[et_pb_section fb_built=\u00bb1&#8243; admin_label=\u00bbFAQ\u00bb _builder_version=\u00bb4.16&#8243; background_color=\u00bb#f7f7f7&#8243; global_colors_info=\u00bb{}\u00bb][et_pb_row _builder_version=\u00bb4.16&#8243; global_colors_info=\u00bb{}\u00bb][et_pb_column type=\u00bb4_4&#8243; _builder_version=\u00bb4.27.4&#8243; _module_preset=\u00bbdefault\u00bb global_colors_info=\u00bb{}\u00bb][et_pb_divider color=\u00bbgcid-30cfe7b1-3293-4278-ab8c-450d036427bd\u00bb divider_position=\u00bbcenter\u00bb divider_weight=\u00bb5px\u00bb _builder_version=\u00bb4.20.2&#8243; max_width=\u00bb50px\u00bb locked=\u00bboff\u00bb global_colors_info=\u00bb{%22gcid-30cfe7b1-3293-4278-ab8c-450d036427bd%22:%91%22color%22%93}\u00bb][\/et_pb_divider][et_pb_text _builder_version=\u00bb4.27.4&#8243; text_font=\u00bb||||||||\u00bb header_font=\u00bb||||||||\u00bb header_2_font=\u00bbRubik|700|||||||\u00bb header_2_font_size=\u00bb42px\u00bb header_2_line_height=\u00bb1.2em\u00bb custom_margin=\u00bb|||\u00bb custom_padding=\u00bb|||\u00bb header_2_font_size_tablet=\u00bb\u00bb header_2_font_size_phone=\u00bb36px\u00bb header_2_font_size_last_edited=\u00bbon|phone\u00bb locked=\u00bboff\u00bb global_colors_info=\u00bb{}\u00bb]<\/p>\n<h2 data-start=\"1291\" data-end=\"1345\"><strong data-start=\"1294\" data-end=\"1345\">\u00bfQu\u00e9 es un certificado de solidez fotovoltaica?<\/strong><\/h2>\n<p data-start=\"1347\" data-end=\"1681\">[\/et_pb_text][et_pb_text _builder_version=\u00bb4.27.4&#8243; _module_preset=\u00bbdefault\u00bb text_orientation=\u00bbjustified\u00bb global_colors_info=\u00bb{}\u00bb]<\/p>\n<p data-start=\"1347\" data-end=\"1681\">El <strong data-start=\"1350\" data-end=\"1389\">certificado de solidez fotovoltaica<\/strong> es un informe t\u00e9cnico que verifica la capacidad estructural de una cubierta o tejado para soportar la instalaci\u00f3n de paneles solares. Es obligatorio en la mayor\u00eda de instalaciones industriales y comerciales, ya que la normativa exige que cualquier estructura existente sea capaz de soportar:<\/p>\n<ul data-start=\"1683\" data-end=\"1951\">\n<li data-start=\"1683\" data-end=\"1753\">El <strong data-start=\"1688\" data-end=\"1750\">peso propio de los paneles solares y la estructura soporte<\/strong>.<\/li>\n<li data-start=\"1754\" data-end=\"1817\">Las <strong data-start=\"1760\" data-end=\"1780\">cargas de viento<\/strong>, especialmente en zonas expuestas.<\/li>\n<li data-start=\"1818\" data-end=\"1886\">Las <strong data-start=\"1824\" data-end=\"1843\">cargas de nieve<\/strong>, dependiendo de la ubicaci\u00f3n geogr\u00e1fica.<\/li>\n<li data-start=\"1887\" data-end=\"1951\">Posibles vibraciones o impactos derivados del mantenimiento.<\/li>\n<\/ul>\n<p data-start=\"1953\" data-end=\"2111\">El certificado es un documento t\u00e9cnico firmado por un <strong data-start=\"2007\" data-end=\"2020\">ingeniero<\/strong> o <strong data-start=\"2023\" data-end=\"2037\">arquitecto<\/strong>, y es clave para conseguir permisos, subvenciones o la conexi\u00f3n a la red.<\/p>\n<h2 data-start=\"2113\" data-end=\"2182\"><strong data-start=\"2116\" data-end=\"2182\">\u00bfCu\u00e1ndo es obligatorio el certificado de solidez fotovoltaica?<\/strong><\/h2>\n<p data-start=\"2184\" data-end=\"2345\">Si est\u00e1s instalando un sistema solar en una <strong data-start=\"2228\" data-end=\"2253\">cubierta ya existente<\/strong>, lo m\u00e1s probable es que necesites este certificado. Es obligatorio en los siguientes casos:<\/p>\n<ul data-start=\"2347\" data-end=\"2676\">\n<li data-start=\"2347\" data-end=\"2424\">Instalaciones fotovoltaicas en <strong data-start=\"2380\" data-end=\"2402\">naves industriales<\/strong> o centros log\u00edsticos.<\/li>\n<li data-start=\"2425\" data-end=\"2486\">Sistemas de autoconsumo solar en <strong data-start=\"2460\" data-end=\"2485\">edificios comerciales<\/strong>.<\/li>\n<li data-start=\"2487\" data-end=\"2546\">Proyectos que opten a <strong data-start=\"2511\" data-end=\"2545\">subvenciones o ayudas p\u00fablicas<\/strong>.<\/li>\n<li data-start=\"2547\" data-end=\"2603\">Instalaciones que requieran <strong data-start=\"2577\" data-end=\"2602\">licencias municipales<\/strong>.<\/li>\n<li data-start=\"2604\" data-end=\"2676\">Proyectos que conecten la instalaci\u00f3n fotovoltaica a la red el\u00e9ctrica.<\/li>\n<\/ul>\n<p data-start=\"2678\" data-end=\"2878\">En <strong data-start=\"2681\" data-end=\"2691\">Engind<\/strong>, realizamos todos los estudios y c\u00e1lculos necesarios para que obtengas tu <strong data-start=\"2766\" data-end=\"2805\">certificado de solidez fotovoltaica<\/strong> sin complicaciones y con la garant\u00eda de un equipo t\u00e9cnico especializado.<\/p>\n<p>[\/et_pb_text][\/et_pb_column][\/et_pb_row][et_pb_row column_structure=\u00bb1_3,2_3&#8243; _builder_version=\u00bb4.16&#8243; global_colors_info=\u00bb{}\u00bb][et_pb_column type=\u00bb1_3&#8243; _builder_version=\u00bb4.16&#8243; custom_padding=\u00bb|||\u00bb global_colors_info=\u00bb{}\u00bb custom_padding__hover=\u00bb|||\u00bb][et_pb_text _builder_version=\u00bb4.24.2&#8243; text_font=\u00bb||||||||\u00bb header_font=\u00bb||||||||\u00bb header_2_font=\u00bbRubik|700|||||||\u00bb header_2_font_size=\u00bb42px\u00bb header_2_line_height=\u00bb1.2em\u00bb custom_margin=\u00bb|||\u00bb custom_padding=\u00bb|||\u00bb header_2_font_size_tablet=\u00bb\u00bb header_2_font_size_phone=\u00bb36px\u00bb header_2_font_size_last_edited=\u00bbon|phone\u00bb locked=\u00bboff\u00bb global_colors_info=\u00bb{}\u00bb]<\/p>\n<h2>\u00bfC\u00f3mo te ayuda Engind con el certificado de solidez fotovoltaica?\u00a0<\/h2>\n<p>[\/et_pb_text][et_pb_divider color=\u00bbgcid-30cfe7b1-3293-4278-ab8c-450d036427bd\u00bb divider_position=\u00bbcenter\u00bb divider_weight=\u00bb5px\u00bb _builder_version=\u00bb4.20.2&#8243; max_width=\u00bb50px\u00bb locked=\u00bboff\u00bb global_colors_info=\u00bb{%22gcid-30cfe7b1-3293-4278-ab8c-450d036427bd%22:%91%22color%22%93}\u00bb][\/et_pb_divider][et_pb_text _builder_version=\u00bb4.27.4&#8243; _module_preset=\u00bbdefault\u00bb global_colors_info=\u00bb{}\u00bb]<\/p>\n<h2 style=\"text-align: center;\"><strong>\u00bfQu\u00e9 incluye un certificado de solidez fotovoltaica?<\/strong><\/h2>\n<p>[\/et_pb_text][et_pb_blurb title=\u00bbCertificado de solidez fotovoltaica\u00bb use_icon=\u00bbon\u00bb font_icon=\u00bb&#x39;||divi||400&#8243; icon_color=\u00bbgcid-30cfe7b1-3293-4278-ab8c-450d036427bd\u00bb icon_placement=\u00bbleft\u00bb image_icon_width=\u00bb56px\u00bb content_max_width=\u00bb1100px\u00bb content_max_width_tablet=\u00bb1100px\u00bb content_max_width_last_edited=\u00bboff|desktop\u00bb _builder_version=\u00bb4.27.4&#8243; header_level=\u00bbh3&#8243; header_font=\u00bbRubik|700|||||||\u00bb header_line_height=\u00bb1.4em\u00bb body_font=\u00bb||||||||\u00bb body_text_color=\u00bb#000000&#8243; body_font_size=\u00bb15px\u00bb body_line_height=\u00bb1.8em\u00bb custom_margin=\u00bb|||\u00bb custom_padding=\u00bb|||\u00bb animation_direction=\u00bbright\u00bb animation=\u00bboff\u00bb icon_font_size=\u00bb56px\u00bb locked=\u00bboff\u00bb global_colors_info=\u00bb{%22gcid-30cfe7b1-3293-4278-ab8c-450d036427bd%22:%91%22icon_color%22%93}\u00bb]<\/p>\n<p data-start=\"2941\" data-end=\"3050\">Para ser v\u00e1lido y cumplir con la normativa vigente, el <strong data-start=\"2996\" data-end=\"3035\">certificado de solidez fotovoltaica<\/strong> debe contener:<\/p>\n<ul data-start=\"3052\" data-end=\"3401\">\n<li data-start=\"3052\" data-end=\"3115\"><strong data-start=\"3054\" data-end=\"3113\">Datos de la propiedad y de la instalaci\u00f3n fotovoltaica.<\/strong><\/li>\n<li data-start=\"3116\" data-end=\"3189\"><strong data-start=\"3118\" data-end=\"3187\">Descripci\u00f3n de la cubierta o tejado, con materiales y antig\u00fcedad.<\/strong><\/li>\n<li data-start=\"3190\" data-end=\"3238\"><strong data-start=\"3192\" data-end=\"3236\">C\u00e1lculo de cargas est\u00e1ticas y din\u00e1micas.<\/strong><\/li>\n<li data-start=\"3239\" data-end=\"3320\"><strong data-start=\"3241\" data-end=\"3318\">Comprobaci\u00f3n de resistencia estructural ante viento, nieve y peso propio.<\/strong><\/li>\n<li data-start=\"3321\" data-end=\"3401\"><strong data-start=\"3323\" data-end=\"3401\">Conclusiones firmadas por un t\u00e9cnico cualificado (ingeniero o arquitecto).<\/strong><\/li>\n<\/ul>\n<p data-start=\"3403\" data-end=\"3579\">En <strong data-start=\"3406\" data-end=\"3416\">Engind<\/strong>, adem\u00e1s de emitir el certificado, analizamos cada detalle de tu cubierta para asegurarnos de que tu instalaci\u00f3n fotovoltaica sea completamente segura y eficiente.<\/p>\n<p>[\/et_pb_blurb][\/et_pb_column][et_pb_column type=\u00bb2_3&#8243; _builder_version=\u00bb4.16&#8243; custom_padding=\u00bb|||\u00bb global_colors_info=\u00bb{}\u00bb custom_padding__hover=\u00bb|||\u00bb][et_pb_text _builder_version=\u00bb4.27.4&#8243; _module_preset=\u00bbdefault\u00bb text_orientation=\u00bbjustified\u00bb custom_margin=\u00bb50px||100px||false|false\u00bb global_colors_info=\u00bb{}\u00bb]<\/p>\n<p data-start=\"3655\" data-end=\"3862\">En <strong data-start=\"3658\" data-end=\"3668\">Engind<\/strong>, te ofrecemos un servicio completo para garantizar que tu instalaci\u00f3n fotovoltaica cumple con todos los requisitos t\u00e9cnicos y legales. Nuestro equipo de ingenieros especializados se encarga de:<\/p>\n<ul data-start=\"3864\" data-end=\"4309\">\n<li data-start=\"3864\" data-end=\"3955\"><strong data-start=\"3866\" data-end=\"3894\">Inspeccionar la cubierta<\/strong> o tejado para identificar sus caracter\u00edsticas estructurales.<\/li>\n<li data-start=\"3956\" data-end=\"4038\"><strong data-start=\"3958\" data-end=\"3993\">Realizar el c\u00e1lculo estructural<\/strong>, analizando las cargas existentes y futuras.<\/li>\n<li data-start=\"4039\" data-end=\"4123\">Emitir el <strong data-start=\"4051\" data-end=\"4090\">certificado de solidez fotovoltaica<\/strong>, firmado por t\u00e9cnico competente.<\/li>\n<li data-start=\"4124\" data-end=\"4210\">Integrar el certificado en el <strong data-start=\"4156\" data-end=\"4185\">proyecto t\u00e9cnico completo<\/strong> de tu instalaci\u00f3n solar.<\/li>\n<li data-start=\"4211\" data-end=\"4309\">Asesorarte durante el proceso de <strong data-start=\"4246\" data-end=\"4271\">solicitud de permisos<\/strong> y <strong data-start=\"4274\" data-end=\"4290\">legalizaci\u00f3n<\/strong> de la instalaci\u00f3n.<\/li>\n<\/ul>\n<p data-start=\"4311\" data-end=\"4513\">Con <strong data-start=\"4315\" data-end=\"4325\">Engind<\/strong>, no solo obtienes el certificado, sino un servicio integral de <strong data-start=\"4389\" data-end=\"4416\">proyectos fotovoltaicos<\/strong>, asegurando que tu sistema solar sea eficiente, seguro y cumpla con toda la normativa aplicable<\/p>\n<p>[\/et_pb_text][et_pb_image src=\u00bbhttps:\/\/engind.es\/wp-content\/uploads\/2025\/02\/Certificado-de-solidez-fotovoltaica.png\u00bb alt=\u00bbCertificado de solidez fotovoltaica\u00bb title_text=\u00bbCertificado de solidez fotovoltaica\u00bb align=\u00bbcenter\u00bb _builder_version=\u00bb4.27.4&#8243; _module_preset=\u00bbdefault\u00bb width=\u00bb100%\u00bb max_width=\u00bb100%\u00bb custom_padding=\u00bb||0px|||\u00bb global_colors_info=\u00bb{}\u00bb][\/et_pb_image][et_pb_button button_url=\u00bb#contactar\u00bb button_text=\u00bbPIDE PRESUPUESTO\u00bb _builder_version=\u00bb4.27.4&#8243; custom_button=\u00bbon\u00bb button_text_size=\u00bb14px\u00bb button_text_color=\u00bbgcid-30cfe7b1-3293-4278-ab8c-450d036427bd\u00bb button_border_width=\u00bb4px\u00bb button_border_radius=\u00bb0px\u00bb button_letter_spacing=\u00bb4px\u00bb button_font=\u00bbRubik|700||on|||||\u00bb button_icon=\u00bb&#x24;||divi||400&#8243; custom_padding=\u00bb12px|30px|12px|30px|true|true\u00bb button_text_color_hover=\u00bb#ffffff\u00bb button_border_color_hover=\u00bb#ffb400&#8243; button_bg_color_hover=\u00bb#ffb400&#8243; locked=\u00bboff\u00bb global_colors_info=\u00bb{%22gcid-30cfe7b1-3293-4278-ab8c-450d036427bd%22:%91%22button_text_color%22,%22button_bg_color__hover%22,%22button_border_color__hover%22%93}\u00bb button_text_size__hover_enabled=\u00bboff\u00bb button_one_text_size__hover_enabled=\u00bboff\u00bb button_two_text_size__hover_enabled=\u00bboff\u00bb button_text_color__hover_enabled=\u00bbon|hover\u00bb button_text_color__hover=\u00bb#ffffff\u00bb button_one_text_color__hover_enabled=\u00bboff\u00bb button_two_text_color__hover_enabled=\u00bboff\u00bb button_border_width__hover_enabled=\u00bboff\u00bb button_one_border_width__hover_enabled=\u00bboff\u00bb button_two_border_width__hover_enabled=\u00bboff\u00bb button_border_color__hover_enabled=\u00bbon|desktop\u00bb button_border_color__hover=\u00bb#2e55a2&#8243; button_one_border_color__hover_enabled=\u00bboff\u00bb button_two_border_color__hover_enabled=\u00bboff\u00bb button_border_radius__hover_enabled=\u00bboff\u00bb button_one_border_radius__hover_enabled=\u00bboff\u00bb button_two_border_radius__hover_enabled=\u00bboff\u00bb button_letter_spacing__hover_enabled=\u00bboff\u00bb button_one_letter_spacing__hover_enabled=\u00bboff\u00bb button_two_letter_spacing__hover_enabled=\u00bboff\u00bb button_bg_color__hover_enabled=\u00bbon\u00bb button_bg_color__hover=\u00bb#2e55a2&#8243; button_one_bg_color__hover_enabled=\u00bboff\u00bb button_two_bg_color__hover_enabled=\u00bboff\u00bb button_bg_enable_color__hover=\u00bbon\u00bb][\/et_pb_button][\/et_pb_column][\/et_pb_row][\/et_pb_section][et_pb_section fb_built=\u00bb1&#8243; admin_label=\u00bbAbout\u00bb _builder_version=\u00bb4.16&#8243; global_colors_info=\u00bb{}\u00bb][et_pb_row column_structure=\u00bb1_5,1_5,1_5,1_5,1_5&#8243; _builder_version=\u00bb4.20.0&#8243; _module_preset=\u00bbdefault\u00bb global_colors_info=\u00bb{}\u00bb][et_pb_column type=\u00bb1_5&#8243; _builder_version=\u00bb4.20.0&#8243; _module_preset=\u00bbdefault\u00bb global_colors_info=\u00bb{}\u00bb][et_pb_image src=\u00bbhttps:\/\/engind.es\/wp-content\/uploads\/2024\/02\/8.jpg\u00bb alt=\u00bbIngenier\u00eda para la Industria Papelera\u00bb title_text=\u00bb8&#8243; _builder_version=\u00bb4.24.2&#8243; _module_preset=\u00bbdefault\u00bb global_colors_info=\u00bb{}\u00bb][\/et_pb_image][\/et_pb_column][et_pb_column type=\u00bb1_5&#8243; _builder_version=\u00bb4.20.0&#8243; _module_preset=\u00bbdefault\u00bb global_colors_info=\u00bb{}\u00bb][et_pb_image src=\u00bbhttps:\/\/engind.es\/wp-content\/uploads\/2024\/02\/Proyecto-calculo-estructuras.jpg\u00bb alt=\u00bbIngenier\u00eda para la Industria Papelera\u00bb title_text=\u00bbProyecto ca\u0301lculo estructuras\u00bb _builder_version=\u00bb4.24.2&#8243; _module_preset=\u00bbdefault\u00bb global_colors_info=\u00bb{}\u00bb][\/et_pb_image][\/et_pb_column][et_pb_column type=\u00bb1_5&#8243; _builder_version=\u00bb4.20.0&#8243; _module_preset=\u00bbdefault\u00bb global_colors_info=\u00bb{}\u00bb][et_pb_image src=\u00bbhttps:\/\/engind.es\/wp-content\/uploads\/2024\/02\/Proyecto-agrupacion-parcelas.jpg\u00bb alt=\u00bbIngenier\u00eda para la Industria Papelera\u00bb title_text=\u00bbProyecto agrupacio\u0301n parcelas\u00bb _builder_version=\u00bb4.24.2&#8243; _module_preset=\u00bbdefault\u00bb global_colors_info=\u00bb{}\u00bb][\/et_pb_image][\/et_pb_column][et_pb_column type=\u00bb1_5&#8243; _builder_version=\u00bb4.20.0&#8243; _module_preset=\u00bbdefault\u00bb global_colors_info=\u00bb{}\u00bb][et_pb_image src=\u00bbhttps:\/\/engind.es\/wp-content\/uploads\/2024\/02\/Estudio-de-sobrecargas.jpg\u00bb alt=\u00bbqu\u00e9 licencia de actividad puede tramitar un ingeniero t\u00e9cnico industrial\u00bb title_text=\u00bbEstudio de sobrecargas\u00bb _builder_version=\u00bb4.24.2&#8243; _module_preset=\u00bbdefault\u00bb global_colors_info=\u00bb{}\u00bb][\/et_pb_image][\/et_pb_column][et_pb_column type=\u00bb1_5&#8243; _builder_version=\u00bb4.20.0&#8243; _module_preset=\u00bbdefault\u00bb global_colors_info=\u00bb{}\u00bb][et_pb_image src=\u00bbhttps:\/\/engind.es\/wp-content\/uploads\/2024\/02\/Informe-analisis-estructural.jpg\u00bb alt=\u00bbIngenier\u00eda para la Industria Textil\u00bb title_text=\u00bbInforme ana\u0301lisis estructural\u00bb _builder_version=\u00bb4.24.2&#8243; _module_preset=\u00bbdefault\u00bb global_colors_info=\u00bb{}\u00bb][\/et_pb_image][\/et_pb_column][\/et_pb_row][\/et_pb_section][et_pb_section fb_built=\u00bb1&#8243; _builder_version=\u00bb4.27.4&#8243; _module_preset=\u00bbdefault\u00bb global_colors_info=\u00bb{}\u00bb][et_pb_row _builder_version=\u00bb4.27.4&#8243; _module_preset=\u00bbdefault\u00bb global_colors_info=\u00bb{}\u00bb][et_pb_column type=\u00bb4_4&#8243; _builder_version=\u00bb4.27.4&#8243; _module_preset=\u00bbdefault\u00bb global_colors_info=\u00bb{}\u00bb][et_pb_text _builder_version=\u00bb4.27.4&#8243; _module_preset=\u00bbdefault\u00bb global_colors_info=\u00bb{}\u00bb]<\/p>\n<h2 data-start=\"5153\" data-end=\"5218\"><strong data-start=\"5156\" data-end=\"5218\">Solicita tu certificado de solidez fotovoltaica con Engind<\/strong><\/h2>\n<p data-start=\"5220\" data-end=\"5483\">No dejes tu instalaci\u00f3n fotovoltaica en manos inexpertas. En <strong data-start=\"5281\" data-end=\"5291\">Engind<\/strong>, combinamos la experiencia en <strong data-start=\"5322\" data-end=\"5348\">ingenier\u00eda estructural<\/strong> con un profundo conocimiento de la <strong data-start=\"5384\" data-end=\"5410\">normativa fotovoltaica<\/strong>, garantizando soluciones adaptadas a cada tipo de cubierta o estructura.<\/p>\n<p data-start=\"5485\" data-end=\"5699\">Contacta con nosotros para solicitar tu <strong data-start=\"5525\" data-end=\"5564\">certificado de solidez fotovoltaica<\/strong>, o consulta m\u00e1s sobre nuestro servicio completo de <strong data-start=\"5616\" data-end=\"5698\"><a data-start=\"5618\" data-end=\"5696\" rel=\"noopener\" target=\"_new\" href=\"https:\/\/engind.es\/energias-renovables\/\">proyectos para plantas fotovoltaicas<\/a><\/strong>.<\/p>\n<p>[\/et_pb_text][\/et_pb_column][\/et_pb_row][et_pb_row _builder_version=\u00bb4.27.4&#8243; _module_preset=\u00bbdefault\u00bb global_colors_info=\u00bb{}\u00bb][et_pb_column type=\u00bb4_4&#8243; _builder_version=\u00bb4.27.4&#8243; _module_preset=\u00bbdefault\u00bb global_colors_info=\u00bb{}\u00bb][et_pb_button button_url=\u00bb#contactar\u00bb button_text=\u00bbObt\u00e9n tu presupuesto gratis\u00bb button_alignment=\u00bbcenter\u00bb _builder_version=\u00bb4.27.4&#8243; _module_preset=\u00bbdefault\u00bb global_colors_info=\u00bb{}\u00bb][\/et_pb_button][\/et_pb_column][\/et_pb_row][\/et_pb_section]<\/p>\n","protected":false},"excerpt":{"rendered":"<p>\u00bfQu\u00e9 es un certificado de solidez fotovoltaica? El certificado de solidez fotovoltaica es un informe t\u00e9cnico que verifica la capacidad estructural de una cubierta o tejado para soportar la instalaci\u00f3n de paneles solares. Es obligatorio en la mayor\u00eda de instalaciones industriales y comerciales, ya que la normativa exige que cualquier estructura existente sea capaz de [&hellip;]<\/p>\n","protected":false},"author":1,"featured_media":30086,"parent":27807,"menu_order":0,"comment_status":"closed","ping_status":"closed","template":"","meta":{"_et_pb_use_builder":"on","_et_pb_old_content":"","_et_gb_content_width":"","pgc_sgb_lightbox_settings":"","footnotes":""},"categories":[],"class_list":["post-30069","page","type-page","status-publish","has-post-thumbnail","hentry"],"_links":{"self":[{"href":"https:\/\/engind.es\/en\/wp-json\/wp\/v2\/pages\/30069","targetHints":{"allow":["GET"]}}],"collection":[{"href":"https:\/\/engind.es\/en\/wp-json\/wp\/v2\/pages"}],"about":[{"href":"https:\/\/engind.es\/en\/wp-json\/wp\/v2\/types\/page"}],"author":[{"embeddable":true,"href":"https:\/\/engind.es\/en\/wp-json\/wp\/v2\/users\/1"}],"replies":[{"embeddable":true,"href":"https:\/\/engind.es\/en\/wp-json\/wp\/v2\/comments?post=30069"}],"version-history":[{"count":8,"href":"https:\/\/engind.es\/en\/wp-json\/wp\/v2\/pages\/30069\/revisions"}],"predecessor-version":[{"id":30328,"href":"https:\/\/engind.es\/en\/wp-json\/wp\/v2\/pages\/30069\/revisions\/30328"}],"up":[{"embeddable":true,"href":"https:\/\/engind.es\/en\/wp-json\/wp\/v2\/pages\/27807"}],"wp:featuredmedia":[{"embeddable":true,"href":"https:\/\/engind.es\/en\/wp-json\/wp\/v2\/media\/30086"}],"wp:attachment":[{"href":"https:\/\/engind.es\/en\/wp-json\/wp\/v2\/media?parent=30069"}],"wp:term":[{"taxonomy":"category","embeddable":true,"href":"https:\/\/engind.es\/en\/wp-json\/wp\/v2\/categories?post=30069"}],"curies":[{"name":"wp","href":"https:\/\/api.w.org\/{rel}","templated":true}]}}