{"id":30077,"date":"2025-02-28T12:29:13","date_gmt":"2025-02-28T10:29:13","guid":{"rendered":"https:\/\/engind.es\/?page_id=30077"},"modified":"2025-04-07T11:08:23","modified_gmt":"2025-04-07T09:08:23","slug":"rehabilitation-of-industrial-roofs","status":"publish","type":"page","link":"https:\/\/engind.es\/en\/arquitectura\/obras\/rehabilitacion-de-cubiertas-industriales\/","title":{"rendered":"Rehabilitation of industrial roofs"},"content":{"rendered":"<p>[et_pb_section fb_built=\u00bb1&#8243; admin_label=\u00bbFAQ\u00bb _builder_version=\u00bb4.16&#8243; background_color=\u00bb#f7f7f7&#8243; global_colors_info=\u00bb{}\u00bb][et_pb_row _builder_version=\u00bb4.16&#8243; global_colors_info=\u00bb{}\u00bb][et_pb_column type=\u00bb4_4&#8243; _builder_version=\u00bb4.27.4&#8243; _module_preset=\u00bbdefault\u00bb global_colors_info=\u00bb{}\u00bb][et_pb_divider color=\u00bbgcid-30cfe7b1-3293-4278-ab8c-450d036427bd\u00bb divider_position=\u00bbcenter\u00bb divider_weight=\u00bb5px\u00bb _builder_version=\u00bb4.20.2&#8243; max_width=\u00bb50px\u00bb locked=\u00bboff\u00bb global_colors_info=\u00bb{%22gcid-30cfe7b1-3293-4278-ab8c-450d036427bd%22:%91%22color%22%93}\u00bb][\/et_pb_divider][et_pb_text _builder_version=\u00bb4.27.4&#8243; text_font=\u00bb||||||||\u00bb header_font=\u00bb||||||||\u00bb header_2_font=\u00bbRubik|700|||||||\u00bb header_2_font_size=\u00bb42px\u00bb header_2_line_height=\u00bb1.2em\u00bb custom_margin=\u00bb|||\u00bb custom_padding=\u00bb|||\u00bb header_2_font_size_tablet=\u00bb\u00bb header_2_font_size_phone=\u00bb36px\u00bb header_2_font_size_last_edited=\u00bbon|phone\u00bb locked=\u00bboff\u00bb global_colors_info=\u00bb{}\u00bb]<\/p>\n<h2 data-start=\"1177\" data-end=\"1232\"><strong data-start=\"1180\" data-end=\"1232\">\u00bfEn qu\u00e9 consiste la rehabilitaci\u00f3n de cubiertas industriales?<\/strong><\/h2>\n<p data-start=\"1234\" data-end=\"1554\">[\/et_pb_text][et_pb_text _builder_version=\u00bb4.27.4&#8243; _module_preset=\u00bbdefault\u00bb text_orientation=\u00bbjustified\u00bb global_colors_info=\u00bb{}\u00bb]<\/p>\n<p data-start=\"1234\" data-end=\"1554\">La <strong data-start=\"1237\" data-end=\"1268\">rehabilitaci\u00f3n de cubiertas industriales<\/strong> es un conjunto de actuaciones destinadas a reparar, reforzar o sustituir parcial o totalmente la cubierta de un edificio o nave industrial. El objetivo es garantizar la seguridad estructural, mejorar el aislamiento t\u00e9rmico y evitar problemas futuros como filtraciones o condensaciones.<\/p>\n<p data-start=\"1556\" data-end=\"1627\">Dependiendo del estado de la cubierta, la rehabilitaci\u00f3n puede incluir:<\/p>\n<ul data-start=\"1629\" data-end=\"2004\">\n<li data-start=\"1629\" data-end=\"1713\">Sustituci\u00f3n de <strong data-start=\"1646\" data-end=\"1673\">materiales deteriorados<\/strong> (paneles, chapas o impermeabilizaci\u00f3n).<\/li>\n<li data-start=\"1714\" data-end=\"1799\">Refuerzo estructural para mejorar la <strong data-start=\"1753\" data-end=\"1798\">resistencia ante cargas de viento o nieve<\/strong>.<\/li>\n<li data-start=\"1800\" data-end=\"1848\">Mejora del <strong data-start=\"1813\" data-end=\"1847\">aislamiento t\u00e9rmico y ac\u00fastico<\/strong>.<\/li>\n<li data-start=\"1849\" data-end=\"1947\">Sustituci\u00f3n de cubiertas de <strong data-start=\"1879\" data-end=\"1903\">materiales obsoletos<\/strong> o prohibidos (como la uralita con amianto).<\/li>\n<li data-start=\"1948\" data-end=\"2004\">Instalaci\u00f3n de sistemas de <strong data-start=\"1977\" data-end=\"1988\">drenaje<\/strong> m\u00e1s eficientes.<\/li>\n<\/ul>\n<p data-start=\"2006\" data-end=\"2172\">En <strong data-start=\"2009\" data-end=\"2019\">Engind<\/strong>, realizamos un <strong data-start=\"2035\" data-end=\"2064\">an\u00e1lisis inicial completo<\/strong>, identificamos los problemas de la cubierta y proponemos soluciones adaptadas a tu presupuesto y actividad.<\/p>\n<h2 data-start=\"2174\" data-end=\"2233\"><strong data-start=\"2177\" data-end=\"2233\">\u00bfCu\u00e1ndo es necesaria una rehabilitaci\u00f3n de cubierta?<\/strong><\/h2>\n<p data-start=\"2235\" data-end=\"2336\">Existen varios indicadores que apuntan a la necesidad de realizar una <strong data-start=\"2305\" data-end=\"2335\">rehabilitaci\u00f3n de cubierta<\/strong>:<\/p>\n<ul data-start=\"2338\" data-end=\"2740\">\n<li data-start=\"2338\" data-end=\"2378\"><strong data-start=\"2340\" data-end=\"2366\">Filtraciones o goteras<\/strong> frecuentes.<\/li>\n<li data-start=\"2379\" data-end=\"2458\"><strong data-start=\"2381\" data-end=\"2415\">Aislamiento t\u00e9rmico deficiente<\/strong>, lo que incrementa los costes energ\u00e9ticos.<\/li>\n<li data-start=\"2459\" data-end=\"2549\"><strong data-start=\"2461\" data-end=\"2488\">Deterioro de materiales<\/strong>, como corrosi\u00f3n en cubiertas met\u00e1licas o grietas en paneles.<\/li>\n<li data-start=\"2550\" data-end=\"2621\"><strong data-start=\"2552\" data-end=\"2578\">Deformaciones visibles<\/strong> en la estructura o hundimientos parciales.<\/li>\n<li data-start=\"2622\" data-end=\"2740\">Presencia de <strong data-start=\"2637\" data-end=\"2676\">cubiertas de fibrocemento o amianto<\/strong>, que deben ser retiradas siguiendo un procedimiento espec\u00edfico.<\/li>\n<\/ul>\n<p data-start=\"2742\" data-end=\"2902\">Si detectas alguno de estos problemas, es esencial actuar cuanto antes para evitar da\u00f1os estructurales m\u00e1s graves o incluso comprometer la seguridad de la nave.<\/p>\n<h2 data-start=\"2904\" data-end=\"2957\"><\/h2>\n<p>[\/et_pb_text][\/et_pb_column][\/et_pb_row][et_pb_row column_structure=\u00bb1_3,2_3&#8243; _builder_version=\u00bb4.16&#8243; global_colors_info=\u00bb{}\u00bb][et_pb_column type=\u00bb1_3&#8243; _builder_version=\u00bb4.16&#8243; custom_padding=\u00bb|||\u00bb global_colors_info=\u00bb{}\u00bb custom_padding__hover=\u00bb|||\u00bb][et_pb_text _builder_version=\u00bb4.27.4&#8243; text_font=\u00bb||||||||\u00bb header_font=\u00bb||||||||\u00bb header_2_font=\u00bbRubik|700|||||||\u00bb header_2_font_size=\u00bb42px\u00bb header_2_line_height=\u00bb1.2em\u00bb custom_margin=\u00bb|||\u00bb custom_padding=\u00bb|||\u00bb header_2_font_size_tablet=\u00bb\u00bb header_2_font_size_phone=\u00bb36px\u00bb header_2_font_size_last_edited=\u00bbon|phone\u00bb locked=\u00bboff\u00bb global_colors_info=\u00bb{}\u00bb]<\/p>\n<h2 data-start=\"3688\" data-end=\"3766\"><strong data-start=\"3691\" data-end=\"3766\">C\u00f3mo trabajamos en Engind con las rehabilitaci\u00f3n de cubiertas industriales<\/strong><\/h2>\n<p data-start=\"3768\" data-end=\"3960\">\n<p data-start=\"2959\" data-end=\"3090\">\n<p>[\/et_pb_text][et_pb_divider color=\u00bbgcid-30cfe7b1-3293-4278-ab8c-450d036427bd\u00bb divider_position=\u00bbcenter\u00bb divider_weight=\u00bb5px\u00bb _builder_version=\u00bb4.20.2&#8243; max_width=\u00bb50px\u00bb locked=\u00bboff\u00bb global_colors_info=\u00bb{%22gcid-30cfe7b1-3293-4278-ab8c-450d036427bd%22:%91%22color%22%93}\u00bb][\/et_pb_divider][et_pb_text _builder_version=\u00bb4.27.4&#8243; _module_preset=\u00bbdefault\u00bb global_colors_info=\u00bb{}\u00bb]<\/p>\n<h2 data-start=\"2904\" data-end=\"2957\"><strong data-start=\"2907\" data-end=\"2957\">Tipos de cubiertas que rehabilitamos en Engind<\/strong><\/h2>\n<p data-start=\"2959\" data-end=\"3090\">\n<p data-start=\"3768\" data-end=\"3960\">[\/et_pb_text][et_pb_blurb title=\u00bbNos encargamos de\u00bb use_icon=\u00bbon\u00bb font_icon=\u00bb&#x39;||divi||400&#8243; icon_color=\u00bbgcid-30cfe7b1-3293-4278-ab8c-450d036427bd\u00bb icon_placement=\u00bbleft\u00bb image_icon_width=\u00bb56px\u00bb content_max_width=\u00bb1100px\u00bb content_max_width_tablet=\u00bb1100px\u00bb content_max_width_last_edited=\u00bboff|desktop\u00bb _builder_version=\u00bb4.27.4&#8243; header_level=\u00bbh3&#8243; header_font=\u00bbRubik|700|||||||\u00bb header_line_height=\u00bb1.4em\u00bb body_font=\u00bb||||||||\u00bb body_text_color=\u00bb#000000&#8243; body_font_size=\u00bb15px\u00bb body_line_height=\u00bb1.8em\u00bb custom_margin=\u00bb|||\u00bb custom_padding=\u00bb|||\u00bb animation_direction=\u00bbright\u00bb animation=\u00bboff\u00bb icon_font_size=\u00bb56px\u00bb locked=\u00bboff\u00bb global_colors_info=\u00bb{%22gcid-30cfe7b1-3293-4278-ab8c-450d036427bd%22:%91%22icon_color%22%93}\u00bb]<\/p>\n<p data-start=\"2959\" data-end=\"3090\">En <strong data-start=\"2962\" data-end=\"2972\">Engind<\/strong>, contamos con experiencia en la <strong data-start=\"3005\" data-end=\"3036\">rehabilitaci\u00f3n de cubiertas<\/strong> de todo tipo de edificios industriales y comerciales:<\/p>\n<ul data-start=\"3092\" data-end=\"3535\">\n<li data-start=\"3092\" data-end=\"3165\"><strong data-start=\"3094\" data-end=\"3117\">Cubiertas met\u00e1licas<\/strong>: panel s\u00e1ndwich, chapa grecada, cubiertas deck.<\/li>\n<li data-start=\"3166\" data-end=\"3300\"><strong data-start=\"3168\" data-end=\"3197\">Cubiertas de fibrocemento<\/strong> (duralita): retiramos cubiertas con amianto y las sustituimos por materiales m\u00e1s eficientes y seguros.<\/li>\n<li data-start=\"3301\" data-end=\"3424\"><strong data-start=\"3303\" data-end=\"3329\">Cubiertas transitables<\/strong>: con refuerzos especiales para soportar cargas de mantenimiento o instalaciones fotovoltaicas.<\/li>\n<li data-start=\"3425\" data-end=\"3466\"><strong data-start=\"3427\" data-end=\"3465\">Cubiertas inclinadas o a dos aguas<\/strong>.<\/li>\n<li data-start=\"3467\" data-end=\"3535\"><strong data-start=\"3469\" data-end=\"3489\">Cubiertas planas<\/strong> con sistemas de impermeabilizaci\u00f3n mejorados.<\/li>\n<\/ul>\n<p data-start=\"3537\" data-end=\"3686\">Cada tipo de cubierta requiere un enfoque espec\u00edfico, y en <strong data-start=\"3596\" data-end=\"3606\">Engind<\/strong> adaptamos la rehabilitaci\u00f3n a las caracter\u00edsticas de cada edificio y actividad.<\/p>\n<p>[\/et_pb_blurb][\/et_pb_column][et_pb_column type=\u00bb2_3&#8243; _builder_version=\u00bb4.16&#8243; custom_padding=\u00bb|||\u00bb global_colors_info=\u00bb{}\u00bb custom_padding__hover=\u00bb|||\u00bb][et_pb_text _builder_version=\u00bb4.27.4&#8243; _module_preset=\u00bbdefault\u00bb text_orientation=\u00bbjustified\u00bb global_colors_info=\u00bb{}\u00bb]<\/p>\n<p data-start=\"3768\" data-end=\"3960\">En <strong data-start=\"3771\" data-end=\"3781\">Engind<\/strong>, abordamos cada proyecto de <strong data-start=\"3810\" data-end=\"3840\">rehabilitaci\u00f3n de cubierta<\/strong> de forma integral, garantizando un proceso ordenado, seguro y adaptado a la actividad que se desarrolla en el edificio.<\/p>\n<h3 data-start=\"3962\" data-end=\"4009\">1. Inspecci\u00f3n inicial y diagn\u00f3stico t\u00e9cnico<\/h3>\n<p data-start=\"4010\" data-end=\"4204\">Realizamos un an\u00e1lisis completo de la cubierta, utilizando t\u00e9cnicas avanzadas como el <strong data-start=\"4096\" data-end=\"4133\">escaneo l\u00e1ser y la nube de puntos<\/strong> para detectar deformaciones, puntos cr\u00edticos o defectos estructurales.<\/p>\n<h3 data-start=\"4206\" data-end=\"4236\">2. Propuesta de soluciones<\/h3>\n<p data-start=\"4237\" data-end=\"4412\">Con el diagn\u00f3stico en mano, elaboramos un <strong data-start=\"4279\" data-end=\"4299\">proyecto t\u00e9cnico<\/strong> que incluye las mejores soluciones para rehabilitar la cubierta, mejorando la eficiencia y seguridad de la nave.<\/p>\n<h3 data-start=\"4414\" data-end=\"4443\">3. Ejecuci\u00f3n de las obras<\/h3>\n<p data-start=\"4444\" data-end=\"4719\">Coordinamos todo el proceso de obra, asegurando que las intervenciones se realizan sin interferir en la actividad productiva de la nave. Utilizamos materiales de alta calidad y soluciones de <strong data-start=\"4635\" data-end=\"4660\">eficiencia energ\u00e9tica<\/strong> para reducir el consumo energ\u00e9tico tras la rehabilitaci\u00f3n.<\/p>\n<h3 data-start=\"4721\" data-end=\"4756\">4. Legalizaci\u00f3n y certificaci\u00f3n<\/h3>\n<p data-start=\"4757\" data-end=\"4952\">Nos encargamos de toda la <strong data-start=\"4783\" data-end=\"4822\">tramitaci\u00f3n de permisos y licencias<\/strong>, as\u00ed como de emitir los certificados necesarios para acreditar la seguridad y cumplimiento normativo de la cubierta rehabilitada.<\/p>\n<p data-start=\"3768\" data-end=\"3960\">[\/et_pb_text][et_pb_image src=\u00bbhttps:\/\/engind.es\/wp-content\/uploads\/2025\/02\/rehabilitacion-de-cubiertas-industriales.png\u00bb alt=\u00bbrehabilitaci\u00f3n de cubiertas industriales\u00bb title_text=\u00bbrehabilitaci\u00f3n de cubiertas industriales\u00bb align=\u00bbcenter\u00bb _builder_version=\u00bb4.27.4&#8243; _module_preset=\u00bbdefault\u00bb width=\u00bb100%\u00bb max_width=\u00bb100%\u00bb custom_padding=\u00bb||0px|||\u00bb global_colors_info=\u00bb{}\u00bb][\/et_pb_image][et_pb_button button_url=\u00bb#contactar\u00bb button_text=\u00bbPIDE PRESUPUESTO\u00bb _builder_version=\u00bb4.20.2&#8243; custom_button=\u00bbon\u00bb button_text_size=\u00bb14px\u00bb button_text_color=\u00bbgcid-30cfe7b1-3293-4278-ab8c-450d036427bd\u00bb button_border_width=\u00bb4px\u00bb button_border_radius=\u00bb0px\u00bb button_letter_spacing=\u00bb4px\u00bb button_font=\u00bbRubik|700||on|||||\u00bb button_icon=\u00bb&#x24;||divi||400&#8243; custom_padding=\u00bb12px|30px|12px|30px|true|true\u00bb button_text_color_hover=\u00bb#ffffff\u00bb button_border_color_hover=\u00bb#ffb400&#8243; button_bg_color_hover=\u00bb#ffb400&#8243; locked=\u00bboff\u00bb global_colors_info=\u00bb{%22gcid-30cfe7b1-3293-4278-ab8c-450d036427bd%22:%91%22button_text_color%22,%22button_bg_color__hover%22,%22button_border_color__hover%22%93}\u00bb button_text_size__hover_enabled=\u00bboff\u00bb button_one_text_size__hover_enabled=\u00bboff\u00bb button_two_text_size__hover_enabled=\u00bboff\u00bb button_text_color__hover_enabled=\u00bbon|hover\u00bb button_text_color__hover=\u00bb#ffffff\u00bb button_one_text_color__hover_enabled=\u00bboff\u00bb button_two_text_color__hover_enabled=\u00bboff\u00bb button_border_width__hover_enabled=\u00bboff\u00bb button_one_border_width__hover_enabled=\u00bboff\u00bb button_two_border_width__hover_enabled=\u00bboff\u00bb button_border_color__hover_enabled=\u00bbon|desktop\u00bb button_border_color__hover=\u00bb#2e55a2&#8243; button_one_border_color__hover_enabled=\u00bboff\u00bb button_two_border_color__hover_enabled=\u00bboff\u00bb button_border_radius__hover_enabled=\u00bboff\u00bb button_one_border_radius__hover_enabled=\u00bboff\u00bb button_two_border_radius__hover_enabled=\u00bboff\u00bb button_letter_spacing__hover_enabled=\u00bboff\u00bb button_one_letter_spacing__hover_enabled=\u00bboff\u00bb button_two_letter_spacing__hover_enabled=\u00bboff\u00bb button_bg_color__hover_enabled=\u00bbon\u00bb button_bg_color__hover=\u00bb#2e55a2&#8243; button_one_bg_color__hover_enabled=\u00bboff\u00bb button_two_bg_color__hover_enabled=\u00bboff\u00bb button_bg_enable_color__hover=\u00bbon\u00bb][\/et_pb_button][\/et_pb_column][\/et_pb_row][\/et_pb_section][et_pb_section fb_built=\u00bb1&#8243; admin_label=\u00bbAbout\u00bb _builder_version=\u00bb4.16&#8243; global_colors_info=\u00bb{}\u00bb][et_pb_row column_structure=\u00bb1_5,1_5,1_5,1_5,1_5&#8243; _builder_version=\u00bb4.20.0&#8243; _module_preset=\u00bbdefault\u00bb global_colors_info=\u00bb{}\u00bb][et_pb_column type=\u00bb1_5&#8243; _builder_version=\u00bb4.20.0&#8243; _module_preset=\u00bbdefault\u00bb global_colors_info=\u00bb{}\u00bb][et_pb_image src=\u00bbhttps:\/\/engind.es\/wp-content\/uploads\/2024\/02\/8.jpg\u00bb alt=\u00bbIngenier\u00eda para la Industria Papelera\u00bb title_text=\u00bb8&#8243; _builder_version=\u00bb4.24.2&#8243; _module_preset=\u00bbdefault\u00bb global_colors_info=\u00bb{}\u00bb][\/et_pb_image][\/et_pb_column][et_pb_column type=\u00bb1_5&#8243; _builder_version=\u00bb4.20.0&#8243; _module_preset=\u00bbdefault\u00bb global_colors_info=\u00bb{}\u00bb][et_pb_image src=\u00bbhttps:\/\/engind.es\/wp-content\/uploads\/2024\/02\/Proyecto-calculo-estructuras.jpg\u00bb alt=\u00bbIngenier\u00eda para la Industria Papelera\u00bb title_text=\u00bbProyecto ca\u0301lculo estructuras\u00bb _builder_version=\u00bb4.24.2&#8243; _module_preset=\u00bbdefault\u00bb global_colors_info=\u00bb{}\u00bb][\/et_pb_image][\/et_pb_column][et_pb_column type=\u00bb1_5&#8243; _builder_version=\u00bb4.20.0&#8243; _module_preset=\u00bbdefault\u00bb global_colors_info=\u00bb{}\u00bb][et_pb_image src=\u00bbhttps:\/\/engind.es\/wp-content\/uploads\/2024\/02\/Proyecto-agrupacion-parcelas.jpg\u00bb alt=\u00bbIngenier\u00eda para la Industria Papelera\u00bb title_text=\u00bbProyecto agrupacio\u0301n parcelas\u00bb _builder_version=\u00bb4.24.2&#8243; _module_preset=\u00bbdefault\u00bb global_colors_info=\u00bb{}\u00bb][\/et_pb_image][\/et_pb_column][et_pb_column type=\u00bb1_5&#8243; _builder_version=\u00bb4.20.0&#8243; _module_preset=\u00bbdefault\u00bb global_colors_info=\u00bb{}\u00bb][et_pb_image src=\u00bbhttps:\/\/engind.es\/wp-content\/uploads\/2024\/02\/Estudio-de-sobrecargas.jpg\u00bb alt=\u00bbqu\u00e9 licencia de actividad puede tramitar un ingeniero t\u00e9cnico industrial\u00bb title_text=\u00bbEstudio de sobrecargas\u00bb _builder_version=\u00bb4.24.2&#8243; _module_preset=\u00bbdefault\u00bb global_colors_info=\u00bb{}\u00bb][\/et_pb_image][\/et_pb_column][et_pb_column type=\u00bb1_5&#8243; _builder_version=\u00bb4.20.0&#8243; _module_preset=\u00bbdefault\u00bb global_colors_info=\u00bb{}\u00bb][et_pb_image src=\u00bbhttps:\/\/engind.es\/wp-content\/uploads\/2024\/02\/Informe-analisis-estructural.jpg\u00bb alt=\u00bbIngenier\u00eda para la Industria Textil\u00bb title_text=\u00bbInforme ana\u0301lisis estructural\u00bb _builder_version=\u00bb4.24.2&#8243; _module_preset=\u00bbdefault\u00bb global_colors_info=\u00bb{}\u00bb][\/et_pb_image][\/et_pb_column][\/et_pb_row][\/et_pb_section][et_pb_section fb_built=\u00bb1&#8243; _builder_version=\u00bb4.27.4&#8243; _module_preset=\u00bbdefault\u00bb global_colors_info=\u00bb{}\u00bb][et_pb_row _builder_version=\u00bb4.27.4&#8243; _module_preset=\u00bbdefault\u00bb global_colors_info=\u00bb{}\u00bb][et_pb_column type=\u00bb4_4&#8243; _builder_version=\u00bb4.27.4&#8243; _module_preset=\u00bbdefault\u00bb global_colors_info=\u00bb{}\u00bb][et_pb_text _builder_version=\u00bb4.27.4&#8243; _module_preset=\u00bbdefault\u00bb global_colors_info=\u00bb{}\u00bb]<\/p>\n<h2 data-start=\"5692\" data-end=\"5764\"><strong data-start=\"5695\" data-end=\"5764\">Contacta con Engind para tu rehabilitaci\u00f3n de cubierta industrial<\/strong><\/h2>\n<p data-start=\"5766\" data-end=\"5964\">En <strong data-start=\"5769\" data-end=\"5779\">Engind<\/strong>, contamos con m\u00e1s de 20 a\u00f1os de experiencia en el sector industrial, ofreciendo soluciones t\u00e9cnicas adaptadas a cada cliente. Si tu cubierta necesita una rehabilitaci\u00f3n, te ayudamos a:<\/p>\n<ul data-start=\"5966\" data-end=\"6147\">\n<li data-start=\"5966\" data-end=\"6009\">Realizar un diagn\u00f3stico t\u00e9cnico completo.<\/li>\n<li data-start=\"6010\" data-end=\"6059\">Dise\u00f1ar un proyecto adaptado a tus necesidades.<\/li>\n<li data-start=\"6060\" data-end=\"6096\">Coordinar la ejecuci\u00f3n de la obra.<\/li>\n<li data-start=\"6097\" data-end=\"6147\">Garantizar el cumplimiento de toda la normativa.<\/li>\n<\/ul>\n<p data-start=\"6149\" data-end=\"6299\">Contacta con nosotros y solicita un <strong data-start=\"6185\" data-end=\"6215\">presupuesto sin compromiso<\/strong> para la <strong data-start=\"6224\" data-end=\"6255\">rehabilitaci\u00f3n de cubiertas<\/strong> de tu nave industrial o edificio comercial.<\/p>\n<p>[\/et_pb_text][et_pb_button button_url=\u00bb#contactar\u00bb button_text=\u00bbObt\u00e9n tu presupuesto gratis\u00bb button_alignment=\u00bbcenter\u00bb _builder_version=\u00bb4.27.4&#8243; _module_preset=\u00bbdefault\u00bb locked=\u00bboff\u00bb global_colors_info=\u00bb{}\u00bb][\/et_pb_button][\/et_pb_column][\/et_pb_row][\/et_pb_section]<\/p>\n","protected":false},"excerpt":{"rendered":"<p>\u00bfEn qu\u00e9 consiste la rehabilitaci\u00f3n de cubiertas industriales? La rehabilitaci\u00f3n de cubiertas industriales es un conjunto de actuaciones destinadas a reparar, reforzar o sustituir parcial o totalmente la cubierta de un edificio o nave industrial. El objetivo es garantizar la seguridad estructural, mejorar el aislamiento t\u00e9rmico y evitar problemas futuros como filtraciones o condensaciones. Dependiendo [&hellip;]<\/p>\n","protected":false},"author":1,"featured_media":30083,"parent":27881,"menu_order":0,"comment_status":"closed","ping_status":"closed","template":"","meta":{"_et_pb_use_builder":"on","_et_pb_old_content":"","_et_gb_content_width":"","pgc_sgb_lightbox_settings":"","footnotes":""},"categories":[],"class_list":["post-30077","page","type-page","status-publish","has-post-thumbnail","hentry"],"_links":{"self":[{"href":"https:\/\/engind.es\/en\/wp-json\/wp\/v2\/pages\/30077","targetHints":{"allow":["GET"]}}],"collection":[{"href":"https:\/\/engind.es\/en\/wp-json\/wp\/v2\/pages"}],"about":[{"href":"https:\/\/engind.es\/en\/wp-json\/wp\/v2\/types\/page"}],"author":[{"embeddable":true,"href":"https:\/\/engind.es\/en\/wp-json\/wp\/v2\/users\/1"}],"replies":[{"embeddable":true,"href":"https:\/\/engind.es\/en\/wp-json\/wp\/v2\/comments?post=30077"}],"version-history":[{"count":5,"href":"https:\/\/engind.es\/en\/wp-json\/wp\/v2\/pages\/30077\/revisions"}],"predecessor-version":[{"id":30366,"href":"https:\/\/engind.es\/en\/wp-json\/wp\/v2\/pages\/30077\/revisions\/30366"}],"up":[{"embeddable":true,"href":"https:\/\/engind.es\/en\/wp-json\/wp\/v2\/pages\/27881"}],"wp:featuredmedia":[{"embeddable":true,"href":"https:\/\/engind.es\/en\/wp-json\/wp\/v2\/media\/30083"}],"wp:attachment":[{"href":"https:\/\/engind.es\/en\/wp-json\/wp\/v2\/media?parent=30077"}],"wp:term":[{"taxonomy":"category","embeddable":true,"href":"https:\/\/engind.es\/en\/wp-json\/wp\/v2\/categories?post=30077"}],"curies":[{"name":"wp","href":"https:\/\/api.w.org\/{rel}","templated":true}]}}