{"id":31012,"date":"2025-09-29T08:24:19","date_gmt":"2025-09-29T06:24:19","guid":{"rendered":"https:\/\/engind.es\/?page_id=31012"},"modified":"2025-10-06T08:31:57","modified_gmt":"2025-10-06T06:31:57","slug":"expansion-of-industrial-warehouse","status":"publish","type":"page","link":"https:\/\/engind.es\/en\/arquitectura\/obras\/ampliacion-de-nave-industrial\/","title":{"rendered":"Expansion of industrial warehouse"},"content":{"rendered":"\n[et_pb_section fb_built=\u00bb1&#8243; admin_label=\u00bbFAQ\u00bb _builder_version=\u00bb4.16&#8243; background_color=\u00bb#f7f7f7&#8243; global_colors_info=\u00bb{}\u00bb][et_pb_row column_structure=\u00bb1_3,2_3&#8243; _builder_version=\u00bb4.16&#8243; global_colors_info=\u00bb{}\u00bb][et_pb_column type=\u00bb1_3&#8243; _builder_version=\u00bb4.16&#8243; custom_padding=\u00bb|||\u00bb global_colors_info=\u00bb{}\u00bb custom_padding__hover=\u00bb|||\u00bb][et_pb_text _builder_version=\u00bb4.27.4&#8243; text_font=\u00bb||||||||\u00bb header_font=\u00bb||||||||\u00bb header_2_font=\u00bbRubik|700|||||||\u00bb header_2_font_size=\u00bb42px\u00bb header_2_line_height=\u00bb1.2em\u00bb width=\u00bb100%\u00bb custom_margin=\u00bb|||\u00bb custom_padding=\u00bb|||\u00bb header_2_font_size_tablet=\u00bb\u00bb header_2_font_size_phone=\u00bb36px\u00bb header_2_font_size_last_edited=\u00bbon|phone\u00bb locked=\u00bboff\u00bb global_colors_info=\u00bb{}\u00bb]<h2><span><strong data-start=\"54\" data-end=\"87\">Servicio de ampliaci\u00f3n de nave industrial<\/strong><\/span><\/h2>\n<p data-start=\"54\" data-end=\"89\"><\/p>[\/et_pb_text][et_pb_divider color=\u00bbgcid-30cfe7b1-3293-4278-ab8c-450d036427bd\u00bb divider_position=\u00bbcenter\u00bb divider_weight=\u00bb5px\u00bb _builder_version=\u00bb4.20.2&#8243; max_width=\u00bb50px\u00bb locked=\u00bboff\u00bb global_colors_info=\u00bb{%22gcid-30cfe7b1-3293-4278-ab8c-450d036427bd%22:%91%22color%22%93}\u00bb][\/et_pb_divider][et_pb_text _builder_version=\u00bb4.27.4&#8243; _module_preset=\u00bbdefault\u00bb global_colors_info=\u00bb{}\u00bb]<h2><strong data-start=\"616\" data-end=\"657\">\u00bfPor qu\u00e9 ampliar una nave industrial?<\/strong><\/h2>[\/et_pb_text][et_pb_blurb title=\u00bbAumentar la capacidad productiva sin cambiar de localizaci\u00f3n.\u00bb use_icon=\u00bbon\u00bb font_icon=\u00bb&#x39;||divi||400&#8243; icon_color=\u00bbgcid-30cfe7b1-3293-4278-ab8c-450d036427bd\u00bb icon_placement=\u00bbleft\u00bb image_icon_width=\u00bb56px\u00bb content_max_width=\u00bb1100px\u00bb content_max_width_tablet=\u00bb1100px\u00bb content_max_width_last_edited=\u00bboff|desktop\u00bb _builder_version=\u00bb4.24.2&#8243; header_font=\u00bbRubik|700|||||||\u00bb header_line_height=\u00bb1.4em\u00bb body_font=\u00bb||||||||\u00bb body_text_color=\u00bb#000000&#8243; body_font_size=\u00bb15px\u00bb body_line_height=\u00bb1.8em\u00bb custom_margin=\u00bb|||\u00bb custom_padding=\u00bb|||\u00bb animation_direction=\u00bbright\u00bb animation=\u00bboff\u00bb icon_font_size=\u00bb56px\u00bb locked=\u00bboff\u00bb global_colors_info=\u00bb{%22gcid-30cfe7b1-3293-4278-ab8c-450d036427bd%22:%91%22icon_color%22%93}\u00bb][\/et_pb_blurb][et_pb_blurb title=\u00bbAdaptar la nave a nuevas l\u00edneas de producci\u00f3n o log\u00edstica.\u00bb use_icon=\u00bbon\u00bb font_icon=\u00bb&#x39;||divi||400&#8243; icon_color=\u00bbgcid-30cfe7b1-3293-4278-ab8c-450d036427bd\u00bb icon_placement=\u00bbleft\u00bb image_icon_width=\u00bb56px\u00bb content_max_width=\u00bb1100px\u00bb content_max_width_tablet=\u00bb1100px\u00bb content_max_width_last_edited=\u00bboff|desktop\u00bb _builder_version=\u00bb4.24.2&#8243; header_font=\u00bbRubik|700|||||||\u00bb header_line_height=\u00bb1.4em\u00bb body_font=\u00bb||||||||\u00bb body_text_color=\u00bb#ffffff\u00bb body_font_size=\u00bb15px\u00bb body_line_height=\u00bb1.8em\u00bb custom_margin=\u00bb|||\u00bb custom_padding=\u00bb|||\u00bb animation_direction=\u00bbright\u00bb animation=\u00bboff\u00bb icon_font_size=\u00bb56px\u00bb locked=\u00bboff\u00bb global_colors_info=\u00bb{%22gcid-30cfe7b1-3293-4278-ab8c-450d036427bd%22:%91%22icon_color%22%93}\u00bb][\/et_pb_blurb][et_pb_blurb title=\u00bbModernizar instalaciones con criterios de eficiencia energ\u00e9tica.\u00bb use_icon=\u00bbon\u00bb font_icon=\u00bb&#x39;||divi||400&#8243; icon_color=\u00bbgcid-30cfe7b1-3293-4278-ab8c-450d036427bd\u00bb icon_placement=\u00bbleft\u00bb image_icon_width=\u00bb56px\u00bb content_max_width=\u00bb1100px\u00bb content_max_width_tablet=\u00bb1100px\u00bb content_max_width_last_edited=\u00bboff|desktop\u00bb _builder_version=\u00bb4.24.2&#8243; header_font=\u00bbRubik|700|||||||\u00bb header_line_height=\u00bb1.4em\u00bb body_font=\u00bb||||||||\u00bb body_text_color=\u00bb#ffffff\u00bb body_font_size=\u00bb15px\u00bb body_line_height=\u00bb1.8em\u00bb custom_margin=\u00bb|||\u00bb custom_padding=\u00bb|||\u00bb animation_direction=\u00bbright\u00bb animation=\u00bboff\u00bb icon_font_size=\u00bb56px\u00bb locked=\u00bboff\u00bb global_colors_info=\u00bb{%22gcid-30cfe7b1-3293-4278-ab8c-450d036427bd%22:%91%22icon_color%22%93}\u00bb][\/et_pb_blurb][et_pb_blurb title=\u00bbCumplir con normativas actuales de seguridad y sostenibilidad.\u00bb use_icon=\u00bbon\u00bb font_icon=\u00bb&#x39;||divi||400&#8243; icon_color=\u00bbgcid-30cfe7b1-3293-4278-ab8c-450d036427bd\u00bb icon_placement=\u00bbleft\u00bb image_icon_width=\u00bb56px\u00bb content_max_width=\u00bb1100px\u00bb content_max_width_tablet=\u00bb1100px\u00bb content_max_width_last_edited=\u00bboff|desktop\u00bb _builder_version=\u00bb4.27.4&#8243; header_font=\u00bbRubik|700|||||||\u00bb header_line_height=\u00bb1.4em\u00bb body_font=\u00bb||||||||\u00bb body_text_color=\u00bb#000000&#8243; body_font_size=\u00bb15px\u00bb body_line_height=\u00bb1.8em\u00bb custom_margin=\u00bb-21px||21px|||\u00bb custom_padding=\u00bb|||\u00bb animation_direction=\u00bbright\u00bb animation=\u00bboff\u00bb header_font_tablet=\u00bbRubik|700|||||||\u00bb header_font_phone=\u00bbRubik|700|||||||\u00bb header_font_last_edited=\u00bbon|desktop\u00bb icon_font_size=\u00bb56px\u00bb locked=\u00bboff\u00bb global_colors_info=\u00bb{%22gcid-30cfe7b1-3293-4278-ab8c-450d036427bd%22:%91%22icon_color%22%93}\u00bb][\/et_pb_blurb][et_pb_button button_url=\u00bb#contactar\u00bb button_text=\u00bbPIDE PRESUPUESTO\u00bb _builder_version=\u00bb4.20.2&#8243; custom_button=\u00bbon\u00bb button_text_size=\u00bb14px\u00bb button_text_color=\u00bbgcid-30cfe7b1-3293-4278-ab8c-450d036427bd\u00bb button_border_width=\u00bb4px\u00bb button_border_radius=\u00bb0px\u00bb button_letter_spacing=\u00bb4px\u00bb button_font=\u00bbRubik|700||on|||||\u00bb button_icon=\u00bb&#x24;||divi||400&#8243; custom_padding=\u00bb12px|30px|12px|30px|true|true\u00bb button_text_color_hover=\u00bb#ffffff\u00bb button_border_color_hover=\u00bb#ffb400&#8243; button_bg_color_hover=\u00bb#ffb400&#8243; locked=\u00bboff\u00bb global_colors_info=\u00bb{%22gcid-30cfe7b1-3293-4278-ab8c-450d036427bd%22:%91%22button_text_color%22,%22button_bg_color__hover%22,%22button_border_color__hover%22%93}\u00bb button_text_size__hover_enabled=\u00bboff\u00bb button_one_text_size__hover_enabled=\u00bboff\u00bb button_two_text_size__hover_enabled=\u00bboff\u00bb button_text_color__hover_enabled=\u00bbon|hover\u00bb button_text_color__hover=\u00bb#ffffff\u00bb button_one_text_color__hover_enabled=\u00bboff\u00bb button_two_text_color__hover_enabled=\u00bboff\u00bb button_border_width__hover_enabled=\u00bboff\u00bb button_one_border_width__hover_enabled=\u00bboff\u00bb button_two_border_width__hover_enabled=\u00bboff\u00bb button_border_color__hover_enabled=\u00bbon|desktop\u00bb button_border_color__hover=\u00bb#2e55a2&#8243; button_one_border_color__hover_enabled=\u00bboff\u00bb button_two_border_color__hover_enabled=\u00bboff\u00bb button_border_radius__hover_enabled=\u00bboff\u00bb button_one_border_radius__hover_enabled=\u00bboff\u00bb button_two_border_radius__hover_enabled=\u00bboff\u00bb button_letter_spacing__hover_enabled=\u00bboff\u00bb button_one_letter_spacing__hover_enabled=\u00bboff\u00bb button_two_letter_spacing__hover_enabled=\u00bboff\u00bb button_bg_color__hover_enabled=\u00bbon\u00bb button_bg_color__hover=\u00bb#2e55a2&#8243; button_one_bg_color__hover_enabled=\u00bboff\u00bb button_two_bg_color__hover_enabled=\u00bboff\u00bb button_bg_enable_color__hover=\u00bbon\u00bb][\/et_pb_button][\/et_pb_column][et_pb_column type=\u00bb2_3&#8243; _builder_version=\u00bb4.16&#8243; custom_padding=\u00bb|||\u00bb global_colors_info=\u00bb{}\u00bb custom_padding__hover=\u00bb|||\u00bb][et_pb_text _builder_version=\u00bb4.24.2&#8243; _module_preset=\u00bbdefault\u00bb global_colors_info=\u00bb{}\u00bb]<p data-start=\"351\" data-end=\"1006\">El servicio de <strong data-start=\"366\" data-end=\"402\">Ampliaci\u00f3n de naves industriales<\/strong> de Engind combina la experiencia de m\u00e1s de 35 a\u00f1os en ingenier\u00eda y arquitectura industrial con un conocimiento profundo del sector productivo. Somos especialistas en ampliaciones en Barcelona, Tarragona, Girona y Lleida, ofreciendo soluciones que responden a las empresas que necesitan crecer, adaptarse a nuevas l\u00edneas de producci\u00f3n o modernizar sus espacios para mantener su competitividad. Nuestro equipo multidisciplinar aborda cada proyecto de manera integral, garantizando no solo el aumento de superficie \u00fatil, sino tambi\u00e9n la optimizaci\u00f3n de los recursos t\u00e9cnicos, energ\u00e9ticos y constructivos.<\/p>\n<p data-start=\"1008\" data-end=\"1631\">Ampliar una nave industrial no significa \u00fanicamente a\u00f1adir metros cuadrados. En Engind entendemos que cada ampliaci\u00f3n debe concebirse como una oportunidad estrat\u00e9gica para reforzar la seguridad, la eficiencia y la sostenibilidad de las instalaciones. Por ello, desarrollamos proyectos que aseguran la perfecta integraci\u00f3n con las estructuras existentes, aplicando metodolog\u00eda BIM y criterios de dise\u00f1o avanzados. De este modo, conseguimos que cada nueva \u00e1rea de la nave se adapte plenamente a la actividad de la empresa, ofreciendo un espacio moderno, funcional y preparado para responder a los retos presentes y futuros.<\/p>\n<p data-start=\"726\" data-end=\"1220\">En un entorno empresarial en constante evoluci\u00f3n, disponer de espacios adaptados es clave para asegurar la competitividad. Por ello, nuestro equipo analiza de forma exhaustiva la viabilidad t\u00e9cnica y normativa de cada ampliaci\u00f3n, asegurando que la nueva infraestructura cumpla con los requisitos de seguridad, sostenibilidad y eficiencia. Desde la fase de dise\u00f1o hasta la puesta en marcha, Engind acompa\u00f1a a cada cliente para que su ampliaci\u00f3n sea un proyecto rentable y plenamente operativo.<\/p>[\/et_pb_text][et_pb_accordion closed_toggle_text_color=\u00bb#2a2a2a\u00bb closed_toggle_background_color=\u00bb#ffffff\u00bb icon_color=\u00bbgcid-30cfe7b1-3293-4278-ab8c-450d036427bd\u00bb _builder_version=\u00bb4.27.4&#8243; toggle_font=\u00bbRubik|700|||||||\u00bb toggle_font_size=\u00bb18px\u00bb toggle_line_height=\u00bb1.4em\u00bb body_font=\u00bb||||||||\u00bb body_font_size=\u00bb15px\u00bb body_line_height=\u00bb1.8em\u00bb custom_margin=\u00bb|||\u00bb custom_padding=\u00bb|||\u00bb rank_math_faq_schema=\u00bbon\u00bb border_width_all=\u00bb0px\u00bb global_colors_info=\u00bb{%22gcid-30cfe7b1-3293-4278-ab8c-450d036427bd%22:%91%22icon_color%22%93}\u00bb][et_pb_accordion_item title=\u00bbNuestro servicio integral\u00bb _builder_version=\u00bb4.27.4&#8243; _module_preset=\u00bbdefault\u00bb global_colors_info=\u00bb{}\u00bb open=\u00bbon\u00bb]<p data-start=\"1071\" data-end=\"1198\">En Engind nos encargamos de todo el proceso, desde la idea inicial hasta la puesta en marcha:<\/p>\n<p data-start=\"1200\" data-end=\"1417\">[\/et_pb_accordion_item][et_pb_accordion_item title=\u00bbEstudio t\u00e9cnico y normativa\u00bb open=\u00bboff\u00bb _builder_version=\u00bb4.27.4&#8243; _module_preset=\u00bbdefault\u00bb global_colors_info=\u00bb{}\u00bb]<p data-start=\"1200\" data-end=\"1417\">Analizamos la viabilidad de la ampliaci\u00f3n y aseguramos el cumplimiento de toda la normativa vigente (seguridad industrial, contra incendios, eficiencia energ\u00e9tica y medio ambiente).<\/p>\n<p data-start=\"1419\" data-end=\"1616\">[\/et_pb_accordion_item][et_pb_accordion_item title=\u00bbProyecto ejecutivo y BIM\u00bb _builder_version=\u00bb4.27.4&#8243; _module_preset=\u00bbdefault\u00bb global_colors_info=\u00bb{}\u00bb open=\u00bboff\u00bb]<p data-start=\"1419\" data-end=\"1616\">Redactamos el proyecto t\u00e9cnico utilizando metodolog\u00eda BIM y entornos 3D, que nos permiten anticipar costes, plazos y optimizar la integraci\u00f3n con la nave existente.<\/p>\n<p data-start=\"1618\" data-end=\"1822\">[\/et_pb_accordion_item][et_pb_accordion_item title=\u00bbDirecci\u00f3n de obra y coordinaci\u00f3n\u00bb _builder_version=\u00bb4.27.4&#8243; _module_preset=\u00bbdefault\u00bb global_colors_info=\u00bb{}\u00bb open=\u00bboff\u00bb]<p data-start=\"1618\" data-end=\"1822\">Nuestro equipo de ingenieros y arquitectos asume la direcci\u00f3n facultativa, coordinando a todos los industriales implicados y asegurando la calidad de la ejecuci\u00f3n.<\/p>\n<p data-start=\"1824\" data-end=\"2008\">[\/et_pb_accordion_item][et_pb_accordion_item title=\u00bbLegalizaci\u00f3n y puesta en marcha\u00bb _builder_version=\u00bb4.27.4&#8243; _module_preset=\u00bbdefault\u00bb global_colors_info=\u00bb{}\u00bb open=\u00bboff\u00bb]<p data-start=\"1824\" data-end=\"2008\">Gestionamos todos los tr\u00e1mites necesarios ante las administraciones para garantizar que la nave ampliada est\u00e9 totalmente legalizada y operativa.<\/p>\n<p data-start=\"2010\" data-end=\"2113\">[\/et_pb_accordion_item][et_pb_accordion_item title=\u00bbExperiencia en diferentes sectores\u00bb _builder_version=\u00bb4.27.4&#8243; _module_preset=\u00bbdefault\u00bb global_colors_info=\u00bb{}\u00bb open=\u00bboff\u00bb]<p data-start=\"2010\" data-end=\"2113\">Hemos trabajado en ampliaciones de naves para sectores como:<\/p>\n<ul data-start=\"2114\" data-end=\"2287\">\n<li data-start=\"2114\" data-end=\"2151\">\n<p data-start=\"2116\" data-end=\"2151\">Industria qu\u00edmica y farmac\u00e9utica.<\/p>\n<\/li>\n<li data-start=\"2152\" data-end=\"2181\">\n<p data-start=\"2154\" data-end=\"2181\">Log\u00edstica y distribuci\u00f3n.<\/p>\n<\/li>\n<li data-start=\"2182\" data-end=\"2217\">\n<p data-start=\"2184\" data-end=\"2217\">Industria textil y alimentaria.<\/p>\n<\/li>\n<li data-start=\"2218\" data-end=\"2259\">\n<p data-start=\"2220\" data-end=\"2259\">Empresas tecnol\u00f3gicas y de servicios.<\/p>\n<\/li>\n<li data-start=\"2260\" data-end=\"2287\">\n<p data-start=\"2262\" data-end=\"2287\">Empresas de producci\u00f3n.<\/p>\n<\/li>\n<\/ul>\n<p data-start=\"2289\" data-end=\"2397\">Cada proyecto es \u00fanico y se dise\u00f1a adapt\u00e1ndose a las necesidades espec\u00edficas del cliente y a su actividad.<\/p>[\/et_pb_accordion_item][et_pb_accordion_item title=\u00bbBeneficios de confiar en Engind\u00bb _builder_version=\u00bb4.27.4&#8243; _module_preset=\u00bbdefault\u00bb global_colors_info=\u00bb{}\u00bb open=\u00bboff\u00bb]<ul>\n<li data-start=\"2437\" data-end=\"2511\">\n<p data-start=\"2439\" data-end=\"2511\">M\u00e1s de 35 a\u00f1os de experiencia en ingenier\u00eda y arquitectura industrial.<\/p>\n<\/li>\n<li data-start=\"2512\" data-end=\"2562\">\n<p data-start=\"2514\" data-end=\"2562\">Metodolog\u00eda BIM para reducir costes y riesgos.<\/p>\n<\/li>\n<li data-start=\"2563\" data-end=\"2613\">\n<p data-start=\"2565\" data-end=\"2613\">Soluciones a medida pensadas para cada sector.<\/p>\n<\/li>\n<li data-start=\"2614\" data-end=\"2667\">\n<p data-start=\"2616\" data-end=\"2667\">Proximidad y compromiso con empresas de Catalu\u00f1a.<\/p>\n<\/li>\n<\/ul>[\/et_pb_accordion_item][\/et_pb_accordion][\/et_pb_column][\/et_pb_row][\/et_pb_section][et_pb_section fb_built=\u00bb1&#8243; admin_label=\u00bbAbout\u00bb _builder_version=\u00bb4.16&#8243; global_colors_info=\u00bb{}\u00bb][et_pb_row column_structure=\u00bb1_5,1_5,1_5,1_5,1_5&#8243; _builder_version=\u00bb4.20.0&#8243; _module_preset=\u00bbdefault\u00bb global_colors_info=\u00bb{}\u00bb][et_pb_column type=\u00bb1_5&#8243; _builder_version=\u00bb4.20.0&#8243; _module_preset=\u00bbdefault\u00bb global_colors_info=\u00bb{}\u00bb][et_pb_image src=\u00bbhttps:\/\/engind.es\/wp-content\/uploads\/2024\/03\/ambientales5.jpg\u00bb alt=\u00bbproject monitoring\u00bb title_text=\u00bbambientales5&#8243; _builder_version=\u00bb4.24.2&#8243; _module_preset=\u00bbdefault\u00bb global_colors_info=\u00bb{}\u00bb][\/et_pb_image][\/et_pb_column][et_pb_column type=\u00bb1_5&#8243; _builder_version=\u00bb4.20.0&#8243; _module_preset=\u00bbdefault\u00bb global_colors_info=\u00bb{}\u00bb][et_pb_image src=\u00bbhttps:\/\/engind.es\/wp-content\/uploads\/2024\/03\/ambientales6.jpg\u00bb alt=\u00bbproject monitoring\u00bb title_text=\u00bbambientales6&#8243; _builder_version=\u00bb4.24.2&#8243; _module_preset=\u00bbdefault\u00bb global_colors_info=\u00bb{}\u00bb][\/et_pb_image][\/et_pb_column][et_pb_column type=\u00bb1_5&#8243; _builder_version=\u00bb4.20.0&#8243; _module_preset=\u00bbdefault\u00bb global_colors_info=\u00bb{}\u00bb][et_pb_image src=\u00bbhttps:\/\/engind.es\/wp-content\/uploads\/2024\/03\/ambientales7.jpg\u00bb alt=\u00bbproject monitoring\u00bb title_text=\u00bbambientales7&#8243; _builder_version=\u00bb4.24.2&#8243; _module_preset=\u00bbdefault\u00bb global_colors_info=\u00bb{}\u00bb][\/et_pb_image][\/et_pb_column][et_pb_column type=\u00bb1_5&#8243; _builder_version=\u00bb4.20.0&#8243; _module_preset=\u00bbdefault\u00bb global_colors_info=\u00bb{}\u00bb][et_pb_image src=\u00bbhttps:\/\/engind.es\/wp-content\/uploads\/2024\/03\/ambientales8.jpg\u00bb alt=\u00bbproject monitoring\u00bb title_text=\u00bbambientales8&#8243; _builder_version=\u00bb4.24.2&#8243; _module_preset=\u00bbdefault\u00bb global_colors_info=\u00bb{}\u00bb][\/et_pb_image][\/et_pb_column][et_pb_column type=\u00bb1_5&#8243; _builder_version=\u00bb4.20.0&#8243; _module_preset=\u00bbdefault\u00bb global_colors_info=\u00bb{}\u00bb][et_pb_image src=\u00bbhttps:\/\/engind.es\/wp-content\/uploads\/2024\/03\/ambientales9.jpg\u00bb alt=\u00bbproject monitoring\u00bb title_text=\u00bbambientales9&#8243; _builder_version=\u00bb4.24.2&#8243; _module_preset=\u00bbdefault\u00bb global_colors_info=\u00bb{}\u00bb][\/et_pb_image][\/et_pb_column][\/et_pb_row][\/et_pb_section][et_pb_section fb_built=\u00bb1&#8243; admin_label=\u00bb Get a Quote\u00bb _builder_version=\u00bb4.16&#8243; custom_padding=\u00bb|||\u00bb animation_style=\u00bbslide\u00bb animation_direction=\u00bbtop\u00bb animation_intensity_slide=\u00bb10%\u00bb box_shadow_style=\u00bbpreset3&#8243; box_shadow_vertical=\u00bb10px\u00bb box_shadow_blur=\u00bb105px\u00bb box_shadow_spread=\u00bb0px\u00bb box_shadow_color=\u00bbrgba(0,0,0,0.12)\u00bb global_colors_info=\u00bb{}\u00bb][et_pb_row column_structure=\u00bb1_2,1_2&#8243; _builder_version=\u00bb4.20.2&#8243; _module_preset=\u00bbdefault\u00bb custom_margin=\u00bb32px|auto||auto||\u00bb custom_padding=\u00bb2px|||||\u00bb global_colors_info=\u00bb{}\u00bb][et_pb_column type=\u00bb1_2&#8243; _builder_version=\u00bb4.20.2&#8243; _module_preset=\u00bbdefault\u00bb global_colors_info=\u00bb{}\u00bb][et_pb_text _builder_version=\u00bb4.20.2&#8243; _module_preset=\u00bbdefault\u00bb custom_margin=\u00bb-29px|||||\u00bb global_colors_info=\u00bb{}\u00bb]<h2>Con Engind tendr\u00e1s acceso a&#8230;<\/h2>\n<p data-start=\"164\" data-end=\"589\">Engind es una empresa referente en <strong data-start=\"234\" data-end=\"267\">ampliaci\u00f3n de nave industrial<\/strong>, dedicada a ofrecer soluciones innovadoras y de alta calidad en dise\u00f1o, coordinaci\u00f3n y gesti\u00f3n de proyectos. Nuestro equipo de ingenieros y arquitectos est\u00e1 preparado para abordar tu ampliaci\u00f3n con rigor t\u00e9cnico, garantizando seguridad, eficiencia energ\u00e9tica y una integraci\u00f3n perfecta con las instalaciones existentes.<\/p>[\/et_pb_text][\/et_pb_column][et_pb_column type=\u00bb1_2&#8243; _builder_version=\u00bb4.20.2&#8243; _module_preset=\u00bbdefault\u00bb global_colors_info=\u00bb{}\u00bb][et_pb_tabs _builder_version=\u00bb4.20.2&#8243; _module_preset=\u00bbdefault\u00bb global_colors_info=\u00bb{}\u00bb][et_pb_tab title=\u00bbDise\u00f1o\u00bb _builder_version=\u00bb4.20.2&#8243; _module_preset=\u00bbdefault\u00bb global_colors_info=\u00bb{}\u00bb]<p data-start=\"192\" data-end=\"383\">Desarrollamos el proyecto t\u00e9cnico y estructural de la ampliaci\u00f3n, aplicando metodolog\u00eda BIM para anticipar costes, plazos y asegurar el cumplimiento de la normativa vigente.<\/p>[\/et_pb_tab][et_pb_tab title=\u00bbEjecuci\u00f3n\u00bb _builder_version=\u00bb4.20.2&#8243; _module_preset=\u00bbdefault\u00bb global_colors_info=\u00bb{}\u00bb]<p data-start=\"385\" data-end=\"599\">Nuestro equipo de ingenieros y arquitectos coordina la direcci\u00f3n de obra y a todos los industriales implicados, garantizando la calidad constructiva y el cumplimiento de los plazos establecidos.<\/p>[\/et_pb_tab][et_pb_tab title=\u00bbLegalizaci\u00f3n\u00bb _builder_version=\u00bb4.20.2&#8243; _module_preset=\u00bbdefault\u00bb global_colors_info=\u00bb{}\u00bb]<p data-start=\"601\" data-end=\"810\">Nos encargamos de la gesti\u00f3n integral de licencias, permisos y tr\u00e1mites administrativos, asegurando que la nave ampliada quede completamente legalizada y lista para su puesta en marcha.<\/p>[\/et_pb_tab][\/et_pb_tabs][\/et_pb_column][\/et_pb_row][\/et_pb_section]\n","protected":false},"excerpt":{"rendered":"<p>Servicio de ampliaci\u00f3n de nave industrial \u00bfPor qu\u00e9 ampliar una nave industrial?El servicio de Ampliaci\u00f3n de naves industriales de Engind combina la experiencia de m\u00e1s de 35 a\u00f1os en ingenier\u00eda y arquitectura industrial con un conocimiento profundo del sector productivo. Somos especialistas en ampliaciones en Barcelona, Tarragona, Girona y Lleida, ofreciendo soluciones que responden a [&hellip;]<\/p>\n","protected":false},"author":1,"featured_media":30650,"parent":27881,"menu_order":0,"comment_status":"closed","ping_status":"closed","template":"","meta":{"_et_pb_use_builder":"on","_et_pb_old_content":"","_et_gb_content_width":"","pgc_sgb_lightbox_settings":"","footnotes":""},"categories":[],"class_list":["post-31012","page","type-page","status-publish","has-post-thumbnail","hentry"],"_links":{"self":[{"href":"https:\/\/engind.es\/en\/wp-json\/wp\/v2\/pages\/31012","targetHints":{"allow":["GET"]}}],"collection":[{"href":"https:\/\/engind.es\/en\/wp-json\/wp\/v2\/pages"}],"about":[{"href":"https:\/\/engind.es\/en\/wp-json\/wp\/v2\/types\/page"}],"author":[{"embeddable":true,"href":"https:\/\/engind.es\/en\/wp-json\/wp\/v2\/users\/1"}],"replies":[{"embeddable":true,"href":"https:\/\/engind.es\/en\/wp-json\/wp\/v2\/comments?post=31012"}],"version-history":[{"count":5,"href":"https:\/\/engind.es\/en\/wp-json\/wp\/v2\/pages\/31012\/revisions"}],"predecessor-version":[{"id":31033,"href":"https:\/\/engind.es\/en\/wp-json\/wp\/v2\/pages\/31012\/revisions\/31033"}],"up":[{"embeddable":true,"href":"https:\/\/engind.es\/en\/wp-json\/wp\/v2\/pages\/27881"}],"wp:featuredmedia":[{"embeddable":true,"href":"https:\/\/engind.es\/en\/wp-json\/wp\/v2\/media\/30650"}],"wp:attachment":[{"href":"https:\/\/engind.es\/en\/wp-json\/wp\/v2\/media?parent=31012"}],"wp:term":[{"taxonomy":"category","embeddable":true,"href":"https:\/\/engind.es\/en\/wp-json\/wp\/v2\/categories?post=31012"}],"curies":[{"name":"wp","href":"https:\/\/api.w.org\/{rel}","templated":true}]}}